{"id":12,"date":"2018-04-04T16:58:00","date_gmt":"2018-04-04T20:58:00","guid":{"rendered":"http:\/\/bbwpmaster.blackbaudwp.com\/?page_id=12"},"modified":"2023-11-14T15:03:50","modified_gmt":"2023-11-14T20:03:50","slug":"privacy-policy","status":"publish","type":"page","link":"https:\/\/als-ny.blackbaudwp.com\/es\/privacy-policy\/","title":{"rendered":"Pol\u00edtica de privacidad"},"content":{"rendered":"<p>Pol\u00edtica de privacidad<\/p>\n<p>Este es el sitio web de ALS United Greater New York, http:\/\/www.als-ny.org.<\/p>\nNuestra direcci\u00f3n postal es:<br \/>\nALS United Gran Nueva York<br \/>\n42 Broadway, Suite 1724<br \/>\nNueva York, NY 10004\n<p>Puede comunicarse con nosotros por correo electr\u00f3nico a als@als-ny.org o por tel\u00e9fono al (212) 619-1400.<\/p>\n<p>Proporcionamos este aviso para explicar nuestras pr\u00e1cticas de informaci\u00f3n en l\u00ednea. Al visitar nuestro sitio en www.als-ny.org, usted acepta las pr\u00e1cticas descritas en este aviso de privacidad.<\/p>\n<strong>Declaraci\u00f3n de pol\u00edtica de privacidad<\/strong><br \/>\nALS United Greater New York (ALSUGNY) se compromete a proteger la privacidad de sus usuarios y donantes. La informaci\u00f3n recopilada por ALS United Greater New York se utiliza para monitorear la efectividad de nuestro sitio y responder a sus preguntas y solicitudes. ALS United Greater New York nunca vender\u00e1 ni compartir\u00e1 informaci\u00f3n de donantes.\n<strong>Informaci\u00f3n agregada<\/strong><br \/>\nCuando visita nuestro sitio web, nuestro servidor registra (registra) autom\u00e1ticamente el nombre de dominio y la informaci\u00f3n an\u00f3nima est\u00e1ndar sobre el sistema operativo y el navegador web que est\u00e1 utilizando, tal como lo proporciona su navegador web. Esta informaci\u00f3n recopilada autom\u00e1ticamente se utiliza con fines estad\u00edsticos para ayudarnos a administrar nuestro sitio y servir mejor a la comunidad, pero no lo identifica a usted de ninguna manera.\n<p><strong>Informaci\u00f3n identificable<\/strong><\/p>\n<ul>\n<li><strong>Donantes<\/strong><br \/>\nALS Greater New York respeta la privacidad de sus patrocinadores financieros. No alquilamos ni intercambiamos nuestra lista de donantes con ninguna otra organizaci\u00f3n. ALS United Greater New York nunca vender\u00e1 ni compartir\u00e1 informaci\u00f3n de los donantes. Esta pol\u00edtica se aplica tanto a los donantes en l\u00ednea como fuera de l\u00ednea.<\/li>\n<li><strong>Informaci\u00f3n del paciente y la familia<\/strong><br \/>\nLa informaci\u00f3n del paciente y su familia, que incluye, entre otros, nombre, direcci\u00f3n f\u00edsica, direcci\u00f3n de correo electr\u00f3nico, edad y n\u00famero de tel\u00e9fono, es confidencial y solo se compartir\u00e1 con las entidades de ALS United Greater New York con el permiso por escrito del paciente o su designado. Bajo ninguna circunstancia, ALS United Greater New York proporcionar\u00e1 o vender\u00e1 esta informaci\u00f3n a entidades externas, excepto cuando lo exija la ley y solo despu\u00e9s de notificar al paciente y\/o a su designado\/cuidador. ALS United Greater New York, a solicitud de un paciente o su designado\/cuidador, actuar\u00e1 como intermediario entre los pacientes y entidades externas cuando se considere apropiado.<\/li>\n<\/ul>\n<p>ALS United Greater New York puede proporcionar a agencias gubernamentales y entidades externas datos agregados sobre ALS, incluida la incidencia, la prevalencia y la cantidad de pacientes atendidos por nuestra organizaci\u00f3n.<\/p>\n<strong>Declaraci\u00f3n de seguridad de datos<\/strong><br \/>\nLa seguridad de su informaci\u00f3n personal es muy importante para nosotros y estamos comprometidos a proteger la informaci\u00f3n que recopilamos. Als-ny.org utiliza cortafuegos y tiene medidas de seguridad en sus instalaciones f\u00edsicas para proteger contra la p\u00e9rdida, mal uso o alteraci\u00f3n de la informaci\u00f3n que hemos recopilado de usted en nuestro sitio web. Esto incluye el uso de Secure Sockets Layer (SSL) para procesar las contribuciones de forma segura. SSL es el est\u00e1ndar comprobado para transacciones seguras de mensajer\u00eda web.\n<p>Opciones de privacidad y acceso.<\/p>\n<p><strong>Preferencias y restricciones de contacto.<\/strong> Respetamos su privacidad y reconocemos que es posible que desee limitar las formas en que nos comunicamos con usted y\/o compartimos su informaci\u00f3n personal, incluso con fines de recaudaci\u00f3n de fondos. En muchas de nuestras comunicaciones por correo electr\u00f3nico, usted puede administrar qu\u00e9 tipo de comunicaciones desea recibir de ALSUGNY o puede optar por no recibir ciertas comunicaciones por correo electr\u00f3nico. Sin embargo, continuaremos enviando correos electr\u00f3nicos relacionados con transacciones relacionadas con nuestra relaci\u00f3n y los servicios que ha solicitado.<\/p>\n<p>Adem\u00e1s, ofrecemos las siguientes opciones:<\/p>\n<ul>\n<li>No contact\u00e9is conmigo por correo postal.<\/li>\n<li>No me contactes por tel\u00e9fono.<\/li>\n<li>No me contactes por mensaje SMS (texto).<\/li>\n<li>No contactes conmigo por correo electr\u00f3nico.<\/li>\n<li>No compartir mi informaci\u00f3n<\/li>\n<\/ul>\n<p>Para informarnos sobre cualquier restricci\u00f3n deseada, realice cambios a trav\u00e9s de las instrucciones en la comunicaci\u00f3n por correo electr\u00f3nico de ALSUGNY, env\u00edenos un correo electr\u00f3nico a info@als-ny.org o env\u00ede su solicitud por correo a: ALS United Greater New York, 42 Broadway, Suite 1724, New York, Nueva York, 10004 A la atenci\u00f3n de: Servicio al cliente<\/p>\n<p><strong>Inscripciones y Suscripciones<\/strong>. Si se registra para un evento de ALSGNY o se suscribe a un bolet\u00edn informativo o suscripci\u00f3n similar, recibir\u00e1 comunicaciones relacionadas con ese servicio, independientemente de sus preferencias o restricciones previas. Si ya no desea recibir correos electr\u00f3nicos de eventos u otras suscripciones por correo electr\u00f3nico, env\u00edenos un correo electr\u00f3nico a: info@als-ny.org o env\u00ede su solicitud por correo a: ALS United Greater New York, 42 Broadway, Suite 1724, New York, New York, 10004 A la atenci\u00f3n de: Servicio al Cliente.<\/p>\n<p><strong>Aplicaciones m\u00f3viles (Apps)<\/strong>. Puede detener la recopilaci\u00f3n de informaci\u00f3n por parte de las aplicaciones desinstalando las aplicaciones. Puede utilizar los procesos de desinstalaci\u00f3n est\u00e1ndar disponibles como parte de su dispositivo m\u00f3vil o red. Para suspender la recopilaci\u00f3n de datos de geolocalizaci\u00f3n dentro de las Aplicaciones, puede modificar la configuraci\u00f3n de privacidad en su dispositivo m\u00f3vil.<\/p>\n<p><strong>Cambios de informaci\u00f3n personal.<\/strong> Si tiene una cuenta ALSUGNY, puede iniciar sesi\u00f3n para actualizar o cambiar su informaci\u00f3n personal. Tambi\u00e9n puede enviar su solicitud a trav\u00e9s de una de las opciones de contacto en nuestra p\u00e1gina Cont\u00e1ctenos. Despu\u00e9s de enviar una solicitud, ALSUGNY utilizar\u00e1 m\u00e9todos de verificaci\u00f3n de identidad para cambiar o eliminar informaci\u00f3n y\/o datos de la cuenta.<\/p>\n<p>ALS United Greater New York se reserva el derecho de cambiar esta pol\u00edtica en cualquier momento. Nuestra pol\u00edtica de privacidad se mantendr\u00e1 actualizada y se publicar\u00e1 claramente en nuestro sitio web.<\/p>","protected":false},"excerpt":{"rendered":"<p>Pol\u00edtica de privacidad Este es el sitio web de ALS United Greater New York, http:\/\/www.als-ny.org. Nuestra direcci\u00f3n postal es: ALS United Greater New York 42 Broadway, Suite 1724 New York, NY 10004\u2026<\/p>","protected":false},"author":47,"featured_media":0,"parent":0,"menu_order":7,"comment_status":"closed","ping_status":"closed","template":"","meta":{"_acf_changed":false,"_monsterinsights_skip_tracking":false,"_monsterinsights_sitenote_active":false,"_monsterinsights_sitenote_note":"","_monsterinsights_sitenote_category":0,"footnotes":""},"class_list":["post-12","page","type-page","status-publish","hentry"],"acf":[],"aioseo_notices":[],"_links":{"self":[{"href":"https:\/\/als-ny.blackbaudwp.com\/es\/wp-json\/wp\/v2\/pages\/12","targetHints":{"allow":["GET"]}}],"collection":[{"href":"https:\/\/als-ny.blackbaudwp.com\/es\/wp-json\/wp\/v2\/pages"}],"about":[{"href":"https:\/\/als-ny.blackbaudwp.com\/es\/wp-json\/wp\/v2\/types\/page"}],"author":[{"embeddable":true,"href":"https:\/\/als-ny.blackbaudwp.com\/es\/wp-json\/wp\/v2\/users\/47"}],"replies":[{"embeddable":true,"href":"https:\/\/als-ny.blackbaudwp.com\/es\/wp-json\/wp\/v2\/comments?post=12"}],"version-history":[{"count":3,"href":"https:\/\/als-ny.blackbaudwp.com\/es\/wp-json\/wp\/v2\/pages\/12\/revisions"}],"predecessor-version":[{"id":4784,"href":"https:\/\/als-ny.blackbaudwp.com\/es\/wp-json\/wp\/v2\/pages\/12\/revisions\/4784"}],"wp:attachment":[{"href":"https:\/\/als-ny.blackbaudwp.com\/es\/wp-json\/wp\/v2\/media?parent=12"}],"curies":[{"name":"wp","href":"https:\/\/api.w.org\/{rel}","templated":true}]}}