{"id":1685,"date":"2022-08-31T11:13:43","date_gmt":"2022-08-31T15:13:43","guid":{"rendered":"https:\/\/alsagoldenwest.blackbaudwp.com\/who-we-are\/our-mission-vision-and-values\/"},"modified":"2024-04-09T16:55:09","modified_gmt":"2024-04-09T20:55:09","slug":"our-mission","status":"publish","type":"page","link":"https:\/\/als-ny.blackbaudwp.com\/es\/who-we-are\/our-mission\/","title":{"rendered":"Nuestra misi\u00f3n"},"content":{"rendered":"<p>Apoyar y empoderar a la comunidad de ELA a trav\u00e9s de un enfoque colaborativo para fomentar iniciativas de investigaci\u00f3n audaces, promover la defensa nacional y estatal y brindar atenci\u00f3n y apoyo integrales a las personas y familias afectadas por ELA.<\/p>\t\t\n\t<h2>Nuestra visi\u00f3n:<\/h2>\n<ul>\n<li><strong>CUIDADO:<\/strong> Proporcionar servicios locales sobre el terreno a pacientes y familias que viven con ELA en toda el \u00e1rea metropolitana de Nueva York, incluida la ciudad de Nueva York, Long Island, el condado de Westchester, el valle de Hudson y el norte y centro de Nueva Jersey.<\/li>\n<li><strong>DEFENSOR:<\/strong> Apoyar iniciativas de promoci\u00f3n que ampl\u00eden el respaldo gubernamental a la investigaci\u00f3n y las iniciativas que garanticen que los tratamientos y la atenci\u00f3n m\u00e9dica est\u00e9n al alcance y sean econ\u00f3micamente viables para todos los pacientes con ELA.<\/li>\n<li><strong>INVESTIGACI\u00d3N:<\/strong> Invertir en investigaciones innovadoras y de vanguardia con el objetivo de descubrir una cura a trav\u00e9s de las \u00faltimas metodolog\u00edas y esfuerzos cooperativos entre entidades gubernamentales, la industria privada y los cient\u00edficos.<\/li>\n<li><strong>EDUCACI\u00d3N:<\/strong> Crear conciencia sobre la ELA para inspirar la participaci\u00f3n de los voluntarios, el activismo dentro de las comunidades cient\u00edfica y sanitaria y el apoyo p\u00fablico vital, crucial para la batalla contra la ELA.<\/li>\n<\/ul>\n<p>&nbsp;<\/p>","protected":false},"excerpt":{"rendered":"<p>Apoyar y empoderar a la comunidad de ELA a trav\u00e9s de un enfoque colaborativo para fomentar iniciativas de investigaci\u00f3n audaces, promover la defensa nacional y estatal y brindar atenci\u00f3n y apoyo integrales a individuos y...<\/p>","protected":false},"author":47,"featured_media":0,"parent":1679,"menu_order":19,"comment_status":"closed","ping_status":"closed","template":"","meta":{"_acf_changed":false,"_monsterinsights_skip_tracking":false,"_monsterinsights_sitenote_active":false,"_monsterinsights_sitenote_note":"","_monsterinsights_sitenote_category":0,"footnotes":""},"class_list":["post-1685","page","type-page","status-publish","hentry"],"acf":[],"aioseo_notices":[],"_links":{"self":[{"href":"https:\/\/als-ny.blackbaudwp.com\/es\/wp-json\/wp\/v2\/pages\/1685","targetHints":{"allow":["GET"]}}],"collection":[{"href":"https:\/\/als-ny.blackbaudwp.com\/es\/wp-json\/wp\/v2\/pages"}],"about":[{"href":"https:\/\/als-ny.blackbaudwp.com\/es\/wp-json\/wp\/v2\/types\/page"}],"author":[{"embeddable":true,"href":"https:\/\/als-ny.blackbaudwp.com\/es\/wp-json\/wp\/v2\/users\/47"}],"replies":[{"embeddable":true,"href":"https:\/\/als-ny.blackbaudwp.com\/es\/wp-json\/wp\/v2\/comments?post=1685"}],"version-history":[{"count":9,"href":"https:\/\/als-ny.blackbaudwp.com\/es\/wp-json\/wp\/v2\/pages\/1685\/revisions"}],"predecessor-version":[{"id":5373,"href":"https:\/\/als-ny.blackbaudwp.com\/es\/wp-json\/wp\/v2\/pages\/1685\/revisions\/5373"}],"up":[{"embeddable":true,"href":"https:\/\/als-ny.blackbaudwp.com\/es\/wp-json\/wp\/v2\/pages\/1679"}],"wp:attachment":[{"href":"https:\/\/als-ny.blackbaudwp.com\/es\/wp-json\/wp\/v2\/media?parent=1685"}],"curies":[{"name":"wp","href":"https:\/\/api.w.org\/{rel}","templated":true}]}}