{"id":1686,"date":"2022-08-31T11:13:43","date_gmt":"2022-08-31T15:13:43","guid":{"rendered":"https:\/\/alsagoldenwest.blackbaudwp.com\/who-we-are\/what-we-do\/"},"modified":"2026-01-25T14:19:59","modified_gmt":"2026-01-25T19:19:59","slug":"what-we-do","status":"publish","type":"page","link":"https:\/\/als-ny.blackbaudwp.com\/es\/who-we-are\/what-we-do\/","title":{"rendered":"Quienes somos"},"content":{"rendered":"<h1>\n\t\t\tlo que hacemos\n\t\t<\/h1>\n\t\t\t<p>ALS United Greater New York genera esperanza y mejora la calidad de vida al tiempo que apoya investigaciones agresivas para encontrar nuevos tratamientos y una cura al brindar asistencia a las personas con ELA a trav\u00e9s de un s\u00f3lido programa de servicios de atenci\u00f3n, coordinando la atenci\u00f3n multidisciplinaria a trav\u00e9s de centros de atenci\u00f3n cl\u00ednica certificados, liderando el camino. en la investigaci\u00f3n global y fomentando asociaciones gubernamentales. Perseguiremos incansablemente nuestra misi\u00f3n de ayudar a las personas que viven con ELA y no dejaremos piedra sin remover en la b\u00fasqueda de una cura para esta enfermedad neurodegenerativa progresiva.<\/p>\t\t\n\t\t<h2>\n\t\t\tNuestra historia\n\t\t<\/h2>\n\t\t\t<p>ALS Greater New York City se constituy\u00f3 como una organizaci\u00f3n sin fines de lucro a principios de la d\u00e9cada de 1990, sirviendo al \u00e1rea metropolitana de Nueva York, incluyendo la ciudad de Nueva York, Long Island, el valle del Hudson y el norte y centro de Nueva Jersey. En 1995, nos convertimos en miembros oficiales de la Asociaci\u00f3n de ELA y, como tal, cambiamos nuestro nombre a The ALS Association Greater New York Chapter. En septiembre de 2023, nos unimos a otras 15 organizaciones independientes sin fines de lucro dedicadas a la ELA y cambiamos nuestro nombre a ALS United Greater New York, garantizando el m\u00e1s alto est\u00e1ndar y la continuidad de la atenci\u00f3n local para la comunidad con ELA, a la vez que facilitamos la b\u00fasqueda de tratamientos y curas eficaces. Para obtener m\u00e1s informaci\u00f3n, haga clic aqu\u00ed. <a href=\"https:\/\/alsunited.org\/\" rel=\"nofollow\">aqu\u00ed.\u00a0<\/a><\/p>\t\t\n\t\t\t\tServicios de atenci\u00f3n Defensa Investigaci\u00f3n Educaci\u00f3n y recursos Servicios de atenci\u00f3n\n\t\t\t\t\t\t\t\t\t<img decoding=\"async\" src=\"https:\/\/als-ny.blackbaudwp.com\/wp-content\/uploads\/bb-plugin\/cache\/Care-Service-and-pALS-scaled-circle.jpg\" alt=\"Care Service And PALS\" itemprop=\"image\" height=\"1536\" width=\"2048\" title=\"Servicio de Atenci\u00f3n y PALS\" onerror=\"this.style.display='none'\"  \/>\n\t\t<h2>\n\t\t\tServicios de atenci\u00f3n\n\t\t<\/h2>\n\t\t\t<p>Acogemos a miles de personas afectadas por la enfermedad con el programa de atenci\u00f3n y servicios m\u00e1s completo del mundo. ALS United Greater New York se compromete a mejorar la calidad de vida de quienes viven con ELA a trav\u00e9s de los numerosos programas gratuitos que ofrecemos a personas y familias afectadas por ELA. Nuestros programas est\u00e1n dise\u00f1ados para satisfacer las necesidades emocionales y de atenci\u00f3n esenciales de los pacientes y cuidadores dentro de nuestra comunidad.<\/p>\t\t\n\t\t\t<a href=\"https:\/\/als-ny.blackbaudwp.com\/es\/navigating-als\/our-care-services\/\" target=\"_self\" rel=\"noopener\">\n\t\t\t\t\t\t\tAprende m\u00e1s\n\t\t\t<\/a>\n\t\t\t\t\t\t\tAbogac\u00eda\n\t\t\t\t\t\t\t\t\t<img decoding=\"async\" src=\"https:\/\/als-ny.blackbaudwp.com\/wp-content\/uploads\/bb-plugin\/cache\/127585029_10158987848504379_8066306697152526252_n-circle.jpeg\" alt=\"127585029 10158987848504379 8066306697152526252 N\" itemprop=\"image\" height=\"1365\" width=\"2048\" title=\"127585029 10158987848504379 8066306697152526252 N\" onerror=\"this.style.display='none'\"  \/>\n\t\t<h2>\n\t\t\tAbogac\u00eda\n\t\t<\/h2>\n\t\t\t<p>ALS United Greater New York se centra en la defensa estatal y federal de la investigaci\u00f3n, la salud y la atenci\u00f3n a largo plazo, y el apoyo a los cuidadores. La participaci\u00f3n de la comunidad de ELA en la defensa ha llevado a un aumento de la financiaci\u00f3n federal para la investigaci\u00f3n de ELA en los NIH y a la financiaci\u00f3n federal para la investigaci\u00f3n de ELA a trav\u00e9s del Departamento de Defensa. A lo largo del a\u00f1o ofrecemos una variedad de oportunidades para que aquellos en nuestra \u00e1rea de servicio local hablen con sus representantes estatales. Estas reuniones de promoci\u00f3n enfatizan la importancia de nuestra lucha para conquistar la ELA a trav\u00e9s de la investigaci\u00f3n, la atenci\u00f3n y el apoyo.<\/p>\t\t\n\t\t\t<a href=\"https:\/\/als-ny.blackbaudwp.com\/es\/advocacy\/become-an-advocate\/\" target=\"_self\" rel=\"noopener\">\n\t\t\t\t\t\t\tAprende m\u00e1s\n\t\t\t<\/a>\n\t\t\t\t\t\t\tInvestigar\n\t\t\t\t\t\t\t\t\t<img decoding=\"async\" src=\"https:\/\/als-ny.blackbaudwp.com\/wp-content\/uploads\/bb-plugin\/cache\/research-circle.jpg\" alt=\"Research\" itemprop=\"image\" height=\"1200\" width=\"1800\" title=\"Investigar\" onerror=\"this.style.display='none'\"  \/>\n\t\t<h2>\n\t\t\tInvestigar\n\t\t<\/h2>\n\t\t\t<p>Como financiadores de la investigaci\u00f3n sobre ELA, nuestros esfuerzos han dado lugar a algunos de los avances m\u00e1s prometedores y significativos en este campo. Hasta ahora hemos comprometido m\u00e1s de $15 millones para la investigaci\u00f3n. Gracias a las donaciones recaudadas durante el ALS Ice Bucket Challenge, la investigaci\u00f3n se est\u00e1 intensificando m\u00e1s ahora que antes del verano de 2014. La colaboraci\u00f3n es la piedra angular de nuestro programa de investigaci\u00f3n. Nos asociamos con el mundo acad\u00e9mico, la industria, el gobierno y otras organizaciones sin fines de lucro y lideramos fomentando colaboraciones duraderas entre investigadores de todos los sectores, lo que lleva a datos, protocolos y muestras de investigaci\u00f3n compartidos globalmente para acelerar el progreso de la investigaci\u00f3n.<\/p>\t\t\n\t\t\t<a href=\"https:\/\/als-ny.blackbaudwp.com\/es\/research\/\" target=\"_self\" rel=\"noopener\">\n\t\t\t\t\t\t\tAprende m\u00e1s\n\t\t\t<\/a>\n\t\t\t\t\t\t\tEducaci\u00f3n y recursos\n\t\t\t\t\t\t\t\t\t<img decoding=\"async\" src=\"https:\/\/als-ny.blackbaudwp.com\/wp-content\/uploads\/bb-plugin\/cache\/285642650_10160113927854379_2110164952665763573_n-circle.jpeg\" alt=\"285642650 10160113927854379 2110164952665763573 N\" itemprop=\"image\" height=\"960\" width=\"720\" title=\"285642650 10160113927854379 2110164952665763573 N\" onerror=\"this.style.display='none'\"  \/>\n\t\t<h2>\n\t\t\tEducaci\u00f3n y recursos\n\t\t<\/h2>\n\t\t\t<p>ALS United Greater New York crea conciencia sobre la ELA y la b\u00fasqueda de una cura a trav\u00e9s de una variedad de eventos y actividades de extensi\u00f3n educativa. Nuestra Cumbre virtual de recursos y educaci\u00f3n de primavera de dos d\u00edas es una herramienta esencial para quienes viven con ELA. Tambi\u00e9n ofrecemos una variedad de oradores y temas de discusi\u00f3n en nuestro <strong>Hablar. Aprender. Conectar.<\/strong> programa.\u00a0<\/p>\t\t\n\t\t\t<a href=\"https:\/\/als-ny.blackbaudwp.com\/es\/navigating-als\/education-support\/\" target=\"_self\" rel=\"noopener\">\n\t\t\t\t\t\t\tAprende m\u00e1s\n\t\t\t<\/a>","protected":false},"excerpt":{"rendered":"<p>Qu\u00e9 hacemos ALS United Greater New York genera esperanza y mejora la calidad de vida al tiempo que apoya investigaciones agresivas para encontrar nuevos tratamientos y una cura brindando asistencia...<\/p>","protected":false},"author":47,"featured_media":0,"parent":1679,"menu_order":20,"comment_status":"closed","ping_status":"closed","template":"","meta":{"_acf_changed":false,"_monsterinsights_skip_tracking":false,"_monsterinsights_sitenote_active":false,"_monsterinsights_sitenote_note":"","_monsterinsights_sitenote_category":0,"footnotes":""},"class_list":["post-1686","page","type-page","status-publish","hentry"],"acf":[],"aioseo_notices":[],"_links":{"self":[{"href":"https:\/\/als-ny.blackbaudwp.com\/es\/wp-json\/wp\/v2\/pages\/1686","targetHints":{"allow":["GET"]}}],"collection":[{"href":"https:\/\/als-ny.blackbaudwp.com\/es\/wp-json\/wp\/v2\/pages"}],"about":[{"href":"https:\/\/als-ny.blackbaudwp.com\/es\/wp-json\/wp\/v2\/types\/page"}],"author":[{"embeddable":true,"href":"https:\/\/als-ny.blackbaudwp.com\/es\/wp-json\/wp\/v2\/users\/47"}],"replies":[{"embeddable":true,"href":"https:\/\/als-ny.blackbaudwp.com\/es\/wp-json\/wp\/v2\/comments?post=1686"}],"version-history":[{"count":10,"href":"https:\/\/als-ny.blackbaudwp.com\/es\/wp-json\/wp\/v2\/pages\/1686\/revisions"}],"predecessor-version":[{"id":7627,"href":"https:\/\/als-ny.blackbaudwp.com\/es\/wp-json\/wp\/v2\/pages\/1686\/revisions\/7627"}],"up":[{"embeddable":true,"href":"https:\/\/als-ny.blackbaudwp.com\/es\/wp-json\/wp\/v2\/pages\/1679"}],"wp:attachment":[{"href":"https:\/\/als-ny.blackbaudwp.com\/es\/wp-json\/wp\/v2\/media?parent=1686"}],"curies":[{"name":"wp","href":"https:\/\/api.w.org\/{rel}","templated":true}]}}