{"id":1687,"date":"2022-08-31T11:13:43","date_gmt":"2022-08-31T15:13:43","guid":{"rendered":"https:\/\/alsagoldenwest.blackbaudwp.com\/who-we-are\/our-impact\/"},"modified":"2026-03-04T15:32:10","modified_gmt":"2026-03-04T20:32:10","slug":"our-impact","status":"publish","type":"page","link":"https:\/\/als-ny.blackbaudwp.com\/es\/who-we-are\/our-impact\/","title":{"rendered":"Nuestro impacto"},"content":{"rendered":"<h1>\n\t\t\tNuestro impacto en 2025\n\t\t<\/h1>\n\t\t\t<p>For more than 30 years, ALS United Greater New York&#8217;s work has been shaped by local families, caregivers, clinicians, advocates, volunteers, and supporters who believe no one should face ALS alone. ALS United is not just a support organization, but rather we are your family of support built on experience, trust, and care. Our local care professionals provide comprehensive, compassionate support that evolves as needs change, a commitment strengthened in 2025 with the launch of <strong>Tom y Jill <\/strong><strong>Programa de Salud Mental y Bienestar Pulley.<\/strong>Gracias a su generosidad, 2025 fue un a\u00f1o de progreso significativo en toda nuestra misi\u00f3n. Los Servicios de Cuidado continuaron creciendo junto con las necesidades cada vez m\u00e1s complejas de las personas y las familias, mientras que la educaci\u00f3n y la conexi\u00f3n siguieron siendo fundamentales. Las familias se unieron a trav\u00e9s de... <strong>5\u00aa Cumbre Anual de Educaci\u00f3n y Recursos,<\/strong> <strong>valle de hudson <\/strong><strong>y la conexi\u00f3n familiar de Long Island<\/strong> events, and throughout the year, ongoing support that ensured trusted information and a caring connection were always within reach.Your engagement also fueled advocacy, research, and awareness efforts that extended our impact. Together, we helped pass <strong>Registro de ELA <\/strong><strong>legislaci\u00f3n en Nueva York y Nueva Jersey<\/strong>, garantizando una recopilaci\u00f3n de datos m\u00e1s precisa sobre ELA para fundamentar la investigaci\u00f3n, los recursos y la atenci\u00f3n, y una mayor visibilidad a trav\u00e9s de <strong>D\u00eda de Lou Gehrig<\/strong> en los estadios de b\u00e9isbol de Nueva York, <strong>sonando el <\/strong><strong>campana de apertura en la Bolsa de Valores de Nueva York,<\/strong> y <strong>Concientizaci\u00f3n sobre la ELA <\/strong><strong>Mensajer\u00eda mensual en Times Square.<\/strong> Fundraising milestones-including $1.3 million raised through WALK ALS and more than $640,000 from our endurance events-supported care, research, and advocacy, culminating in the <strong>Gala del legado de Lou Gehrig<\/strong>, que recaud\u00f3 m\u00e1s de $1 millones mientras honr\u00e1bamos <strong>Tom Pulley, Kasper Roet, PhD, Sarah Langs,<\/strong> y <strong>Gerrit Cole, <\/strong>y celebramos el compromiso colectivo que hace posible nuestro trabajo<\/p>\t\t\n\t\t\t\t\t\t\t\t\t<img decoding=\"async\" src=\"https:\/\/als-ny.blackbaudwp.com\/wp-content\/uploads\/2026\/02\/by-the-numbers.png\" alt=\"ALS United Greater New York 2025 By The Numbers\" itemprop=\"image\" height=\"569\" width=\"1164\" srcset=\"https:\/\/als-ny.blackbaudwp.com\/wp-content\/uploads\/2026\/02\/by-the-numbers.png 1164w, https:\/\/als-ny.blackbaudwp.com\/wp-content\/uploads\/2026\/02\/by-the-numbers-768x375.png 768w, https:\/\/als-ny.blackbaudwp.com\/wp-content\/uploads\/2026\/02\/by-the-numbers-18x9.png 18w\" sizes=\"(max-width: 1164px) 100vw, 1164px\" title=\"ALS United Greater New York 2025 en cifras\" onerror=\"this.style.display='none'\"  \/>\n\t\t\t\t\t\t\t\t\t<img decoding=\"async\" src=\"https:\/\/als-ny.blackbaudwp.com\/wp-content\/uploads\/2026\/03\/pulleys-1.jpg\" alt=\"Tom and Jill Pulley\" itemprop=\"image\" height=\"1184\" width=\"1776\" srcset=\"https:\/\/als-ny.blackbaudwp.com\/wp-content\/uploads\/2026\/03\/pulleys-1.jpg 1776w, https:\/\/als-ny.blackbaudwp.com\/wp-content\/uploads\/2026\/03\/pulleys-1-1400x933.jpg 1400w, https:\/\/als-ny.blackbaudwp.com\/wp-content\/uploads\/2026\/03\/pulleys-1-768x512.jpg 768w, https:\/\/als-ny.blackbaudwp.com\/wp-content\/uploads\/2026\/03\/pulleys-1-1536x1024.jpg 1536w, https:\/\/als-ny.blackbaudwp.com\/wp-content\/uploads\/2026\/03\/pulleys-1-18x12.jpg 18w\" sizes=\"(max-width: 1776px) 100vw, 1776px\" title=\"Tom y Jill Pulley\" onerror=\"this.style.display='none'\"  \/>\n\t\t\t\t\t\t\t\t\t<img decoding=\"async\" src=\"https:\/\/als-ny.blackbaudwp.com\/wp-content\/plugins\/bb-plugin\/img\/pixel.png\" alt=\"\" itemprop=\"image\" onerror=\"this.style.display='none'\"  \/>\n\t\t\t\t\t\t\t\t\t<img decoding=\"async\" src=\"https:\/\/als-ny.blackbaudwp.com\/wp-content\/plugins\/bb-plugin\/img\/pixel.png\" alt=\"\" itemprop=\"image\" onerror=\"this.style.display='none'\"  \/>\n\t\t\t\t\t\t\t\t\t<img decoding=\"async\" src=\"https:\/\/als-ny.blackbaudwp.com\/wp-content\/plugins\/bb-plugin\/img\/pixel.png\" alt=\"\" itemprop=\"image\" onerror=\"this.style.display='none'\"  \/>\n\t\t<h2>\n\t\t\tEl programa de salud mental y bienestar de Tom y Jill Pulley\n\t\t<\/h2>\n\t\t\t<p>En 2025, ALS United Greater New York lanz\u00f3 <a href=\"https:\/\/als-ny.blackbaudwp.com\/es\/tom-jill-pulley-mental-health-and-wellness-program\/\">EL PROGRAMA DE SALUD MENTAL Y BIENESTAR DE TOM Y JILL PULLEY<\/a>. Este innovador programa se ha establecido con el apoyo de la familia Pulley para brindar servicios de salud mental mejorados a las personas con ELA y a sus seres queridos en el \u00e1rea metropolitana de Nueva York. El programa facilitar\u00e1 el acceso a psicoterapia especializada y esencial de forma inclusiva en toda la comunidad. Gracias a la incorporaci\u00f3n de un nuevo trabajador social cl\u00ednico certificado a tiempo completo, as\u00ed como a subvenciones para pacientes y familias con necesidades espec\u00edficas de salud mental, esta iniciativa integral ser\u00e1 la primera de su tipo para las personas afectadas por la ELA.<\/p>\t\t\n\t\t\t<a href=\"https:\/\/als-ny.blackbaudwp.com\/wp-content\/uploads\/2026\/02\/Impact-report-single-pages-2.26.26.pdf\"  target=\"_blank\" rel=\"noopener\">\n\t\t\t\t\t\t\tLea m\u00e1s aqu\u00ed\n\t\t\t\t\t<\/a>\n\t\t<h2>\n\t\t\tWrapped in Care: Maureen&#8217;s Story\n\t\t<\/h2>\n\t\t\t<p>Cuando Maureen contact\u00f3 con ALS United Greater New York la primavera pasada, las tareas cotidianas se le estaban volviendo m\u00e1s dif\u00edciles y el camino a seguir parec\u00eda incierto. A trav\u00e9s de una de nuestras nueve cl\u00ednicas multidisciplinarias de ELA asociadas, contact\u00f3 con profesionales cl\u00ednicos expertos que brindaban atenci\u00f3n integral y de vanguardia, junto con proveedores locales que conoc\u00eda y en quienes confiaba. Conocer a su coordinador de atenci\u00f3n regional le brind\u00f3 un alivio inmediato, ya que comprendi\u00f3 que no ten\u00eda que afrontar la ELA sola.\u00a0<\/p>\t\t\n\t\t\t<a href=\"https:\/\/als-ny.blackbaudwp.com\/wp-content\/uploads\/2026\/02\/Impact-report-single-pages-2.26.26.pdf\"  target=\"_blank\" rel=\"noopener\">\n\t\t\t\t\t\t\tLea m\u00e1s aqu\u00ed\n\t\t\t\t\t<\/a>\n\t\t\t\t\t\t\t\t\t<img decoding=\"async\" src=\"https:\/\/als-ny.blackbaudwp.com\/wp-content\/uploads\/2026\/02\/Maureen-ramp.jpg\" alt=\"Maureen Ramp\" itemprop=\"image\" height=\"1673\" width=\"1536\" srcset=\"https:\/\/als-ny.blackbaudwp.com\/wp-content\/uploads\/2026\/02\/Maureen-ramp.jpg 1536w, https:\/\/als-ny.blackbaudwp.com\/wp-content\/uploads\/2026\/02\/Maureen-ramp-1285x1400.jpg 1285w, https:\/\/als-ny.blackbaudwp.com\/wp-content\/uploads\/2026\/02\/Maureen-ramp-768x837.jpg 768w, https:\/\/als-ny.blackbaudwp.com\/wp-content\/uploads\/2026\/02\/Maureen-ramp-1410x1536.jpg 1410w, https:\/\/als-ny.blackbaudwp.com\/wp-content\/uploads\/2026\/02\/Maureen-ramp-11x12.jpg 11w\" sizes=\"(max-width: 1536px) 100vw, 1536px\" title=\"Maureen Ramp\" onerror=\"this.style.display='none'\"  \/>\n\t\t\t\t\t\t\t\t\t<img decoding=\"async\" src=\"https:\/\/als-ny.blackbaudwp.com\/wp-content\/plugins\/bb-plugin\/img\/pixel.png\" alt=\"\" itemprop=\"image\" onerror=\"this.style.display='none'\"  \/>\n\t\t\t\t\t\t<h4>$17M+<\/h4>\t\t\t\t\t\n\t\t\t<p><strong>Estamos orgullosos de asociarnos y apoyar las siguientes organizaciones e iniciativas de investigaci\u00f3n innovadoras en 2025:<\/strong><\/p><ul><li>Programa de becas posdoctorales de Milton Safenowitz<\/li><li>Alianza para la Aceleraci\u00f3n de Medicamentos en ELA (AMP-ALS)<\/li><li>Acceso ampliado | Objetivo ELA<\/li><li>Programa de Investigaci\u00f3n de la Red de ELA | Centro Robert Packard para la Investigaci\u00f3n de la ELA<\/li><li>El Consorcio de la Red para la Excelencia en ELA (NEALS)<\/li><\/ul>\t\t\n\t\t<h2>\n\t\t\tAvances en la investigaci\u00f3n\n\t\t<\/h2>\n\t\t\t<p>ALS United Greater New York ha invertido 1 mill\u00f3n de d\u00f3lares en la investigaci\u00f3n de la ELA hasta la fecha, financiando iniciativas como el Programa de Becas Postdoctorales Milton Safenowitz, que impulsa a la pr\u00f3xima generaci\u00f3n de cient\u00edficos especializados en ELA. M\u00e1s de 751 becarios contin\u00faan trabajando en este campo. Este a\u00f1o, la organizaci\u00f3n tambi\u00e9n lanz\u00f3 una nueva colaboraci\u00f3n conjunta para la financiaci\u00f3n de investigaciones con el Centro Robert Packard para la Investigaci\u00f3n de la ELA, junto con otras 14 organizaciones miembros de ALS United, lo que refuerza el compromiso colectivo con descubrimientos innovadores. Desde foros cient\u00edficos nacionales hasta la Reuni\u00f3n de la Alianza Internacional ELA\/EMN en Toronto, ALS United Greater New York sigue participando activamente en el fomento de la colaboraci\u00f3n global para acelerar el progreso de las personas con ELA.<\/p>\t\t\n\t\t\t<a href=\"https:\/\/als-ny.blackbaudwp.com\/wp-content\/uploads\/2026\/02\/Impact-report-single-pages-2.26.26.pdf\"  target=\"_blank\" rel=\"noopener\">\n\t\t\t\t\t\t\tLeer m\u00e1s aqu\u00ed\n\t\t\t\t\t<\/a>\n\t\t<h2>\n\t\t\tAbogac\u00eda\u00a0\n\t\t<\/h2>\n\t\t\t<p>En ALS United Greater New York, la defensa de la salud es un poderoso motor de cambio que mejora directamente la vida de las personas con ELA y sus familias. Durante m\u00e1s de 30 a\u00f1os, defensores comprometidos han contribuido a definir pol\u00edticas federales y estatales, a obtener financiaci\u00f3n crucial y a crear conciencia, fortaleciendo la atenci\u00f3n y el apoyo en toda nuestra comunidad. En 2025, tanto Nueva York como Nueva Jersey aprobaron una legislaci\u00f3n hist\u00f3rica que design\u00f3 la ELA como enfermedad de declaraci\u00f3n obligatoria y estableci\u00f3 registros estatales para mejorar la recopilaci\u00f3n de datos, la investigaci\u00f3n y la planificaci\u00f3n de la atenci\u00f3n. Adem\u00e1s, ambos estados obtuvieron financiaci\u00f3n para la atenci\u00f3n de la ELA. Estas victorias reflejan el impacto de la constante defensa comunitaria y los esfuerzos de los l\u00edderes legislativos.\u00a0<\/p>\t\t\n\t\t\t<a href=\"https:\/\/als-ny.blackbaudwp.com\/wp-content\/uploads\/2026\/02\/Impact-report-single-pages-2.26.26.pdf\"  target=\"_blank\" rel=\"noopener\">\n\t\t\t\t\t\t\tLeer m\u00e1s aqu\u00ed\n\t\t\t\t\t<\/a>\n\t\t\t\t\t\t\t\t\t<img decoding=\"async\" src=\"https:\/\/als-ny.blackbaudwp.com\/wp-content\/uploads\/2025\/08\/WashingtonDC-With-ALSUGNY-Logo.png\" alt=\"Washington DC Advocacy ALS United Greater New York\" itemprop=\"image\" height=\"1080\" width=\"1080\" srcset=\"https:\/\/als-ny.blackbaudwp.com\/wp-content\/uploads\/2025\/08\/WashingtonDC-With-ALSUGNY-Logo.png 1080w, https:\/\/als-ny.blackbaudwp.com\/wp-content\/uploads\/2025\/08\/WashingtonDC-With-ALSUGNY-Logo-150x150.png 150w, https:\/\/als-ny.blackbaudwp.com\/wp-content\/uploads\/2025\/08\/WashingtonDC-With-ALSUGNY-Logo-768x768.png 768w, https:\/\/als-ny.blackbaudwp.com\/wp-content\/uploads\/2025\/08\/WashingtonDC-With-ALSUGNY-Logo-760x760.png 760w\" sizes=\"(max-width: 1080px) 100vw, 1080px\" title=\"Defensa de Washington DC ALS United Greater New York\" onerror=\"this.style.display='none'\"  \/>\n\t\t\t\t\t\t\t\t\t<img decoding=\"async\" src=\"https:\/\/als-ny.blackbaudwp.com\/wp-content\/uploads\/2026\/03\/Walk-collage.png\" alt=\"ALS United Greater New York Walk ALS 25\" itemprop=\"image\" height=\"1275\" width=\"1650\" srcset=\"https:\/\/als-ny.blackbaudwp.com\/wp-content\/uploads\/2026\/03\/Walk-collage.png 1650w, https:\/\/als-ny.blackbaudwp.com\/wp-content\/uploads\/2026\/03\/Walk-collage-1400x1082.png 1400w, https:\/\/als-ny.blackbaudwp.com\/wp-content\/uploads\/2026\/03\/Walk-collage-768x593.png 768w, https:\/\/als-ny.blackbaudwp.com\/wp-content\/uploads\/2026\/03\/Walk-collage-1536x1187.png 1536w, https:\/\/als-ny.blackbaudwp.com\/wp-content\/uploads\/2026\/03\/Walk-collage-16x12.png 16w\" sizes=\"(max-width: 1650px) 100vw, 1650px\" title=\"Caminata de ALS United por el Gran Nueva York ALS 25\" onerror=\"this.style.display='none'\"  \/>\n\t\t<h2>\n\t\t\tCaminar ELA\n\t\t<\/h2>\n\t\t\t<p>En 2025, organizamos eventos de Caminata por la ELA de mayo a octubre en la ciudad de Nueva York, Westchester, el norte de Nueva Jersey, la costa de Jersey, Long Island y el valle del Hudson. Con la asistencia de m\u00e1s de 4000 caminantes, se recaudaron 1,3 millones de d\u00f3lares para apoyar programas, servicios e investigaci\u00f3n. Agradecemos a los numerosos y visionarios capitanes de equipo, participantes, voluntarios, patrocinadores y defensores de la ELA que participaron. \u00danase a nosotros en una de nuestras seis caminatas en 2026 en <a href=\"https:\/\/als-ny.blackbaudwp.com\/es\/get-involved\/events\/walk-als\/\">alswalks.org!<\/a><\/p>\t\t\n\t\t\t<a href=\"https:\/\/als-ny.blackbaudwp.com\/wp-content\/uploads\/2026\/02\/Impact-report-single-pages-2.26.26.pdf\"  target=\"_blank\" rel=\"noopener\">\n\t\t\t\t\t\t\tLea m\u00e1s aqu\u00ed\n\t\t\t\t\t<\/a>\n\t\t<h2>\n\t\t\tGala del legado de Lou Gehrig\n\t\t<\/h2>\n\t\t\t<p>The annual Lou Gehrig Legacy Gala brought together the ALS community on November 11, 2025, at Pier Sixty, raising $1 million to support free services for people living with ALS. Hosted by ESPN&#8217;s Jeremy Schaap with awards presented by Bob Costas, the evening honored remarkable honorees, including <strong>Tom Pulley, Dr. Kasper Roet, Yankee de Nueva York Gerrit Cole,<\/strong> y <strong>La reportera de la MLB Sarah Langs, <\/strong>Cada uno representa el esp\u00edritu de coraje, innovaci\u00f3n y dedicaci\u00f3n que define la lucha contra la ELA.<\/p>\t\t\n\t\t\t<a href=\"https:\/\/als-ny.blackbaudwp.com\/wp-content\/uploads\/2026\/02\/Impact-report-single-pages-2.26.26.pdf\"  target=\"_blank\" rel=\"noopener\">\n\t\t\t\t\t\t\tLea m\u00e1s aqu\u00ed\n\t\t\t\t\t<\/a>\n\t\t\t\t\t\t\t\t\t<img decoding=\"async\" src=\"https:\/\/als-ny.blackbaudwp.com\/wp-content\/uploads\/2026\/03\/Gala-25-Honorees.jpg\" alt=\"Gala 25 Honorees\" itemprop=\"image\" height=\"4329\" width=\"6529\" title=\"Gala 25 Homenajeados\" onerror=\"this.style.display='none'\"  \/>\n\t\t\t\t\t\t\t\t\t<img decoding=\"async\" src=\"https:\/\/als-ny.blackbaudwp.com\/wp-content\/uploads\/2026\/03\/Team-ALS-collage.png\" alt=\"Team ALS Collage\" itemprop=\"image\" height=\"1275\" width=\"1650\" srcset=\"https:\/\/als-ny.blackbaudwp.com\/wp-content\/uploads\/2026\/03\/Team-ALS-collage.png 1650w, https:\/\/als-ny.blackbaudwp.com\/wp-content\/uploads\/2026\/03\/Team-ALS-collage-1400x1082.png 1400w, https:\/\/als-ny.blackbaudwp.com\/wp-content\/uploads\/2026\/03\/Team-ALS-collage-768x593.png 768w, https:\/\/als-ny.blackbaudwp.com\/wp-content\/uploads\/2026\/03\/Team-ALS-collage-1536x1187.png 1536w, https:\/\/als-ny.blackbaudwp.com\/wp-content\/uploads\/2026\/03\/Team-ALS-collage-16x12.png 16w\" sizes=\"(max-width: 1650px) 100vw, 1650px\" title=\"Collage del equipo ALS\" onerror=\"this.style.display='none'\"  \/>\n\t\t<h2>\n\t\t\tEQUIPO ELA\n\t\t<\/h2>\n\t\t\t<p>A lo largo de 2025, el Equipo ALS recaud\u00f3 m\u00e1s de $475,000, gracias al esfuerzo de 100 atletas de todo el mundo y una importante representaci\u00f3n de nuestra comunidad local en el \u00e1rea metropolitana de Nueva York. Estos atletas participaron en la Marat\u00f3n de Nueva York TCS, la Media Marat\u00f3n NYC de United Airlines, la Media Marat\u00f3n Brooklyn Experience de NYCRuns, el Tour de Ciclismo TD Five Boro y eventos de resistencia individuales. Estamos reclutando activamente participantes para unirse al Equipo ALS en uno de nuestros eventos de resistencia de 2026. Si le interesa, comun\u00edquese con Charlotte Seto al 212-720-3054 o a cseto@als-ny.org.<\/p>\t\t\n\t\t<h2>\n\t\t\tRecaudadores de fondos comunitarios\n\t\t<\/h2>\n\t\t\t<p>Through the creativity and commitment of our local community, independently hosted events raised awareness of ALS and generated more than $450,000 to support care services, advocacy, and research. These gatherings brought people together in meaningful ways-neighbors, friends, and families turning their passion into action. From the annual Iron Horse Party to golf outings, sports competitions, and community Walks, each event reflected the power of grassroots leadership and the difference one idea can make.<\/p>\t\t\n\t\t\t<a href=\"https:\/\/als-ny.blackbaudwp.com\/wp-content\/uploads\/2026\/02\/Impact-report-single-pages-2.26.26.pdf\"  target=\"_blank\" rel=\"noopener\">\n\t\t\t\t\t\t\tLeer m\u00e1s aqu\u00ed\n\t\t\t\t\t<\/a>\n\t\t\t\t\t\t\t\t\t<img decoding=\"async\" src=\"https:\/\/als-ny.blackbaudwp.com\/wp-content\/uploads\/2026\/03\/Community-Fundraisers.png\" alt=\"ALS United Greater New York Community Fundraisers\" itemprop=\"image\" height=\"1275\" width=\"1650\" srcset=\"https:\/\/als-ny.blackbaudwp.com\/wp-content\/uploads\/2026\/03\/Community-Fundraisers.png 1650w, https:\/\/als-ny.blackbaudwp.com\/wp-content\/uploads\/2026\/03\/Community-Fundraisers-1400x1082.png 1400w, https:\/\/als-ny.blackbaudwp.com\/wp-content\/uploads\/2026\/03\/Community-Fundraisers-768x593.png 768w, https:\/\/als-ny.blackbaudwp.com\/wp-content\/uploads\/2026\/03\/Community-Fundraisers-1536x1187.png 1536w, https:\/\/als-ny.blackbaudwp.com\/wp-content\/uploads\/2026\/03\/Community-Fundraisers-16x12.png 16w\" sizes=\"(max-width: 1650px) 100vw, 1650px\" title=\"Recaudaci\u00f3n de fondos de la comunidad de ALS United Greater New York\" onerror=\"this.style.display='none'\"  \/>\n\t\t\t\t\t\t\t\t\t<img decoding=\"async\" src=\"https:\/\/als-ny.blackbaudwp.com\/wp-content\/uploads\/2026\/03\/Golf-2025.jpg\" alt=\"Eight Annual ALS Iron Horse Golf ClassicSands Point Golf Club, Sands Point, NYAugust 11, 2025Photos: James Higgins\" itemprop=\"image\" height=\"5136\" width=\"7704\" title=\"ALS United Greater New York Golf 2025\" onerror=\"this.style.display='none'\"  \/>\n\t\t<h2>\n\t\t\tEl cl\u00e1sico de golf ALS Iron Horse\n\t\t<\/h2>\n\t\t\t<p>El Cl\u00e1sico de Golf Iron Horse de la ALS celebr\u00f3 su octavo a\u00f1o de \u00e9xito el lunes 11 de agosto de 2025 en el Sands Point Golf Club. M\u00e1s de 100 golfistas se reunieron para disfrutar de un hermoso d\u00eda en el campo y ayudaron a recaudar m\u00e1s de 150.000 T\/T para apoyar nuestros servicios y programas. \u00a1Reserve la fecha para el noveno Cl\u00e1sico de Golf Iron Horse de la ALS el lunes 10 de agosto de 2026!\u00a0<\/p>\t\t\n\t\t<h2>\n\t\t\tAwareness &#038; Education\n\t\t<\/h2>\n\t\t\t<p>ALS awareness and education are vital in the fight against ALS, empowering families, guiding care, and driving progress in research and advocacy. This past year, ALS United Greater New York brought the community together to learn, connect, and support those living with ALS. Throughout the year, ALS United Greater New York hosted a range of events that brought the community together for education, awareness, and connection, from research-focused &#8220;Talk. Learn. Connect.&#8221; events on Long Island and at the Yogi Berra Museum to Lou Gehrig Day at Yankee Stadium and an ALS Awareness night at Citi Field. ALS Awareness Month reached a national stage with digital ads in Times Square and a ceremonial ringing of the New York Stock Exchange opening bell, while Family Days in Long Island and Hudson Valley offered meaningful connections and resources for those living with ALS. Community generosity also shone through special experiences provided by the Team Goose Foundation and the New York Islanders, giving ALS community members memorable moments with athletes and entertainers.<\/p>\t\t\n\t\t\t<a href=\"https:\/\/als-ny.blackbaudwp.com\/wp-content\/uploads\/2026\/02\/Impact-report-single-pages-2.26.26.pdf\"  target=\"_blank\" rel=\"noopener\">\n\t\t\t\t\t\t\tLeer m\u00e1s aqu\u00ed\n\t\t\t\t\t<\/a>\n\t\t\t\t\t\t\t\t\t<img decoding=\"async\" src=\"https:\/\/als-ny.blackbaudwp.com\/wp-content\/uploads\/2026\/03\/Awareness-collage.png\" alt=\"Awareness Collage\" itemprop=\"image\" height=\"1275\" width=\"1650\" srcset=\"https:\/\/als-ny.blackbaudwp.com\/wp-content\/uploads\/2026\/03\/Awareness-collage.png 1650w, https:\/\/als-ny.blackbaudwp.com\/wp-content\/uploads\/2026\/03\/Awareness-collage-1400x1082.png 1400w, https:\/\/als-ny.blackbaudwp.com\/wp-content\/uploads\/2026\/03\/Awareness-collage-768x593.png 768w, https:\/\/als-ny.blackbaudwp.com\/wp-content\/uploads\/2026\/03\/Awareness-collage-1536x1187.png 1536w, https:\/\/als-ny.blackbaudwp.com\/wp-content\/uploads\/2026\/03\/Awareness-collage-16x12.png 16w\" sizes=\"(max-width: 1650px) 100vw, 1650px\" title=\"Collage de concienciaci\u00f3n\" onerror=\"this.style.display='none'\"  \/>\n\t\t<h2>\n\t\t\tTu apoyo\n\t\t<\/h2>\n\t\t\t<p>\u00a1Gracias a todos los que contribuyeron a la misi\u00f3n de ALS United Greater New York en 2025! Sin su apoyo, nuestros programas y servicios no ser\u00edan posibles.<\/p>\t\t\n\t\t\t<a href=\"https:\/\/als-ny.blackbaudwp.com\/wp-content\/uploads\/2026\/02\/Impact-report-single-pages-2.26.26.pdf\"  target=\"_blank\" rel=\"noopener\">\n\t\t\t\t\t\t\tPara m\u00e1s informaci\u00f3n y leer el informe completo haga clic aqu\u00ed\n\t\t\t\t\t<\/a>","protected":false},"excerpt":{"rendered":"<p>Our Impact in 2025 For more than 30 years, ALS United Greater New York&#8217;s work has been shaped by local families, caregivers, clinicians, advocates, volunteers, and supporters who believe no&hellip;<\/p>","protected":false},"author":47,"featured_media":0,"parent":1679,"menu_order":21,"comment_status":"closed","ping_status":"closed","template":"","meta":{"_acf_changed":false,"_monsterinsights_skip_tracking":false,"_monsterinsights_sitenote_active":false,"_monsterinsights_sitenote_note":"","_monsterinsights_sitenote_category":0,"footnotes":""},"class_list":["post-1687","page","type-page","status-publish","hentry"],"acf":[],"aioseo_notices":[],"_links":{"self":[{"href":"https:\/\/als-ny.blackbaudwp.com\/es\/wp-json\/wp\/v2\/pages\/1687","targetHints":{"allow":["GET"]}}],"collection":[{"href":"https:\/\/als-ny.blackbaudwp.com\/es\/wp-json\/wp\/v2\/pages"}],"about":[{"href":"https:\/\/als-ny.blackbaudwp.com\/es\/wp-json\/wp\/v2\/types\/page"}],"author":[{"embeddable":true,"href":"https:\/\/als-ny.blackbaudwp.com\/es\/wp-json\/wp\/v2\/users\/47"}],"replies":[{"embeddable":true,"href":"https:\/\/als-ny.blackbaudwp.com\/es\/wp-json\/wp\/v2\/comments?post=1687"}],"version-history":[{"count":10,"href":"https:\/\/als-ny.blackbaudwp.com\/es\/wp-json\/wp\/v2\/pages\/1687\/revisions"}],"predecessor-version":[{"id":7835,"href":"https:\/\/als-ny.blackbaudwp.com\/es\/wp-json\/wp\/v2\/pages\/1687\/revisions\/7835"}],"up":[{"embeddable":true,"href":"https:\/\/als-ny.blackbaudwp.com\/es\/wp-json\/wp\/v2\/pages\/1679"}],"wp:attachment":[{"href":"https:\/\/als-ny.blackbaudwp.com\/es\/wp-json\/wp\/v2\/media?parent=1687"}],"curies":[{"name":"wp","href":"https:\/\/api.w.org\/{rel}","templated":true}]}}