{"id":1688,"date":"2022-08-31T11:13:43","date_gmt":"2022-08-31T15:13:43","guid":{"rendered":"https:\/\/alsagoldenwest.blackbaudwp.com\/who-we-are\/financial-information\/"},"modified":"2025-11-11T15:40:02","modified_gmt":"2025-11-11T20:40:02","slug":"financial-information","status":"publish","type":"page","link":"https:\/\/als-ny.blackbaudwp.com\/es\/who-we-are\/financial-information\/","title":{"rendered":"Informaci\u00f3n financiera"},"content":{"rendered":"<p>ALS United Greater New York se enorgullece de ser parte de un grupo muy selecto de organizaciones ben\u00e9ficas de alto rendimiento que han obtenido una calificaci\u00f3n de cuatro estrellas de Charity Navigator, el evaluador independiente de organizaciones ben\u00e9ficas m\u00e1s grande de Estados Unidos. Hemos obtenido nuestra octava calificaci\u00f3n consecutiva de 4 estrellas de Navegador ben\u00e9fico. Eso significa que hemos tomado medidas para ser responsables, transparentes y financieramente saludables. S\u00f3lo 6% de las organizaciones ben\u00e9ficas evaluadas han recibido al menos ocho evaluaciones consecutivas de 4 estrellas. Verificar <a href=\"https:\/\/www.charitynavigator.org\/ein\/133616680\">nuestro perfil de Charity Navigator<\/a> \u00a1aprender m\u00e1s! Te invitamos a conocer m\u00e1s sobre nuestras finanzas leyendo nuestro Formulario 990 y Estados Financieros Auditados.<\/p>\t\t\n\t\t<h2>\n\t\t\tDonaciones 2024\n\t\t<\/h2>\n\t\t\t\t\t\t\t\t\t<img decoding=\"async\" src=\"https:\/\/als-ny.blackbaudwp.com\/wp-content\/uploads\/2024\/12\/2023-budget-pie-chart.png\" alt=\"2023 Budget Pie Chart\" itemprop=\"image\" height=\"741\" width=\"887\" srcset=\"https:\/\/als-ny.blackbaudwp.com\/wp-content\/uploads\/2024\/12\/2023-budget-pie-chart.png 887w, https:\/\/als-ny.blackbaudwp.com\/wp-content\/uploads\/2024\/12\/2023-budget-pie-chart-768x642.png 768w\" sizes=\"(max-width: 887px) 100vw, 887px\" title=\"Gr\u00e1fico circular del presupuesto de 2023\" onerror=\"this.style.display='none'\"  \/>\n\t<h2>finanzas<\/h2>\n\t\t\t<a href=\"https:\/\/als-ny.blackbaudwp.com\/wp-content\/uploads\/2025\/11\/FinStat-24-Final.pdf\" target=\"_blank\" rel=\"noopener\">\n\t\t\t\t\t\tEstado financiero auditado de 2024\n\t\t\t\t\t<\/a>\n\t\t\t<a href=\"https:\/\/als-ny.blackbaudwp.com\/wp-content\/uploads\/2025\/11\/990-2024-KPC.pdf\" target=\"_blank\" rel=\"noopener\">\n\t\t\t\t\t\tFormulario 990 2024\n\t\t\t\t\t<\/a>\n\t\t\t<a href=\"https:\/\/als-ny.blackbaudwp.com\/wp-content\/uploads\/2024\/12\/ALS-United-GNY-Financial-Statement-YE-Jan-31-2024.pdf\" target=\"_blank\" rel=\"noopener\">\n\t\t\t\t\t\tEstado financiero auditado de 2023\n\t\t\t\t\t<\/a>\n\t\t\t<a href=\"https:\/\/als-ny.blackbaudwp.com\/wp-content\/uploads\/2024\/12\/ALS-United-Greater-New-York-Inc.-1-31-2024-Public-Disclosurer-Copy.pdf\" target=\"_blank\" rel=\"noopener\">\n\t\t\t\t\t\tFormulario 990 de 2023\n\t\t\t\t\t<\/a>\n\t\t\t<a href=\"https:\/\/als-ny.blackbaudwp.com\/wp-content\/uploads\/2023\/09\/ALS-GNY-Audited-Financial-Statement-FYE-1.31.23.pdf\" target=\"_blank\" rel=\"noopener\">\n\t\t\t\t\t\tEstado financiero auditado 2022\n\t\t\t\t\t<\/a>\n\t\t\t<a href=\"https:\/\/als-ny.blackbaudwp.com\/wp-content\/uploads\/2023\/09\/990-The-ALS-Association-Greater-NY-Chapter-1-31-2023-Public-Disclosure-Copy.pdf\" target=\"_blank\" rel=\"noopener\">\n\t\t\t\t\t\tFormulario 2022 990\n\t\t\t\t\t<\/a>\n\t\t\t<a href=\"https:\/\/als-ny.blackbaudwp.com\/wp-content\/uploads\/2022\/11\/Audited-Financial-Statement-February-1-2021-January-31-2022.pdf\" target=\"_blank\" rel=\"noopener\">\n\t\t\t\t\t\tEstado financiero auditado de 2021\n\t\t\t\t\t<\/a>\n\t\t\t<a href=\"https:\/\/als-ny.blackbaudwp.com\/wp-content\/uploads\/2022\/11\/2021-990-Form.pdf\" target=\"_blank\" rel=\"noopener\">\n\t\t\t\t\t\tFormulario 2021 990\n\t\t\t\t\t<\/a>","protected":false},"excerpt":{"rendered":"<p>ALS United Greater New York se enorgullece de ser parte de un grupo muy selecto de organizaciones ben\u00e9ficas de alto rendimiento que han obtenido una calificaci\u00f3n de cuatro estrellas de Charity Navigator, la organizaci\u00f3n ben\u00e9fica m\u00e1s grande de Estados Unidos...<\/p>","protected":false},"author":47,"featured_media":0,"parent":1679,"menu_order":22,"comment_status":"closed","ping_status":"closed","template":"","meta":{"_acf_changed":false,"_monsterinsights_skip_tracking":false,"_monsterinsights_sitenote_active":false,"_monsterinsights_sitenote_note":"","_monsterinsights_sitenote_category":0,"footnotes":""},"class_list":["post-1688","page","type-page","status-publish","hentry"],"acf":[],"aioseo_notices":[],"_links":{"self":[{"href":"https:\/\/als-ny.blackbaudwp.com\/es\/wp-json\/wp\/v2\/pages\/1688","targetHints":{"allow":["GET"]}}],"collection":[{"href":"https:\/\/als-ny.blackbaudwp.com\/es\/wp-json\/wp\/v2\/pages"}],"about":[{"href":"https:\/\/als-ny.blackbaudwp.com\/es\/wp-json\/wp\/v2\/types\/page"}],"author":[{"embeddable":true,"href":"https:\/\/als-ny.blackbaudwp.com\/es\/wp-json\/wp\/v2\/users\/47"}],"replies":[{"embeddable":true,"href":"https:\/\/als-ny.blackbaudwp.com\/es\/wp-json\/wp\/v2\/comments?post=1688"}],"version-history":[{"count":10,"href":"https:\/\/als-ny.blackbaudwp.com\/es\/wp-json\/wp\/v2\/pages\/1688\/revisions"}],"predecessor-version":[{"id":7408,"href":"https:\/\/als-ny.blackbaudwp.com\/es\/wp-json\/wp\/v2\/pages\/1688\/revisions\/7408"}],"up":[{"embeddable":true,"href":"https:\/\/als-ny.blackbaudwp.com\/es\/wp-json\/wp\/v2\/pages\/1679"}],"wp:attachment":[{"href":"https:\/\/als-ny.blackbaudwp.com\/es\/wp-json\/wp\/v2\/media?parent=1688"}],"curies":[{"name":"wp","href":"https:\/\/api.w.org\/{rel}","templated":true}]}}