{"id":1693,"date":"2022-08-31T11:13:44","date_gmt":"2022-08-31T15:13:44","guid":{"rendered":"https:\/\/alsagoldenwest.blackbaudwp.com\/who-we-are\/contact-us\/"},"modified":"2026-02-17T11:56:42","modified_gmt":"2026-02-17T16:56:42","slug":"contact-us","status":"publish","type":"page","link":"https:\/\/als-ny.blackbaudwp.com\/es\/who-we-are\/contact-us\/","title":{"rendered":"Cont\u00e1ctenos"},"content":{"rendered":"<p>ALS United Gran Nueva York<br \/>42 Broadway, Suite 1724<br \/>Nueva York, NY 10004<br \/>Tel\u00e9fono: (212) 619-1400<br \/><a href=\"mailto:als@als-ny.org\">als@als-ny.org<\/a><strong>kristen cocoman<br \/>presidente y director general<br \/><\/strong>(212) 619-1400<\/p>\t\t\n\t\t\t\tAdministraci\u00f3n y Finanzas Comunicaciones y Desarrollo Departamento de Servicios de Atenci\u00f3n Administraci\u00f3n y Finanzas\n\t\t                    <h4>regina ackley<\/h4>\n                \t\t        \tVicepresidente y director de operaciones (212) 720-3047<br \/>\n<a href=\"mailto:ackley@als-ny.org\">ackley@als-ny.org<\/a>\n\t\t                    <h4>eileen bruto<\/h4>\n                \t\t        \tGerente de Contabilidad\n\t\t        \t\t        \t<p>(212) 720-3053<br \/><a href=\"mailto:Egross@als-ny.org\">egross@als-ny.org<\/a><br \/><br \/><\/p>\n\t\t                    <h4>Sandra Hnatt<\/h4>\n                \t\t        \tGerente de oficina\/Adm. Asistir.\n\t\t        \t\t        \t<p>(212) 720-3040<br \/><a href=\"mailto:shnatt@als-ny.org\">shnatt@als-ny.org<\/a><\/p>\n\t\t                    <h4>Brandon Nieves<\/h4>\n                \t\t        \tAdministrador de base de datos\/TI\n\t\t        \t\t        \t<p>(212) 720-3056<br \/><a href=\"mailto:bnieves@als-ny.org\">bnieves@als-ny.org<\/a><br \/><br \/><\/p>\n\t\t\t\t\t\t\tComunicaciones y Desarrollo\n\t\t                    <h4>viviana bancos<\/h4>\n                \t\t        \tDirector de Donaciones Individuales e Institucionales\n\t\t        \t\t        \t<p>(212) 720-3051<br \/><a href=\"mailto:vbanks@als-ny.org\">vbanks@als-ny.org<\/a><\/p>\n\t\t                    <h4>meg esmeril<\/h4>\n                \t\t        \tGerente Senior, Recaudaci\u00f3n de Fondos y Eventos Especiales\n\t\t        \t\t        \t<p>(212) 720-3049<br \/><a href=\"mailto:memery@als-ny.org\">memery@als-ny.org<\/a><\/p>\n\t\t                    \n\t\t                    <h4>tarjeta tiffany<\/h4>\n                \t\t        \tDirectora de Comunicaciones y Promoci\u00f3n\n\t\t        \t\t        \t<p>(212) 720-3045<br \/><a href=\"mailto:tcard@als-ny.org\">tcard@als-ny.org<\/a><\/p>\n\t\t                    \n                \t\t        \tCoordinadora, Recaudaci\u00f3n de Fondos y Eventos Especiales\n\t\t        \t\t        \t<p>(212) 720-3043<br \/><a title=\"mailto:events@als-ny.org\" href=\"mailto:events@als-ny.org\" data-linkindex=\"0\">events@als-ny.org<\/a><\/p>\n\t\t                    <h4>Jordana Newler<\/h4>\n                \t\t        \tDirector, Recaudaci\u00f3n de Fondos y Eventos Especiales\n\t\t        \t\t        \t<p>(212) 720-3052<br \/><a href=\"mailto:jnewler@als-ny.org\">jnewler@als-ny.org<\/a><\/p>\n\t\t                    <h4>Charlotte Seto<\/h4>\n                \t\t        \tGerente S\u00e9nior de Recaudaci\u00f3n de Fondos y Eventos Especiales (212) 720-3054<br \/>\n<a href=\"mailto:cseto@als-ny.org\">cseto@als-ny.org<\/a>\n\t\t\t\t\t\t\tDepartamento de Servicios de Atenci\u00f3n\n\t\t                    <h4>Debbie Schlossberg, MA, LMSW<\/h4>\n                \t\t        \tDirector de servicios de atenci\u00f3n\n\t\t        \t\t        \t<p>(212) 720-3060<br \/><a href=\"mailto:schlossberg@als-ny.org\">schlossberg@als-ny.org<\/a><\/p>\n\t\t                    <h4>Gioia Ciani, OTD, OTR\/L<\/h4>\n                \t\t        \t<p>Terapeuta ocupacional<\/p>\n\t\t        \t\t        \t(929) 815-8554<br \/>\n<a href=\"mailto:Gciani@als-ny.org\">Gciani@als-ny.org<\/a>\n\t\t                    <h4>Kayvan Freeman, RN<\/h4>\n                \t\t        \tCoordinador de servicios de atenci\u00f3n, NYC \n\t\t        \t\t        \t<p>(212) 720-3055<br \/><a href=\"mailto:freeman@als-ny.org\">freeman@als-ny.org<\/a><\/p>\n\t\t                    <h4>Teresa Imperato, RN<\/h4>\n                \t\t        \tEspecialista cl\u00ednico\n\t\t        \t\t        \t<p>\u00a0(516) 946-5467<br \/><a href=\"imperato:@als-ny.org\">imperato@als-ny.org<\/a><\/p>\n\t\t                    <h4>Michelle McKenzie, LMSW<\/h4>\n                \t\t        \tCoordinador de servicios de atenci\u00f3n, NYC\n\t\t        \t\t        \t<p>(718) 644-1750<br \/><a href=\"mailto:mmckenzie@als-ny.org\">mmckenzie@als-ny.org<\/a><\/p>\n\t\t                    <h4>Charisse Santos, LPN<\/h4>\n                \t\t        \tCoordinador de servicios de atenci\u00f3n, Nueva Jersey\n\t\t        \t\t        \t<p>917-581-1295<br \/><a href=\"mailto:csantos@als-ny.org\">csantos@als-ny.org<\/a><\/p>\n\t\t                    <h4>Melissa Braxton, LMSW<\/h4>\n                \t\t        \tCoordinador de servicios de atenci\u00f3n, NJ (646) 831-1920<br \/>\n<a href=\"mailto:mbraxton@als-ny.org\">mbraxton@als-ny.org<\/a>\n\t\t                    <h4>Reagein Coore<\/h4>\n                \t\t        \t<p>Asistente Administrativo, Programa de Pr\u00e9stamo de Equipos<\/p>\n\t\t        \t\t        \t<p>(212) 720-3058<br \/><a href=\"mailto:rcoore@als-ny.org\">rcoore@als-ny.org<\/a><\/p>\n\t\t                    <h4>Donjhannae Harris, MSW<\/h4>\n                \t\t        \tCoordinador de servicios de atenci\u00f3n, Queens y Long Island\n\t\t        \t\t        \t<p>(929) 795-5223<br \/><a href=\"dharris:@als-ny.org\">dharris@als-ny.org<\/a><\/p>\n\t\t                    <h4>Ben Lieman, ATP<\/h4>\n                \t\t        \tEspecialista en tecnolog\u00eda de asistencia\n\t\t        \t\t        \t<p>(212) 720-3057<br \/><a href=\"mailto:blieman@als-ny.org\">blieman@als-ny.org<\/a><\/p>\n\t\t                    <h4>Mary Ann Mertz, RN<\/h4>\n                \t\t        \tEnlace de servicios de atenci\u00f3n, Nueva Jersey\n\t\t        \t\t        \t<p>(732) 235-7331<br \/><a href=\"mailto:mmertz@als-ny.org\">mmertz@als-ny.org<\/a><\/p>\n\t\t                    <h4>Bob Twasutyn, RN, BSN, MPH-C<\/h4>\n                \t\t        \tCoordinador de servicios de atenci\u00f3n, Long Island\n\t\t        \t\t        \t<p>(516) 916-1367<br \/><a href=\"mailto:rtwasutyn@als-ny.org\">rtwasutyn@als-ny.org<\/a><\/p>\n\t\t                    <h4>Nancy Brenner, LCSW<\/h4>\n                \t\t        \tCoordinador de servicios de atenci\u00f3n, HV\n\t\t        \t\t        \t<p>(914) 406-3513<a href=\"mailto:nbrenner@als-ny.org\"><br \/>nbrenner@als-ny.org<\/a><\/p>\n\t\t                    <h4>chris dunn<\/h4>\n                \t\t        \tGerente de Admisi\u00f3n y Soporte\n\t\t        \t\t        \t<p>(212) 720-3044<br \/><a href=\"mailto:dunn@als-ny.org\">dunn@als-ny.org<\/a><\/p>\n\t\t                    <h4>Shara Holzberg, MS, CCC-SLP<\/h4>\n                \t\t        \tEspecialista en tecnolog\u00eda de asistencia\n\t\t        \t\t        \t<p>(929) 815-8545<br \/><a href=\"sholzberg:@als-ny.org\">sholzberg@als-ny.org<\/a><\/p>\n\t\t                    <h4>Eileen Margenat, RN <\/h4>\n                \t\t        \tCoordinador de servicios de atenci\u00f3n, HV\n\t\t        \t\t        \t<p>(914) 705-9247<br \/><a href=\"mailto:blieman@als-ny.org\">emargenat@als-ny.org<\/a><\/p>\n\t\t                    <h4>Parikh Tejal<\/h4>\n                \t\t        \tEspecialista en Accesibilidad\n\t\t        \t\t        \t<p>(646) 826-8948 <br \/><a href=\"mailto:tparikh@als-ny.org\">tparikh@als-ny.org<\/a><\/p>\n\t\t                    <h4>Ang\u00e9lica Veras Rivera<\/h4>\n                \t\t        \t<p>Coordinador de subvenciones para servicios de atenci\u00f3n<\/p>\n\t\t        \t\t        \t<p>(212) 720-3059<br \/><a href=\"mailto:averarivera@als-ny.org\">averasrivera@als-ny.org<\/a><\/p>","protected":false},"excerpt":{"rendered":"<p>ALS United Greater New York42 Broadway, Suite 1724Nueva York, NY 10004Tel\u00e9fono: (212) 619-1400als@als-ny.orgKristen CocomanPresidenta y directora ejecutiva(212) 619-1400Administraci\u00f3n y finanzasComunicaciones y desarrolloDepartamento de servicios de atenci\u00f3nAdministraci\u00f3n y finanzasRegina\u2026<\/p>","protected":false},"author":47,"featured_media":0,"parent":1679,"menu_order":26,"comment_status":"closed","ping_status":"closed","template":"","meta":{"_acf_changed":false,"_monsterinsights_skip_tracking":false,"_monsterinsights_sitenote_active":false,"_monsterinsights_sitenote_note":"","_monsterinsights_sitenote_category":0,"footnotes":""},"class_list":["post-1693","page","type-page","status-publish","hentry"],"acf":[],"aioseo_notices":[],"_links":{"self":[{"href":"https:\/\/als-ny.blackbaudwp.com\/es\/wp-json\/wp\/v2\/pages\/1693","targetHints":{"allow":["GET"]}}],"collection":[{"href":"https:\/\/als-ny.blackbaudwp.com\/es\/wp-json\/wp\/v2\/pages"}],"about":[{"href":"https:\/\/als-ny.blackbaudwp.com\/es\/wp-json\/wp\/v2\/types\/page"}],"author":[{"embeddable":true,"href":"https:\/\/als-ny.blackbaudwp.com\/es\/wp-json\/wp\/v2\/users\/47"}],"replies":[{"embeddable":true,"href":"https:\/\/als-ny.blackbaudwp.com\/es\/wp-json\/wp\/v2\/comments?post=1693"}],"version-history":[{"count":11,"href":"https:\/\/als-ny.blackbaudwp.com\/es\/wp-json\/wp\/v2\/pages\/1693\/revisions"}],"predecessor-version":[{"id":7746,"href":"https:\/\/als-ny.blackbaudwp.com\/es\/wp-json\/wp\/v2\/pages\/1693\/revisions\/7746"}],"up":[{"embeddable":true,"href":"https:\/\/als-ny.blackbaudwp.com\/es\/wp-json\/wp\/v2\/pages\/1679"}],"wp:attachment":[{"href":"https:\/\/als-ny.blackbaudwp.com\/es\/wp-json\/wp\/v2\/media?parent=1693"}],"curies":[{"name":"wp","href":"https:\/\/api.w.org\/{rel}","templated":true}]}}