{"id":1694,"date":"2022-08-31T11:13:44","date_gmt":"2022-08-31T15:13:44","guid":{"rendered":"https:\/\/alsagoldenwest.blackbaudwp.com\/understanding-als\/what-is-als\/"},"modified":"2024-04-09T15:20:53","modified_gmt":"2024-04-09T19:20:53","slug":"what-is-als","status":"publish","type":"page","link":"https:\/\/als-ny.blackbaudwp.com\/es\/understanding-als\/what-is-als\/","title":{"rendered":"\u00bfQu\u00e9 es ELA?"},"content":{"rendered":"<p>La esclerosis lateral amiotr\u00f3fica (ELA), (a-my-o-TROE-fik LAT-ur-ul skluh-ROE-sis), a menudo denominada &quot;enfermedad de Lou Gehrig&quot;, es una enfermedad progresiva del sistema nervioso que afecta las c\u00e9lulas nerviosas. en el cerebro y la m\u00e9dula espinal.<\/p>\t\t\n\t<p>Las neuronas motoras van desde el cerebro hasta la m\u00e9dula espinal y desde la m\u00e9dula espinal hasta los m\u00fasculos de todo el cuerpo. La degeneraci\u00f3n progresiva de las neuronas motoras en la ELA eventualmente conduce a su muerte. Cuando las neuronas motoras mueren, se pierde la capacidad del cerebro para iniciar y controlar el movimiento muscular. Con la acci\u00f3n de los m\u00fasculos voluntarios progresivamente afectada, los pacientes en las \u00faltimas etapas de la enfermedad pueden quedar totalmente paralizados.<\/p>\n<p>A medida que las neuronas motoras se degeneran, ya no pueden enviar impulsos a las fibras musculares que normalmente resultan en el movimiento muscular. Los primeros s\u00edntomas de la ELA a menudo incluyen un aumento de la debilidad muscular, especialmente en los brazos y las piernas, el habla, la degluci\u00f3n o la respiraci\u00f3n. Cuando los m\u00fasculos ya no reciben los mensajes de las neuronas motoras que necesitan para funcionar, los m\u00fasculos comienzan a atrofiarse (se vuelven m\u00e1s peque\u00f1os). Las extremidades comienzan a verse \u201cm\u00e1s delgadas\u201d a medida que el tejido muscular se atrofia.<\/p>\n\t\t\t\t\t\t\t\t\t<img decoding=\"async\" src=\"https:\/\/als-ny.blackbaudwp.com\/wp-content\/uploads\/2023\/09\/What-is-ALS-1.png\" alt=\"What Is ALS\" itemprop=\"image\" height=\"1876\" width=\"2048\" srcset=\"https:\/\/als-ny.blackbaudwp.com\/wp-content\/uploads\/2023\/09\/What-is-ALS-1.png 2048w, https:\/\/als-ny.blackbaudwp.com\/wp-content\/uploads\/2023\/09\/What-is-ALS-1-1400x1282.png 1400w, https:\/\/als-ny.blackbaudwp.com\/wp-content\/uploads\/2023\/09\/What-is-ALS-1-768x704.png 768w, https:\/\/als-ny.blackbaudwp.com\/wp-content\/uploads\/2023\/09\/What-is-ALS-1-1536x1407.png 1536w, https:\/\/als-ny.blackbaudwp.com\/wp-content\/uploads\/2023\/09\/What-is-ALS-1-13x12.png 13w\" sizes=\"(max-width: 2048px) 100vw, 2048px\" title=\"\u00bfQu\u00e9 es la ELA?\" onerror=\"this.style.display='none'\"  \/>\n\t\t<h4>5,000+<\/h4>\n\t\t\t<p>personas son diagnosticadas por a\u00f1o<\/p>\t\t\n\t\t<h4>2-5 a\u00f1os<\/h4>\n\t\t\t<p>es la esperanza de vida media<\/p>\t\t\n\t\t<h4>Solo 10%<\/h4>\n\t\t\t<p>de los casos se heredan a trav\u00e9s de un gen mutado<\/p>\t\t\n\t<p>Seg\u00fan la Academia Americana de Neurolog\u00eda\u00a0<a href=\"https:\/\/n.neurology.org\/content\/73\/15\/1218\" data-extlink=\"\">Actualizaci\u00f3n de par\u00e1metros de pr\u00e1ctica<\/a>, los estudios han demostrado que la participaci\u00f3n en una cl\u00ednica multidisciplinaria de ELA puede prolongar la supervivencia y mejorar la calidad de vida.<\/p>\n\t\t\t<a href=\"https:\/\/als-ny.blackbaudwp.com\/es\/navigating-als\/our-care-services\/\" target=\"_self\" rel=\"noopener\">\n\t\t\t\t\t\t\tConoce Nuestras Cl\u00ednicas y Servicios\n\t\t\t<\/a>","protected":false},"excerpt":{"rendered":"<p>La esclerosis lateral amiotr\u00f3fica (ELA), (a-my-o-TROE-fik LAT-ur-ul skluh-ROE-sis), a menudo denominada &quot;enfermedad de Lou Gehrig&quot;, es una enfermedad progresiva del sistema nervioso que afecta las c\u00e9lulas nerviosas. en el cerebro y...<\/p>","protected":false},"author":47,"featured_media":0,"parent":1680,"menu_order":27,"comment_status":"closed","ping_status":"closed","template":"","meta":{"_acf_changed":false,"_monsterinsights_skip_tracking":false,"_monsterinsights_sitenote_active":false,"_monsterinsights_sitenote_note":"","_monsterinsights_sitenote_category":0,"footnotes":""},"class_list":["post-1694","page","type-page","status-publish","hentry"],"acf":[],"aioseo_notices":[],"_links":{"self":[{"href":"https:\/\/als-ny.blackbaudwp.com\/es\/wp-json\/wp\/v2\/pages\/1694","targetHints":{"allow":["GET"]}}],"collection":[{"href":"https:\/\/als-ny.blackbaudwp.com\/es\/wp-json\/wp\/v2\/pages"}],"about":[{"href":"https:\/\/als-ny.blackbaudwp.com\/es\/wp-json\/wp\/v2\/types\/page"}],"author":[{"embeddable":true,"href":"https:\/\/als-ny.blackbaudwp.com\/es\/wp-json\/wp\/v2\/users\/47"}],"replies":[{"embeddable":true,"href":"https:\/\/als-ny.blackbaudwp.com\/es\/wp-json\/wp\/v2\/comments?post=1694"}],"version-history":[{"count":9,"href":"https:\/\/als-ny.blackbaudwp.com\/es\/wp-json\/wp\/v2\/pages\/1694\/revisions"}],"predecessor-version":[{"id":5303,"href":"https:\/\/als-ny.blackbaudwp.com\/es\/wp-json\/wp\/v2\/pages\/1694\/revisions\/5303"}],"up":[{"embeddable":true,"href":"https:\/\/als-ny.blackbaudwp.com\/es\/wp-json\/wp\/v2\/pages\/1680"}],"wp:attachment":[{"href":"https:\/\/als-ny.blackbaudwp.com\/es\/wp-json\/wp\/v2\/media?parent=1694"}],"curies":[{"name":"wp","href":"https:\/\/api.w.org\/{rel}","templated":true}]}}