{"id":1695,"date":"2022-08-31T11:13:44","date_gmt":"2022-08-31T15:13:44","guid":{"rendered":"https:\/\/alsagoldenwest.blackbaudwp.com\/understanding-als\/who-gets-als\/"},"modified":"2025-11-03T12:42:51","modified_gmt":"2025-11-03T17:42:51","slug":"who-gets-als","status":"publish","type":"page","link":"https:\/\/als-ny.blackbaudwp.com\/es\/understanding-als\/who-gets-als\/","title":{"rendered":"\u00bfQui\u00e9n contrae ELA?"},"content":{"rendered":"<p>La respuesta corta es que a cualquier persona se le puede diagnosticar la enfermedad, independientemente de su edad, sexo, nacionalidad o etnia, aunque se trata principalmente de una enfermedad que comienza en la edad adulta. Existe cierta evidencia de que las personas con ELA viven m\u00e1s tiempo, al menos en parte debido a las intervenciones de manejo cl\u00ednico, el riluzol y posiblemente otros compuestos y medicamentos bajo investigaci\u00f3n. Se estima que hasta 30.000 estadounidenses padecen la enfermedad en un momento dado.<\/p>\t\t\n\t<p><strong>Por los n\u00fameros:<\/strong><\/p>\n<ul>\n<li>90 \u2013 Cada noventa minutos, alguien es diagnosticado con la enfermedad y alguien fallece a causa de ella.<\/li>\n<li>90% de los casos de ELA ocurren sin antecedentes familiares conocidos o causa gen\u00e9tica. Los 10% restantes de los casos de ELA se heredan a trav\u00e9s de un gen mutado con una conexi\u00f3n conocida con la enfermedad.<\/li>\n<li>55 a\u00f1os es la edad promedio de aparici\u00f3n y la mayor\u00eda de las personas que desarrollan ELA tienen entre 40 y 70 a\u00f1os. Sin embargo, los casos de la enfermedad ocurren en personas de entre 20 y 30 a\u00f1os.<\/li>\n<li>50% de todas las personas afectadas con ELA viven al menos tres o m\u00e1s a\u00f1os despu\u00e9s del diagn\u00f3stico. El veinte por ciento vive cinco a\u00f1os o m\u00e1s; hasta el diez por ciento vivir\u00e1 m\u00e1s de diez a\u00f1os.<\/li>\n<li>20% \u2013 La ELA es un veinte por ciento m\u00e1s com\u00fan en hombres que en mujeres. Sin embargo, a medida que aumenta la edad, la incidencia de ELA es m\u00e1s igualitaria entre hombres y mujeres.<\/li>\n<li>2X \u2013 Los veteranos militares tienen el doble de probabilidades de ser diagnosticados con la enfermedad que el p\u00fablico en general por razones a\u00fan desconocidas.<\/li>\n<\/ul>\n<p>Las personas notables que han sido diagnosticadas con ELA incluyen:<\/p>\n\t<ul>\n<li>El gran beisbolista Lou Gehrig<\/li>\n<li>F\u00edsico te\u00f3rico, cosm\u00f3logo y autor Stephen Hawking<\/li>\n<li>El lanzador del Sal\u00f3n de la Fama Jim &quot;Catfish&quot; Hunter<\/li>\n<li>Senador estadounidense por Nueva York, Jacob Javits<\/li>\n<li>el actor david niven<\/li>\n<li>La actriz y cantante Rebecca Luker<\/li>\n<li>Actor y dramaturgo Sam Shepard<\/li>\n<li>El creador de &quot;Bob Esponja Pantalones Cuadrados&quot; Stephen Hillenburg<\/li>\n<li>El creador de \u201cBarrio S\u00e9samo\u201d Jon Stone<\/li>\n<li>M\u00fasico de jazz Charles Mingus<\/li>\n<li>Cantante y compositora Kim Shattuck (The Muffs)<\/li>\n<li>El bajista Mike Porcaro (Toto)<\/li>\n<li>John Driskell Hopkins de Zac Brown Band<\/li>\n<\/ul>\n\t<ul>\n<li>M\u00fasico Huddie Ledbetter (Lead Belly)<\/li>\n<li>Productora de teatro Jenifer Estess<\/li>\n<li>Campe\u00f3n de boxeo Ezzard Charles<\/li>\n<li>El jugador de baloncesto del Sal\u00f3n de la Fama de la NBA George Yardley<\/li>\n<li>Carrito de golf Bruce Edwards<\/li>\n<li>El fot\u00f3grafo Eddie Adams<\/li>\n<li>El exvicepresidente de EE. UU. Henry A. Wallace<\/li>\n<li>General del ej\u00e9rcito estadounidense Maxwell Taylor<\/li>\n<li>jugador de f\u00fatbol americano de la NFL Steve Gleason<\/li>\n<li>Jugador de f\u00fatbol americano de la NFL OJ Brigance<\/li>\n<li>Tim Shaw, jugador de f\u00fatbol americano de la NFL<\/li>\n<li>NHL Borje Salming<\/li>\n<li>Cantante y compositora Roberta Flack<\/li>\n<li>Actor, Eric Dane<\/li>\n<li>La cantante de blues y pianista Marcia Ball<\/li>\n<\/ul>\n\t\t\t\t\t\t<h4>5600<\/h4>\t\t\t\t\t\n\t\t\t<p>Las personas son diagnosticadas cada a\u00f1o<\/p>\t\t\n\t\t\t\t\t\t<h4>90%<\/h4>\t\t\t\t\t\n\t\t\t<p>De los casos no tienen causa gen\u00e9tica\u00a0<\/p>\t\t\n\t\t\t\t\t\t<h4>40-70<\/h4>\t\t\t\t\t\n\t\t\t<p>Rango de edad la mayor\u00eda de las personas desarrollan ELA<\/p>","protected":false},"excerpt":{"rendered":"<p>La respuesta corta es que a cualquier persona se le puede diagnosticar la enfermedad, independientemente de su edad, sexo, nacionalidad o etnia, aunque se trata principalmente de una enfermedad que comienza en la edad adulta. Hay algunas pruebas...<\/p>","protected":false},"author":47,"featured_media":0,"parent":1680,"menu_order":28,"comment_status":"closed","ping_status":"closed","template":"","meta":{"_acf_changed":false,"_monsterinsights_skip_tracking":false,"_monsterinsights_sitenote_active":false,"_monsterinsights_sitenote_note":"","_monsterinsights_sitenote_category":0,"footnotes":""},"class_list":["post-1695","page","type-page","status-publish","hentry"],"acf":[],"aioseo_notices":[],"_links":{"self":[{"href":"https:\/\/als-ny.blackbaudwp.com\/es\/wp-json\/wp\/v2\/pages\/1695","targetHints":{"allow":["GET"]}}],"collection":[{"href":"https:\/\/als-ny.blackbaudwp.com\/es\/wp-json\/wp\/v2\/pages"}],"about":[{"href":"https:\/\/als-ny.blackbaudwp.com\/es\/wp-json\/wp\/v2\/types\/page"}],"author":[{"embeddable":true,"href":"https:\/\/als-ny.blackbaudwp.com\/es\/wp-json\/wp\/v2\/users\/47"}],"replies":[{"embeddable":true,"href":"https:\/\/als-ny.blackbaudwp.com\/es\/wp-json\/wp\/v2\/comments?post=1695"}],"version-history":[{"count":10,"href":"https:\/\/als-ny.blackbaudwp.com\/es\/wp-json\/wp\/v2\/pages\/1695\/revisions"}],"predecessor-version":[{"id":7331,"href":"https:\/\/als-ny.blackbaudwp.com\/es\/wp-json\/wp\/v2\/pages\/1695\/revisions\/7331"}],"up":[{"embeddable":true,"href":"https:\/\/als-ny.blackbaudwp.com\/es\/wp-json\/wp\/v2\/pages\/1680"}],"wp:attachment":[{"href":"https:\/\/als-ny.blackbaudwp.com\/es\/wp-json\/wp\/v2\/media?parent=1695"}],"curies":[{"name":"wp","href":"https:\/\/api.w.org\/{rel}","templated":true}]}}