{"id":1696,"date":"2022-08-31T11:13:44","date_gmt":"2022-08-31T15:13:44","guid":{"rendered":"https:\/\/alsagoldenwest.blackbaudwp.com\/understanding-als\/symptoms-and-diagnosis\/"},"modified":"2024-04-09T15:22:19","modified_gmt":"2024-04-09T19:22:19","slug":"symptoms-and-diagnosis","status":"publish","type":"page","link":"https:\/\/als-ny.blackbaudwp.com\/es\/understanding-als\/symptoms-and-diagnosis\/","title":{"rendered":"S\u00edntomas y Diagn\u00f3stico"},"content":{"rendered":"<p>Los s\u00edntomas iniciales de la ELA pueden variar bastante en diferentes personas. Una persona puede tener problemas para agarrar un bol\u00edgrafo o levantar una taza de caf\u00e9, mientras que otra persona puede experimentar un cambio en el tono vocal al hablar. La ELA es t\u00edpicamente una enfermedad que implica un inicio gradual.<\/p>\t\t\n\t\t<h2>\n\t\t\tS\u00edntomas\n\t\t<\/h2>\n\t\t\t<p>El ritmo al que progresa la ELA puede variar bastante de una persona a otra. Aunque el tiempo medio de supervivencia con ELA es de tres a cinco a\u00f1os, muchas personas viven cinco, diez o m\u00e1s a\u00f1os. Los s\u00edntomas pueden comenzar en los m\u00fasculos que controlan el habla y la degluci\u00f3n o en las manos, brazos, piernas o pies. No todas las personas con ELA experimentan los mismos s\u00edntomas ni las mismas secuencias o patrones de progresi\u00f3n. Sin embargo, la debilidad muscular progresiva y la par\u00e1lisis se experimentan universalmente. La debilidad muscular progresiva, indolora y de aparici\u00f3n gradual es el s\u00edntoma inicial m\u00e1s com\u00fan en la ELA. Otros s\u00edntomas tempranos var\u00edan, pero pueden incluir tropezar, dejar caer cosas, fatiga anormal de los brazos y\/o piernas, dificultad para hablar, calambres y espasmos musculares y\/o per\u00edodos incontrolables de risa o llanto. Cuando los m\u00fasculos respiratorios se ven afectados, en \u00faltima instancia, las personas Las personas con la enfermedad pueden necesitar asistencia ventilatoria invasiva o no invasiva para ayudar con la respiraci\u00f3n. Los cinco sentidos (vista, tacto, o\u00eddo, gusto y olfato) no se ven afectados por la ELA. Para muchas personas, los m\u00fasculos de los ojos y la vejiga tampoco se ven afectados.&nbsp;<\/p>\t\t\n\t\t\t\t\t\t\t\t\t<img decoding=\"async\" src=\"https:\/\/als-ny.blackbaudwp.com\/wp-content\/uploads\/bb-plugin\/cache\/dropping-glass-circle.jpg\" alt=\"hand dropping clear glass with water\" itemprop=\"image\" height=\"800\" width=\"800\" title=\"Goteo de vidrio\" onerror=\"this.style.display='none'\">\n\t\t\t\t\t\t\t\t\t<img decoding=\"async\" src=\"https:\/\/als-ny.blackbaudwp.com\/wp-content\/uploads\/bb-plugin\/cache\/EMG-circle.jpg\" alt=\"wrist with medical equipment\" itemprop=\"image\" height=\"533\" width=\"800\" title=\"EMG\" onerror=\"this.style.display='none'\">\n\t\t<h2>\n\t\t\tDiagn\u00f3stico\n\t\t<\/h2>\n\t\t\t<p>El diagn\u00f3stico de ELA plantea un desaf\u00edo considerable. Ning\u00fan examen o m\u00e9todo por s\u00ed solo confirma definitivamente la presencia de ELA. En cambio, un diagn\u00f3stico depende de una evaluaci\u00f3n cl\u00ednica exhaustiva y una serie de evaluaciones diagn\u00f3sticas, dirigidas principalmente a excluir afecciones que imitan la ELA. Una evaluaci\u00f3n diagn\u00f3stica exhaustiva suele abarcar la mayor\u00eda, si no todos, de los procedimientos posteriores:<\/p><ul><li>Un examen neurol\u00f3gico completo<\/li><li>Pruebas de electrodiagn\u00f3stico que incluyen electom\u00eda (EMG) y velocidad de conducci\u00f3n nerviosa (NCV)<\/li><li>Estudios de sangre y orina que incluyen electroforesis de prote\u00ednas s\u00e9ricas de alta resoluci\u00f3n, niveles de hormonas tiroideas y paratiroideas y recolecci\u00f3n de orina de 24 horas para detectar metales pesados.<\/li><li>Punci\u00f3n lumbar<\/li><li>Rayos X, incluida la resonancia magn\u00e9tica nuclear (RMN)<\/li><li>Mielograma de columna cervical<\/li><li>Biopsia muscular y\/o nerviosa<\/li><\/ul>Para m\u00e1s informaci\u00f3n sobre la importancia de una segunda opini\u00f3n,&nbsp;<a href=\"https:\/\/als-ny.blackbaudwp.com\/es\/navigating-als\/als-clinics-and-centers\/\">haga clic aqu\u00ed.<\/a>No todos los m\u00e9dicos requieren todas estas pruebas. Var\u00eda de un neur\u00f3logo a otro. ALS United Greater New York recomienda buscar una segunda opini\u00f3n al someterse a un diagn\u00f3stico. Haga clic aqu\u00ed para obtener una lista de nuestras cl\u00ednicas asociadas. Hacer clic <a href=\"https:\/\/als-ny.blackbaudwp.com\/es\/navigating-als\/als-clinics-and-centers\/\">aqu\u00ed<\/a> para obtener una lista de nuestras cl\u00ednicas asociadas locales.<p><\/p>","protected":false},"excerpt":{"rendered":"<p>Los s\u00edntomas iniciales de la ELA pueden ser bastante variados en diferentes personas. Una persona puede tener problemas para agarrar un bol\u00edgrafo o levantar una taza de caf\u00e9, mientras que otra puede experimentar...<\/p>","protected":false},"author":47,"featured_media":0,"parent":1680,"menu_order":29,"comment_status":"closed","ping_status":"closed","template":"","meta":{"_acf_changed":false,"_monsterinsights_skip_tracking":false,"_monsterinsights_sitenote_active":false,"_monsterinsights_sitenote_note":"","_monsterinsights_sitenote_category":0,"footnotes":""},"class_list":["post-1696","page","type-page","status-publish","hentry"],"acf":[],"aioseo_notices":[],"_links":{"self":[{"href":"https:\/\/als-ny.blackbaudwp.com\/es\/wp-json\/wp\/v2\/pages\/1696","targetHints":{"allow":["GET"]}}],"collection":[{"href":"https:\/\/als-ny.blackbaudwp.com\/es\/wp-json\/wp\/v2\/pages"}],"about":[{"href":"https:\/\/als-ny.blackbaudwp.com\/es\/wp-json\/wp\/v2\/types\/page"}],"author":[{"embeddable":true,"href":"https:\/\/als-ny.blackbaudwp.com\/es\/wp-json\/wp\/v2\/users\/47"}],"replies":[{"embeddable":true,"href":"https:\/\/als-ny.blackbaudwp.com\/es\/wp-json\/wp\/v2\/comments?post=1696"}],"version-history":[{"count":11,"href":"https:\/\/als-ny.blackbaudwp.com\/es\/wp-json\/wp\/v2\/pages\/1696\/revisions"}],"predecessor-version":[{"id":5305,"href":"https:\/\/als-ny.blackbaudwp.com\/es\/wp-json\/wp\/v2\/pages\/1696\/revisions\/5305"}],"up":[{"embeddable":true,"href":"https:\/\/als-ny.blackbaudwp.com\/es\/wp-json\/wp\/v2\/pages\/1680"}],"wp:attachment":[{"href":"https:\/\/als-ny.blackbaudwp.com\/es\/wp-json\/wp\/v2\/media?parent=1696"}],"curies":[{"name":"wp","href":"https:\/\/api.w.org\/{rel}","templated":true}]}}