{"id":1698,"date":"2022-08-31T11:13:44","date_gmt":"2022-08-31T15:13:44","guid":{"rendered":"https:\/\/alsagoldenwest.blackbaudwp.com\/understanding-als\/als-glossary\/"},"modified":"2024-04-09T16:48:50","modified_gmt":"2024-04-09T20:48:50","slug":"als-glossary","status":"publish","type":"page","link":"https:\/\/als-ny.blackbaudwp.com\/es\/understanding-als\/als-glossary\/","title":{"rendered":"ALS \u2013 T\u00e9rminos de uso frecuente"},"content":{"rendered":"<p><a href=\"#a\">A<\/a>\u00a0 <a href=\"#b\">B<\/a>\u00a0 <a href=\"#c\">C<\/a> \u00a0<a href=\"#d\">D<\/a> \u00a0<a href=\"#e\">mi<\/a> \u00a0<a href=\"#f\">F<\/a> \u00a0<a href=\"#g\">GRAMO<\/a> \u00a0<a href=\"#h\">H<\/a> \u00a0<a href=\"#i\">yo<\/a> \u00a0<a href=\"#m\">METRO<\/a>\u00a0 <a href=\"#n\">norte<\/a>\u00a0 <a href=\"#o\">O<\/a>\u00a0 <a href=\"#p\">PAG<\/a>\u00a0 <a href=\"#r\">R<\/a>\u00a0 <a href=\"#s\">S<\/a>\u00a0 <a href=\"#t\">T<\/a>\u00a0 <a href=\"#u\">tu<\/a>\u00a0 <a href=\"#v\">V<\/a>\u00a0 <a href=\"#w\">W<\/a>\u00a0 <a href=\"#z\">Z<\/a><\/p>\n\t\t<h2>\n\t\t\tA\n\t\t<\/h2>\n\t<h6>ACTIVIDADES DE LA VIDA DIARIA (ADLS)<\/h6>\n<p>Habilidades de cuidado personal necesarias para gestionar las necesidades f\u00edsicas b\u00e1sicas. Estos son ba\u00f1arse\/arreglarse, vestirse, comer, usar el ba\u00f1o y trasladarse\/deambular.<\/p>\n<h6>DIRECTIVAS AVANZADAS<\/h6>\n<p>Documentos legales que brindan instrucciones para la atenci\u00f3n m\u00e9dica que entran en vigencia si no puede comunicar sus deseos. Ejemplos de directivas anticipadas para la atenci\u00f3n m\u00e9dica son el testamento vital y el poder notarial duradero para la atenci\u00f3n m\u00e9dica.<\/p>\n<h6>ELA (ESCLEROSIS LATERAL AMIOTR\u00d3FICA)<\/h6>\n<p>Tambi\u00e9n conocida como enfermedad de Lou Gehrig, es un trastorno neuromuscular que afecta a las neuronas motoras, las c\u00e9lulas nerviosas del cerebro y la m\u00e9dula espinal que controlan el movimiento muscular voluntario y la respiraci\u00f3n. Es la enfermedad de la neurona motora m\u00e1s com\u00fan. La traducci\u00f3n literal de amiotr\u00f3fico es \u201csin nutrici\u00f3n muscular\u201d.<\/p>\n<h6>ANTICUERPO<\/h6>\n<p>Una prote\u00edna de defensa producida por el sistema inmunol\u00f3gico que se une a mol\u00e9culas extra\u00f1as para detectar estos ant\u00edgenos.<\/p>\n<h6>ANT\u00cdGENO<\/h6>\n<p>Una toxina o mol\u00e9cula que le dice al cuerpo que algo es extra\u00f1o e induce una respuesta inmune, especialmente la producci\u00f3n de anticuerpos.<\/p>\n<h6>ANTIOXIDANTE<\/h6>\n<p>Un compuesto qu\u00edmico o sustancia que inhibe la oxidaci\u00f3n.<\/p>\n<h6>ATROFIA<\/h6>\n<p>La p\u00e9rdida progresiva de masa muscular o atrofia.<\/p>\n<h6>AX\u00d3N<\/h6>\n<p>La extensi\u00f3n larga, parecida a un cabello, de una c\u00e9lula nerviosa que lleva un mensaje a la siguiente c\u00e9lula nerviosa.<\/p>\n\t\t\t<a href=\"#home\" target=\"_self\" rel=\"noopener\">\n\t\t\t\t\t\tVolver arriba\n\t\t\t\t\t<\/a>\n\t\t<h2>\n\t\t\tB\n\t\t<\/h2>\n\t<h6>b\u00f3tox<\/h6>\n<p>Medicamento preparado a partir de la toxina botul\u00ednica bacteriana, utilizado m\u00e9dicamente para tratar determinadas afecciones musculares. En la ELA se utiliza com\u00fanmente para tratar el exceso de saliva o los m\u00fasculos esp\u00e1sticos. Tambi\u00e9n se utiliza cosm\u00e9ticamente.<\/p>\n<h6>REFLEJO R\u00c1PIDO<\/h6>\n<p>Una condici\u00f3n que describe el deterioro de las c\u00e9lulas nerviosas motoras superiores (neuronas).<\/p>\n<h6>BULBAR<\/h6>\n<p>La ELA bulbar es el tipo en el que los s\u00edntomas de inicio son en los m\u00fasculos faciales, el habla y la degluci\u00f3n.<\/p>\n<p>&nbsp;<\/p>\n\t\t\t<a href=\"#home\" target=\"_self\" rel=\"noopener\">\n\t\t\t\t\t\tVolver arriba\n\t\t\t\t\t<\/a>\n\t\t<h2>\n\t\t\tC\n\t\t<\/h2>\n\t<h6>SISTEMA NERVIOSO CENTRAL (SNC)<\/h6>\n<p>El cerebro y la m\u00e9dula espinal combinados.<\/p>\n<h6>CEREBELO<\/h6>\n<p>La porci\u00f3n del cerebro que se encuentra en la parte posterior de la cabeza, entre el cerebro y el tronco del enc\u00e9falo. Es responsable de la coordinaci\u00f3n del movimiento y el equilibrio.<\/p>\n<h6>CORTEZA CEREBRAL<\/h6>\n<p>La capa externa del cerebro, ubicada en la parte superior del cerebro. Lleva a cabo funciones esenciales del cerebro como la memoria, el pensamiento, el aprendizaje, el razonamiento, la resoluci\u00f3n de problemas, las emociones, la conciencia y las funciones sensoriales.<\/p>\n<h6>FLUIDO CEREBROESPINAL<\/h6>\n<p>Un l\u00edquido corporal transparente e incoloro que se encuentra dentro del tejido que rodea el cerebro y la m\u00e9dula espinal. Proporciona nutrici\u00f3n, eliminaci\u00f3n de desechos y protecci\u00f3n al cerebro. El an\u00e1lisis ayuda a diagnosticar enfermedades y afecciones que afectan el cerebro y la m\u00e9dula espinal.<\/p>\n<h6>CROMOSOMA<\/h6>\n<p>Un portador visible de la informaci\u00f3n gen\u00e9tica.<\/p>\n<h6>CR\u00d3NICO<\/h6>\n<p>Marcado por una larga duraci\u00f3n o recurrencia frecuente.<\/p>\n<h6>SANGRE DE CORD\u00d3N<\/h6>\n<p>Sangre extra\u00edda del cord\u00f3n umbilical en el momento del nacimiento. Es rico en una variedad de c\u00e9lulas madre.<\/p>\n<h6>TRACTO CORTICOSESPINAL<\/h6>\n<p>El haz de nervios que va desde el \u00e1rea motora del cerebro hasta la m\u00e9dula espinal, conect\u00e1ndose con los nervios que salen para controlar los m\u00fasculos.<\/p>\n\t\t\t<a href=\"#home\" target=\"_self\" rel=\"noopener\">\n\t\t\t\t\t\tVolver arriba\n\t\t\t\t\t<\/a>\n\t\t<h2>\n\t\t\tD\n\t\t<\/h2>\n\t<h6>DEMENCIA<\/h6>\n<p>No es una enfermedad en s\u00ed, sino un grupo de s\u00edntomas que se caracteriza por una disminuci\u00f3n del funcionamiento intelectual que es lo suficientemente grave como para interferir con la capacidad de realizar actividades rutinarias.<\/p>\n<h6>DENDRITA<\/h6>\n<p>Extensiones del cuerpo celular de la neurona que llevan informaci\u00f3n al cuerpo celular. Un solo nervio puede poseer muchas dendritas.<\/p>\n<h6>ADN<\/h6>\n<p>Uno de los dos tipos de mol\u00e9culas que codifican la informaci\u00f3n gen\u00e9tica.<\/p>\n<h6>DISARTRIA<\/h6>\n<p>Deterioro del habla y del lenguaje debido a debilidad o rigidez en los m\u00fasculos que se usan para hablar.<\/p>\n<h6>DISFAGIA<\/h6>\n<p>Dificultad para tragar.<\/p>\n<h6>DISNEA<\/h6>\n<p>Dificultad para respirar; respiraci\u00f3n dif\u00edcil o dificultosa<\/p>\n\t\t\t<a href=\"#home\" target=\"_self\" rel=\"noopener\">\n\t\t\t\t\t\tVolver arriba\n\t\t\t\t\t<\/a>\n\t\t<h2>\n\t\t\tmi\n\t\t<\/h2>\n\t<h6>EDARAVONE<\/h6>\n<p>El nombre gen\u00e9rico de Radicava.<\/p>\n<h6>PRUEBAS DE ELECTRODIAGNOSTICO<\/h6>\n<p>Estudios que incluyen electromiograf\u00eda (EMG) y velocidad de conducci\u00f3n nerviosa (NCV), que eval\u00faan y diagnostican trastornos de los m\u00fasculos y las neuronas motoras. Los electrodos se insertan en el m\u00fasculo, o se colocan sobre la piel que recubre un m\u00fasculo o grupo muscular, y se registran la actividad el\u00e9ctrica y la respuesta muscular.<\/p>\n<h6>C\u00c9LULAS MADRE EMBRIONARIAS<\/h6>\n<p>Se trata de c\u00e9lulas madre pluripotentes, derivadas del m\u00e1stil interno del blastocisto. Estas c\u00e9lulas vers\u00e1tiles pueden dividirse en m\u00e1s c\u00e9lulas madre y convertirse en cualquier tipo de c\u00e9lula del cuerpo.<\/p>\n<h6>EXSERVAN<\/h6>\n<p>Riluzol, pel\u00edcula oral. Cada pastilla de pel\u00edcula que se puede disolver en la lengua contiene 50 mg de riluzol.<\/p>\n\t\t\t<a href=\"#home\" target=\"_self\" rel=\"noopener\">\n\t\t\t\t\t\tVolver arriba\n\t\t\t\t\t<\/a>\n\t\t<h2>\n\t\t\tF\n\t\t<\/h2>\n\t<h6>ELA FAMILIAR<\/h6>\n<p>Una enfermedad neurol\u00f3gica progresiva que afecta a m\u00e1s de un miembro de la misma familia. Este tipo de ALS representa un n\u00famero muy peque\u00f1o de personas con ALS en los Estados Unidos (5 a 10 por ciento).<\/p>\n<h6>FASCICULACI\u00d3N<\/h6>\n<p>Espasmos musculares. Cuando un solo perif\u00e9rico nunca est\u00e1 hiperactivo, se produce un movimiento muscular involuntario.<\/p>\n<h6>FDA<\/h6>\n<p>La Administraci\u00f3n de Alimentos y Medicamentos de los EE. UU. (FDA) es la agencia federal responsable de proteger la salud p\u00fablica garantizando la seguridad, eficacia y protecci\u00f3n de los medicamentos, productos biol\u00f3gicos y dispositivos m\u00e9dicos para uso humano y veterinario; y garantizando la seguridad del suministro de alimentos, cosm\u00e9ticos y productos que emiten radiaci\u00f3n de nuestra naci\u00f3n.<\/p>\n<h6>M\u00daSCULOS FL\u00c1CIDOS<\/h6>\n<p>Un tipo de par\u00e1lisis por el cual los m\u00fasculos se ablandan y ceden al estiramiento pasivo. Estos m\u00fasculos no pueden contraerse y quedan fl\u00e1cidos e inm\u00f3viles.<\/p>\n<h6>M\u00daSCULO FLEXOR<\/h6>\n<p>Cualquier m\u00fasculo que provoca la flexi\u00f3n de una extremidad u otra parte del cuerpo.<\/p>\n<h6>RADICALES LIBRES<\/h6>\n<p>Sustancias qu\u00edmicas que son altamente reactivas y pueden oxidar otras mol\u00e9culas (es decir, super\u00f3xido).<\/p>\n<h6>DEMENCIA FRONTOTEMORAL (DFT)<\/h6>\n<p>Grupo de trastornos causados por la p\u00e9rdida progresiva de c\u00e9lulas nerviosas en los l\u00f3bulos frontales del cerebro (las \u00e1reas detr\u00e1s de la frente) o sus l\u00f3bulos temporales (las regiones detr\u00e1s de las orejas). Los primeros s\u00edntomas notables de FTD son cambios en la personalidad y el comportamiento y\/o dificultades con el lenguaje. Una proporci\u00f3n de pacientes que presentan ELA desarrollan DFT, con estimaciones de prevalencia que var\u00edan entre 5% y 22%.<\/p>\n\t\t\t<a href=\"#home\" target=\"_self\" rel=\"noopener\">\n\t\t\t\t\t\tVolver arriba\n\t\t\t\t\t<\/a>\n\t\t<h2>\n\t\t\tGRAMO\n\t\t<\/h2>\n\t<h6>GANGLIO<\/h6>\n<p>Un grupo de cuerpos de c\u00e9lulas nerviosas.<\/p>\n<h6>GENE<\/h6>\n<p>Los genes son las unidades biol\u00f3gicas b\u00e1sicas de la herencia. Est\u00e1n compuestos de ADN.<\/p>\n<h6>GENOMA<\/h6>\n<p>Toda la informaci\u00f3n gen\u00e9tica; todo el complemento gen\u00e9tico; todo el material hereditario que posee un organismo.<\/p>\n<h6>GLUTAMATO<\/h6>\n<p>Un neurotransmisor excitador con varios tipos de receptores que se encuentran en todo el sistema nervioso central. Se cree que la sobreestimulaci\u00f3n de algunos de estos receptores desencadena da\u00f1o neuronal.<\/p>\n\t\t\t<a href=\"#home\" target=\"_self\" rel=\"noopener\">\n\t\t\t\t\t\tVolver arriba\n\t\t\t\t\t<\/a>\n\t\t<h2>\n\t\t\tH\n\t\t<\/h2>\n\t<p>&nbsp;<\/p>\n<h6>HIPERREFLEXIA<\/h6>\n<p>Respuesta excesiva de los reflejos musculares cuando se aplica un est\u00edmulo normal.<\/p>\n<h6>HIPOREFLEXIA<\/h6>\n<p>Respuesta muscular d\u00e9bil o ausente cuando se aplica un est\u00edmulo normal.<\/p>\n\t\t\t<a href=\"#home\" target=\"_self\" rel=\"noopener\">\n\t\t\t\t\t\tVolver arriba\n\t\t\t\t\t<\/a>\n\t\t<h2>\n\t\t\tyo\n\t\t<\/h2>\n\t<h6>INCIDENCIA<\/h6>\n<p>Medida de la probabilidad de que ocurra una determinada condici\u00f3n m\u00e9dica en una poblaci\u00f3n dentro de un per\u00edodo de tiempo espec\u00edfico. La aparici\u00f3n de nuevos casos de una condici\u00f3n. Com\u00fanmente se mide en casos nuevos por cada 100.000 habitantes de la poblaci\u00f3n en riesgo, por a\u00f1o.<\/p>\n<h6>INFLAMACI\u00d3N<\/h6>\n<p>La reacci\u00f3n de un tejido vivo a una lesi\u00f3n o infecci\u00f3n caracterizada por calor, enrojecimiento, hinchaz\u00f3n y dolor.<\/p>\n<h6>INTRATECAL<\/h6>\n<p>Inyecci\u00f3n en la membrana m\u00e1s interna que rodea el sistema nervioso central. Generalmente se realiza mediante punci\u00f3n lumbar.<\/p>\n\t\t\t<a href=\"#home\" target=\"_self\" rel=\"noopener\">\n\t\t\t\t\t\tVolver arriba\n\t\t\t\t\t<\/a>\n\t\t<h2>\n\t\t\tMETRO\n\t\t<\/h2>\n\t<h6>MOL\u00c9CULA<\/h6>\n<p>La unidad m\u00e1s peque\u00f1a de una sustancia que puede existir sola y retener el car\u00e1cter de esa sustancia.<\/p>\n<h6>NEURONA MOTORA<\/h6>\n<p>Neurona que transmite impulsos que inician la contracci\u00f3n muscular o la secreci\u00f3n glandular.<\/p>\n<h6>ENFERMEDAD DE LA NEURONA MOTORA (EMN)<\/h6>\n<p>Un grupo de trastornos en los que las c\u00e9lulas nerviosas motoras (neuronas) en la m\u00e9dula espinal y el tronco encef\u00e1lico se deterioran y mueren. La ELA es la enfermedad de la neurona motora m\u00e1s com\u00fan.<\/p>\n<h6>M\u00daSCULO<\/h6>\n<p>El tejido del cuerpo que funciona contray\u00e9ndose o relaj\u00e1ndose para provocar movimiento o potencia. Este movimiento puede ser voluntario o involuntario. Los m\u00fasculos son esquel\u00e9ticos, card\u00edacos o lisos.<\/p>\n<h6>MUTACI\u00d3N<\/h6>\n<p>Un cambio permanente, una alteraci\u00f3n estructural, en el ADN o ARN. Las mutaciones pueden ser causadas por muchos factores, incluidas las agresiones ambientales, como la radiaci\u00f3n y los productos qu\u00edmicos mutag\u00e9nicos. Las mutaciones a veces se atribuyen a eventos fortuitos aleatorios.<\/p>\n<h6>MIOCLONIA<\/h6>\n<p>Sacudidas, movimientos involuntarios de brazos y piernas. Puede ocurrir normalmente durante el sue\u00f1o.<\/p>\n\t\t\t<a href=\"#home\" target=\"_self\" rel=\"noopener\">\n\t\t\t\t\t\tVolver arriba\n\t\t\t\t\t<\/a>\n\t\t<h2>\n\t\t\tnorte\n\t\t<\/h2>\n\t<h6>NERVIOS<\/h6>\n<p>Haces de fibras que transportan impulsos el\u00e9ctricos entre el cerebro y el resto del cuerpo. Esta red de cable te ayuda a sentir sensaciones y\/o a mover los m\u00fasculos. Algunos tambi\u00e9n mantienen ciertas funciones aut\u00f3nomas como respirar, sudar o digerir alimentos.<\/p>\n<h6>SISTEMA NERVIOSO<\/h6>\n<p>El sistema corporal incluye el cerebro, la m\u00e9dula espinal y una compleja red de nervios. Permite que se env\u00eden mensajes de ida y vuelta entre el cerebro y el cuerpo.<\/p>\n<h6>NEUR\u00d3LOGO<\/h6>\n<p>Un m\u00e9dico que se especializa en el sistema nervioso y sus trastornos.<\/p>\n<h6>NEUROLOG\u00cdA<\/h6>\n<p>La ciencia m\u00e9dica que se ocupa del sistema nervioso y los trastornos que lo afectan.<\/p>\n<h6>NEUROMUSCULAR<\/h6>\n<p>Relativo a nervios y m\u00fasculos.<\/p>\n<h6>NEURONAS<\/h6>\n<p>Las unidades funcionales b\u00e1sicas del sistema nervioso. Las se\u00f1ales el\u00e9ctricas generales (potenciales de acci\u00f3n) que les permiten transmitir informaci\u00f3n r\u00e1pidamente a trav\u00e9s de axones largos a otras neuronas y a una serie de dendritas que entregan se\u00f1ales entrantes.<\/p>\n<h6>RECEPTORES NEURONALES<\/h6>\n<p>Prote\u00ednas que transmiten las acciones de los neurotransmisores, permitiendo las comunicaciones de c\u00e9lula a c\u00e9lula dentro del sistema nervioso.<\/p>\n<h6>NEUROPROTECTOR<\/h6>\n<p>Agente que proporciona protecci\u00f3n a las c\u00e9lulas nerviosas contra da\u00f1os, degeneraci\u00f3n o deterioro de su funci\u00f3n.<\/p>\n<h6>NEURORREGENERADOR<\/h6>\n<p>Agente que protege las c\u00e9lulas nerviosas contra da\u00f1os, degeneraci\u00f3n o deterioro de su funci\u00f3n.<\/p>\n<h6>NEUROCIENCIA<\/h6>\n<p>La neurociencia es el estudio cient\u00edfico del sistema nervioso, sus funciones y trastornos. Es una ciencia multidisciplinaria que combina fisiolog\u00eda, anatom\u00eda, biolog\u00eda molecular y biolog\u00eda del desarrollo.<\/p>\n<h6>NEUROTRANSMISORES<\/h6>\n<p>Las sustancias qu\u00edmicas que transportan impulsos de una c\u00e9lula nerviosa a otra se encuentran en el espacio (sinapsis) que separa la terminal de la neurona transmisora (ax\u00f3n) de la terminal de la neurona receptora (dendrita).<\/p>\n\t\t\t<a href=\"#home\" target=\"_self\" rel=\"noopener\">\n\t\t\t\t\t\tVolver arriba\n\t\t\t\t\t<\/a>\n\t\t<h2>\n\t\t\tO\n\t\t<\/h2>\n\t<h6>COMIENZO<\/h6>\n<p>El momento de aparici\u00f3n de los primeros s\u00edntomas de una afecci\u00f3n, antes de buscar el diagn\u00f3stico.<\/p>\n<h6>ESTR\u00c9S OXIDATIVO<\/h6>\n<p>Un fen\u00f3meno causado por un desequilibrio entre la producci\u00f3n y acumulaci\u00f3n de especies reactivas de ox\u00edgeno en c\u00e9lulas y tejidos y la capacidad de un sistema biol\u00f3gico para desintoxicar estos productos reactivos.<\/p>\n\t\t\t<a href=\"#home\" target=\"_self\" rel=\"noopener\">\n\t\t\t\t\t\tVolver arriba\n\t\t\t\t\t<\/a>\n\t\t<h2>\n\t\t\tPAG\n\t\t<\/h2>\n\t<h6>amigos<\/h6>\n<p>Persona con ELA.<\/p>\n<h6>PAR\u00c1LISIS<\/h6>\n<p>Par\u00e1lisis de un m\u00fasculo o grupo de m\u00fasculos.<\/p>\n<h6>TUBO DE CLAVIJA<\/h6>\n<p>Sonda de gastrostom\u00eda endosc\u00f3pica percut\u00e1nea: una sonda de alimentaci\u00f3n colocada por un gastroenter\u00f3logo.<\/p>\n<h6>PERISTALSIS<\/h6>\n<p>Motilidad intestinal caracterizada por la contracci\u00f3n y relajaci\u00f3n radialmente sim\u00e9trica de los m\u00fasculos que se propagan en onda por el tracto intestinal.<\/p>\n<h6>FARMACOCIN\u00c9TICA<\/h6>\n<p>Rama de la farmacolog\u00eda dedicada a describir c\u00f3mo afecta el organismo a una sustancia espec\u00edfica tras su administraci\u00f3n.<\/p>\n<h6>FENOTIPO<\/h6>\n<p>Los rasgos observables de un individuo. El fenotipo de una persona est\u00e1 determinado tanto por su composici\u00f3n gen\u00f3mica (genotipo) como por factores ambientales.<\/p>\n<h6>C\u00c9LULAS MADRE PLURIPOTENTES<\/h6>\n<p>Un tipo de c\u00e9lula madre particularmente potente que puede formar las tres capas b\u00e1sicas del cuerpo (ectodermo\/endodermo\/mesodermo) e incluso c\u00e9lulas germinales. Se derivan de tejido embrionario o se inducen a trav\u00e9s de tejido adulto reprogramado.<\/p>\n<h6>ESCLEROSIS LATERAL PRIMARIA (ELP)<\/h6>\n<p>Una enfermedad neuromuscular lentamente progresiva caracterizada exclusivamente por el deterioro de las neuronas motoras superiores.<\/p>\n<h6>PAR\u00c1LISIS BULBAR PROGRESIVA (PBP)<\/h6>\n<p>Un trastorno de la neurona motora que implica el deterioro de las neuronas motoras inferiores. Comienza con dificultades para hablar, tragar y masticar.<\/p>\n<h6>ATROFIA MUSCULAR PROGRESIVA (PMA)<\/h6>\n<p>Una enfermedad neurol\u00f3gica progresiva en la que las c\u00e9lulas nerviosas motoras inferiores (neuronas) se deterioran.<\/p>\n<h6>PROTE\u00cdNA<\/h6>\n<p>Las prote\u00ednas son mol\u00e9culas grandes necesarias para la estructura, funci\u00f3n y regulaci\u00f3n de las c\u00e9lulas, tejidos y \u00f3rganos del cuerpo.<\/p>\n<h6>PROTOCOLO<\/h6>\n<p>Un plan preciso y detallado para el estudio de un problema biom\u00e9dico o un r\u00e9gimen de terapia experimental.<\/p>\n<h6>AFECTO PSEUDOBULBAR (PBA)<\/h6>\n<p>Tambi\u00e9n conocida como labilidad emocional, es una condici\u00f3n que afecta a algunas personas con ELA y algunos otros problemas neurol\u00f3gicos. Se caracteriza por manifestaciones incontroladas de risa o llanto.<\/p>\n<h6>V\u00cdA PIRAMIDAL<\/h6>\n<p>Conjunto de tractos nerviosos que viajan desde la corteza cerebral a trav\u00e9s de la pir\u00e1mide del bulbo raqu\u00eddeo en el tronco del enc\u00e9falo hasta la m\u00e9dula espinal. Dentro de la pir\u00e1mide de la m\u00e9dula, las fibras cruzan desde un lado del cerebro hasta el lado opuesto de la m\u00e9dula espinal; la v\u00eda piramidal est\u00e1 intacta en la enfermedad de Parkinson.<\/p>\n\t\t\t<a href=\"#home\" target=\"_self\" rel=\"noopener\">\n\t\t\t\t\t\tVolver arriba\n\t\t\t\t\t<\/a>\n\t\t<h2>\n\t\t\tR\n\t\t<\/h2>\n\t<h6>RADICAVA<\/h6>\n<p>Nombre comercial de edaravone. Es un eliminador de radicales libres que puede ayudar a eliminar mol\u00e9culas reactivas que podr\u00edan provocar estr\u00e9s oxidativo. Los estudios indican que este f\u00e1rmaco podr\u00eda frenar la progresi\u00f3n de la ELA.<strong>\u00a0<\/strong><\/p>\n<h6>RANGO DE MOVIMIENTO<\/h6>\n<p>Se refiere a hasta d\u00f3nde se puede mover o estirar una parte del cuerpo, como una articulaci\u00f3n o un m\u00fasculo.<\/p>\n<h6>RELYVRIO<\/h6>\n<p>Medicamento aprobado por la FDA para ayudar a retardar la progresi\u00f3n de la ELA. Se espera que sus dos compuestos trabajen juntos para prevenir la muerte de las c\u00e9lulas nerviosas bloqueando las se\u00f1ales de estr\u00e9s dentro de dos compartimentos celulares, espec\u00edficamente las mitocondrias y el ret\u00edculo endopl\u00e1smico. Los componentes del f\u00e1rmaco combinado son fenilbutirato de sodio y taurursodiol.<\/p>\n<h6>RIGIDEZ<\/h6>\n<p>Espasticidad o rigidez de un m\u00fasculo.<\/p>\n<h6>RILUTEK<\/h6>\n<p>Una marca de riluzol.<\/p>\n<h6>RILUTEK<\/h6>\n<p>El primer medicamento aprobado por la FDA para retardar la progresi\u00f3n de la ELA, pero bloqueando la liberaci\u00f3n de glutamato en la uni\u00f3n neuromuscular.<\/p>\n<h6>ARN<\/h6>\n<p>El \u00e1cido ribonucleico (ARN) es una mol\u00e9cula que est\u00e1 presente en la mayor\u00eda de los organismos vivos y en los virus. Est\u00e1 formado por nucle\u00f3tidos, que son az\u00facares ribosa unidos a bases nitrogenadas y grupos fosfato. Las bases nitrogenadas incluyen adenina, guanina, uracilo y citosina.<\/p>\n<h6>RUTAS DE ADMINISTRACION<\/h6>\n<p>El lugar donde se administra un medicamento, como oral, intravenoso, intramuscular, sublingual, subcut\u00e1neo, enteral, rectal o parenteral.<\/p>\n\t\t\t<a href=\"#home\" target=\"_self\" rel=\"noopener\">\n\t\t\t\t\t\tVolver arriba\n\t\t\t\t\t<\/a>\n\t\t<h2>\n\t\t\tS\n\t\t<\/h2>\n\t<h6>ESCLEROSIS<\/h6>\n<p>Endurecimiento<\/p>\n<h6>SIALORREA<\/h6>\n<p>Hipersalivaci\u00f3n o babeo excesivo.<\/p>\n<h6>EFECTO SECUNDARIO<\/h6>\n<p>Un efecto secundario, t\u00edpicamente indeseable, de un f\u00e1rmaco o tratamiento m\u00e9dico.<\/p>\n<h6>C\u00c9SPED (SUPER\u00d3XIDO DISMUTASA)<\/h6>\n<p>Una enzima antioxidante que se encuentra en todas las c\u00e9lulas vivas.<\/p>\n<h6>ESPASMO<\/h6>\n<p>Una contracci\u00f3n muscular voluntaria repentina.<\/p>\n<h6>M\u00c9DULA ESPINAL<\/h6>\n<p>Una extensi\u00f3n del sistema nervioso central (SNC), que consta del cerebro y la m\u00e9dula espinal. La m\u00e9dula espinal comienza en la parte inferior del tronco del enc\u00e9falo (en el \u00e1rea llamada bulbo raqu\u00eddeo) y termina en la parte baja de la espalda, a medida que se estrecha para formar un cono llamado cono medular.<\/p>\n<h6>ATROFIA MUSCULAR ESPINAL (AME)<\/h6>\n<p>La atrofia muscular espinal (AME) se refiere a un grupo de enfermedades hereditarias que pueden da\u00f1ar y matar c\u00e9lulas nerviosas especializadas en el cerebro y la m\u00e9dula espinal (neuronas motoras). Las neuronas motoras controlan el movimiento de los brazos, las piernas, la cara, el pecho, la garganta y la lengua, as\u00ed como la actividad de los m\u00fasculos esquel\u00e9ticos, como hablar, caminar, tragar y respirar.<\/p>\n<h6>ESPOR\u00c1DICO<\/h6>\n<p>Que ocurren a intervalos irregulares o como incidentes aislados. En la ELA, la enfermedad parece ocurrir al azar, sin factores de riesgo asociados y sin antecedentes familiares de la enfermedad. 90-95% de los casos de ELA se consideran espor\u00e1dicos.<\/p>\n<h6>C\u00c9LULAS MADRE<\/h6>\n<p>C\u00e9lulas con el potencial de convertirse en muchos tipos diferentes de c\u00e9lulas en el cuerpo. Sirven como sistema de reparaci\u00f3n del cuerpo.<\/p>\n<h6>SINAPSIS<\/h6>\n<p>El sitio de transmisi\u00f3n de impulsos nerviosos el\u00e9ctricos entre dos c\u00e9lulas nerviosas (neuronas) o entre una neurona y una gl\u00e1ndula o c\u00e9lula muscular (efectora).<\/p>\n\t\t\t<a href=\"#home\" target=\"_self\" rel=\"noopener\">\n\t\t\t\t\t\tVolver arriba\n\t\t\t\t\t<\/a>\n\t\t<h2>\n\t\t\tT\n\t\t<\/h2>\n\t<h6>\u00cdNDICE TERAP\u00c9UTICO<\/h6>\n<p>Relaci\u00f3n que compara la concentraci\u00f3n en sangre a la que un f\u00e1rmaco se vuelve t\u00f3xico y la concentraci\u00f3n a la que el f\u00e1rmaco es eficaz. Cuanto mayor sea el \u00edndice terap\u00e9utico (TI), m\u00e1s seguro ser\u00e1 el f\u00e1rmaco.<\/p>\n<h6>TROMBO<\/h6>\n<p>Un co\u00e1gulo sanguineo<\/p>\n<h6>TIGLUTIK<\/h6>\n<p>El riluzol, en forma de suspensi\u00f3n l\u00edquida, se puede tomar por v\u00eda oral o mediante un tubo de PEG.<\/p>\n<h6>TOXICIDAD<\/h6>\n<p>La capacidad de una sustancia de causar efectos nocivos para la salud.<\/p>\n<h6>TOXINA<\/h6>\n<p>Un veneno org\u00e1nico natural producido por las actividades metab\u00f3licas de c\u00e9lulas u organismos vivos.<\/p>\n<h6>TRATAMIENTO<\/h6>\n<p>Algo que los proveedores de atenci\u00f3n m\u00e9dica hacen por sus pacientes para controlar un problema de salud, disminuir sus s\u00edntomas o solucionarlo. Los tratamientos pueden incluir medicamentos, terapia, cirug\u00eda u otros enfoques.<\/p>\n<h6>TEMBLOR<\/h6>\n<p>Una sacudida r\u00edtmica de una extremidad, cabeza, boca, lengua u otra parte del cuerpo que es de naturaleza involuntaria.<\/p>\n\t\t\t<a href=\"#home\" target=\"_self\" rel=\"noopener\">\n\t\t\t\t\t\tVolver arriba\n\t\t\t\t\t<\/a>\n\t\t<h2>\n\t\t\ttu\n\t\t<\/h2>\n\t<h6>NEURONAS MOTORAS SUPERIORES<\/h6>\n<p>Las neuronas se originan en la corteza cerebral y viajan hasta el tronco del enc\u00e9falo o la m\u00e9dula espinal.<\/p>\n\t\t\t<a href=\"#home\" target=\"_self\" rel=\"noopener\">\n\t\t\t\t\t\tVolver arriba\n\t\t\t\t\t<\/a>\n\t\t<h2>\n\t\t\tV\n\t\t<\/h2>\n\t<h6>VACUNA<\/h6>\n<p>Preparaci\u00f3n biol\u00f3gica que proporciona inmunidad adquirida activa contra una enfermedad infecciosa o maligna particular.<\/p>\n<p>&nbsp;<\/p>\n\t\t\t<a href=\"#home\" target=\"_self\" rel=\"noopener\">\n\t\t\t\t\t\tVolver arriba\n\t\t\t\t\t<\/a>\n\t\t<h2>\n\t\t\tW\n\t\t<\/h2>\n\t\t\t<a href=\"#home\" target=\"_self\" rel=\"noopener\">\n\t\t\t\t\t\tVolver arriba\n\t\t\t\t\t<\/a>\n\t\t<h2>\n\t\t\tZ\n\t\t<\/h2>\n\t\t\t<a href=\"#home\" target=\"_self\" rel=\"noopener\">\n\t\t\t\t\t\tVolver arriba\n\t\t\t\t\t<\/a>","protected":false},"excerpt":{"rendered":"<p>A B C D E F G H I M N O P R S T U V W ZA ACTIVIDADES DE LA VIDA DIARIA (AVD) Se requieren habilidades de cuidado personal...<\/p>","protected":false},"author":47,"featured_media":0,"parent":1680,"menu_order":31,"comment_status":"closed","ping_status":"closed","template":"","meta":{"_acf_changed":false,"_monsterinsights_skip_tracking":false,"_monsterinsights_sitenote_active":false,"_monsterinsights_sitenote_note":"","_monsterinsights_sitenote_category":0,"footnotes":""},"class_list":["post-1698","page","type-page","status-publish","hentry"],"acf":[],"aioseo_notices":[],"_links":{"self":[{"href":"https:\/\/als-ny.blackbaudwp.com\/es\/wp-json\/wp\/v2\/pages\/1698","targetHints":{"allow":["GET"]}}],"collection":[{"href":"https:\/\/als-ny.blackbaudwp.com\/es\/wp-json\/wp\/v2\/pages"}],"about":[{"href":"https:\/\/als-ny.blackbaudwp.com\/es\/wp-json\/wp\/v2\/types\/page"}],"author":[{"embeddable":true,"href":"https:\/\/als-ny.blackbaudwp.com\/es\/wp-json\/wp\/v2\/users\/47"}],"replies":[{"embeddable":true,"href":"https:\/\/als-ny.blackbaudwp.com\/es\/wp-json\/wp\/v2\/comments?post=1698"}],"version-history":[{"count":9,"href":"https:\/\/als-ny.blackbaudwp.com\/es\/wp-json\/wp\/v2\/pages\/1698\/revisions"}],"predecessor-version":[{"id":5367,"href":"https:\/\/als-ny.blackbaudwp.com\/es\/wp-json\/wp\/v2\/pages\/1698\/revisions\/5367"}],"up":[{"embeddable":true,"href":"https:\/\/als-ny.blackbaudwp.com\/es\/wp-json\/wp\/v2\/pages\/1680"}],"wp:attachment":[{"href":"https:\/\/als-ny.blackbaudwp.com\/es\/wp-json\/wp\/v2\/media?parent=1698"}],"curies":[{"name":"wp","href":"https:\/\/api.w.org\/{rel}","templated":true}]}}