{"id":1699,"date":"2022-08-31T11:13:44","date_gmt":"2022-08-31T15:13:44","guid":{"rendered":"https:\/\/alsagoldenwest.blackbaudwp.com\/navigating-als\/newly-diagnosed\/"},"modified":"2024-12-05T16:56:57","modified_gmt":"2024-12-05T21:56:57","slug":"newly-diagnosed","status":"publish","type":"page","link":"https:\/\/als-ny.blackbaudwp.com\/es\/navigating-als\/newly-diagnosed\/","title":{"rendered":"reci\u00e9n diagnosticado"},"content":{"rendered":"<h4><strong>No estas solo.<\/strong><\/h4><p>Sabemos que el momento en que uno llega al diagn\u00f3stico puede ser dif\u00edcil y plantear muchas preguntas. \u00bfD\u00f3nde encuentra alguien informaci\u00f3n, c\u00f3mo elige a los proveedores m\u00e9dicos y d\u00f3nde puede obtener apoyo? Estamos aqu\u00ed para caminar junto a usted en este camino. Nuestro equipo de expertos tiene un profundo conocimiento de los recursos existentes y siempre tiene un o\u00eddo para escuchar y hombros en los que apoyarse.<\/p>\t\t\n\t\t<h3>Reg\u00edstrese en ALS United Greater New York<\/h3>\n\t\t\t\t\t<p>Nuestro equipo de coordinadores de servicios de atenci\u00f3n profesionales brinda asesoramiento y asistencia de expertos para las personas que viven con ALS, <strong><em>gratis<\/em><\/strong>. Nuestra oficina est\u00e1 abierta de lunes a viernes. Ll\u00e1menos al (212) 720-3044 y nos pondremos en contacto con usted.\u00a0<\/p>\t\t\t\t\n\t\t\t<a href=\"https:\/\/als-ny.blackbaudwp.com\/es\/navigating-als\/education-support\/\" target=\"_self\" rel=\"noopener\">\n\t\t<h3>M\u00e1s informaci\u00f3n sobre la ELA<\/h3>\n\t\t\t\t\t<p>Mire nuestra serie de videos educativos y seminarios web para obtener m\u00e1s informaci\u00f3n sobre la enfermedad, vivir con ELA y las opciones de tratamiento.<\/p>\t\t\t\t\n\t\t<\/a>\n\t\t\t<a href=\"http:\/\/wwwn.cdc.gov\/als\/?s_cid=als_001\" target=\"_blank\" rel=\"noopener\">\n\t\t<h3>Registrarse en el Registro Nacional de ELA<\/h3>\n\t\t\t\t\t<p>El Registro Nacional de ALS puede ser el proyecto de investigaci\u00f3n de ALS m\u00e1s grande jam\u00e1s creado y est\u00e1 dise\u00f1ado para identificar casos de ALS en todo Estados Unidos. Lo que es m\u00e1s importante, el Registro est\u00e1 recopilando informaci\u00f3n cr\u00edtica sobre la enfermedad que mejorar\u00e1 la atenci\u00f3n de las personas con ELA y nos ayudar\u00e1 a saber qu\u00e9 causa la enfermedad y c\u00f3mo se puede tratar.<\/p>\t\t\t\t\n\t\t<\/a>\n\t\t\t<a href=\"https:\/\/als-ny.blackbaudwp.com\/es\/navigating-als\/als-clinics-and-centers\/\" target=\"_self\" rel=\"noopener\">\n\t\t<h3>Encuentre un Centro o Cl\u00ednica Certificados<\/h3>\n\t\t\t\t\t<p>Colaboramos con algunos de los mejores m\u00e9dicos y cl\u00ednicas de ELA en los Estados Unidos para ayudar a garantizar que las personas que viven con ELA tengan acceso a atenci\u00f3n especializada, basada en las mejores pr\u00e1cticas. Las cl\u00ednicas y centros regionales de ELA brindan atenci\u00f3n compasiva en un ambiente de apoyo y orientado a la familia.<\/p>\n\t\t<\/a>\n\t\t\t<a href=\"https:\/\/als-ny.blackbaudwp.com\/es\/navigating-als\/calendar-copy\/\" target=\"_self\" rel=\"noopener\">\n\t\t<h3>\u00danase a un grupo de apoyo<\/h3>\n\t\t\t\t\tLos grupos de apoyo brindan oportunidades para que las personas que viven con ALS y sus seres queridos compartan sus experiencias personales y aprendan m\u00e1s sobre las estrategias para preservar la independencia y maximizar la calidad de vida.\t\t\t\t\n\t\t<\/a>\n\t\t<h3>\n\t\t\tRecursos adicionales\n\t\t<\/h3>\n\t\t\t<a href=\"https:\/\/als-ny.blackbaudwp.com\/es\/navigating-als\/equipment-loan-program\/\" target=\"_self\" rel=\"noopener\">\n\t\t\t\t\t\tPrograma de Pr\u00e9stamo de Equipos\n\t\t\t\t\t<\/a>\n\t\t\t<a href=\"https:\/\/als-ny.blackbaudwp.com\/es\/navigating-als\/veterans\/\" target=\"_self\" rel=\"noopener\">\n\t\t\t\t\t\tAsuntos y beneficios de los veteranos\n\t\t\t\t\t<\/a>","protected":false},"excerpt":{"rendered":"<p>Usted no est\u00e1 solo. Sabemos que el momento en que uno llega al diagn\u00f3stico puede ser dif\u00edcil y plantear muchas preguntas. \u00bfD\u00f3nde encuentra alguien informaci\u00f3n, c\u00f3mo elige\u2026?<\/p>","protected":false},"author":47,"featured_media":0,"parent":1681,"menu_order":32,"comment_status":"closed","ping_status":"closed","template":"","meta":{"_acf_changed":false,"_monsterinsights_skip_tracking":false,"_monsterinsights_sitenote_active":false,"_monsterinsights_sitenote_note":"","_monsterinsights_sitenote_category":0,"footnotes":""},"class_list":["post-1699","page","type-page","status-publish","hentry"],"acf":[],"aioseo_notices":[],"_links":{"self":[{"href":"https:\/\/als-ny.blackbaudwp.com\/es\/wp-json\/wp\/v2\/pages\/1699","targetHints":{"allow":["GET"]}}],"collection":[{"href":"https:\/\/als-ny.blackbaudwp.com\/es\/wp-json\/wp\/v2\/pages"}],"about":[{"href":"https:\/\/als-ny.blackbaudwp.com\/es\/wp-json\/wp\/v2\/types\/page"}],"author":[{"embeddable":true,"href":"https:\/\/als-ny.blackbaudwp.com\/es\/wp-json\/wp\/v2\/users\/47"}],"replies":[{"embeddable":true,"href":"https:\/\/als-ny.blackbaudwp.com\/es\/wp-json\/wp\/v2\/comments?post=1699"}],"version-history":[{"count":10,"href":"https:\/\/als-ny.blackbaudwp.com\/es\/wp-json\/wp\/v2\/pages\/1699\/revisions"}],"predecessor-version":[{"id":6364,"href":"https:\/\/als-ny.blackbaudwp.com\/es\/wp-json\/wp\/v2\/pages\/1699\/revisions\/6364"}],"up":[{"embeddable":true,"href":"https:\/\/als-ny.blackbaudwp.com\/es\/wp-json\/wp\/v2\/pages\/1681"}],"wp:attachment":[{"href":"https:\/\/als-ny.blackbaudwp.com\/es\/wp-json\/wp\/v2\/media?parent=1699"}],"curies":[{"name":"wp","href":"https:\/\/api.w.org\/{rel}","templated":true}]}}