{"id":1700,"date":"2022-08-31T11:13:44","date_gmt":"2022-08-31T15:13:44","guid":{"rendered":"https:\/\/alsagoldenwest.blackbaudwp.com\/navigating-als\/our-care-services\/"},"modified":"2025-11-10T15:32:05","modified_gmt":"2025-11-10T20:32:05","slug":"our-care-services","status":"publish","type":"page","link":"https:\/\/als-ny.blackbaudwp.com\/es\/navigating-als\/our-care-services\/","title":{"rendered":"Nuestros servicios de atenci\u00f3n"},"content":{"rendered":"<p>ALS United Greater New York se compromete a mejorar la calidad de vida de quienes viven con ELA a trav\u00e9s de los programas que ofrecemos a personas y familias afectadas por ELA. Entendemos el valor de la comunicaci\u00f3n para quienes viven con la enfermedad, la capacidad de funcionar de manera segura en su hogar y viajar a las cl\u00ednicas de ELA para una evaluaci\u00f3n y tratamiento integrales. Nuestros programas est\u00e1n dise\u00f1ados para satisfacer estos elementos esenciales, as\u00ed como las necesidades emocionales de todos aquellos en nuestra comunidad de ALS.<\/p>\t\t\n\t\t<h3>\n\t\t\tNuestra atenci\u00f3n gratuita basada en la comunidad proporciona:\n\t\t<\/h3>\n\t\t\t\t\t\t\t\t\t<img decoding=\"async\" src=\"https:\/\/als-ny.blackbaudwp.com\/wp-content\/uploads\/bb-plugin\/cache\/Support-TLC-12-landscape.png\" alt=\"Support TLC (12)\" itemprop=\"image\" height=\"788\" width=\"940\" title=\"Apoyo TLC (12)\" onerror=\"this.style.display='none'\"  \/>\n\t\t<h4>\n\t\t\tGrupos de apoyo\n\t\t<\/h4>\n\t\t\t<p>Nuestros grupos de apoyo est\u00e1n dise\u00f1ados para satisfacer las necesidades especiales de la comunidad de ALS. Ofrecemos grupos para las personas que viven con ALS, as\u00ed como para los cuidadores. Actualmente, todos los grupos de apoyo se ofrecen en una plataforma virtual.<\/p>\t\t\n\t\t\t<a href=\"https:\/\/als-ny.blackbaudwp.com\/es\/navigating-als\/support-groups\/\" target=\"_self\">\n\t\t\t\t\t\t\tEncuentra un grupo\n\t\t\t<\/a>\n\t\t\t\t\t\t\t\t\t<img decoding=\"async\" src=\"https:\/\/als-ny.blackbaudwp.com\/wp-content\/uploads\/bb-plugin\/cache\/caregiver-support-landscape.png\" alt=\"Caregiver Support\" itemprop=\"image\" height=\"1080\" width=\"1080\" title=\"Apoyo al cuidador\" onerror=\"this.style.display='none'\"  \/>\n\t\t<h4>\n\t\t\tApoyo al cuidador\n\t\t<\/h4>\n\t\t\t<p>Brindamos grupos de apoyo, orientaci\u00f3n y referencias centrados en el cuidador familiar.\u00a0<\/p>\t\t\n\t\t\t<a href=\"https:\/\/als-ny.blackbaudwp.com\/es\/navigating-als\/support-for-caregivers\/\" target=\"_self\">\n\t\t\t\t\t\t\tAprende m\u00e1s\n\t\t\t<\/a>\n\t\t\t\t\t\t\t\t\t<img decoding=\"async\" src=\"https:\/\/als-ny.blackbaudwp.com\/wp-content\/uploads\/bb-plugin\/cache\/Mental-Health-Program-landscape.png\" alt=\"Mental Health Program\" itemprop=\"image\" height=\"1080\" width=\"1080\" title=\"Programa de Salud Mental\" onerror=\"this.style.display='none'\"  \/>\n\t\t<h4>\n\t\t\tNuevo programa de salud mental y bienestar de Tom y Jill Pulley \n\t\t<\/h4>\n\t\t\t<p>ALS United Greater New York se enorgullece de anunciar el lanzamiento del Programa de Salud Mental y Bienestar Tom &amp; Jill Pulley, una nueva iniciativa destinada a mejorar los servicios de salud mental y ampliar el acceso a la tecnolog\u00eda de asistencia para las personas que viven con ELA en el \u00e1rea metropolitana de Nueva York.<\/p>\t\t\n\t\t\t<a href=\"https:\/\/als-ny.blackbaudwp.com\/es\/tom-jill-pulley-mental-health-and-wellness-program\/\" target=\"_self\">\n\t\t\t\t\t\t\tAprende m\u00e1s\n\t\t\t<\/a>\n\t\t\t\t\t\t\t\t\t<img decoding=\"async\" src=\"https:\/\/als-ny.blackbaudwp.com\/wp-content\/uploads\/bb-plugin\/cache\/chair-1-landscape.png\" alt=\"Chair\" itemprop=\"image\" height=\"807\" width=\"1080\" title=\"Silla\" onerror=\"this.style.display='none'\"  \/>\n\t\t<h4>\n\t\t\tPrograma de Pr\u00e9stamo de Equipos\n\t\t<\/h4>\n\t\t\t<p>Nuestro armario de pr\u00e9stamos ofrece una variedad de equipos para las familias con ALS, incluidos equipos m\u00e9dicos, tecnolog\u00eda de asistencia y herramientas de control ambiental.<\/p>\t\t\n\t\t\t<a href=\"https:\/\/als-ny.blackbaudwp.com\/es\/navigating-als\/equipment-loan-program\/\" target=\"_self\">\n\t\t\t\t\t\t\tAprende m\u00e1s\n\t\t\t<\/a>\n\t\t\t\t\t\t\t\t\t<img decoding=\"async\" src=\"https:\/\/als-ny.blackbaudwp.com\/wp-content\/uploads\/bb-plugin\/cache\/Columbia-2-landscape.png\" alt=\"Columbia (2)\" itemprop=\"image\" height=\"1080\" width=\"1080\" title=\"Colombia (2)\" onerror=\"this.style.display='none'\"  \/>\n\t\t<h4>\n\t\t\tCl\u00ednicas multidisciplinarias de ELA\n\t\t<\/h4>\n\t\t\t<p>Nuestras cl\u00ednicas multidisciplinarias (colaborativas) ofrecen un programa coordinado de tratamiento m\u00e9dico, t\u00e9cnicas de rehabilitaci\u00f3n y apoyo psicol\u00f3gico en un ambiente c\u00e1lido y compasivo. Evaluaciones integrales, pruebas diagn\u00f3sticas y de seguimiento, educaci\u00f3n y tratamiento se individualizan para cada paciente.\u00a0<\/p>\t\t\n\t\t\t<a href=\"https:\/\/als-ny.blackbaudwp.com\/es\/navigating-als\/als-clinics-and-centers\/\" target=\"_self\">\n\t\t\t\t\t\t\tAprende m\u00e1s\n\t\t\t<\/a>\n\t\t\t\t\t\t\t\t\t<img decoding=\"async\" src=\"https:\/\/als-ny.blackbaudwp.com\/wp-content\/uploads\/bb-plugin\/cache\/ramp-1-landscape.png\" alt=\"Ramp (1)\" itemprop=\"image\" height=\"773\" width=\"1076\" title=\"rampa (1)\" onerror=\"this.style.display='none'\"  \/>\n\t\t<h4>\n\t\t\tPrograma de subvenciones para pacientes y familias\n\t\t<\/h4>\n\t\t\t<p>ALS United Greater New York comprende la carga financiera que puede causar un diagn\u00f3stico de ELA y nos complace poder ofrecer una cantidad limitada de subvenciones financieras para pacientes diagnosticados con ELA que est\u00e1n registrados con nosotros y cuya residencia principal se encuentra dentro de nuestra regi\u00f3n.\u00a0<\/p>\t\t\n\t\t\t<a href=\"https:\/\/als-ny.blackbaudwp.com\/es\/navigating-als\/patient-grant-program\/\" target=\"_self\">\n\t\t\t\t\t\t\tAprende m\u00e1s\n\t\t\t<\/a>\n\t\t\t\t\t\t\t\t\t<img decoding=\"async\" src=\"https:\/\/als-ny.blackbaudwp.com\/wp-content\/uploads\/bb-plugin\/cache\/transportation-square.png\" alt=\"Transportation\" itemprop=\"image\" height=\"1080\" width=\"1080\" title=\"Transportaci\u00f3n\" onerror=\"this.style.display='none'\"  \/>\n\t\t<h4>\n\t\t\tTransportaci\u00f3n\n\t\t<\/h4>\n\t\t\t<p>El transporte a una de nuestras cl\u00ednicas colaborativas se proporcionar\u00e1 de forma gratuita a trav\u00e9s del Programa de Transporte de Harold y Ruth Lopatin.<\/p>\t\t\n\t\t\t<a href=\"https:\/\/als-ny.blackbaudwp.com\/es\/navigating-als\/transportation-program\/\" target=\"_self\">\n\t\t\t\t\t\t\tAprende m\u00e1s\n\t\t\t<\/a>\n\t\t\t\t\t\t\t\t\t<img decoding=\"async\" src=\"https:\/\/als-ny.blackbaudwp.com\/wp-content\/uploads\/bb-plugin\/cache\/ALSU-TLC-1-1-square.png\" alt=\"Talk. Learn. Connect. ALS Series\" itemprop=\"image\" height=\"1316\" width=\"1500\" title=\"Hablar. Aprender. Conectar. Serie ELA\" onerror=\"this.style.display='none'\"  \/>\n\t\t<h4>\n\t\t\tHablar. Aprender. Conectar.\n\t\t<\/h4>\n\t\t\t<p><strong>TLC: Hablar. Aprender. Conectar.<\/strong> La serie ofrece una variedad de oradores y temas de discusi\u00f3n para aumentar su conocimiento sobre los recursos comunitarios y las estrategias efectivas para vivir con la enfermedad.<\/p>\t\t\n\t\t\t<a href=\"https:\/\/als-ny.blackbaudwp.com\/es\/navigating-als\/calendar-copy\/\" target=\"_self\">\n\t\t\t\t\t\t\tAprende m\u00e1s\n\t\t\t<\/a>\n\t\t\t\t\t\t\t\t\t<img decoding=\"async\" src=\"https:\/\/als-ny.blackbaudwp.com\/wp-content\/uploads\/2025\/11\/home-assessment.png\" alt=\"Home Assessment\" itemprop=\"image\" height=\"1080\" width=\"1080\" srcset=\"https:\/\/als-ny.blackbaudwp.com\/wp-content\/uploads\/2025\/11\/home-assessment.png 1080w, https:\/\/als-ny.blackbaudwp.com\/wp-content\/uploads\/2025\/11\/home-assessment-150x150.png 150w, https:\/\/als-ny.blackbaudwp.com\/wp-content\/uploads\/2025\/11\/home-assessment-768x768.png 768w, https:\/\/als-ny.blackbaudwp.com\/wp-content\/uploads\/2025\/11\/home-assessment-760x760.png 760w\" sizes=\"(max-width: 1080px) 100vw, 1080px\" title=\"Evaluaci\u00f3n del hogar\" onerror=\"this.style.display='none'\"  \/>\n\t\t<h4>\n\t\t\tEvaluaciones del hogar\n\t\t<\/h4>\n\t\t\t<p>Nuestro especialista en tecnolog\u00eda de asistencia puede hablar sobre opciones de accesibilidad para que pueda permanecer en su hogar con mayor facilidad. Son conversaciones complejas, pero con un personal atento y capacitado, podemos brindarle informaci\u00f3n sobre diversas soluciones posibles.<\/p>\t\t\n\t\t<h3>\n\t\t\t\u00a1Solo podemos ofrecer servicios gratuitos con la ayuda de donantes y recaudadores de fondos como usted!\n\t\t<\/h3>\n\t\t\t<a href=\"https:\/\/secure.als-ny.org\/site\/Donation2?df_id=1500&#038;mfc_pref=T&#038;1500.donation=form1\" target=\"_blank\" rel=\"noopener\">\n\t\t\t\t\t\t\tDonar\n\t\t\t\t\t<\/a>\n\t\t\t<a href=\"https:\/\/als-ny.blackbaudwp.com\/es\/get-involved\/create-a-fundraiser\/\" target=\"_self\">\n\t\t\t\t\t\t\trecaudar fondos\n\t\t\t\t\t<\/a>","protected":false},"excerpt":{"rendered":"<p>ALS United Greater New York se compromete a mejorar la calidad de vida de quienes viven con ELA a trav\u00e9s de los programas que ofrecemos a personas y familias afectadas por ELA.\u2026<\/p>","protected":false},"author":47,"featured_media":0,"parent":1681,"menu_order":33,"comment_status":"closed","ping_status":"closed","template":"","meta":{"_acf_changed":false,"_monsterinsights_skip_tracking":false,"_monsterinsights_sitenote_active":false,"_monsterinsights_sitenote_note":"","_monsterinsights_sitenote_category":0,"footnotes":""},"class_list":["post-1700","page","type-page","status-publish","hentry"],"acf":[],"aioseo_notices":[],"_links":{"self":[{"href":"https:\/\/als-ny.blackbaudwp.com\/es\/wp-json\/wp\/v2\/pages\/1700","targetHints":{"allow":["GET"]}}],"collection":[{"href":"https:\/\/als-ny.blackbaudwp.com\/es\/wp-json\/wp\/v2\/pages"}],"about":[{"href":"https:\/\/als-ny.blackbaudwp.com\/es\/wp-json\/wp\/v2\/types\/page"}],"author":[{"embeddable":true,"href":"https:\/\/als-ny.blackbaudwp.com\/es\/wp-json\/wp\/v2\/users\/47"}],"replies":[{"embeddable":true,"href":"https:\/\/als-ny.blackbaudwp.com\/es\/wp-json\/wp\/v2\/comments?post=1700"}],"version-history":[{"count":10,"href":"https:\/\/als-ny.blackbaudwp.com\/es\/wp-json\/wp\/v2\/pages\/1700\/revisions"}],"predecessor-version":[{"id":7384,"href":"https:\/\/als-ny.blackbaudwp.com\/es\/wp-json\/wp\/v2\/pages\/1700\/revisions\/7384"}],"up":[{"embeddable":true,"href":"https:\/\/als-ny.blackbaudwp.com\/es\/wp-json\/wp\/v2\/pages\/1681"}],"wp:attachment":[{"href":"https:\/\/als-ny.blackbaudwp.com\/es\/wp-json\/wp\/v2\/media?parent=1700"}],"curies":[{"name":"wp","href":"https:\/\/api.w.org\/{rel}","templated":true}]}}