{"id":1701,"date":"2022-08-31T11:13:44","date_gmt":"2022-08-31T15:13:44","guid":{"rendered":"https:\/\/alsagoldenwest.blackbaudwp.com\/navigating-als\/als-clinics-and-centers\/"},"modified":"2025-11-20T15:52:28","modified_gmt":"2025-11-20T20:52:28","slug":"als-clinics-and-centers","status":"publish","type":"page","link":"https:\/\/als-ny.blackbaudwp.com\/es\/navigating-als\/als-clinics-and-centers\/","title":{"rendered":"Cl\u00ednicas y centros de ELA"},"content":{"rendered":"<p>ALS United Greater New York colabora con algunos de los mejores m\u00e9dicos y cl\u00ednicas de ELA en los Estados Unidos para ayudar a garantizar que las personas que viven con ELA tengan acceso a atenci\u00f3n especializada, basada en las mejores pr\u00e1cticas. Estas cl\u00ednicas y centros de ELA brindan atenci\u00f3n compasiva en un ambiente de apoyo y orientado a la familia.<\/p>\t\t\n\t<p>Nuestro modelo de atenci\u00f3n multidisciplinario re\u00fane a un equipo de profesionales de la salud especialmente capacitados para atender las necesidades de las personas con ELA, lo que les permite recibir atenci\u00f3n de cada disciplina en una sola consulta. El equipo de atenci\u00f3n suele estar compuesto por un neur\u00f3logo, un fisioterapeuta, un terapeuta ocupacional, un terapeuta respiratorio, un enfermero, un dietista, un logopeda, un trabajador social, un profesional de la salud mental y un enlace de ALS United Greater New York.<\/p>\n<p>ALS United Greater New York garantiza transporte de ida y vuelta inclusivo y accesible a citas en cl\u00ednicas multidisciplinarias. Leer m\u00e1s. <a href=\"https:\/\/als-ny.blackbaudwp.com\/es\/navigating-als\/transportation-program\/\">aqu\u00ed.\u00a0<\/a><\/p>\n\t\t<h3>\n\t\t\tCentros y Cl\u00ednicas:\n\t\t<\/h3>\n\t\t\t<p><a href=\"https:\/\/www.alscenter.cuimc.columbia.edu\/\">Centro de ELA Eleanor y Lou Gehrig, Universidad de Columbia<\/a>, 710 West 168th Street, 3.er piso, Nueva York, NY 10032<a href=\"https:\/\/www.hss.edu\/neurology-als-program.asp\">Hospital de Cirug\u00eda Especial<\/a>, Nueva York, NY \u2013 ALS 525 East 71st Street, 5.\u00ba piso, Nueva York, NY 10021 Hospital for Special Surgery, White Plains, NY - (Cl\u00ednica White Plains - Sat\u00e9lite) 1133 Westchester Avenue, White Plains, NY 10605, (914) 821-9100<a href=\"https:\/\/www.va.gov\/bronx-health-care\/locations\/james-j-peters-department-of-veterans-affairs-medical-center\/\">Centro m\u00e9dico James J. Peters Bronx VA<\/a>, Bronx, NY \u2013 130 W Kingsbridge Rd, Bronx, NY 10468, Ernest Acheampong, RN, Coordinador de la cl\u00ednica, <a href=\"mailto:Ernest.acheampong@va.gov\">Ernest.acheampong@va.gov<\/a>, (718) 584-9000. Obtenga m\u00e1s informaci\u00f3n sobre la atenci\u00f3n de ELA en el Departamento de Asuntos de Veteranos (VA) haciendo clic en <a href=\"https:\/\/www.va.gov\/health\/als.asp\">aqu\u00ed\u00a0<\/a>.<a href=\"https:\/\/www.mountsinai.org\/care\/neurology\/services\/neuromuscular-disease\/conditions\/als\">Centro de Mount Sinai en Union Square<\/a>, Nueva York, NY- 10 Union Square East, (Bet. Calles 14 y 15),<br \/>Nueva York, NY, 10003, Justice-Keith Little, Coordinador de atenci\u00f3n, <a href=\"mailto:Chelsea.correa@mountsinai.org\">keith.little@mountsinai.org<\/a>, (212) 844-6188<a href=\"https:\/\/umg.rwjms.rutgers.edu\/departments\/neurology\/downloads\/Neuromuscular%20&amp;%20ALS%20Center%20brochure_FINAL_spreads_med%20res.pdf\">Escuela de Medicina Rutgers Robert Wood Johnson<\/a>, New Brunswick, Nueva Jersey \u2013 125 Paterson Street, New Brunswick, Nueva Jersey, 08901, Mary Ann Mertz, RN, coordinadora de enfermer\u00eda, <a href=\"mailto:mertzml@rutgers.edu\">mertzml@rutgers.edu<\/a>, (732) 235-7331<a href=\"https:\/\/neuro.stonybrookmedicine.edu\/centers\/als\">Centro de excelencia Christopher Pendergast ALS en el Hospital Universitario Stony Brook<\/a>, NY- 181 N. Belle Mead Rd, E. Setauket, NY 11733, Theresa Imperato, coordinadora de enfermer\u00eda RN, <a href=\"mailto:imperato@als-ny.org\">imperato@als-ny.org<\/a><a href=\"https:\/\/www.hackensackmeridianhealth.org\/en\/locations\/humc-als-program#\">Centro ALS en el Centro M\u00e9dico de la Universidad de Hackensack,<\/a> Paramus, NJ NY- Programa de la Asociaci\u00f3n de ELA, 650 From Rd. # 506, Paramus, NJ 07652. Comun\u00edquese con Josette Alquitran en josette.alquitran@hmhn.org o al (551) 996-4139<a href=\"https:\/\/www.northwell.edu\/neurosciences\/our-centers\/neuromuscular-center\">salud del norte,<\/a> Great Neck, NY- Programa de la Asociaci\u00f3n de ELA, 611 Northern Boulevard, Great Neck, NY 11021, Kshiti Patel, RN, Coordinadora de la Cl\u00ednica, kpatel@northwell.edu, (516) 325-7000<\/p>","protected":false},"excerpt":{"rendered":"<p>ALS United Greater New York colabora con algunos de los mejores m\u00e9dicos y cl\u00ednicas de ELA en los Estados Unidos para ayudar a garantizar que las personas que viven con ELA tengan acceso a...<\/p>","protected":false},"author":47,"featured_media":0,"parent":1681,"menu_order":34,"comment_status":"closed","ping_status":"closed","template":"","meta":{"_acf_changed":false,"_monsterinsights_skip_tracking":false,"_monsterinsights_sitenote_active":false,"_monsterinsights_sitenote_note":"","_monsterinsights_sitenote_category":0,"footnotes":""},"class_list":["post-1701","page","type-page","status-publish","hentry"],"acf":[],"aioseo_notices":[],"_links":{"self":[{"href":"https:\/\/als-ny.blackbaudwp.com\/es\/wp-json\/wp\/v2\/pages\/1701","targetHints":{"allow":["GET"]}}],"collection":[{"href":"https:\/\/als-ny.blackbaudwp.com\/es\/wp-json\/wp\/v2\/pages"}],"about":[{"href":"https:\/\/als-ny.blackbaudwp.com\/es\/wp-json\/wp\/v2\/types\/page"}],"author":[{"embeddable":true,"href":"https:\/\/als-ny.blackbaudwp.com\/es\/wp-json\/wp\/v2\/users\/47"}],"replies":[{"embeddable":true,"href":"https:\/\/als-ny.blackbaudwp.com\/es\/wp-json\/wp\/v2\/comments?post=1701"}],"version-history":[{"count":10,"href":"https:\/\/als-ny.blackbaudwp.com\/es\/wp-json\/wp\/v2\/pages\/1701\/revisions"}],"predecessor-version":[{"id":7512,"href":"https:\/\/als-ny.blackbaudwp.com\/es\/wp-json\/wp\/v2\/pages\/1701\/revisions\/7512"}],"up":[{"embeddable":true,"href":"https:\/\/als-ny.blackbaudwp.com\/es\/wp-json\/wp\/v2\/pages\/1681"}],"wp:attachment":[{"href":"https:\/\/als-ny.blackbaudwp.com\/es\/wp-json\/wp\/v2\/media?parent=1701"}],"curies":[{"name":"wp","href":"https:\/\/api.w.org\/{rel}","templated":true}]}}