{"id":1706,"date":"2022-08-31T11:13:44","date_gmt":"2022-08-31T15:13:44","guid":{"rendered":"https:\/\/alsagoldenwest.blackbaudwp.com\/navigating-als\/support-for-families\/"},"modified":"2024-04-09T16:23:47","modified_gmt":"2024-04-09T20:23:47","slug":"patient-grant-program","status":"publish","type":"page","link":"https:\/\/als-ny.blackbaudwp.com\/es\/navigating-als\/patient-grant-program\/","title":{"rendered":"Programa de subvenciones para pacientes"},"content":{"rendered":"<p>ALS United Greater New York comprende la carga financiera que puede causar un diagn\u00f3stico de ELA y nos complace poder ofrecer una cantidad limitada de subvenciones financieras para pacientes diagnosticados con ELA que est\u00e1n registrados con nosotros y cuya residencia principal se encuentra dentro del \u00e1rea de servicio. del Gran Nueva York.\u00a0<\/p>\t\t\n\t<p><strong>CRITERIO DE ELEGIBILIDAD<\/strong><\/p>\n<p>Los solicitantes de subvenciones Y los beneficiarios DEBEN estar registrados con nosotros para ser aprobados. Las familias son elegibles para UNA subvenci\u00f3n por a\u00f1o calendario.<\/p>\n<p>Todas las solicitudes est\u00e1n sujetas a la disponibilidad de fondos en el momento de la presentaci\u00f3n. Solo se considerar\u00e1n los gastos que no est\u00e9n cubiertos por un seguro u otras fuentes.<\/p>\n<p><strong>GASTOS ELEGIBLES<\/strong><\/p>\n<ul>\n<li>Relevo\/Cuidado de la Salud en el Hogar<\/li>\n<li>Copagos de recetas<\/li>\n<li>Equipo m\u00e9dico duradero<\/li>\n<\/ul>\n<p><strong>PROCESO DE SOLICITUD<\/strong><\/p>\n<p>Este es un programa de subvenciones de reembolso. En casos limitados con aprobaci\u00f3n previa, el pago puede hacerse directamente a un proveedor. En el caso de pago directo al proveedor, se debe incluir una factura con el precio exacto.<\/p>\n<p>Las ayudas se distribuir\u00e1n en dos periodos anuales:<\/p>\n<ul>\n<li>Fecha l\u00edmite del 15 de julio con recibos fechados entre el 16 de enero y el 15 de julio<\/li>\n<li>Fecha l\u00edmite del 15 de enero con recibos fechados entre el 16 de julio y el 15 de enero<\/li>\n<\/ul>\n<p>Para solicitar una subvenci\u00f3n, se debe presentar el formulario de Solicitud de fondos completo y, si corresponde, el Registro del proveedor de cuidado de relevo, junto con las copias de los recibos correspondientes.<\/p>\n<p>Todos los solicitantes deben consultar con su coordinador de atenci\u00f3n antes de enviar una solicitud de subvenci\u00f3n; sin embargo, si tiene alguna pregunta sobre cualquiera de los materiales o requisitos, comun\u00edquese con:<\/p>\nAng\u00e9lica Veras Rivera<br \/>\nCoordinador Administrativo de Servicios de Atenci\u00f3n<br \/>\naverasrivera@als-ny.org o (212) 720-3059.","protected":false},"excerpt":{"rendered":"<p>ALS United Greater New York comprende la carga financiera que puede causar un diagn\u00f3stico de ELA y nos complace poder ofrecer un n\u00famero limitado de servicios financieros...<\/p>","protected":false},"author":47,"featured_media":0,"parent":1681,"menu_order":39,"comment_status":"closed","ping_status":"closed","template":"","meta":{"_acf_changed":false,"_monsterinsights_skip_tracking":false,"_monsterinsights_sitenote_active":false,"_monsterinsights_sitenote_note":"","_monsterinsights_sitenote_category":0,"footnotes":""},"class_list":["post-1706","page","type-page","status-publish","hentry"],"acf":[],"aioseo_notices":[],"_links":{"self":[{"href":"https:\/\/als-ny.blackbaudwp.com\/es\/wp-json\/wp\/v2\/pages\/1706","targetHints":{"allow":["GET"]}}],"collection":[{"href":"https:\/\/als-ny.blackbaudwp.com\/es\/wp-json\/wp\/v2\/pages"}],"about":[{"href":"https:\/\/als-ny.blackbaudwp.com\/es\/wp-json\/wp\/v2\/types\/page"}],"author":[{"embeddable":true,"href":"https:\/\/als-ny.blackbaudwp.com\/es\/wp-json\/wp\/v2\/users\/47"}],"replies":[{"embeddable":true,"href":"https:\/\/als-ny.blackbaudwp.com\/es\/wp-json\/wp\/v2\/comments?post=1706"}],"version-history":[{"count":11,"href":"https:\/\/als-ny.blackbaudwp.com\/es\/wp-json\/wp\/v2\/pages\/1706\/revisions"}],"predecessor-version":[{"id":5347,"href":"https:\/\/als-ny.blackbaudwp.com\/es\/wp-json\/wp\/v2\/pages\/1706\/revisions\/5347"}],"up":[{"embeddable":true,"href":"https:\/\/als-ny.blackbaudwp.com\/es\/wp-json\/wp\/v2\/pages\/1681"}],"wp:attachment":[{"href":"https:\/\/als-ny.blackbaudwp.com\/es\/wp-json\/wp\/v2\/media?parent=1706"}],"curies":[{"name":"wp","href":"https:\/\/api.w.org\/{rel}","templated":true}]}}