{"id":1708,"date":"2022-08-31T11:13:44","date_gmt":"2022-08-31T15:13:44","guid":{"rendered":"https:\/\/alsagoldenwest.blackbaudwp.com\/navigating-als\/esri-maps\/"},"modified":"2024-04-10T13:20:28","modified_gmt":"2024-04-10T17:20:28","slug":"veterans","status":"publish","type":"page","link":"https:\/\/als-ny.blackbaudwp.com\/es\/navigating-als\/veterans\/","title":{"rendered":"Asuntos y Beneficios de los Veteranos"},"content":{"rendered":"<p>Los veteranos militares, independientemente de la rama de servicio, la \u00e9poca en la que sirvieron o si sirvieron durante un tiempo de paz o de guerra, tienen un mayor riesgo de ser diagnosticados con ELA que si no hubieran servido en el ej\u00e9rcito. El Departamento de Asuntos de Veteranos (VA) de EE. UU. ha reconocido la ELA como una enfermedad relacionada con el servicio, lo que significa que VA brinda apoyo financiero y m\u00e9dico a los veteranos que han completado al menos 90 d\u00edas continuos de servicio activo y han sido dados de baja con honores. Si califica para estos beneficios, pueden brindarle una asistencia significativa para obtener atenci\u00f3n m\u00e9dica, dispositivos de asistencia y apoyo financiero.<\/p>\t\t\n\t<p><strong>ELA en las Fuerzas Armadas<\/strong><\/p>\n<p>La evidencia existente respalda la conclusi\u00f3n de que las personas que han servido en el ej\u00e9rcito tienen un mayor riesgo de ser diagnosticados con ELA y morir a causa de la enfermedad que aquellos sin antecedentes de servicio militar.<\/p>\n<p>Como se describe en el art\u00edculo a continuaci\u00f3n, estudio tras estudio contin\u00faa demostrando que esto es cierto: si sirve en el ej\u00e9rcito, independientemente de la rama del servicio, independientemente de si sirvi\u00f3 en la Guerra del Golfo P\u00e9rsico, Vietnam, Corea o la Guerra Mundial II, e independientemente de si sirvi\u00f3 durante un tiempo de paz o de guerra, tiene un mayor riesgo de morir de ELA que si no hubiera servido en el ej\u00e9rcito.<\/p>\n<p>Hoy nos hacemos estas preguntas:<\/p>\n<ul>\n<li>\u00bfPor qu\u00e9 existe un mayor riesgo de ELA con el servicio militar?<\/li>\n<li>\u00bfQu\u00e9 vamos a hacer nosotros, como naci\u00f3n, al respecto?<\/li>\n<\/ul>\n<p>Nuestro objetivo es que este documento genere conciencia sobre el importante trabajo que se ha realizado hasta ahora para descubrir la relaci\u00f3n entre ALS y el servicio militar. En este esfuerzo, esperamos inculcar al Congreso, la Administraci\u00f3n y el p\u00fablico estadounidense la gravedad de este problema y la necesidad de actuar ahora.<\/p>\n\t\t\t\tC\u00f3mo solicitar beneficios\n\t\t\t\t<p>Aunque se presume que un diagn\u00f3stico de ALS est\u00e1 relacionado con el servicio, el veterano a\u00fan debe solicitar los beneficios e inscribirse en el sistema de atenci\u00f3n m\u00e9dica de VA. Es importante que esto se haga lo antes posible despu\u00e9s del diagn\u00f3stico, ya que los beneficios, incluida la compensaci\u00f3n, son retroactivos a la fecha de solicitud para los nuevos solicitantes.\u00a0<\/p>\n<p>Cuando solicite beneficios de atenci\u00f3n m\u00e9dica de VA o relacionados con el servicio, lo alentamos a que se comunique con una organizaci\u00f3n de servicios para veteranos (VSO) como Paralyzed Veterans of America (PVA). Su coordinador de atenci\u00f3n puede ayudarlo con este proceso. PVA ayudar\u00e1 a garantizar que la informaci\u00f3n y los formularios requeridos se completen y env\u00eden correctamente para que su reclamo pueda procesarse lo m\u00e1s r\u00e1pido posible. Tambi\u00e9n est\u00e1n actualizados sobre los \u00faltimos requisitos y beneficios disponibles y pueden ayudarlo a guiarlo a trav\u00e9s del proceso de solicitud.<\/p>\n<p>Para obtener m\u00e1s informaci\u00f3n sobre los beneficios de atenci\u00f3n domiciliaria para veteranos, consulte esta informaci\u00f3n:<\/p>\n<ul>\n<li><a href=\"https:\/\/www.va.gov\/health-care\/how-to-apply\/\" target=\"_blank\" rel=\"noopener\">Formulario de atenci\u00f3n m\u00e9dica<\/a><\/li>\n<\/ul>\n\t\t\t\tApoyo a la Vivienda\n\t\t\t\t<p>A medida que avanza la enfermedad, las modificaciones en el hogar pueden ser importantes para mantener una vida independiente y aliviar la carga de brindar cuidados; por ejemplo, es posible que deba adaptar su hogar para que sea accesible para sillas de ruedas. los VA\u00a0<a href=\"https:\/\/www.benefits.va.gov\/BENEFITS\/factsheets\/homeloans\/SAHFactsheet.pdf\" target=\"_blank\" rel=\"noopener\">Viviendas Especialmente Adaptadas (SAH)<\/a> Las subvenciones est\u00e1n disponibles para los veteranos que viven con ALS y pueden ayudar a facilitar las modificaciones o compras de viviendas.<\/p>\n\t\t\t\tSoporte de autom\u00f3vil\n\t\t\t\t<p>Tener una camioneta accesible para sillas de ruedas hace que llegar y regresar de las citas y otras salidas sea m\u00e1s f\u00e1cil para todos. El autom\u00f3vil de VA <a href=\"https:\/\/www.va.gov\/disability\/eligibility\/special-claims\/automobile-allowance-adaptive-equipment\/\" target=\"_blank\" rel=\"noopener\">Conceder<\/a>\u00a0proporciona asistencia financiera para ayudar a comprar un autom\u00f3vil nuevo o usado para acomodar una discapacidad para un veterano.<\/p>\n\t\t\t\tAtenci\u00f3n domiciliaria\n\t\t\t\t<p>Si se necesita ayuda adicional para cuidar a un veterano que vive con ALS, el <a href=\"https:\/\/www.va.gov\/pension\/aid-attendance-housebound\/\" target=\"_blank\" rel=\"noopener\">Asignaci\u00f3n de asistente y asistencia<\/a> ayudar\u00e1 a ayudar a cubrir el costo de contratar cuidadores en el hogar.<\/p>\n<p>Si necesita ayuda para acceder a estos beneficios, le recomendamos que se comunique con el equipo de su cl\u00ednica de VA o con la organizaci\u00f3n de servicios para veteranos de su elecci\u00f3n (por ejemplo, Paralyzed Veterans of America, American Legion, Disabled American Veterans).<\/p>","protected":false},"excerpt":{"rendered":"<p>Los veteranos militares, independientemente de la rama de servicio, la \u00e9poca en la que sirvieron o si sirvieron durante un tiempo de paz o de guerra, se encuentran en un...<\/p>","protected":false},"author":47,"featured_media":0,"parent":1681,"menu_order":41,"comment_status":"closed","ping_status":"closed","template":"","meta":{"_acf_changed":false,"_monsterinsights_skip_tracking":false,"_monsterinsights_sitenote_active":false,"_monsterinsights_sitenote_note":"","_monsterinsights_sitenote_category":0,"footnotes":""},"class_list":["post-1708","page","type-page","status-publish","hentry"],"acf":[],"aioseo_notices":[],"_links":{"self":[{"href":"https:\/\/als-ny.blackbaudwp.com\/es\/wp-json\/wp\/v2\/pages\/1708","targetHints":{"allow":["GET"]}}],"collection":[{"href":"https:\/\/als-ny.blackbaudwp.com\/es\/wp-json\/wp\/v2\/pages"}],"about":[{"href":"https:\/\/als-ny.blackbaudwp.com\/es\/wp-json\/wp\/v2\/types\/page"}],"author":[{"embeddable":true,"href":"https:\/\/als-ny.blackbaudwp.com\/es\/wp-json\/wp\/v2\/users\/47"}],"replies":[{"embeddable":true,"href":"https:\/\/als-ny.blackbaudwp.com\/es\/wp-json\/wp\/v2\/comments?post=1708"}],"version-history":[{"count":10,"href":"https:\/\/als-ny.blackbaudwp.com\/es\/wp-json\/wp\/v2\/pages\/1708\/revisions"}],"predecessor-version":[{"id":5402,"href":"https:\/\/als-ny.blackbaudwp.com\/es\/wp-json\/wp\/v2\/pages\/1708\/revisions\/5402"}],"up":[{"embeddable":true,"href":"https:\/\/als-ny.blackbaudwp.com\/es\/wp-json\/wp\/v2\/pages\/1681"}],"wp:attachment":[{"href":"https:\/\/als-ny.blackbaudwp.com\/es\/wp-json\/wp\/v2\/media?parent=1708"}],"curies":[{"name":"wp","href":"https:\/\/api.w.org\/{rel}","templated":true}]}}