{"id":1709,"date":"2022-08-31T11:13:44","date_gmt":"2022-08-31T15:13:44","guid":{"rendered":"https:\/\/alsagoldenwest.blackbaudwp.com\/research\/our-approach\/"},"modified":"2025-02-13T15:34:41","modified_gmt":"2025-02-13T20:34:41","slug":"our-approach","status":"publish","type":"page","link":"https:\/\/als-ny.blackbaudwp.com\/es\/research\/our-approach\/","title":{"rendered":"Nuestro enfoque"},"content":{"rendered":"<h1>\n\t\t\tInvestigaci\u00f3n de ELA\n\t\t<\/h1>\n\t\t\t<p>Priorizamos la financiaci\u00f3n de las investigaciones m\u00e1s prometedoras y fomentamos activamente colaboraciones innovadoras que abarcan el gobierno, la industria, el mundo acad\u00e9mico y otras organizaciones sin fines de lucro. Adem\u00e1s, invertimos en talento emergente, impulsando a j\u00f3venes cient\u00edficos para impulsar la innovaci\u00f3n. Hasta la fecha, hemos invertido m\u00e1s de 1 mill\u00f3n de d\u00f3lares en la investigaci\u00f3n de la ELA. Con su apoyo, la financiaci\u00f3n de nuestra investigaci\u00f3n impulsa la colaboraci\u00f3n global para acelerar el descubrimiento de tratamientos y una cura para la ELA.<\/p>\t\t\n\t\t<h4>$17 Millones<\/h4>\n\t\t\t<p>ALS United Greater New York invirti\u00f3 $17M en investigaci\u00f3n espec\u00edfica sobre ELA.<\/p>\t\t\n\t<p>&nbsp;<\/p>\n<p>Cada aspecto de nuestro trabajo est\u00e1 dedicado a avanzar en nuestra misi\u00f3n de descubrir tratamientos efectivos y, en \u00faltima instancia, erradicar la ELA. Esto subraya la importancia cr\u00edtica de financiar investigaciones excepcionales sobre ELA.<\/p>\n<p>Damos prioridad a la financiaci\u00f3n de los esfuerzos de investigaci\u00f3n m\u00e1s prometedores y cultivamos activamente asociaciones innovadoras que abarcan el gobierno, la industria, el mundo acad\u00e9mico y otras organizaciones sin fines de lucro. Adem\u00e1s, invertimos en talentos emergentes, formando a cient\u00edficos j\u00f3venes para impulsar la innovaci\u00f3n.<\/p>\n\t\t<h2>\n\t\t\tEres parte de la soluci\u00f3n\n\t\t<\/h2>\n\t\t\t<p>Su donaci\u00f3n nos ayudar\u00e1 a apoyar la investigaci\u00f3n para encontrar tratamientos y una cura para la ELA.<\/p>\t\t\n\t\t\t<a href=\"https:\/\/secure.als-ny.org\/site\/Donation2?df_id=1500&#038;mfc_pref=T&#038;1500.donation=form1\" target=\"_blank\" rel=\"noopener\">\n\t\t\t\t\t\t\tDone ahora\n\t\t\t<\/a>","protected":false},"excerpt":{"rendered":"<p>Investigaci\u00f3n sobre ELA. Priorizamos la financiaci\u00f3n de las iniciativas de investigaci\u00f3n m\u00e1s prometedoras y fomentamos activamente colaboraciones innovadoras que abarcan el gobierno, la industria, el mundo acad\u00e9mico y otras organizaciones sin fines de lucro. Adem\u00e1s, invertimos en talento emergente, fomentando...<\/p>","protected":false},"author":47,"featured_media":0,"parent":1682,"menu_order":42,"comment_status":"closed","ping_status":"closed","template":"","meta":{"_acf_changed":false,"_monsterinsights_skip_tracking":false,"_monsterinsights_sitenote_active":false,"_monsterinsights_sitenote_note":"","_monsterinsights_sitenote_category":0,"footnotes":""},"class_list":["post-1709","page","type-page","status-publish","hentry"],"acf":[],"aioseo_notices":[],"_links":{"self":[{"href":"https:\/\/als-ny.blackbaudwp.com\/es\/wp-json\/wp\/v2\/pages\/1709","targetHints":{"allow":["GET"]}}],"collection":[{"href":"https:\/\/als-ny.blackbaudwp.com\/es\/wp-json\/wp\/v2\/pages"}],"about":[{"href":"https:\/\/als-ny.blackbaudwp.com\/es\/wp-json\/wp\/v2\/types\/page"}],"author":[{"embeddable":true,"href":"https:\/\/als-ny.blackbaudwp.com\/es\/wp-json\/wp\/v2\/users\/47"}],"replies":[{"embeddable":true,"href":"https:\/\/als-ny.blackbaudwp.com\/es\/wp-json\/wp\/v2\/comments?post=1709"}],"version-history":[{"count":10,"href":"https:\/\/als-ny.blackbaudwp.com\/es\/wp-json\/wp\/v2\/pages\/1709\/revisions"}],"predecessor-version":[{"id":6648,"href":"https:\/\/als-ny.blackbaudwp.com\/es\/wp-json\/wp\/v2\/pages\/1709\/revisions\/6648"}],"up":[{"embeddable":true,"href":"https:\/\/als-ny.blackbaudwp.com\/es\/wp-json\/wp\/v2\/pages\/1682"}],"wp:attachment":[{"href":"https:\/\/als-ny.blackbaudwp.com\/es\/wp-json\/wp\/v2\/media?parent=1709"}],"curies":[{"name":"wp","href":"https:\/\/api.w.org\/{rel}","templated":true}]}}