{"id":1711,"date":"2022-08-31T11:13:44","date_gmt":"2022-08-31T15:13:44","guid":{"rendered":"https:\/\/alsagoldenwest.blackbaudwp.com\/research\/research-we-funded\/"},"modified":"2025-02-13T15:48:08","modified_gmt":"2025-02-13T20:48:08","slug":"research-we-fund","status":"publish","type":"page","link":"https:\/\/als-ny.blackbaudwp.com\/es\/research\/research-we-fund\/","title":{"rendered":"Investigaci\u00f3n que financiamos"},"content":{"rendered":"<p>Su generoso apoyo nos permite financiar millones de d\u00f3lares en investigaci\u00f3n cada a\u00f1o, en lugares de todo el mundo. Financiamos proyectos en toda la l\u00ednea de investigaci\u00f3n, desde la investigaci\u00f3n b\u00e1sica hasta los ensayos cl\u00ednicos, y nuestro apoyo ha dado lugar a varios tratamientos potenciales que se encuentran actualmente en ensayos cl\u00ednicos.\u00a0<\/p>\t\t\n\t\t<h2>\n\t\t\tIniciativas de investigaci\u00f3n\n\t\t<\/h2>\n<h6><strong>ALS UNITED SE ENORGULLECI\u00d3 DE APOYAR LAS SIGUIENTES INICIATIVAS DE INVESTIGACI\u00d3N EN 2024<\/strong><\/h6>\n\t\t\t\t\t\t\t\t\t<img decoding=\"async\" src=\"https:\/\/als-ny.blackbaudwp.com\/wp-content\/uploads\/2023\/09\/genome-center-1.png\" alt=\"Genome Center (1)\" itemprop=\"image\" height=\"1080\" width=\"1080\" srcset=\"https:\/\/als-ny.blackbaudwp.com\/wp-content\/uploads\/2023\/09\/genome-center-1.png 1080w, https:\/\/als-ny.blackbaudwp.com\/wp-content\/uploads\/2023\/09\/genome-center-1-150x150.png 150w, https:\/\/als-ny.blackbaudwp.com\/wp-content\/uploads\/2023\/09\/genome-center-1-768x768.png 768w, https:\/\/als-ny.blackbaudwp.com\/wp-content\/uploads\/2023\/09\/genome-center-1-760x760.png 760w, https:\/\/als-ny.blackbaudwp.com\/wp-content\/uploads\/2023\/09\/genome-center-1-12x12.png 12w\" sizes=\"(max-width: 1080px) 100vw, 1080px\" title=\"Centro del Genoma (1)\" onerror=\"this.style.display='none'\"  \/>\n\t<hr \/>\n<p><strong>Asociaci\u00f3n para la Aceleraci\u00f3n de Medicamentos\u00ae en la Esclerosis Lateral Amiotr\u00f3fica (AMP\u00ae ALS)<\/strong><\/p>\n<p>En 2024, ALS United Greater New York y nuestras otras 14 organizaciones miembros de ALS United dieron otro paso significativo en la lucha contra la ELA al apoyar conjuntamente la iniciativa AMP\u00ae ALS. AMP\u00ae ALS a\u00fana los recursos y la experiencia del Instituto Nacional de Trastornos Neurol\u00f3gicos y Accidentes Cerebrovasculares (NINDS) de los Institutos Nacionales de Salud (NIH), la Administraci\u00f3n de Alimentos y Medicamentos (FDA), el Critical Path Institute y otras partes interesadas del mundo acad\u00e9mico, empresas de ciencias de la vida, fundaciones y grupos centrados en los pacientes. Este proyecto pionero busca acelerar el desarrollo de tratamientos eficaces para la ELA, brindando esperanza y progreso a quienes la padecen.<\/p>\n\t\t\t\t\t\t\t\t\t<img decoding=\"async\" src=\"https:\/\/als-ny.blackbaudwp.com\/wp-content\/uploads\/2025\/01\/Social-Stories-ALS-ppl-.png\" alt=\" Social Stories ALS Ppl\" itemprop=\"image\" height=\"1080\" width=\"1200\" srcset=\"https:\/\/als-ny.blackbaudwp.com\/wp-content\/uploads\/2025\/01\/Social-Stories-ALS-ppl-.png 1200w, https:\/\/als-ny.blackbaudwp.com\/wp-content\/uploads\/2025\/01\/Social-Stories-ALS-ppl--768x691.png 768w\" sizes=\"(max-width: 1200px) 100vw, 1200px\" title=\" Historias sociales de personas con ELA\" onerror=\"this.style.display='none'\"  \/>\n<p><strong>Acceso ampliado a la ELA<\/strong><\/p>\n<p>Los Programas de Acceso Expandido (PAE), impulsados por investigadores y patrocinados por la industria, permiten que f\u00e1rmacos en investigaci\u00f3n prometedores pasen del laboratorio a la pr\u00e1ctica cl\u00ednica, impulsando la ciencia traslacional y brindando esperanza y oportunidades a los pacientes con ELA que necesitan terapias eficaces. El Centro de ELA Eleanor y Lou Gehrig de Columbia se encuentra en una posici\u00f3n privilegiada para liderar este esfuerzo, aprovechando sus fortalezas en la biolog\u00eda b\u00e1sica de la ELA y cimentando su excelencia cl\u00ednica para desarrollar nuevas terapias moleculares y celulares para la ELA.<\/p>\n\t\t\t\t\t\t\t\t\t<img decoding=\"async\" src=\"https:\/\/als-ny.blackbaudwp.com\/wp-content\/uploads\/2022\/10\/research.jpg\" alt=\"Research\" itemprop=\"image\" height=\"1200\" width=\"1800\" srcset=\"https:\/\/als-ny.blackbaudwp.com\/wp-content\/uploads\/2022\/10\/research.jpg 1800w, https:\/\/als-ny.blackbaudwp.com\/wp-content\/uploads\/2022\/10\/research-1400x933.jpg 1400w, https:\/\/als-ny.blackbaudwp.com\/wp-content\/uploads\/2022\/10\/research-768x512.jpg 768w, https:\/\/als-ny.blackbaudwp.com\/wp-content\/uploads\/2022\/10\/research-1536x1024.jpg 1536w, https:\/\/als-ny.blackbaudwp.com\/wp-content\/uploads\/2022\/10\/research-18x12.jpg 18w\" sizes=\"(max-width: 1800px) 100vw, 1800px\" title=\"Investigar\" onerror=\"this.style.display='none'\"  \/>\n\t<p><b>Programa de Investigaci\u00f3n de la Red de ELA<\/b><\/p>\n<p>El Programa de Investigaci\u00f3n de la Red de ELA ofrece subvenciones de innovaci\u00f3n para financiar ideas novedosas, pero con rigor cient\u00edfico, que pueden transformar nuestra comprensi\u00f3n de la ELA. Nuestra financiaci\u00f3n inicial, destinada a establecer pruebas de concepto para nuevos enfoques cient\u00edficos, podr\u00eda posicionar estos proyectos visionarios para obtener financiaci\u00f3n a mayor escala en el futuro, como subvenciones gubernamentales.<\/p>\n\t\t\t\t\t\t\t\t\t<img decoding=\"async\" src=\"https:\/\/als-ny.blackbaudwp.com\/wp-content\/uploads\/2025\/02\/Neals.png\" alt=\"Neals\" itemprop=\"image\" height=\"533\" width=\"537\" srcset=\"https:\/\/als-ny.blackbaudwp.com\/wp-content\/uploads\/2025\/02\/Neals.png 537w, https:\/\/als-ny.blackbaudwp.com\/wp-content\/uploads\/2025\/02\/Neals-150x150.png 150w\" sizes=\"(max-width: 537px) 100vw, 537px\" title=\"Neals\" onerror=\"this.style.display='none'\"  \/>\n\t<p><b>Consorcio de ELA del Noreste (NEALS)<\/b><\/p>\n<p>NEALS se fund\u00f3 como un grupo independiente y sin fines de lucro de centros de investigaci\u00f3n que colaboran en la investigaci\u00f3n cl\u00ednica de la esclerosis lateral amiotr\u00f3fica (ELA) y la enfermedad de la neurona motora (EMN). Desde entonces, NEALS se ha convertido en un consorcio internacional de centros de investigaci\u00f3n cl\u00ednica de ELA.<\/p>\n\t\t\t\t\t\t\t\t\t<img decoding=\"async\" src=\"https:\/\/als-ny.blackbaudwp.com\/wp-content\/uploads\/2023\/03\/Website-photos-1-1.png\" alt=\"Website Photos (1)\" itemprop=\"image\" height=\"1080\" width=\"1080\" srcset=\"https:\/\/als-ny.blackbaudwp.com\/wp-content\/uploads\/2023\/03\/Website-photos-1-1.png 1080w, https:\/\/als-ny.blackbaudwp.com\/wp-content\/uploads\/2023\/03\/Website-photos-1-1-150x150.png 150w, https:\/\/als-ny.blackbaudwp.com\/wp-content\/uploads\/2023\/03\/Website-photos-1-1-768x768.png 768w, https:\/\/als-ny.blackbaudwp.com\/wp-content\/uploads\/2023\/03\/Website-photos-1-1-760x760.png 760w, https:\/\/als-ny.blackbaudwp.com\/wp-content\/uploads\/2023\/03\/Website-photos-1-1-12x12.png 12w\" sizes=\"(max-width: 1080px) 100vw, 1080px\" title=\"Fotos del sitio web (1)\" onerror=\"this.style.display='none'\"  \/>\n\t<p><b>PREVENIR LA ELA<\/b><\/p>\n<p>PREVENT ALS re\u00fane dos programas existentes que estudian a personas potencialmente portadoras de mutaciones gen\u00e9ticas causantes de ELA: el estudio DIALS, dirigido por los Dres. Mark Garret y James D. Berry (Hospital General de Massachusetts) y el Dr. Timothy Miller (Universidad de Washington en San Luis), y el estudio ALS Families, dirigido por los Dres. Neil Shneider y Matt Harms (Universidad de Columbia). Juntos, estos dedicados investigadores trabajan para reunir el n\u00famero cr\u00edtico de personas con ELA o en riesgo de padecerla, lo que nos permitir\u00e1 superar la variabilidad entre las personas, alcanzar nuestro objetivo lo antes posible y formar un equipo comprometido de personas que trabajen juntas para combatir la ELA.<\/p>\n\t\t\t\t\t\t\t\t\t<img decoding=\"async\" src=\"https:\/\/als-ny.blackbaudwp.com\/wp-content\/uploads\/2023\/09\/safenowitz-1.png\" alt=\"Safenowitz\" itemprop=\"image\" height=\"1080\" width=\"1080\" srcset=\"https:\/\/als-ny.blackbaudwp.com\/wp-content\/uploads\/2023\/09\/safenowitz-1.png 1080w, https:\/\/als-ny.blackbaudwp.com\/wp-content\/uploads\/2023\/09\/safenowitz-1-150x150.png 150w, https:\/\/als-ny.blackbaudwp.com\/wp-content\/uploads\/2023\/09\/safenowitz-1-768x768.png 768w, https:\/\/als-ny.blackbaudwp.com\/wp-content\/uploads\/2023\/09\/safenowitz-1-760x760.png 760w, https:\/\/als-ny.blackbaudwp.com\/wp-content\/uploads\/2023\/09\/safenowitz-1-12x12.png 12w\" sizes=\"(max-width: 1080px) 100vw, 1080px\" title=\"Safenowitz\" onerror=\"this.style.display='none'\"  \/>\n\t<strong>Programa de becas posdoctorales Safenowitz<\/strong><br \/>\nLa beca posdoctoral Milton Safenowitz para la investigaci\u00f3n de ELA est\u00e1 dise\u00f1ada para alentar y facilitar que los cient\u00edficos j\u00f3venes ingresen al campo de la investigaci\u00f3n de ELA. El programa fue fundado por la familia Safenowitz, a trav\u00e9s del Gran Nueva York, y los premios se otorgan en memoria del Sr. Safenowitz. Los becarios trabajan con un mentor senior y reciben una amplia exposici\u00f3n a la comunidad de investigaci\u00f3n de ELA. M\u00e1s de 90% de los becarios permanecen en la investigaci\u00f3n de ELA y contribuyen significativamente a los avances realizados en el campo.\n\t\t\t\t\t\t\t\t\t<img decoding=\"async\" src=\"https:\/\/als-ny.blackbaudwp.com\/wp-content\/uploads\/2025\/01\/Target-ALS-Annual-Meeting-picture.jpeg\" alt=\"Target ALS Annual Meeting Picture\" itemprop=\"image\" height=\"810\" width=\"1080\" srcset=\"https:\/\/als-ny.blackbaudwp.com\/wp-content\/uploads\/2025\/01\/Target-ALS-Annual-Meeting-picture.jpeg 1080w, https:\/\/als-ny.blackbaudwp.com\/wp-content\/uploads\/2025\/01\/Target-ALS-Annual-Meeting-picture-768x576.jpeg 768w\" sizes=\"(max-width: 1080px) 100vw, 1080px\" title=\"Fotograf\u00eda de la reuni\u00f3n anual de Target ALS\" onerror=\"this.style.display='none'\"  \/>\n\t<p><strong>Objetivo ELA<\/strong><\/p>\n<p>La beca Springboard se centra en brindar apoyo a investigadores de laboratorio de alto nivel para que puedan realizar la transici\u00f3n a un puesto acad\u00e9mico independiente o a un puesto equivalente y est\u00e9n interesados en la investigaci\u00f3n sobre ELA.<\/p>","protected":false},"excerpt":{"rendered":"<p>Su generoso apoyo nos permite financiar millones de d\u00f3lares en investigaci\u00f3n cada a\u00f1o, en lugares de todo el mundo. Financiamos proyectos en todo el espectro de investigaci\u00f3n, desde la investigaci\u00f3n b\u00e1sica hasta...<\/p>","protected":false},"author":47,"featured_media":0,"parent":1682,"menu_order":44,"comment_status":"closed","ping_status":"closed","template":"","meta":{"_acf_changed":false,"_monsterinsights_skip_tracking":false,"_monsterinsights_sitenote_active":false,"_monsterinsights_sitenote_note":"","_monsterinsights_sitenote_category":0,"footnotes":""},"class_list":["post-1711","page","type-page","status-publish","hentry"],"acf":[],"aioseo_notices":[],"_links":{"self":[{"href":"https:\/\/als-ny.blackbaudwp.com\/es\/wp-json\/wp\/v2\/pages\/1711","targetHints":{"allow":["GET"]}}],"collection":[{"href":"https:\/\/als-ny.blackbaudwp.com\/es\/wp-json\/wp\/v2\/pages"}],"about":[{"href":"https:\/\/als-ny.blackbaudwp.com\/es\/wp-json\/wp\/v2\/types\/page"}],"author":[{"embeddable":true,"href":"https:\/\/als-ny.blackbaudwp.com\/es\/wp-json\/wp\/v2\/users\/47"}],"replies":[{"embeddable":true,"href":"https:\/\/als-ny.blackbaudwp.com\/es\/wp-json\/wp\/v2\/comments?post=1711"}],"version-history":[{"count":10,"href":"https:\/\/als-ny.blackbaudwp.com\/es\/wp-json\/wp\/v2\/pages\/1711\/revisions"}],"predecessor-version":[{"id":6650,"href":"https:\/\/als-ny.blackbaudwp.com\/es\/wp-json\/wp\/v2\/pages\/1711\/revisions\/6650"}],"up":[{"embeddable":true,"href":"https:\/\/als-ny.blackbaudwp.com\/es\/wp-json\/wp\/v2\/pages\/1682"}],"wp:attachment":[{"href":"https:\/\/als-ny.blackbaudwp.com\/es\/wp-json\/wp\/v2\/media?parent=1711"}],"curies":[{"name":"wp","href":"https:\/\/api.w.org\/{rel}","templated":true}]}}