{"id":1712,"date":"2022-08-31T11:13:44","date_gmt":"2022-08-31T15:13:44","guid":{"rendered":"https:\/\/alsagoldenwest.blackbaudwp.com\/research\/clinical-trials\/"},"modified":"2025-07-23T16:51:41","modified_gmt":"2025-07-23T20:51:41","slug":"clinical-trials","status":"publish","type":"page","link":"https:\/\/als-ny.blackbaudwp.com\/es\/research\/clinical-trials\/","title":{"rendered":"Ensayos cl\u00ednicos"},"content":{"rendered":"<p>El Northeast ALS Consortium (NEALS) proporciona el recurso m\u00e1s preciso y actualizado para obtener informaci\u00f3n sobre estudios cl\u00ednicos financiados con fondos federales y privados que se centran en la ELA y otras enfermedades de las neuronas motoras similares. Puede localizar ambos ensayos intervencionistas, que examinan si un experimento el tratamiento es eficaz y seguro en entornos controlados y ensayos observacionales, que examinan a las personas en entornos m\u00e1s naturales para recopilar informaci\u00f3n sobre su enfermedad sin realizar ninguna intervenci\u00f3n.<\/p>\t\t\n\t\t\t<a href=\"https:\/\/tools.neals.org\/als-clinical-trials\/\" target=\"_blank\" rel=\"noopener\">\n\t\t\t\t\t\t\tBuscar ensayos cl\u00ednicos\n\t\t\t<\/a>\n\t\t<h2>\n\t\t\tC\u00f3mo utilizar la b\u00fasqueda de ensayos cl\u00ednicos\n\t\t<\/h2>\n\t\t\t<p>Para buscar un ensayo cl\u00ednico intervencionista (de f\u00e1rmacos) de inscripci\u00f3n en su \u00e1rea: 1. Haga clic en\u00a0<strong>B\u00fasqueda avanzada de pruebas<\/strong>\u00a0bot\u00f3n\u00a0<br \/>2. Haga clic en el estado donde vive en el\u00a0<strong>Men\u00fa desplegable de ubicaci\u00f3n<\/strong>\u00a0<br \/>3. Haga clic en\u00a0<strong>inscribiendo<\/strong>\u00a0bajo el encabezado Estado del estudio\u00a0<br \/>4. Haga clic en\u00a0<strong>Ensayo de intervenci\u00f3n<\/strong>\u00a0bajo el encabezado Tipo de estudio\u00a0<br \/>5. Haga clic en azul<strong>\u00a0Bot\u00f3n de b\u00fasqueda<\/strong>\u00a0en la parte inferior de la p\u00e1gina Esto enumerar\u00e1 todos los ensayos cl\u00ednicos actualmente inscritos en su \u00e1rea que est\u00e1n probando un medicamento. Con la pesta\u00f1a B\u00fasqueda avanzada de ensayos, puede limitar a\u00fan m\u00e1s los ensayos seleccionando criterios adicionales.<\/p>\t\t\n\t\t\t<a href=\"https:\/\/tools.neals.org\/als-clinical-trials\/\" target=\"_blank\" rel=\"noopener\">\n\t\t\t\t\t\t\tBuscar ensayos cl\u00ednicos\n\t\t\t<\/a>\n\t\t<h2>\n\t\t\tComun\u00edquese con un enlace de prueba de ALS\n\t\t<\/h2>\n\t\t\t<p>Comun\u00edquese con Northeast ALS Consortium al (855) 437-4823 o\u00a0<a href=\"mailto:alstrials@neals.org\" data-extlink=\"\">alstrials@neals.org<\/a>\u00a0para obtener m\u00e1s informaci\u00f3n acerca de los ensayos cl\u00ednicos. Est\u00e1n disponibles para responder todas sus preguntas, ayudar a navegar la base de datos de ensayos cl\u00ednicos de NEALS y pueden ayudarlo a inscribirse en un ensayo.<\/p>","protected":false},"excerpt":{"rendered":"<p>El Consorcio Northeast ALS (NEALS) proporciona el recurso m\u00e1s preciso y actualizado para obtener informaci\u00f3n sobre estudios cl\u00ednicos financiados con fondos federales y privados que se centran en la ELA y otras neuronas motoras similares...<\/p>","protected":false},"author":47,"featured_media":0,"parent":1682,"menu_order":45,"comment_status":"closed","ping_status":"closed","template":"","meta":{"_acf_changed":false,"_monsterinsights_skip_tracking":false,"_monsterinsights_sitenote_active":false,"_monsterinsights_sitenote_note":"","_monsterinsights_sitenote_category":0,"footnotes":""},"class_list":["post-1712","page","type-page","status-publish","hentry"],"acf":[],"aioseo_notices":[],"_links":{"self":[{"href":"https:\/\/als-ny.blackbaudwp.com\/es\/wp-json\/wp\/v2\/pages\/1712","targetHints":{"allow":["GET"]}}],"collection":[{"href":"https:\/\/als-ny.blackbaudwp.com\/es\/wp-json\/wp\/v2\/pages"}],"about":[{"href":"https:\/\/als-ny.blackbaudwp.com\/es\/wp-json\/wp\/v2\/types\/page"}],"author":[{"embeddable":true,"href":"https:\/\/als-ny.blackbaudwp.com\/es\/wp-json\/wp\/v2\/users\/47"}],"replies":[{"embeddable":true,"href":"https:\/\/als-ny.blackbaudwp.com\/es\/wp-json\/wp\/v2\/comments?post=1712"}],"version-history":[{"count":10,"href":"https:\/\/als-ny.blackbaudwp.com\/es\/wp-json\/wp\/v2\/pages\/1712\/revisions"}],"predecessor-version":[{"id":7147,"href":"https:\/\/als-ny.blackbaudwp.com\/es\/wp-json\/wp\/v2\/pages\/1712\/revisions\/7147"}],"up":[{"embeddable":true,"href":"https:\/\/als-ny.blackbaudwp.com\/es\/wp-json\/wp\/v2\/pages\/1682"}],"wp:attachment":[{"href":"https:\/\/als-ny.blackbaudwp.com\/es\/wp-json\/wp\/v2\/media?parent=1712"}],"curies":[{"name":"wp","href":"https:\/\/api.w.org\/{rel}","templated":true}]}}