{"id":1716,"date":"2022-08-31T11:13:44","date_gmt":"2022-08-31T15:13:44","guid":{"rendered":"https:\/\/alsagoldenwest.blackbaudwp.com\/advocacy\/become-an-advocate\/"},"modified":"2024-07-23T14:29:25","modified_gmt":"2024-07-23T18:29:25","slug":"become-an-advocate","status":"publish","type":"page","link":"https:\/\/als-ny.blackbaudwp.com\/es\/advocacy\/become-an-advocate\/","title":{"rendered":"Convi\u00e9rtase en un defensor"},"content":{"rendered":"<p>Como defensor de ALS United Greater New York, puede ayudar a cambiar las leyes y pol\u00edticas que afectan a miles de personas con ELA y sus familias.<\/p>\t\t\n\t\t<h2>\n\t\t\t\u00bfQu\u00e9 es Advocacy y por qu\u00e9 es importante?\n\t\t<\/h2>\n\t\t\t<p><b>Defensor: <\/b><b>una persona que p\u00fablicamente apoya o recomienda una causa o pol\u00edtica en particular.<\/b>ALS United Greater New York es l\u00edder en la defensa de pol\u00edticas destinadas a mejorar la calidad de vida de las personas que viven con ELA, as\u00ed como de sus familias y cuidadores. Nuestros esfuerzos de promoci\u00f3n est\u00e1n firmemente basados en las voces y necesidades de los afectados por la ELA, mientras nos esforzamos por apoyar y mejorar su vida diaria. Nuestra fortaleza emana de la participaci\u00f3n activa de los pacientes de ELA y sus familias en el proceso de defensa, que ha producido logros significativos como el aumento de la financiaci\u00f3n federal para la investigaci\u00f3n de la ELA, la aprobaci\u00f3n exitosa de la exenci\u00f3n de Medicare para los pacientes de ELA, el establecimiento del reconocimiento de la presunta discapacidad por la Administraci\u00f3n del Seguro Social y la asignaci\u00f3n de fondos estatales tanto en Nueva York como en Nueva Jersey.<\/p>\t\t\n\t\t<h2>\n\t\t\tC\u00f3mo puedes ayudar\n\t\t<\/h2>\n\t\t\t<p>A nuestros defensores les apasiona alentar a los funcionarios gubernamentales de todos los niveles (estatal, local y federal) a mejorar la concientizaci\u00f3n y los recursos para las personas afectadas por ELA.<\/p>\n<p>Los defensores logran un cambio real en la forma en que nuestro gobierno responde a las necesidades de la comunidad de ELA.<\/p>\n<p>Compartir su conexi\u00f3n con ALS en persona, por tel\u00e9fono, en un correo electr\u00f3nico o incluso en una carta puede ayudar a educar y movilizar a nuestros funcionarios electos para que tomen medidas. Los defensores de ALS United Greater New York ayudan a cambiar las leyes y pol\u00edticas que afectan a todas las personas con ELA y sus familias cada a\u00f1o.<\/p>\n<p>\u00a1Convi\u00e9rtase en un defensor de ALS hoy!<\/p>\n\t\t\t<a href=\"https:\/\/als-ny.quorum.us\/action\/\" target=\"_self\" rel=\"noopener\">\n\t\t\t\t\t\t\tReg\u00edstrese y comience a abogar\n\t\t\t<\/a>","protected":false},"excerpt":{"rendered":"<p>Como defensor de ALS United Greater New York, puede ayudar a cambiar las leyes y pol\u00edticas que afectan a miles de personas con ELA y sus familias. \u00bfQu\u00e9 es la promoci\u00f3n y\u2026?<\/p>","protected":false},"author":47,"featured_media":0,"parent":1683,"menu_order":49,"comment_status":"closed","ping_status":"closed","template":"","meta":{"_acf_changed":false,"_monsterinsights_skip_tracking":false,"_monsterinsights_sitenote_active":false,"_monsterinsights_sitenote_note":"","_monsterinsights_sitenote_category":0,"footnotes":""},"class_list":["post-1716","page","type-page","status-publish","hentry"],"acf":[],"aioseo_notices":[],"_links":{"self":[{"href":"https:\/\/als-ny.blackbaudwp.com\/es\/wp-json\/wp\/v2\/pages\/1716","targetHints":{"allow":["GET"]}}],"collection":[{"href":"https:\/\/als-ny.blackbaudwp.com\/es\/wp-json\/wp\/v2\/pages"}],"about":[{"href":"https:\/\/als-ny.blackbaudwp.com\/es\/wp-json\/wp\/v2\/types\/page"}],"author":[{"embeddable":true,"href":"https:\/\/als-ny.blackbaudwp.com\/es\/wp-json\/wp\/v2\/users\/47"}],"replies":[{"embeddable":true,"href":"https:\/\/als-ny.blackbaudwp.com\/es\/wp-json\/wp\/v2\/comments?post=1716"}],"version-history":[{"count":10,"href":"https:\/\/als-ny.blackbaudwp.com\/es\/wp-json\/wp\/v2\/pages\/1716\/revisions"}],"predecessor-version":[{"id":5826,"href":"https:\/\/als-ny.blackbaudwp.com\/es\/wp-json\/wp\/v2\/pages\/1716\/revisions\/5826"}],"up":[{"embeddable":true,"href":"https:\/\/als-ny.blackbaudwp.com\/es\/wp-json\/wp\/v2\/pages\/1683"}],"wp:attachment":[{"href":"https:\/\/als-ny.blackbaudwp.com\/es\/wp-json\/wp\/v2\/media?parent=1716"}],"curies":[{"name":"wp","href":"https:\/\/api.w.org\/{rel}","templated":true}]}}