{"id":1718,"date":"2022-08-31T11:13:44","date_gmt":"2022-08-31T15:13:44","guid":{"rendered":"https:\/\/alsagoldenwest.blackbaudwp.com\/get-involved\/ways-to-give\/"},"modified":"2024-07-26T11:50:11","modified_gmt":"2024-07-26T15:50:11","slug":"ways-to-give","status":"publish","type":"page","link":"https:\/\/als-ny.blackbaudwp.com\/es\/ways-to-give\/","title":{"rendered":"Formas de dar"},"content":{"rendered":"<p>Sus donaciones ayudar\u00e1n a ALS United Greater New York a apoyar los avances en la investigaci\u00f3n para encontrar una cura para la ELA y brindar servicios vitales a los pacientes y sus familias. Al hacer una donaci\u00f3n hoy, mantendr\u00e1s la esperanza de miles de personas afectadas por ELA. Conozca las muchas formas de donar a continuaci\u00f3n.\u00a0<\/p>\t\t\n\t<p>Los obsequios a ALS United Greater New York son <strong>deducible de impuestos<\/strong> en toda la extensi\u00f3n del C\u00f3digo de Rentas Internas.<\/p>\n\t\t\t<a href=\"https:\/\/secure.als-ny.org\/site\/Donation2?df_id=1500&#038;mfc_pref=T&#038;1500.donation=form1\" target=\"_blank\" rel=\"noopener\">\n\t\t<p>Donar en l\u00ednea<\/p>\n\t\t\t\t\t<p>Haga una donaci\u00f3n impactante a trav\u00e9s de nuestro sitio web, con la opci\u00f3n de configurar donaciones mensuales recurrentes a trav\u00e9s de nuestro formulario seguro en l\u00ednea.<\/p>\t\t\t\t\n\t\t<\/a>\n\t\t\t<a href=\"https:\/\/secure.als-ny.org\/site\/Donation2?df_id=1500&#038;mfc_pref=T&#038;1500.donation=form1\" target=\"_blank\" rel=\"noopener\">\n\t\t<p>Hacer un regalo de tributo<\/p>\n\t\t\t\t\t<p>Dar en honor o en memoria de un ser querido es una forma significativa de apoyar a la comunidad de ALS. Tambi\u00e9n se puede dar en homenaje a una ocasi\u00f3n especial.<\/p>\t\t\t\t\n\t\t<\/a>\n\t\t\t<a href=\"https:\/\/als-ny.blackbaudwp.com\/es\/ways-to-give\/planned-giving\/\" target=\"_self\" rel=\"noopener\">\n\t\t<p>Donaciones planificadas<\/p>\n\t\t\t\t\t<p>A trav\u00e9s de varios tipos de planificaci\u00f3n patrimonial, existen opciones personalizables para brindar un apoyo duradero a los seres queridos y a la comunidad de ALS.<\/p>\t\t\t\t\n\t\t<\/a>\n\t\t<p>Fondos aconsejados por donantes<\/p>\n\t\t\t\t\t<p>Los fondos asesorados por donantes permiten a los donantes realizar contribuciones ben\u00e9ficas, recibir deducciones fiscales inmediatas y recomendar subvenciones del fondo a lo largo del tiempo.<\/p>\t\t\t\t\n\t\t<p>Donaciones de acciones y bonos<\/p>\n\t\t\t\t\t<p>Done valores apreciados, incluidas acciones o bonos, y disfrute de la forma fiscalmente efectiva de apoyar a la comunidad de ALS.<\/p>\t\t\t\t\n\t\t<p>Igualaci\u00f3n y donaciones en el lugar de trabajo<\/p>\n\t\t\t\t\t<p>Designe una donaci\u00f3n a ALS United Greater New York a trav\u00e9s del programa de donaciones en el lugar de trabajo de su empleador, o duplique el impacto si su empleador iguala la contribuci\u00f3n.<\/p>\t\t\t\t\n\t\t\n\t\t\t<p><strong>Para obtener m\u00e1s informaci\u00f3n sobre cualquiera de estas opciones de donaciones, comun\u00edquese con Vivian Banks, directora de donaciones individuales e institucionales al 212-720-3051 o<\/strong> <strong><a href=\"mailto:vbanks@als-ny.org\">vbanks@als-ny.org<\/a><\/strong><\/p>","protected":false},"excerpt":{"rendered":"<p>Sus donaciones ayudar\u00e1n a ALS United Greater New York a apoyar los avances en la investigaci\u00f3n para encontrar una cura para la ELA y brindar servicios vitales a los pacientes y sus familias. Al contribuir\u2026<\/p>","protected":false},"author":47,"featured_media":0,"parent":0,"menu_order":51,"comment_status":"closed","ping_status":"closed","template":"","meta":{"_acf_changed":false,"_monsterinsights_skip_tracking":false,"_monsterinsights_sitenote_active":false,"_monsterinsights_sitenote_note":"","_monsterinsights_sitenote_category":0,"footnotes":""},"class_list":["post-1718","page","type-page","status-publish","hentry"],"acf":[],"aioseo_notices":[],"_links":{"self":[{"href":"https:\/\/als-ny.blackbaudwp.com\/es\/wp-json\/wp\/v2\/pages\/1718","targetHints":{"allow":["GET"]}}],"collection":[{"href":"https:\/\/als-ny.blackbaudwp.com\/es\/wp-json\/wp\/v2\/pages"}],"about":[{"href":"https:\/\/als-ny.blackbaudwp.com\/es\/wp-json\/wp\/v2\/types\/page"}],"author":[{"embeddable":true,"href":"https:\/\/als-ny.blackbaudwp.com\/es\/wp-json\/wp\/v2\/users\/47"}],"replies":[{"embeddable":true,"href":"https:\/\/als-ny.blackbaudwp.com\/es\/wp-json\/wp\/v2\/comments?post=1718"}],"version-history":[{"count":10,"href":"https:\/\/als-ny.blackbaudwp.com\/es\/wp-json\/wp\/v2\/pages\/1718\/revisions"}],"predecessor-version":[{"id":5831,"href":"https:\/\/als-ny.blackbaudwp.com\/es\/wp-json\/wp\/v2\/pages\/1718\/revisions\/5831"}],"wp:attachment":[{"href":"https:\/\/als-ny.blackbaudwp.com\/es\/wp-json\/wp\/v2\/media?parent=1718"}],"curies":[{"name":"wp","href":"https:\/\/api.w.org\/{rel}","templated":true}]}}