{"id":1720,"date":"2022-08-31T11:13:45","date_gmt":"2022-08-31T15:13:45","guid":{"rendered":"https:\/\/alsagoldenwest.blackbaudwp.com\/get-involved\/create-a-fundraiser\/"},"modified":"2025-03-11T17:10:39","modified_gmt":"2025-03-11T21:10:39","slug":"create-a-fundraiser","status":"publish","type":"page","link":"https:\/\/als-ny.blackbaudwp.com\/es\/get-involved\/create-a-fundraiser\/","title":{"rendered":"Crear una recaudaci\u00f3n de fondos"},"content":{"rendered":"<p>Convierte tus intereses y pasiones en oportunidades para recaudar fondos y crear conciencia para combatir la ELA. Elige la actividad que mejor se adapte a ti e invita a familiares, amigos, vecinos, colegas y compa\u00f1eros de clase a que se unan a ti para generar un impacto positivo. En cualquier momento y lugar, puedes crear un evento divertido e inspirador o unirte a un evento ya existente que apoye la atenci\u00f3n, las curas y la comunidad. Para comenzar tu actividad de recaudaci\u00f3n de fondos hoy mismo, contacta con el departamento de Eventos al (212) 720-3054 o <a href=\"mailto:events@als-ny.org\">events@als-ny.org<\/a><\/p>\t\t\n\t\t\t\t\t\t\t\t\t<img decoding=\"async\" src=\"https:\/\/als-ny.blackbaudwp.com\/wp-content\/plugins\/bb-plugin\/img\/pixel.png\" alt=\"\" itemprop=\"image\" onerror=\"this.style.display='none'\"  \/>\n\t\t\t\t\t\t\t\t\t<img decoding=\"async\" src=\"https:\/\/als-ny.blackbaudwp.com\/wp-content\/uploads\/2023\/03\/Roberts-lemonade-stand-760x425.jpeg\" alt=\"Roberts Lemonade Stand\" itemprop=\"image\" height=\"425\" width=\"760\" title=\"Puesto de limonada Roberts\" onerror=\"this.style.display='none'\"  \/>\n\t\t\t\t\t\t\t\t\t<img decoding=\"async\" src=\"https:\/\/als-ny.blackbaudwp.com\/wp-content\/plugins\/bb-plugin\/img\/pixel.png\" alt=\"\" itemprop=\"image\" onerror=\"this.style.display='none'\"  \/>\n\t\t\t\t\t\t\t\t\t<img decoding=\"async\" src=\"https:\/\/als-ny.blackbaudwp.com\/wp-content\/uploads\/2022\/12\/Community-of-Hope.jpg\" alt=\"Community Of Hope\" itemprop=\"image\" height=\"349\" width=\"396\" srcset=\"https:\/\/als-ny.blackbaudwp.com\/wp-content\/uploads\/2022\/12\/Community-of-Hope.jpg 396w, https:\/\/als-ny.blackbaudwp.com\/wp-content\/uploads\/2022\/12\/Community-of-Hope-14x12.jpg 14w\" sizes=\"(max-width: 396px) 100vw, 396px\" title=\"comunidad de esperanza\" onerror=\"this.style.display='none'\"  \/>\n\t<h4><strong>RECAUDA FONDOS A TU MANERA<\/strong><\/h4>\n<p>ALS United Greater New York proporciona las herramientas sencillas que necesita para ayudarle a planificar, promover y gestionar su actividad. Comience con una idea (una caminata, una venta de garaje, un torneo de p\u00f3quer, una salida de golf, una noche de comedia, una fiesta de aniversario o un partido de baloncesto, por ejemplo) y cree y personalice su p\u00e1gina donde podr\u00e1 compartir su historia, fotograf\u00edas, informaci\u00f3n del evento y luego reclute a otros para que se unan a usted o donen en apoyo de sus esfuerzos.<\/p>\n<p><strong>Aqu\u00ed hay algunas ideas para los tipos de recaudadores de fondos que puede crear:<\/strong><\/p>\n<ul>\n<li><strong>CELEBRAR<\/strong><strong><br \/>\n<\/strong>Dedique un d\u00eda especial o un hito para llevar ayuda y esperanza a la comunidad de ALS.<\/li>\n<li><strong>ACTIVATE<\/strong><strong><br \/>\n<\/strong>\u00a1Golf, nadar, caminar, andar en bicicleta, remar y m\u00e1s! \u00a1Recorre la distancia para derrotar a la ELA!<\/li>\n<li><strong>SE CREATIVO<\/strong><strong><br \/>\n<\/strong>\u00a1Convierta la pasi\u00f3n en progreso con una actividad como una venta de arte, una competencia de cocina con chili, una exhibici\u00f3n de autos o lo que se le ocurra!<\/li>\n<\/ul>\n<p>\u00a1Nuestro personal puede ayudarte a empezar ahora mismo! Estamos aqu\u00ed para ayudarte y estamos encantados de brindarte orientaci\u00f3n, ideas, experiencia y recursos antes de tu evento. Para comenzar tu campa\u00f1a de recaudaci\u00f3n de fondos hoy mismo, comun\u00edcate con Eventos al (212) 720-3054 o <a href=\"mailto:events@als-ny.org\">events@als-ny.org<\/a><\/p>\n\t\t\t<a href=\"https:\/\/secure.als-ny.org\/site\/TR?fr_id=1410&#038;pg=entry\" target=\"_blank\" rel=\"noopener\">\n\t\t\t\t\t\t\tRecauda fondos a tu manera\n\t\t\t<\/a>\n\t<h4><strong>HOMENAJE O MEMORIA<\/strong><\/h4>\n<p>Establezca un legado duradero creando una p\u00e1gina web personalizada de recaudaci\u00f3n de fondos en honor o en memoria de un ser querido. Estas p\u00e1ginas brindan un lugar para compartir fotos e historias entre familiares, amigos y la comunidad y sirven como una forma especial de invitar a otros a apoyar la lucha contra la ELA.<\/p>\n<p>\u00bfTiene preguntas sobre c\u00f3mo configurar su tributo o p\u00e1gina conmemorativa? Comun\u00edquese con Vivian Banks, directora de donaciones individuales e institucionales en vbanks@als-ny.org o 212.720.3051.<\/p>\n\t\t\t<a href=\"https:\/\/secure.als-ny.org\/site\/TR?fr_id=1070&#038;pg=entry\" target=\"_blank\" rel=\"noopener\">\n\t\t\t\t\t\t\tCrear tributo aqu\u00ed\n\t\t\t<\/a>\n\t\t\t\t\t\t\t\t\t<img decoding=\"async\" src=\"https:\/\/als-ny.blackbaudwp.com\/wp-content\/uploads\/2023\/03\/candle-flowers-760x425.png\" alt=\"Candle with purple flowers\" itemprop=\"image\" height=\"425\" width=\"760\" title=\"Velas Flores\" onerror=\"this.style.display='none'\"  \/>\n\t\t\t\t\t\t\t\t\t<img decoding=\"async\" src=\"https:\/\/als-ny.blackbaudwp.com\/wp-content\/uploads\/2022\/12\/MS-180-IBC-2017-760x425.jpg\" alt=\"MS 180 IBC 2017\" itemprop=\"image\" height=\"425\" width=\"760\" title=\"MS 180 IBC 2017\" onerror=\"this.style.display='none'\"  \/>\n\t<h4><strong>Crear una recaudaci\u00f3n de fondos de Facebook<\/strong><\/h4>\n<p>\u00a1Crea hoy mismo una nueva campa\u00f1a de recaudaci\u00f3n de fondos en Facebook! T\u00fa y tus redes sociales contribuir\u00e1n a mejorar la calidad de vida y, con suerte, a prolongar la esperanza de vida de las personas con ELA. Celebra las fiestas, tu cumplea\u00f1os o un aniversario creando una campa\u00f1a de recaudaci\u00f3n de fondos en Facebook para apoyar a ALS United Greater New York. Juntos, podemos garantizar que ninguna persona con ELA tenga que afrontar esta enfermedad sola.<\/p>\n<p>Facebook hace que sea muy f\u00e1cil establecer una p\u00e1gina dedicada para compartir su historia, honrar a un ser querido, contarles a otros sobre nuestra misi\u00f3n \u00fanica y unirse en torno a un objetivo de recaudaci\u00f3n de fondos.<\/p>","protected":false},"excerpt":{"rendered":"<p>Convierte tus intereses y pasiones en oportunidades para recaudar fondos y crear conciencia para combatir la ELA. Elige la actividad que mejor se adapte a ti e invita a familiares, amigos, vecinos, colegas y...<\/p>","protected":false},"author":47,"featured_media":0,"parent":1684,"menu_order":53,"comment_status":"closed","ping_status":"closed","template":"","meta":{"_acf_changed":false,"_monsterinsights_skip_tracking":false,"_monsterinsights_sitenote_active":false,"_monsterinsights_sitenote_note":"","_monsterinsights_sitenote_category":0,"footnotes":""},"class_list":["post-1720","page","type-page","status-publish","hentry"],"acf":[],"aioseo_notices":[],"_links":{"self":[{"href":"https:\/\/als-ny.blackbaudwp.com\/es\/wp-json\/wp\/v2\/pages\/1720","targetHints":{"allow":["GET"]}}],"collection":[{"href":"https:\/\/als-ny.blackbaudwp.com\/es\/wp-json\/wp\/v2\/pages"}],"about":[{"href":"https:\/\/als-ny.blackbaudwp.com\/es\/wp-json\/wp\/v2\/types\/page"}],"author":[{"embeddable":true,"href":"https:\/\/als-ny.blackbaudwp.com\/es\/wp-json\/wp\/v2\/users\/47"}],"replies":[{"embeddable":true,"href":"https:\/\/als-ny.blackbaudwp.com\/es\/wp-json\/wp\/v2\/comments?post=1720"}],"version-history":[{"count":10,"href":"https:\/\/als-ny.blackbaudwp.com\/es\/wp-json\/wp\/v2\/pages\/1720\/revisions"}],"predecessor-version":[{"id":6707,"href":"https:\/\/als-ny.blackbaudwp.com\/es\/wp-json\/wp\/v2\/pages\/1720\/revisions\/6707"}],"up":[{"embeddable":true,"href":"https:\/\/als-ny.blackbaudwp.com\/es\/wp-json\/wp\/v2\/pages\/1684"}],"wp:attachment":[{"href":"https:\/\/als-ny.blackbaudwp.com\/es\/wp-json\/wp\/v2\/media?parent=1720"}],"curies":[{"name":"wp","href":"https:\/\/api.w.org\/{rel}","templated":true}]}}