{"id":1721,"date":"2022-08-31T11:13:45","date_gmt":"2022-08-31T15:13:45","guid":{"rendered":"https:\/\/alsagoldenwest.blackbaudwp.com\/get-involved\/leave-a-legacy\/"},"modified":"2024-08-27T10:12:28","modified_gmt":"2024-08-27T14:12:28","slug":"planned-giving","status":"publish","type":"page","link":"https:\/\/als-ny.blackbaudwp.com\/es\/ways-to-give\/planned-giving\/","title":{"rendered":"Donaciones planificadas"},"content":{"rendered":"<p>A trav\u00e9s de varios tipos de planificaci\u00f3n patrimonial, existen opciones personalizables para brindar un apoyo duradero a los seres queridos y a la comunidad de ALS.<\/p>\t\t\n\t<p><strong>Designaci\u00f3n beneficiaria<\/strong> Es una forma asequible de apoyar la lucha contra la ELA. Puede designar a ALS United Greater New York como beneficiario a trav\u00e9s de diversas opciones, como una cuenta de jubilaci\u00f3n, una cuenta de inversi\u00f3n o bancaria, o una p\u00f3liza de seguro de vida.<\/p>\n<p><strong>Reinversiones de IRA<\/strong> son una manera f\u00e1cil y conveniente de hacer contribuciones si tiene 70\u00bd a\u00f1os o m\u00e1s. Esto proporciona una variedad de beneficios fiscales para el donante, incluida la evitaci\u00f3n del pago de impuestos sobre las transferencias directas, lo que ayuda a reducir los ingresos imponibles y ayuda a alcanzar la distribuci\u00f3n m\u00ednima requerida.<\/p>\n<p>&nbsp;<\/p>\n\t<p><strong>un legado<\/strong> Es una donaci\u00f3n realizada a trav\u00e9s de su testamento o fideicomiso que puede brindar apoyo a largo plazo a la comunidad de ELA. Incluir a ALS United Greater New York en un testamento o fideicomiso ofrece un legado duradero para el futuro. La contribuci\u00f3n puede ser una cantidad en d\u00f3lares o un porcentaje. Tambi\u00e9n puede reducir la carga fiscal de los familiares sobrevivientes, as\u00ed como generar ahorros en el impuesto a la herencia.<\/p>\n<p>Para obtener m\u00e1s informaci\u00f3n sobre cualquiera de estas opciones de donaci\u00f3n, comun\u00edquese con Vivian Banks, Directora de Donaciones Individuales e Institucionales en <a href=\"mailto:vbanks@als-ny.org\">vbanks@als-ny.org<\/a> o 212-720-3051.<\/p>","protected":false},"excerpt":{"rendered":"<p>A trav\u00e9s de varios tipos de planificaci\u00f3n patrimonial, existen opciones personalizables para brindar un apoyo duradero a los seres queridos y a la comunidad de ALS. La designaci\u00f3n de beneficiarios es una forma asequible de apoyar a...<\/p>","protected":false},"author":47,"featured_media":0,"parent":1718,"menu_order":54,"comment_status":"closed","ping_status":"closed","template":"","meta":{"_acf_changed":false,"_monsterinsights_skip_tracking":false,"_monsterinsights_sitenote_active":false,"_monsterinsights_sitenote_note":"","_monsterinsights_sitenote_category":0,"footnotes":""},"class_list":["post-1721","page","type-page","status-publish","hentry"],"acf":[],"aioseo_notices":[],"_links":{"self":[{"href":"https:\/\/als-ny.blackbaudwp.com\/es\/wp-json\/wp\/v2\/pages\/1721","targetHints":{"allow":["GET"]}}],"collection":[{"href":"https:\/\/als-ny.blackbaudwp.com\/es\/wp-json\/wp\/v2\/pages"}],"about":[{"href":"https:\/\/als-ny.blackbaudwp.com\/es\/wp-json\/wp\/v2\/types\/page"}],"author":[{"embeddable":true,"href":"https:\/\/als-ny.blackbaudwp.com\/es\/wp-json\/wp\/v2\/users\/47"}],"replies":[{"embeddable":true,"href":"https:\/\/als-ny.blackbaudwp.com\/es\/wp-json\/wp\/v2\/comments?post=1721"}],"version-history":[{"count":10,"href":"https:\/\/als-ny.blackbaudwp.com\/es\/wp-json\/wp\/v2\/pages\/1721\/revisions"}],"predecessor-version":[{"id":5915,"href":"https:\/\/als-ny.blackbaudwp.com\/es\/wp-json\/wp\/v2\/pages\/1721\/revisions\/5915"}],"up":[{"embeddable":true,"href":"https:\/\/als-ny.blackbaudwp.com\/es\/wp-json\/wp\/v2\/pages\/1718"}],"wp:attachment":[{"href":"https:\/\/als-ny.blackbaudwp.com\/es\/wp-json\/wp\/v2\/media?parent=1721"}],"curies":[{"name":"wp","href":"https:\/\/api.w.org\/{rel}","templated":true}]}}