{"id":1722,"date":"2022-08-31T11:13:45","date_gmt":"2022-08-31T15:13:45","guid":{"rendered":"https:\/\/alsagoldenwest.blackbaudwp.com\/get-involved\/volunteer\/"},"modified":"2025-05-05T10:30:57","modified_gmt":"2025-05-05T14:30:57","slug":"volunteer","status":"publish","type":"page","link":"https:\/\/als-ny.blackbaudwp.com\/es\/get-involved\/volunteer\/","title":{"rendered":"Voluntario"},"content":{"rendered":"<p>\u00a1Convi\u00e9rtase en voluntario de ALS United Greater New York! Estamos buscando personas comprometidas con la lucha contra la ELA. Algunas de las muchas oportunidades de voluntariado que tenemos disponibles incluyen:<strong>Caminar ELA<\/strong>: Ayuda en nuestros eventos anuales Walk ALS, que se llevan a cabo durante las temporadas de primavera y oto\u00f1o. Los deberes incluyen registro, monitores de ruta, asistentes de estacionamiento, distribuci\u00f3n de camisetas y m\u00e1s.<strong>Marat\u00f3n de la ciudad de Nueva York: <\/strong>\u00a1Somos un socio ben\u00e9fico del TCS New York City Marathon! Apoye a nuestros corredores animando al equipo ALS en el marat\u00f3n de la ciudad de Nueva York.<strong>Recogida\/entrega de pr\u00e9stamo de equipo:\u00a0<\/strong> Dise\u00f1ado para ayudar a las personas con ELA en cada etapa de su proceso, nuestro Programa de Pr\u00e9stamo de Equipos ofrece diversos art\u00edculos y act\u00faa como un puente crucial, mitigando la larga espera para obtener fondos del seguro al proporcionar equipos esenciales y dispositivos de asistencia. Necesitamos voluntarios que puedan ayudar a nuestro equipo a recoger y\/o entregar estos art\u00edculos. Generalmente, se prefiere un autom\u00f3vil, pero no es necesario si se encuentra en uno de los cinco distritos. Para obtener m\u00e1s informaci\u00f3n, complete el formulario a continuaci\u00f3n o comun\u00edquese con Charlotte Seto al <a href=\"mailto:cseto@als-ny.org\">cseto@als-ny.org<\/a> o (212) 720-3054.<\/p>","protected":false},"excerpt":{"rendered":"<p>\u00a1Convi\u00e9rtase en voluntario de ALS United Greater New York! Estamos buscando personas comprometidas con la lucha contra la ELA. Algunas de las muchas oportunidades de voluntariado que tenemos disponibles incluyen: Caminata ALS:\u2026<\/p>","protected":false},"author":47,"featured_media":0,"parent":1684,"menu_order":55,"comment_status":"closed","ping_status":"closed","template":"","meta":{"_acf_changed":false,"_monsterinsights_skip_tracking":false,"_monsterinsights_sitenote_active":false,"_monsterinsights_sitenote_note":"","_monsterinsights_sitenote_category":0,"footnotes":""},"class_list":["post-1722","page","type-page","status-publish","hentry"],"acf":[],"aioseo_notices":[],"_links":{"self":[{"href":"https:\/\/als-ny.blackbaudwp.com\/es\/wp-json\/wp\/v2\/pages\/1722","targetHints":{"allow":["GET"]}}],"collection":[{"href":"https:\/\/als-ny.blackbaudwp.com\/es\/wp-json\/wp\/v2\/pages"}],"about":[{"href":"https:\/\/als-ny.blackbaudwp.com\/es\/wp-json\/wp\/v2\/types\/page"}],"author":[{"embeddable":true,"href":"https:\/\/als-ny.blackbaudwp.com\/es\/wp-json\/wp\/v2\/users\/47"}],"replies":[{"embeddable":true,"href":"https:\/\/als-ny.blackbaudwp.com\/es\/wp-json\/wp\/v2\/comments?post=1722"}],"version-history":[{"count":10,"href":"https:\/\/als-ny.blackbaudwp.com\/es\/wp-json\/wp\/v2\/pages\/1722\/revisions"}],"predecessor-version":[{"id":6867,"href":"https:\/\/als-ny.blackbaudwp.com\/es\/wp-json\/wp\/v2\/pages\/1722\/revisions\/6867"}],"up":[{"embeddable":true,"href":"https:\/\/als-ny.blackbaudwp.com\/es\/wp-json\/wp\/v2\/pages\/1684"}],"wp:attachment":[{"href":"https:\/\/als-ny.blackbaudwp.com\/es\/wp-json\/wp\/v2\/media?parent=1722"}],"curies":[{"name":"wp","href":"https:\/\/api.w.org\/{rel}","templated":true}]}}