{"id":1855,"date":"2022-09-29T20:38:50","date_gmt":"2022-09-30T00:38:50","guid":{"rendered":"https:\/\/als-ny.org\/?page_id=1855"},"modified":"2024-04-09T17:04:18","modified_gmt":"2024-04-09T21:04:18","slug":"milton-safenowitz-postdoctoral-fellows","status":"publish","type":"page","link":"https:\/\/als-ny.blackbaudwp.com\/es\/research\/milton-safenowitz-postdoctoral-fellows\/","title":{"rendered":"Beca Postdoctoral Milton Safenowitz"},"content":{"rendered":"<p>La familia Safenowitz, a trav\u00e9s de ALS United Greater New York, fund\u00f3 el premio en memoria de Milton Safenowitz, quien muri\u00f3 de ELA en 1998. Estos premios tienen como objetivo alentar y facilitar que j\u00f3venes cient\u00edficos prometedores ingresen al campo de la ELA. Los becarios trabajan con un mentor senior y reciben una amplia exposici\u00f3n a la comunidad de investigaci\u00f3n de ELA a trav\u00e9s de reuniones y presentaciones.<\/p>\t\t\n\t<p>Entendemos que atraer a cient\u00edficos j\u00f3venes y brillantes para que ingresen y luego permanezcan en la investigaci\u00f3n de la ELA es esencial para lograr tratamientos m\u00e1s efectivos y una cura lo antes posible.<\/p>\n<p>Los becarios ingresan a los laboratorios con ideas innovadoras que brindan nuevas perspectivas sobre el trabajo actual. Con financiaci\u00f3n, los becarios pueden probar eficazmente esas ideas, muchas de las cuales han dado lugar a trabajos y publicaciones brillantes en las principales revistas cient\u00edficas.<\/p>\n<p>Los becarios obtienen la experiencia que necesitan para establecer sus propios laboratorios de investigaci\u00f3n de ALS para continuar moviendo sus emocionantes ideas hacia la cl\u00ednica.<\/p>\n<p>Es por eso que estamos orgullosos de apoyar el desarrollo de cient\u00edficos j\u00f3venes y brillantes a trav\u00e9s de la beca posdoctoral Milton Safenowitz. Despu\u00e9s de completar esta beca, m\u00e1s de 75% de los premiados permanecen en la investigaci\u00f3n de ELA. Luego establecen sus propios laboratorios para continuar estudiando la ELA y asesorar a m\u00e1s investigadores de ELA a lo largo del camino. El resto de los graduados de nuestro programa de becas Safenowitz contin\u00faan carreras en la industria biom\u00e9dica, organizaciones sin fines de lucro y redacci\u00f3n m\u00e9dica, y muchos todav\u00eda permanecen en el espacio de ELA.<\/p>\n<p>Se recomienda encarecidamente la colaboraci\u00f3n entre los becarios premiados. Para fomentar este entorno de colaboraci\u00f3n, ALS United Greater New York patrocina el Simposio de becas posdoctorales Milton Safenowitz y la ceremonia de entrega de premios en la ciudad de Nueva York. Cada dos a\u00f1os, los becarios se re\u00fanen para compartir ideas de investigaci\u00f3n a trav\u00e9s de presentaciones breves que cubren sus proyectos de investigaci\u00f3n.<\/p>\n\t\t\t\t\t\t\t\t\t<img decoding=\"async\" src=\"https:\/\/als-ny.blackbaudwp.com\/wp-content\/uploads\/2022\/12\/SVSanchez-Safenowitz-Fellow-2020-4-1.jpg\" alt=\"SVSanchez Safenowitz Fellow 2020 4 (1)\" itemprop=\"image\" height=\"300\" width=\"300\" srcset=\"https:\/\/als-ny.blackbaudwp.com\/wp-content\/uploads\/2022\/12\/SVSanchez-Safenowitz-Fellow-2020-4-1.jpg 300w, https:\/\/als-ny.blackbaudwp.com\/wp-content\/uploads\/2022\/12\/SVSanchez-Safenowitz-Fellow-2020-4-1-150x150.jpg 150w, https:\/\/als-ny.blackbaudwp.com\/wp-content\/uploads\/2022\/12\/SVSanchez-Safenowitz-Fellow-2020-4-1-12x12.jpg 12w\" sizes=\"(max-width: 300px) 100vw, 300px\" title=\"SVSanchez Safenowitz Fellow 2020 4 (1)\" onerror=\"this.style.display='none'\"  \/>\n\t\t\t\t\t\t\t\t\t<img decoding=\"async\" src=\"https:\/\/als-ny.blackbaudwp.com\/wp-content\/uploads\/2022\/12\/Safenowitz-Yuka-Koike-MCF-1-cropped.jpg\" alt=\"Yuka Koike Safenowitz fellow\" itemprop=\"image\" height=\"300\" width=\"300\" srcset=\"https:\/\/als-ny.blackbaudwp.com\/wp-content\/uploads\/2022\/12\/Safenowitz-Yuka-Koike-MCF-1-cropped.jpg 300w, https:\/\/als-ny.blackbaudwp.com\/wp-content\/uploads\/2022\/12\/Safenowitz-Yuka-Koike-MCF-1-cropped-150x150.jpg 150w, https:\/\/als-ny.blackbaudwp.com\/wp-content\/uploads\/2022\/12\/Safenowitz-Yuka-Koike-MCF-1-cropped-12x12.jpg 12w\" sizes=\"(max-width: 300px) 100vw, 300px\" title=\"Safenowitz Yuka Koike MCF 1 recortada\" onerror=\"this.style.display='none'\"  \/>","protected":false},"excerpt":{"rendered":"<p>La familia Safenowitz, a trav\u00e9s de ALS United Greater New York, fund\u00f3 el premio en memoria de Milton Safenowitz, quien muri\u00f3 de ELA en 1998. Estos premios tienen como objetivo alentar y facilitar...<\/p>","protected":false},"author":47,"featured_media":0,"parent":1682,"menu_order":0,"comment_status":"closed","ping_status":"closed","template":"","meta":{"_acf_changed":false,"_monsterinsights_skip_tracking":false,"_monsterinsights_sitenote_active":false,"_monsterinsights_sitenote_note":"","_monsterinsights_sitenote_category":0,"footnotes":""},"class_list":["post-1855","page","type-page","status-publish","hentry"],"acf":[],"aioseo_notices":[],"_links":{"self":[{"href":"https:\/\/als-ny.blackbaudwp.com\/es\/wp-json\/wp\/v2\/pages\/1855","targetHints":{"allow":["GET"]}}],"collection":[{"href":"https:\/\/als-ny.blackbaudwp.com\/es\/wp-json\/wp\/v2\/pages"}],"about":[{"href":"https:\/\/als-ny.blackbaudwp.com\/es\/wp-json\/wp\/v2\/types\/page"}],"author":[{"embeddable":true,"href":"https:\/\/als-ny.blackbaudwp.com\/es\/wp-json\/wp\/v2\/users\/47"}],"replies":[{"embeddable":true,"href":"https:\/\/als-ny.blackbaudwp.com\/es\/wp-json\/wp\/v2\/comments?post=1855"}],"version-history":[{"count":10,"href":"https:\/\/als-ny.blackbaudwp.com\/es\/wp-json\/wp\/v2\/pages\/1855\/revisions"}],"predecessor-version":[{"id":5377,"href":"https:\/\/als-ny.blackbaudwp.com\/es\/wp-json\/wp\/v2\/pages\/1855\/revisions\/5377"}],"up":[{"embeddable":true,"href":"https:\/\/als-ny.blackbaudwp.com\/es\/wp-json\/wp\/v2\/pages\/1682"}],"wp:attachment":[{"href":"https:\/\/als-ny.blackbaudwp.com\/es\/wp-json\/wp\/v2\/media?parent=1855"}],"curies":[{"name":"wp","href":"https:\/\/api.w.org\/{rel}","templated":true}]}}