{"id":1877,"date":"2022-09-29T21:42:08","date_gmt":"2022-09-30T01:42:08","guid":{"rendered":"https:\/\/als-ny.org\/?page_id=1877"},"modified":"2024-08-27T10:10:25","modified_gmt":"2024-08-27T14:10:25","slug":"young-professionals-group","status":"publish","type":"page","link":"https:\/\/als-ny.blackbaudwp.com\/es\/get-involved\/young-professionals-group\/","title":{"rendered":"Grupo de J\u00f3venes Profesionales"},"content":{"rendered":"<p>El Grupo de J\u00f3venes Profesionales (YPG) fue formado en 2006 por un grupo de j\u00f3venes fil\u00e1ntropos dedicados con el objetivo de trabajar juntos para mejorar las vidas de las personas que viven con ELA y sus familias, as\u00ed como apoyar la investigaci\u00f3n progresiva para encontrar una cura para la enfermedad de Lou Gehrig. Enfermedad. La misi\u00f3n de las YPG es generar conciencia sobre la lucha contra la ELA mediante el desarrollo de oportunidades divertidas, sofisticadas y significativas para que sus pares se involucren en la causa. \u00a1Sus esfuerzos anuales de recaudaci\u00f3n de fondos se centran en eventos que incluyen la Caminata ALS de la ciudad de Nueva York, el D\u00eda de Lou Gehrig en el Yankee Stadium y m\u00e1s! Si tiene alguna pregunta o desea unirse a las YPG, env\u00ede un correo electr\u00f3nico <a href=\"mailto:ypg@als-ny.org\">ypg@als-ny.org<\/a>.<\/p>\t\t\n\t\t\t\t\t\t\t\t\t<img decoding=\"async\" src=\"https:\/\/als-ny.blackbaudwp.com\/wp-content\/uploads\/2022\/12\/YPG-Walk-Team-Photo-scaled.jpg\" alt=\"Young Professionals ALS Greater NY Chapter\" itemprop=\"image\" height=\"1536\" width=\"2048\" srcset=\"https:\/\/als-ny.blackbaudwp.com\/wp-content\/uploads\/2022\/12\/YPG-Walk-Team-Photo-scaled.jpg 2048w, https:\/\/als-ny.blackbaudwp.com\/wp-content\/uploads\/2022\/12\/YPG-Walk-Team-Photo-1400x1050.jpg 1400w, https:\/\/als-ny.blackbaudwp.com\/wp-content\/uploads\/2022\/12\/YPG-Walk-Team-Photo-768x576.jpg 768w, https:\/\/als-ny.blackbaudwp.com\/wp-content\/uploads\/2022\/12\/YPG-Walk-Team-Photo-1536x1152.jpg 1536w, https:\/\/als-ny.blackbaudwp.com\/wp-content\/uploads\/2022\/12\/YPG-Walk-Team-Photo-16x12.jpg 16w\" sizes=\"(max-width: 2048px) 100vw, 2048px\" title=\"Foto del equipo YPG Walk\" onerror=\"this.style.display='none'\"  \/>\n\t<h3><strong>Nuestra misi\u00f3n<\/strong><\/h3>\n<p>La misi\u00f3n del Grupo de J\u00f3venes Profesionales (YPG) es generar conciencia sobre la lucha contra la ELA (enfermedad de Lou Gehrig) mediante el desarrollo de oportunidades divertidas, sofisticadas y significativas para que sus compa\u00f1eros se involucren en la causa.<\/p>\n\t\t\t\t\t\t\t\t\t<img decoding=\"async\" src=\"https:\/\/als-ny.blackbaudwp.com\/wp-content\/uploads\/2022\/12\/Virtual-Cocktail-Class.jpg\" alt=\"Young professional group ALS GNY virtual cocktail hour\" itemprop=\"image\" height=\"563\" width=\"980\" srcset=\"https:\/\/als-ny.blackbaudwp.com\/wp-content\/uploads\/2022\/12\/Virtual-Cocktail-Class.jpg 980w, https:\/\/als-ny.blackbaudwp.com\/wp-content\/uploads\/2022\/12\/Virtual-Cocktail-Class-768x441.jpg 768w, https:\/\/als-ny.blackbaudwp.com\/wp-content\/uploads\/2022\/12\/Virtual-Cocktail-Class-18x10.jpg 18w\" sizes=\"(max-width: 980px) 100vw, 980px\" title=\"Clase de c\u00f3ctel virtual\" onerror=\"this.style.display='none'\"  \/>\n\t<h3><strong>Abogac\u00eda<\/strong><\/h3>\n<p>La defensa de la investigaci\u00f3n, la salud y la atenci\u00f3n a largo plazo, y el apoyo a los cuidadores es una prioridad para ALS United Greater New York y el YPG. Cada a\u00f1o, el YPG participa en reuniones con nuestros funcionarios del Congreso para educarlos sobre la importancia de intensificar la lucha para combatir la ELA mediante la investigaci\u00f3n, la atenci\u00f3n y el apoyo. Los miembros del YPG se re\u00fanen con sus representantes locales para compartir sus experiencias y destacar por qu\u00e9 el apoyo del gobierno puede marcar la diferencia en la vida de quienes viven con ELA.<\/p>\n\t\t\t\t\t\t\t\t\t<img decoding=\"async\" src=\"https:\/\/als-ny.blackbaudwp.com\/wp-content\/uploads\/2022\/12\/YPG-Barrys-Group-Pic.jpg\" alt=\"Young Professionals Group ALS GNY Chapter\" itemprop=\"image\" height=\"1536\" width=\"2048\" srcset=\"https:\/\/als-ny.blackbaudwp.com\/wp-content\/uploads\/2022\/12\/YPG-Barrys-Group-Pic.jpg 2048w, https:\/\/als-ny.blackbaudwp.com\/wp-content\/uploads\/2022\/12\/YPG-Barrys-Group-Pic-1400x1050.jpg 1400w, https:\/\/als-ny.blackbaudwp.com\/wp-content\/uploads\/2022\/12\/YPG-Barrys-Group-Pic-768x576.jpg 768w, https:\/\/als-ny.blackbaudwp.com\/wp-content\/uploads\/2022\/12\/YPG-Barrys-Group-Pic-1536x1152.jpg 1536w, https:\/\/als-ny.blackbaudwp.com\/wp-content\/uploads\/2022\/12\/YPG-Barrys-Group-Pic-16x12.jpg 16w\" sizes=\"(max-width: 2048px) 100vw, 2048px\" title=\"Foto de grupo de YPG Barry\" onerror=\"this.style.display='none'\"  \/>\n\t<h3><strong>Voluntario<\/strong><\/h3>\n<p>El YPG participa en numerosas iniciativas de ALS United Greater New York, incluyendo el trabajo con la comunidad de pacientes para contribuir y ser voluntario. Ya sea visitando a los pacientes en sus hogares para visitas sociales, ayudando a entregar o transportar equipos de pr\u00e9stamo o como voluntario en la Caminata contra la ELA, el YPG representa a la pr\u00f3xima generaci\u00f3n de l\u00edderes y simpatizantes en todas las formas de lucha contra la ELA.<\/p>\n\t\t\t\t\t\t\t\t\t<img decoding=\"async\" src=\"https:\/\/als-ny.blackbaudwp.com\/wp-content\/uploads\/2022\/12\/Jeanette_Lou-Gehrig-Day-2022-scaled.jpg\" alt=\"Jeanette Lou Gehrig Day 2022\" itemprop=\"image\" height=\"1536\" width=\"2048\" srcset=\"https:\/\/als-ny.blackbaudwp.com\/wp-content\/uploads\/2022\/12\/Jeanette_Lou-Gehrig-Day-2022-scaled.jpg 2048w, https:\/\/als-ny.blackbaudwp.com\/wp-content\/uploads\/2022\/12\/Jeanette_Lou-Gehrig-Day-2022-1400x1050.jpg 1400w, https:\/\/als-ny.blackbaudwp.com\/wp-content\/uploads\/2022\/12\/Jeanette_Lou-Gehrig-Day-2022-768x576.jpg 768w, https:\/\/als-ny.blackbaudwp.com\/wp-content\/uploads\/2022\/12\/Jeanette_Lou-Gehrig-Day-2022-1536x1152.jpg 1536w, https:\/\/als-ny.blackbaudwp.com\/wp-content\/uploads\/2022\/12\/Jeanette_Lou-Gehrig-Day-2022-16x12.jpg 16w\" sizes=\"(max-width: 2048px) 100vw, 2048px\" title=\"D\u00eda de Jeanette Lou Gehrig 2022\" onerror=\"this.style.display='none'\"  \/>\n\t<h3><strong>Eventos<\/strong><\/h3>\n<p>Las YPG organizan eventos mensuales para socializar, conocer nuevos miembros y difundir informaci\u00f3n sobre la lucha contra la ELA. Desde eventos de acondicionamiento f\u00edsico, Happy Hours, recaudaci\u00f3n de fondos para el equipo YPG en el New York City Walk ALS y salidas a juegos de los Yankees, hay algo para que todos disfruten.<\/p>","protected":false},"excerpt":{"rendered":"<p>El Grupo de J\u00f3venes Profesionales (YPG) fue formado en 2006 por un grupo de j\u00f3venes fil\u00e1ntropos dedicados con el objetivo de trabajar juntos para mejorar la vida de las personas que viven con...<\/p>","protected":false},"author":47,"featured_media":0,"parent":1684,"menu_order":0,"comment_status":"closed","ping_status":"closed","template":"","meta":{"_acf_changed":false,"_monsterinsights_skip_tracking":false,"_monsterinsights_sitenote_active":false,"_monsterinsights_sitenote_note":"","_monsterinsights_sitenote_category":0,"footnotes":""},"class_list":["post-1877","page","type-page","status-publish","hentry"],"acf":[],"aioseo_notices":[],"_links":{"self":[{"href":"https:\/\/als-ny.blackbaudwp.com\/es\/wp-json\/wp\/v2\/pages\/1877","targetHints":{"allow":["GET"]}}],"collection":[{"href":"https:\/\/als-ny.blackbaudwp.com\/es\/wp-json\/wp\/v2\/pages"}],"about":[{"href":"https:\/\/als-ny.blackbaudwp.com\/es\/wp-json\/wp\/v2\/types\/page"}],"author":[{"embeddable":true,"href":"https:\/\/als-ny.blackbaudwp.com\/es\/wp-json\/wp\/v2\/users\/47"}],"replies":[{"embeddable":true,"href":"https:\/\/als-ny.blackbaudwp.com\/es\/wp-json\/wp\/v2\/comments?post=1877"}],"version-history":[{"count":10,"href":"https:\/\/als-ny.blackbaudwp.com\/es\/wp-json\/wp\/v2\/pages\/1877\/revisions"}],"predecessor-version":[{"id":5914,"href":"https:\/\/als-ny.blackbaudwp.com\/es\/wp-json\/wp\/v2\/pages\/1877\/revisions\/5914"}],"up":[{"embeddable":true,"href":"https:\/\/als-ny.blackbaudwp.com\/es\/wp-json\/wp\/v2\/pages\/1684"}],"wp:attachment":[{"href":"https:\/\/als-ny.blackbaudwp.com\/es\/wp-json\/wp\/v2\/media?parent=1877"}],"curies":[{"name":"wp","href":"https:\/\/api.w.org\/{rel}","templated":true}]}}