{"id":2,"date":"2018-04-04T17:13:02","date_gmt":"2018-04-04T17:13:02","guid":{"rendered":"http:\/\/bbwpmaster.blackbaudwp.com\/?page_id=2"},"modified":"2026-04-13T15:34:11","modified_gmt":"2026-04-13T19:34:11","slug":"homepage","status":"publish","type":"page","link":"https:\/\/als-ny.blackbaudwp.com\/es\/","title":{"rendered":"P\u00e1gina principal"},"content":{"rendered":"<h1>\n\t\t\tUniendo y empoderando a la comunidad ALS.\n\t\t<\/h1>\n\t\t<h4>\n\t\t\tCaja modal\n\t\t\t\t\t<\/h4>\n\t\t<h5>modal-<\/h5>\n\t\tHaga clic aqu\u00ed para editar la configuraci\u00f3n del &quot;cuadro modal&quot;. Este texto es s\u00f3lo para edici\u00f3n y no aparecer\u00e1 despu\u00e9s de publicar los cambios. Vista previa modal\n\t\t\t\t\t\t\t\t\t\t\t<h4 id=\"modal-title-\">\u00a1Reg\u00edstrate hoy!<\/h4>\t\t\t\t\t\t\t\t\t\t\t\t\t\t\t\t\n\t\t\t\t\t\t<p><a href=\"https:\/\/als-ny.blackbaudwp.com\/es\/get-involved\/events\/walk-als\/\"><img decoding=\"async\" src=\"https:\/\/als-ny.blackbaudwp.com\/wp-content\/uploads\/2026\/02\/Reg-open.png\" alt=\"\" width=\"1080\" height=\"1080\"><\/a><\/p>\n\t\t\t<a href=\"https:\/\/als-ny.blackbaudwp.com\/es\/navigating-als\/our-care-services\/\" target=\"_self\">\n\t\t\t\t\t\t\tNuestros servicios de atenci\u00f3n\n\t\t\t<\/a>\n\t\t\t\t\t\t\t<img decoding=\"async\" src=\"https:\/\/als-ny.blackbaudwp.com\/wp-content\/uploads\/2023\/11\/map-1400x1228.png\" alt=\"Map\" width=\"1500\" height=\"1316\">\n\t\t\t\t\t\t<h2>Al servicio del \u00e1rea metropolitana de Nueva York<\/h2>\t\t\t\t\t\n\t\t\t\t\t<p>Incluyendo la ciudad de Nueva York, Long Island, Lower y Mid-Hudson Valley, y el norte y centro de Nueva Jersey<\/p>\t\t\t\t\n\t\t\t<a href=\"https:\/\/als-ny.blackbaudwp.com\/es\/navigating-als\/newly-diagnosed\/\" target=\"_self\">\n\t\t\t\t\t\t\u00bfReci\u00e9n diagnosticado? Empieza aqui\n\t\t\t\t\t<\/a>\n\t\t\t<a href=\"https:\/\/als-ny.blackbaudwp.com\/es\/who-we-are\/contact-us\/\" target=\"_self\">\n\t\t\t\t\t\tCont\u00e1ctenos\n\t\t\t\t\t<\/a>\n\t\t<h2>\n\t\t\tALS United Greater New York provides local, comprehensive care and support to individuals &amp; families affected by ALS, advances national &amp; state advocacy, and fosters bold research initiatives.&nbsp;\n\t\t<\/h2>\n\t\t\t\t\t\t\t\t\t<img decoding=\"async\" src=\"https:\/\/als-ny.blackbaudwp.com\/wp-content\/uploads\/bb-plugin\/cache\/Care-Service-and-pALS-scaled-circle.jpg\" alt=\"Care Service And PALS\" itemprop=\"image\" height=\"1536\" width=\"2048\" title=\"Servicio de Atenci\u00f3n y PALS\" onerror=\"this.style.display='none'\">\n\t\t\t\t\t\t<h3>Servicios de atenci\u00f3n<\/h3>\t\t\t\t\t\n\t\t\t<p>Nuestro equipo de coordinadores de servicios de atenci\u00f3n profesionales brinda asesoramiento y asistencia de expertos para las personas que viven con ALS, <strong><em>gratis<\/em><\/strong>.<\/p>\t\t\n\t\t\t\t<a href=\"https:\/\/als-ny.blackbaudwp.com\/es\/navigating-als\/our-care-services\/\" role=\"button\" target=\"_self\">\n\t\t\t\t\t\t\t\t\t\tObtener servicios\n\t\t\t\t\t\t\t\t\t<\/a>\n\t\t\t\t\t\t\t\t\t<img decoding=\"async\" src=\"https:\/\/als-ny.blackbaudwp.com\/wp-content\/uploads\/bb-plugin\/cache\/127585029_10158987848504379_8066306697152526252_n-circle.jpeg\" alt=\"127585029 10158987848504379 8066306697152526252 N\" itemprop=\"image\" height=\"1365\" width=\"2048\" title=\"127585029 10158987848504379 8066306697152526252 N\" onerror=\"this.style.display='none'\">\n\t\t\t\t\t\t<h3>Abogac\u00eda<\/h3>\t\t\t\t\t\n\t\t\t<p>Nos enfocamos en educar, defender y movilizar a los miembros bipartidistas del Congreso para beneficiar a las personas con ELA.&nbsp;<\/p>\t\t\n\t\t\t\t<a href=\"https:\/\/als-ny.quorum.us\/action\/\" role=\"button\" target=\"_self\">\n\t\t\t\t\t\t\t\t\t\tNuestras prioridades pol\u00edticas\n\t\t\t\t\t\t\t\t\t<\/a>\n\t\t\t\t\t\t\t\t\t<img decoding=\"async\" src=\"https:\/\/als-ny.blackbaudwp.com\/wp-content\/uploads\/bb-plugin\/cache\/300575170_441786984656514_8410463194960248683_n-circle.jpeg\" alt=\"Scientist ALS Research\" itemprop=\"image\" height=\"1154\" width=\"2048\" title=\"Cient\u00edfico en laboratorio ELA\" onerror=\"this.style.display='none'\">\n\t\t\t\t\t\t<h3>Investigar<\/h3>\t\t\t\t\t\n\t\t\t<p>Nuestro enfoque colaborativo y global para financiar la investigaci\u00f3n contin\u00faa conduciendo a importantes descubrimientos por parte de los principales cient\u00edficos de ALS en todo el mundo.<\/p>\t\t\n\t\t\t\t<a href=\"https:\/\/als-ny.blackbaudwp.com\/es\/research\/research-we-funded\/\" role=\"button\" target=\"_self\">\n\t\t\t\t\t\t\t\t\t\tInvestigaci\u00f3n que financiamos\n\t\t\t\t\t\t\t\t\t<\/a>\n\t\t<h2>\n\t\t\t\u00danase a la lucha contra la ELA\n\t\t<\/h2>\n\t\t\t\t\t\t\t<a href=\"https:\/\/secure.als-ny.org\/site\/Donation2?df_id=1500&amp;mfc_pref=T&amp;1500.donation=form1\" target=\"_blank\">\n\t\t\t\t\t\t\t\t\t\t<h3>Donar<\/h3>\n\t\t\t\t\t\t\t\t<p>Las donaciones \u00fanicas o mensuales nos ayudan a brindar servicios gratuitos a las personas que luchan contra la ELA en la regi\u00f3n del Gran Nueva York.<\/p>\t\t\t\t\t\t\t\n\t\t\t\t\t\t\t\t\t<\/a>\n\t\t\t\t\t\t\t<a href=\"https:\/\/als-ny.blackbaudwp.com\/es\/get-involved\/volunteer\/\" target=\"_self\">\n\t\t\t\t\t\t\t\t\t\t<h3>Voluntario <\/h3>\n\t\t\t\t\t\t\t\t<p>\u00a1Los voluntarios entusiastas son la clave de nuestro \u00e9xito! Los voluntarios pueden contribuir de muchas maneras: a trav\u00e9s de su tiempo, conocimientos, habilidades y liderazgo.<\/p>\t\t\t\t\t\t\t\n\t\t\t\t\t\t\t\t\t<\/a>\n\t\t\t\t\t\t\t<a href=\"https:\/\/als-ny.blackbaudwp.com\/es\/advocacy\/become-an-advocate\/\" target=\"_self\">\n\t\t\t\t\t\t\t\t\t\t<h3>Convi\u00e9rtase en un defensor<\/h3>\n\t\t\t\t\t\t\t\t<p>Puede ayudar a cambiar las leyes y pol\u00edticas que afectan a miles de personas con ELA y sus familias.<\/p>\t\t\t\t\t\t\t\n\t\t\t\t\t\t\t\t\t<\/a>\n\t\t\t\t\t\t\t<a href=\"https:\/\/als-ny.blackbaudwp.com\/es\/get-involved\/events\/walk-als\/\" target=\"_blank\">\n\t\t\t\t\t\t\t\t\t\t<h3>Caminar<\/h3>\n\t\t\t\t\t\t\t\t<p>\u00danete a este movimiento caminando por los afectados por ELA. \u00a1Reg\u00edstrese hoy para un Walk ALS cerca de usted!<\/p>\t\t\t\t\t\t\t\n\t\t\t\t\t\t\t\t\t<\/a>\n\t\t\t\t\t\t\t<a href=\"https:\/\/als-ny.blackbaudwp.com\/es\/calendar\/team-als\/\" target=\"_blank\">\n\t\t\t\t\t\t\t\t\t\t<h3>\u00danete al equipo ELA<\/h3>\n\t\t\t\t\t\t\t\t<p>Estamos orgullosos de ser un socio caritativo oficial del TCS New York City Marathon. Los corredores usan sus millas para recaudar fondos para la lucha por una cura.<\/p>\t\t\t\t\t\t\t\n\t\t\t\t\t\t\t\t\t<\/a>\n\t\t\t\t\t\t\t<a href=\"https:\/\/secure.als-ny.org\/site\/Donation2?df_id=1500&amp;mfc_pref=T&amp;1500.donation=form1\" target=\"_blank\">\n\t\t\t\t\t\t\t\t\t\t<h3>Celebra a un ser querido<\/h3>\n\t\t\t\t\t\t\t\t<p>Establezca un legado duradero en honor o memoria de la batalla de alguien especial contra la ELA utilizando nuestra sencilla plataforma de fondos de tributo.<\/p>\t\t\t\t\t\t\t\n\t\t\t\t\t\t\t\t\t<\/a>\n\t\t<h2>\n\t\t\t\u00danase a un grupo de apoyo\n\t\t<\/h2>\n\t\t\t<p>ALS United Greater New York entiende que los efectos de la ELA son f\u00edsica, emocionalmente y, en ocasiones, aterradores para la persona diagnosticada y su familia. Usted no est\u00e1 solo. Los grupos de apoyo de ELA brindan un entorno afectuoso, de apoyo, abierto y seguro para que las personas se re\u00fanan, se conecten y hablen entre s\u00ed. Nuestros trabajadores sociales y enfermeras facilitan los grupos y ayudan a brindar oportunidades para aprender sobre c\u00f3mo vivir con la enfermedad de la mano de otras personas que entienden los desaf\u00edos y puede ayudarle a establecer una red de recursos valiosos y apoyo sostenido. Si bien los grupos de apoyo son regionales, cualquiera puede asistir a cualquier grupo que se adapte a su horario. Actualmente, todos los grupos de apoyo se ofrecen en una plataforma virtual.&nbsp;<\/p>\t\t\n\t\t\t<a href=\"https:\/\/als-ny.blackbaudwp.com\/es\/schedule\/\" target=\"_blank\" rel=\"noopener\">\n\t\t\t\t\t\t\tEncuentre un grupo de apoyo\n\t\t\t<\/a>\n\t\t\t\t\t\t\t\t\t<img decoding=\"async\" src=\"https:\/\/als-ny.blackbaudwp.com\/wp-content\/uploads\/bb-plugin\/cache\/Support-TLC-12-square.png\" alt=\"Support TLC (12)\" itemprop=\"image\" height=\"788\" width=\"940\" title=\"Apoyo TLC (12)\" onerror=\"this.style.display='none'\">\n\t\t<h2>\n\t\t\tNews &amp; Stories\n\t\t<\/h2>\n\t\t<h3>\n\t\t\tMant\u00e9ngase conectado aprendiendo sobre los pr\u00f3ximos eventos y c\u00f3mo estamos ayudando a las personas que viven con ALS al recibir nuestros correos electr\u00f3nicos. \n\t\t<\/h3>\n\t\t\t<a href=\"https:\/\/als-ny.blackbaudwp.com\/es\/get-involved\/stay-connected\/\" target=\"_self\">\n\t\t\t\t\t\t\t\u00a1Inscribirse!\n\t\t\t<\/a>","protected":false},"excerpt":{"rendered":"<p>Uniendo y empoderando a la comunidad de ELA. Cuadro modal: Haga clic aqu\u00ed para editar la configuraci\u00f3n del cuadro modal. Este texto es solo para edici\u00f3n y no aparecer\u00e1 despu\u00e9s de publicarlo.<\/p>","protected":false},"author":47,"featured_media":0,"parent":0,"menu_order":0,"comment_status":"closed","ping_status":"closed","template":"","meta":{"_acf_changed":false,"_monsterinsights_skip_tracking":false,"_monsterinsights_sitenote_active":false,"_monsterinsights_sitenote_note":"","_monsterinsights_sitenote_category":0,"footnotes":""},"class_list":["post-2","page","type-page","status-publish","hentry"],"acf":[],"aioseo_notices":[],"_links":{"self":[{"href":"https:\/\/als-ny.blackbaudwp.com\/es\/wp-json\/wp\/v2\/pages\/2","targetHints":{"allow":["GET"]}}],"collection":[{"href":"https:\/\/als-ny.blackbaudwp.com\/es\/wp-json\/wp\/v2\/pages"}],"about":[{"href":"https:\/\/als-ny.blackbaudwp.com\/es\/wp-json\/wp\/v2\/types\/page"}],"author":[{"embeddable":true,"href":"https:\/\/als-ny.blackbaudwp.com\/es\/wp-json\/wp\/v2\/users\/47"}],"replies":[{"embeddable":true,"href":"https:\/\/als-ny.blackbaudwp.com\/es\/wp-json\/wp\/v2\/comments?post=2"}],"version-history":[{"count":9,"href":"https:\/\/als-ny.blackbaudwp.com\/es\/wp-json\/wp\/v2\/pages\/2\/revisions"}],"predecessor-version":[{"id":7935,"href":"https:\/\/als-ny.blackbaudwp.com\/es\/wp-json\/wp\/v2\/pages\/2\/revisions\/7935"}],"wp:attachment":[{"href":"https:\/\/als-ny.blackbaudwp.com\/es\/wp-json\/wp\/v2\/media?parent=2"}],"curies":[{"name":"wp","href":"https:\/\/api.w.org\/{rel}","templated":true}]}}