{"id":2057,"date":"2022-10-13T09:53:52","date_gmt":"2022-10-13T13:53:52","guid":{"rendered":"https:\/\/als-ny.org\/?page_id=2057"},"modified":"2026-03-11T15:50:13","modified_gmt":"2026-03-11T19:50:13","slug":"team-als","status":"publish","type":"page","link":"https:\/\/als-ny.blackbaudwp.com\/es\/calendar\/team-als\/","title":{"rendered":"equipo ELA"},"content":{"rendered":"<h2>\n\t\t\tequipo ELA\n\t\t<\/h2>\n\t\t\t<p>Team ALS es el programa integral de resistencia de ALS United Greater New York, creado para recaudar fondos para combatir la ELA. Combina tu pasi\u00f3n y compromiso con la b\u00fasqueda de nuevos tratamientos y una cura para la ELA mientras te enfrentas a desaf\u00edos f\u00edsicos. Participa en eventos deportivos como la Marat\u00f3n de Nueva York TCS, la Media Marat\u00f3n de Nueva York de United Airlines, el Tour de Bicicletas TD Five Boro y otras carreras de resistencia, mientras recaudas fondos cruciales directamente para la investigaci\u00f3n, los servicios a pacientes y la defensa de los derechos de los pacientes. Para m\u00e1s informaci\u00f3n o para participar, contacta con el departamento de eventos al 212.720.3054. <a href=\"mailto:events@als-ny.org\" target=\"_blank\" rel=\"noopener noreferrer\" data-auth=\"NotApplicable\" data-linkindex=\"0\">events@als-ny.org<\/a><\/p><h6>\u00a0<\/h6>\t\t\n\t\t\t\t\t\t\t\t\t<img decoding=\"async\" src=\"https:\/\/als-ny.blackbaudwp.com\/wp-content\/uploads\/bb-plugin\/cache\/IMG_2908-scaled-circle.jpeg\" alt=\"Half Marathon Team ALS\" itemprop=\"image\" height=\"2048\" width=\"1536\" title=\"Equipo de media marat\u00f3n ALS\" onerror=\"this.style.display='none'\"  \/>\n\t\t\t\t\t\t<h3>Marat\u00f3n de la ciudad de Nueva York TCS<\/h3>\t\t\t\t\t\n\t\t\t<p>Cada a\u00f1o, el primer domingo de noviembre, m\u00e1s de 50.000 corredores se alinean en la base del Puente Verrazano para correr el marat\u00f3n m\u00e1s grande del mundo. Desde Staten Island hasta Manhattan a trav\u00e9s de los cinco distritos, los corredores son guiados por las calles de la ciudad de Nueva York con la ayuda de decenas de miles de espectadores a lo largo de toda la ruta. \u00a1\u00danete al equipo ALS y tacha esta carrera de tu lista de deseos!<\/p>\t\t\n\t\t\t\t<a href=\"https:\/\/secure.als-ny.org\/site\/TR?fr_id=1492&#038;pg=entry\" role=\"button\" target=\"_blank\">\n\t\t\t\t\t\t\t\t\t\tMarat\u00f3n de la ciudad de Nueva York TCS, domingo 1 de noviembre\n\t\t\t\t\t\t\t\t\t<\/a>\n\t\t\t\t\t\t\t\t\t<img decoding=\"async\" src=\"https:\/\/als-ny.blackbaudwp.com\/wp-content\/uploads\/bb-plugin\/cache\/IMG_2921_Cropped-circle.jpeg\" alt=\"TEAM ALS Half Marathon\" itemprop=\"image\" height=\"1845\" width=\"1776\" title=\"Media Marat\u00f3n del EQUIPO ALS\" onerror=\"this.style.display='none'\"  \/>\n\t\t\t\t\t\t<h3>Medias Maratones de Nueva York<\/h3>\t\t\t\t\t\n\t\t\t<p>Experimenta la emoci\u00f3n de correr una media marat\u00f3n por las calles de Nueva York. \u00danete a nosotros en la Media Marat\u00f3n de Nueva York de United Airlines en marzo o en la Media Marat\u00f3n de Brooklyn de NYCRuns en abril. \u00a1Dale sentido a tus millas e inscr\u00edbete hoy mismo!<\/p>\t\t\n\t\t\t<a href=\"https:\/\/secure.als-ny.org\/site\/TR?fr_id=1460&#038;pg=entry\"  target=\"_blank\" rel=\"noopener\">\n\t\t\t\t\t\t\tUnited Airlines NYC Half Sunday, 15 de marzo\u00a0\n\t\t\t<\/a>\n\t\t\t<a href=\"https:\/\/secure.als-ny.org\/site\/TR?fr_id=1490&#038;pg=entry\"  target=\"_blank\" rel=\"noopener\">\n\t\t\t\t\t\t\tNYCRuns Brooklyn Experience Half Domingo 26 de abril\n\t\t\t<\/a>\n\t\t\t\t\t\t\t\t\t<img decoding=\"async\" src=\"https:\/\/als-ny.blackbaudwp.com\/wp-content\/uploads\/bb-plugin\/cache\/Bike-Team-ALS-scaled-circle.jpg\" alt=\"Bike Team ALS\" itemprop=\"image\" height=\"1536\" width=\"2048\" title=\"Equipo de ciclismo ALS\" onerror=\"this.style.display='none'\"  \/>\n\t\t\t\t\t\t<h3>Tour en bicicleta TD Five Boro<\/h3>\t\t\t\t\t\n\t\t\t<p>Cada mes de mayo, ciclistas de todos los niveles vienen de todo el mundo para recorrer los cinco distritos de la ciudad de Nueva York en calles totalmente libres de autom\u00f3viles. Por un d\u00eda, las carreteras son tuyas, los puentes son tuyos y la ciudad es tuya: no hay mejor manera de experimentar Nueva York.<\/p>\t\t\n\t\t\t\t<a href=\"https:\/\/secure.als-ny.org\/site\/TR?fr_id=1491&#038;pg=entry\" role=\"button\" target=\"_blank\">\n\t\t\t\t\t\t\t\t\t\tRecorrido en bicicleta TD Five Boro, domingo 3 de mayo\u00a0\n\t\t\t\t\t\t\t\t\t<\/a>\n\t\t<h2>\n\t\t\tElige tu propio evento\n\t\t<\/h2>\n\t\t\t<p>El programa Elige tu Propio Evento hace que a\u00f1adirle valor a tus millas sea simple y flexible. Te invitamos a inscribirte para participar en cualquier marat\u00f3n, media marat\u00f3n, triatl\u00f3n, Ironman, 5K, evento virtual o cualquier otro evento para recaudar fondos para ALS United Greater New York. Los atletas recibir\u00e1n una p\u00e1gina de recaudaci\u00f3n de fondos en l\u00ednea, una camiseta de rendimiento del Equipo ALS, consejos de entrenamiento, apoyo para la recaudaci\u00f3n de fondos, acceso a una comunidad motivadora del Equipo ALS y mucho m\u00e1s. Para m\u00e1s informaci\u00f3n o para participar, contacta con el departamento de eventos al 212.720.3054 o <a href=\"mailto:events@als-ny.org\" target=\"_blank\" rel=\"noopener noreferrer\" data-auth=\"NotApplicable\" data-linkindex=\"0\">events@als-ny.org<\/a><\/p>\t\t\n\t\t\t\t\t\t\t\t\t<img decoding=\"async\" src=\"https:\/\/als-ny.blackbaudwp.com\/wp-content\/uploads\/bb-plugin\/cache\/Massengill-Family-Friends-scaled-square.jpg\" alt=\"Massengill Family &amp; Friends\" itemprop=\"image\" height=\"1536\" width=\"2048\" title=\"Familia y amigos de Massengill\" onerror=\"this.style.display='none'\"  \/>\n\t\t<h3>\n\t\t\tMant\u00e9ngase conectado sobre la investigaci\u00f3n de ELA, los pr\u00f3ximos eventos y c\u00f3mo ALS United Greater New York est\u00e1 ayudando a los pacientes de su comunidad.\n\t\t<\/h3>\n\t\t\t<a href=\"https:\/\/als-ny.blackbaudwp.com\/es\/get-involved\/stay-connected\/#\/\"  target=\"_self\">\n\t\t\t\t\t\t\tAprende m\u00e1s\n\t\t\t<\/a>","protected":false},"excerpt":{"rendered":"<p>Team ALS Team ALS es el programa integral de resistencia de ALS United Greater New York creado para recaudar fondos para ayudar a combatir la ELA. Combine su pasi\u00f3n y compromiso para encontrar nuevos tratamientos...<\/p>","protected":false},"author":47,"featured_media":0,"parent":15,"menu_order":0,"comment_status":"closed","ping_status":"closed","template":"","meta":{"_acf_changed":false,"_monsterinsights_skip_tracking":false,"_monsterinsights_sitenote_active":false,"_monsterinsights_sitenote_note":"","_monsterinsights_sitenote_category":0,"footnotes":""},"class_list":["post-2057","page","type-page","status-publish","hentry"],"acf":[],"aioseo_notices":[],"_links":{"self":[{"href":"https:\/\/als-ny.blackbaudwp.com\/es\/wp-json\/wp\/v2\/pages\/2057","targetHints":{"allow":["GET"]}}],"collection":[{"href":"https:\/\/als-ny.blackbaudwp.com\/es\/wp-json\/wp\/v2\/pages"}],"about":[{"href":"https:\/\/als-ny.blackbaudwp.com\/es\/wp-json\/wp\/v2\/types\/page"}],"author":[{"embeddable":true,"href":"https:\/\/als-ny.blackbaudwp.com\/es\/wp-json\/wp\/v2\/users\/47"}],"replies":[{"embeddable":true,"href":"https:\/\/als-ny.blackbaudwp.com\/es\/wp-json\/wp\/v2\/comments?post=2057"}],"version-history":[{"count":10,"href":"https:\/\/als-ny.blackbaudwp.com\/es\/wp-json\/wp\/v2\/pages\/2057\/revisions"}],"predecessor-version":[{"id":7842,"href":"https:\/\/als-ny.blackbaudwp.com\/es\/wp-json\/wp\/v2\/pages\/2057\/revisions\/7842"}],"up":[{"embeddable":true,"href":"https:\/\/als-ny.blackbaudwp.com\/es\/wp-json\/wp\/v2\/pages\/15"}],"wp:attachment":[{"href":"https:\/\/als-ny.blackbaudwp.com\/es\/wp-json\/wp\/v2\/media?parent=2057"}],"curies":[{"name":"wp","href":"https:\/\/api.w.org\/{rel}","templated":true}]}}