{"id":2062,"date":"2022-10-13T10:09:04","date_gmt":"2022-10-13T14:09:04","guid":{"rendered":"https:\/\/als-ny.org\/?page_id=2062"},"modified":"2026-02-23T20:03:38","modified_gmt":"2026-02-24T01:03:38","slug":"events","status":"publish","type":"page","link":"https:\/\/als-ny.blackbaudwp.com\/es\/get-involved\/events\/","title":{"rendered":"Eventos"},"content":{"rendered":"<h1>\n\t\t\tEventos de ELA en el \u00e1rea metropolitana de Nueva York\n\t\t<\/h1>\n\t\t\t<p>ALS United Greater New York re\u00fane a la comunidad de ALS a trav\u00e9s de varios eventos durante todo el a\u00f1o para generar conciencia y recaudar fondos en beneficio de nuestra misi\u00f3n.<\/p>\t\t\n\t\t<h3>\n\t\t\tEventos destacados sobre ELA\n\t\t<\/h3>\n\t\t\t\t\t\t\t<a href=\"https:\/\/als-ny.blackbaudwp.com\/es\/als-awareness-days\/\" target=\"_blank\">\n\t\t\t\t\t\t\t\t\t\t<h4>Concientizaci\u00f3n sobre la ELA \u2013 Estadios de b\u00e9isbol de Nueva York<\/h4>\n\t\t\t\t\t\t\t\t<p>\u00a1\u00danase a nosotros para cualquiera o todos nuestros eventos de concientizaci\u00f3n sobre ELA en los estadios de Nueva York este verano!<\/p>\t\t\t\t\t\t\t\n\t\t\t\t\t\t\t\t\t<\/a>\n\t\t\t\t\t\t\t<a href=\"https:\/\/als-ny.blackbaudwp.com\/es\/get-involved\/events\/iron-horse-golf-classic\/\" target=\"_blank\">\n\t\t\t\t\t\t\t\t\t\t<h4>Cl\u00e1sico de golf Iron Horse<\/h4>\n\t\t\t\t\t\t\t\t<p>Los golfistas est\u00e1n invitados a unirse a nosotros en nuestro Golf Classic anual durante un d\u00eda completo en el campo del exclusivo Sands Point Golf Club en Long Island. El d\u00eda incluye desayuno, un tiro de salida a las 12:30 p. m., seguido de la cena.<\/p>\t\t\t\t\t\t\t\n\t\t\t\t\t\t\t\t\t<\/a>\n\t\t\t\t\t\t\t<a href=\"https:\/\/als-ny.blackbaudwp.com\/es\/get-involved\/events\/walk-als\/\" target=\"_blank\">\n\t\t\t\t\t\t\t\t\t\t<h4>Caminar ELA<\/h4>\n\t\t\t\t\t\t\t\t<p>\u00danase a nosotros en una de nuestras seis caminatas por toda la regi\u00f3n para recaudar fondos para las personas que viven con ALS. Cada a\u00f1o confiamos en nuestra comunidad para unirse y recaudar fondos para impulsar una innovaci\u00f3n audaz y urgente mientras marchamos juntos hacia una cura para la ELA.<\/p>\t\t\t\t\t\t\t\n\t\t\t\t\t\t\t\t\t<\/a>\n\t\t\t\t\t\t\t<a href=\"https:\/\/als-ny.blackbaudwp.com\/es\/ice-bucket-challange\/\" target=\"_blank\">\n\t\t\t\t\t\t\t\t\t\t<h4>El reto del cubo de hielo: 10 a\u00f1os despu\u00e9s<\/h4>\n\t\t\t\t\t\t\t\t<p>\u00a12024 es el d\u00e9cimo aniversario del primer Ice Bucket Challenge! Conozca hasta d\u00f3nde hemos llegado y apoye nuestro progreso continuo.\u00a0<\/p>\t\t\t\t\t\t\t\n\t\t\t\t\t\t\t\t\t<\/a>\n\t\t\t\t\t\t\t<a href=\"https:\/\/als-ny.blackbaudwp.com\/es\/get-involved\/events\/the-lou-gehrig-legacy-gala\/\" target=\"_blank\">\n\t\t\t\t\t\t\t\t\t\t<h4>Gala del legado de Lou Gehrig<\/h4>\n\t\t\t\t\t\t\t\t<p>\u00danase a nosotros el martes 11 de noviembre de 2025 en el Pier 60 en Nueva York.\u00a0<\/p>\t\t\t\t\t\t\t\n\t\t\t\t\t\t\t\t\t<\/a>\n\t\t\t\t\t\t\t<a href=\"https:\/\/als-ny.blackbaudwp.com\/es\/calendar\/team-als\/\" target=\"_blank\">\n\t\t\t\t\t\t\t\t\t\t<h4>equipo ELA<\/h4>\n\t\t\t\t\t\t\t\t<p>Combine su pasi\u00f3n y compromiso para encontrar una cura para la ELA mientras logra desaf\u00edos f\u00edsicos a trav\u00e9s de eventos deportivos, como maratones, triatlones, carreras de larga distancia, nataci\u00f3n y otras actividades de resistencia. \u00a1Te pondr\u00e1s en forma, har\u00e1s nuevos amigos y cambiar\u00e1s vidas!<\/p>\t\t\t\t\t\t\t\n\t\t\t\t\t\t\t\t\t<\/a>","protected":false},"excerpt":{"rendered":"<p>Eventos de ELA en el \u00e1rea metropolitana de Nueva York: ALS United Greater New York re\u00fane a la comunidad de ELA a trav\u00e9s de diversos eventos durante todo el a\u00f1o para crear conciencia y recaudar fondos para nuestra misi\u00f3n.<\/p>","protected":false},"author":47,"featured_media":0,"parent":1684,"menu_order":0,"comment_status":"closed","ping_status":"closed","template":"","meta":{"_acf_changed":false,"_monsterinsights_skip_tracking":false,"_monsterinsights_sitenote_active":false,"_monsterinsights_sitenote_note":"","_monsterinsights_sitenote_category":0,"footnotes":""},"class_list":["post-2062","page","type-page","status-publish","hentry"],"acf":[],"aioseo_notices":[],"_links":{"self":[{"href":"https:\/\/als-ny.blackbaudwp.com\/es\/wp-json\/wp\/v2\/pages\/2062","targetHints":{"allow":["GET"]}}],"collection":[{"href":"https:\/\/als-ny.blackbaudwp.com\/es\/wp-json\/wp\/v2\/pages"}],"about":[{"href":"https:\/\/als-ny.blackbaudwp.com\/es\/wp-json\/wp\/v2\/types\/page"}],"author":[{"embeddable":true,"href":"https:\/\/als-ny.blackbaudwp.com\/es\/wp-json\/wp\/v2\/users\/47"}],"replies":[{"embeddable":true,"href":"https:\/\/als-ny.blackbaudwp.com\/es\/wp-json\/wp\/v2\/comments?post=2062"}],"version-history":[{"count":10,"href":"https:\/\/als-ny.blackbaudwp.com\/es\/wp-json\/wp\/v2\/pages\/2062\/revisions"}],"predecessor-version":[{"id":7768,"href":"https:\/\/als-ny.blackbaudwp.com\/es\/wp-json\/wp\/v2\/pages\/2062\/revisions\/7768"}],"up":[{"embeddable":true,"href":"https:\/\/als-ny.blackbaudwp.com\/es\/wp-json\/wp\/v2\/pages\/1684"}],"wp:attachment":[{"href":"https:\/\/als-ny.blackbaudwp.com\/es\/wp-json\/wp\/v2\/media?parent=2062"}],"curies":[{"name":"wp","href":"https:\/\/api.w.org\/{rel}","templated":true}]}}