{"id":2101,"date":"2022-10-24T18:49:40","date_gmt":"2022-10-24T22:49:40","guid":{"rendered":"https:\/\/als-ny.org\/?page_id=2101"},"modified":"2022-10-24T19:48:37","modified_gmt":"2022-10-24T23:48:37","slug":"site-map","status":"publish","type":"page","link":"https:\/\/als-ny.blackbaudwp.com\/es\/site-map\/","title":{"rendered":"Mapa del sitio"},"content":{"rendered":"<h1>\n\t\t\tMapa del sitio\n\t\t<\/h1>\n\t<nav aria-label=\"Navegacion primaria\" itemscope=\"itemscope\" itemtype=\"https:\/\/schema.org\/SiteNavigationElement\">\n\t\t<ul><li><a href=\"https:\/\/als-ny.blackbaudwp.com\/es\/who-we-are\/\" tabindex=\"0\" role=\"link\">Quienes somos<\/a><ul>\t<li><a href=\"https:\/\/als-ny.blackbaudwp.com\/es\/who-we-are\/what-we-do\/\" tabindex=\"0\" role=\"link\">lo que hacemos<\/a><\/li>\t<li><a href=\"https:\/\/als-ny.blackbaudwp.com\/es\/who-we-are\/our-mission\/\" tabindex=\"0\" role=\"link\">Nuestra misi\u00f3n<\/a><\/li>\t<li><a href=\"https:\/\/als-ny.blackbaudwp.com\/es\/who-we-are\/our-impact\/\" tabindex=\"0\" role=\"link\">Nuestro impacto<\/a><\/li>\t<li><a href=\"https:\/\/als-ny.blackbaudwp.com\/es\/who-we-are\/board\/\" tabindex=\"0\" role=\"link\">Junta Directiva<\/a><\/li>\t<li><a href=\"https:\/\/als-ny.blackbaudwp.com\/es\/who-we-are\/financial-information\/\" tabindex=\"0\" role=\"link\">Informaci\u00f3n financiera<\/a><\/li>\t<li><a href=\"https:\/\/als-ny.blackbaudwp.com\/es\/who-we-are\/news-publications\/\" tabindex=\"0\" role=\"link\">Noticias y publicaciones<\/a><\/li>\t<li><a href=\"https:\/\/als-ny.blackbaudwp.com\/es\/who-we-are\/contact-us\/\" tabindex=\"0\" role=\"link\">Cont\u00e1ctenos<\/a><\/li><\/ul><\/li><li><a href=\"https:\/\/als-ny.blackbaudwp.com\/es\/understanding-als\/\" tabindex=\"0\" role=\"link\">Entendiendo la ELA<\/a><ul>\t<li><a href=\"https:\/\/als-ny.blackbaudwp.com\/es\/understanding-als\/what-is-als\/\" tabindex=\"0\" role=\"link\">\u00bfQu\u00e9 es ELA?<\/a><\/li>\t<li><a href=\"https:\/\/als-ny.blackbaudwp.com\/es\/understanding-als\/who-gets-als\/\" tabindex=\"0\" role=\"link\">\u00bfQui\u00e9n contrae ELA?<\/a><\/li>\t<li><a href=\"https:\/\/als-ny.blackbaudwp.com\/es\/understanding-als\/symptoms-and-diagnosis\/\" tabindex=\"0\" role=\"link\">S\u00edntomas y Diagn\u00f3stico<\/a><\/li>\t<li><a href=\"https:\/\/als-ny.blackbaudwp.com\/es\/understanding-als\/genetic-testing-for-als\/\" tabindex=\"0\" role=\"link\">Pruebas gen\u00e9ticas para la ELA<\/a><\/li>\t<li><a href=\"https:\/\/als-ny.blackbaudwp.com\/es\/understanding-als\/als-glossary\/\" tabindex=\"0\" role=\"link\">Glosario de ELA<\/a><\/li><\/ul><\/li><li><a href=\"https:\/\/als-ny.blackbaudwp.com\/es\/navigating-als\/\" tabindex=\"0\" role=\"link\">Navegando por ALS<\/a><ul>\t<li><a href=\"https:\/\/als-ny.blackbaudwp.com\/es\/navigating-als\/our-care-services\/\" tabindex=\"0\" role=\"link\">Nuestros servicios de atenci\u00f3n<\/a><\/li>\t<li><a href=\"https:\/\/als-ny.blackbaudwp.com\/es\/navigating-als\/newly-diagnosed\/\" tabindex=\"0\" role=\"link\">reci\u00e9n diagnosticado<\/a><\/li>\t<li><a href=\"https:\/\/als-ny.blackbaudwp.com\/es\/navigating-als\/support-groups\/\" tabindex=\"0\" role=\"link\">Grupos de apoyo<\/a><\/li>\t<li><a href=\"https:\/\/als-ny.blackbaudwp.com\/es\/navigating-als\/education\/\" tabindex=\"0\" role=\"link\">Educaci\u00f3n<\/a><\/li>\t<li><a href=\"https:\/\/als-ny.blackbaudwp.com\/es\/navigating-als\/als-clinics-and-centers\/\" tabindex=\"0\" role=\"link\">Cl\u00ednicas y centros de ELA<\/a><\/li>\t<li><a href=\"https:\/\/als-ny.blackbaudwp.com\/es\/navigating-als\/equipment-loan-program\/\" tabindex=\"0\" role=\"link\">Programa de Pr\u00e9stamo de Equipos<\/a><\/li>\t<li><a href=\"https:\/\/als-ny.blackbaudwp.com\/es\/navigating-als\/support-for-caregivers\/\" tabindex=\"0\" role=\"link\">Apoyo a los cuidadores<\/a><\/li>\t<li><a href=\"https:\/\/als-ny.blackbaudwp.com\/es\/navigating-als\/patient-grant-program\/\" tabindex=\"0\" role=\"link\">Programa de subvenciones para pacientes<\/a><\/li>\t<li><a href=\"https:\/\/als-ny.blackbaudwp.com\/es\/navigating-als\/transportation-program\/\" tabindex=\"0\" role=\"link\">Programa de Transporte<\/a><\/li>\t<li><a href=\"https:\/\/als-ny.blackbaudwp.com\/es\/navigating-als\/veterans\/\" tabindex=\"0\" role=\"link\">Asuntos y Beneficios de los Veteranos<\/a><\/li><\/ul><\/li><li><a href=\"https:\/\/als-ny.blackbaudwp.com\/es\/research\/\" tabindex=\"0\" role=\"link\">Investigar<\/a><ul>\t<li><a href=\"https:\/\/als-ny.blackbaudwp.com\/es\/research\/our-approach\/\" tabindex=\"0\" role=\"link\">Nuestro enfoque<\/a><\/li>\t<li><a href=\"https:\/\/als-ny.blackbaudwp.com\/es\/research\/research-we-funded\/\" tabindex=\"0\" role=\"link\">Investigaci\u00f3n que financiamos<\/a><\/li>\t<li><a href=\"https:\/\/als-ny.blackbaudwp.com\/es\/research\/clinical-trials\/\" tabindex=\"0\" role=\"link\">Ensayos cl\u00ednicos<\/a><\/li>\t<li><a href=\"https:\/\/als-ny.blackbaudwp.com\/es\/research\/scientific-focus-areas\/\" tabindex=\"0\" role=\"link\">\u00c1reas de enfoque cient\u00edfico<\/a><\/li>\t<li><a href=\"https:\/\/als-ny.blackbaudwp.com\/es\/research\/our-experts\/\" tabindex=\"0\" role=\"link\">Nuestros expertos<\/a><\/li>\t<li><a href=\"https:\/\/als-ny.blackbaudwp.com\/es\/research\/strategic-initiatives\/\" tabindex=\"0\" role=\"link\">Iniciativas estrategicas<\/a><\/li>\t<li><a href=\"https:\/\/als-ny.blackbaudwp.com\/es\/research\/milton-safenowitz-postdoctoral-fellows\/\" tabindex=\"0\" role=\"link\">Becarios posdoctorales Milton Safenowitz<\/a><\/li>\t<li><a href=\"#\" tabindex=\"0\" role=\"link\">Noticias y actualizaciones de investigaci\u00f3n<\/a><\/li><\/ul><\/li><li><a href=\"https:\/\/als-ny.blackbaudwp.com\/es\/advocacy\/\" tabindex=\"0\" role=\"link\">Abogac\u00eda<\/a><ul>\t<li><a href=\"https:\/\/als-ny.blackbaudwp.com\/es\/advocacy\/become-an-advocate\/\" tabindex=\"0\" role=\"link\">Convi\u00e9rtase en un defensor<\/a><\/li>\t<li><a href=\"https:\/\/als-ny.blackbaudwp.com\/es\/advocacy\/public-policy-priorities\/\" tabindex=\"0\" role=\"link\">Prioridades de pol\u00edtica p\u00fablica<\/a><\/li><\/ul><\/li><li><a href=\"https:\/\/als-ny.blackbaudwp.com\/es\/get-involved\/\" tabindex=\"0\" role=\"link\">Involucrarse<\/a><ul>\t<li><a href=\"https:\/\/als-ny.blackbaudwp.com\/es\/get-involved\/events\/\" tabindex=\"0\" role=\"link\">Eventos<\/a><ul>\t\t<li><a href=\"https:\/\/als-ny.blackbaudwp.com\/es\/calendar\/\" tabindex=\"0\" role=\"link\">Calendario<\/a><\/li>\t\t<li><a href=\"https:\/\/als-ny.blackbaudwp.com\/es\/get-involved\/walk-to-defeat-als\/\" tabindex=\"0\" role=\"link\">Camina para vencer a la ELA<\/a><\/li>\t\t<li><a href=\"https:\/\/als-ny.blackbaudwp.com\/es\/calendar\/team-als\/\" tabindex=\"0\" role=\"link\">equipo ELA<\/a><\/li><\/ul><\/li>\t<li><a href=\"https:\/\/als-ny.blackbaudwp.com\/es\/get-involved\/create-a-fundraiser\/\" tabindex=\"0\" role=\"link\">Crear una recaudaci\u00f3n de fondos<\/a><\/li>\t<li><a href=\"https:\/\/als-ny.blackbaudwp.com\/es\/get-involved\/young-professionals-group\/\" tabindex=\"0\" role=\"link\">Grupo de J\u00f3venes Profesionales<\/a><\/li>\t<li><a href=\"https:\/\/als-ny.blackbaudwp.com\/es\/get-involved\/youth-challenge\/\" tabindex=\"0\" role=\"link\">Desaf\u00edo de la Juventud<\/a><\/li>\t<li><a href=\"https:\/\/als-ny.blackbaudwp.com\/es\/get-involved\/volunteer\/\" tabindex=\"0\" role=\"link\">Voluntario<\/a><\/li>\t<li><a href=\"https:\/\/als-ny.blackbaudwp.com\/es\/get-involved\/sign-up-for-our-newsletter\/\" tabindex=\"0\" role=\"link\">Suscr\u00edbete a nuestro bolet\u00edn<\/a><\/li><\/ul><\/li><li><a href=\"https:\/\/secure2.convio.net\/alsa\/site\/Donation2;jsessionid=59F6FDF296ADE20294387D1D6111AA90.app296b?df_id=34360&#038;34360.donation=form1\" tabindex=\"0\" role=\"link\">Dar <\/a><ul>\t<li><a href=\"https:\/\/secure2.convio.net\/alsa\/site\/Donation2;jsessionid=59F6FDF296ADE20294387D1D6111AA90.app296b?df_id=34360&#038;34360.donation=form1\" tabindex=\"0\" role=\"link\">Done ahora<\/a><\/li>\t<li><a href=\"https:\/\/als-ny.blackbaudwp.com\/es\/ways-to-give\/\" tabindex=\"0\" role=\"link\">Formas de dar<\/a><ul>\t\t<li><a href=\"https:\/\/als-ny.blackbaudwp.com\/es\/ways-to-give\/planned-giving\/\" tabindex=\"0\" role=\"link\">Donaciones planificadas<\/a><\/li>\t\t<li><a href=\"#\" tabindex=\"0\" role=\"link\">Entrega de honor y conmemoraci\u00f3n<\/a><\/li><\/ul><\/li><\/ul><\/li><\/ul>\n\t\t\t<\/nav>","protected":false},"excerpt":{"rendered":"<p>Mapa del sitio Qui\u00e9nes somos Qu\u00e9 hacemos Nuestra misi\u00f3n Nuestro impacto Junta directiva Informaci\u00f3n financiera Noticias y publicaciones Cont\u00e1ctenos Entendiendo la ELA \u00bfQu\u00e9 es la ELA? \u00bfQui\u00e9n contrae ELA?\u2026<\/p>","protected":false},"author":47,"featured_media":0,"parent":0,"menu_order":0,"comment_status":"closed","ping_status":"closed","template":"","meta":{"_acf_changed":false,"_monsterinsights_skip_tracking":false,"_monsterinsights_sitenote_active":false,"_monsterinsights_sitenote_note":"","_monsterinsights_sitenote_category":0,"footnotes":""},"class_list":["post-2101","page","type-page","status-publish","hentry"],"acf":[],"aioseo_notices":[],"_links":{"self":[{"href":"https:\/\/als-ny.blackbaudwp.com\/es\/wp-json\/wp\/v2\/pages\/2101","targetHints":{"allow":["GET"]}}],"collection":[{"href":"https:\/\/als-ny.blackbaudwp.com\/es\/wp-json\/wp\/v2\/pages"}],"about":[{"href":"https:\/\/als-ny.blackbaudwp.com\/es\/wp-json\/wp\/v2\/types\/page"}],"author":[{"embeddable":true,"href":"https:\/\/als-ny.blackbaudwp.com\/es\/wp-json\/wp\/v2\/users\/47"}],"replies":[{"embeddable":true,"href":"https:\/\/als-ny.blackbaudwp.com\/es\/wp-json\/wp\/v2\/comments?post=2101"}],"version-history":[{"count":3,"href":"https:\/\/als-ny.blackbaudwp.com\/es\/wp-json\/wp\/v2\/pages\/2101\/revisions"}],"predecessor-version":[{"id":2107,"href":"https:\/\/als-ny.blackbaudwp.com\/es\/wp-json\/wp\/v2\/pages\/2101\/revisions\/2107"}],"wp:attachment":[{"href":"https:\/\/als-ny.blackbaudwp.com\/es\/wp-json\/wp\/v2\/media?parent=2101"}],"curies":[{"name":"wp","href":"https:\/\/api.w.org\/{rel}","templated":true}]}}