{"id":2875,"date":"2022-12-06T17:20:57","date_gmt":"2022-12-06T22:20:57","guid":{"rendered":"https:\/\/als-ny.org\/?page_id=2875"},"modified":"2026-01-30T13:57:33","modified_gmt":"2026-01-30T18:57:33","slug":"walk-als","status":"publish","type":"page","link":"https:\/\/als-ny.blackbaudwp.com\/es\/get-involved\/events\/walk-als\/","title":{"rendered":"CAMINAR ALS"},"content":{"rendered":"<p>Walk ALS es la forma #1 de unirnos y recaudar fondos para quienes viven con ELA. Cada a\u00f1o, la recaudaci\u00f3n de fondos a trav\u00e9s de nuestro programa Walk ALS impulsa innovaciones audaces y urgentes mientras caminamos juntos hacia la cura de la ELA.\u00a0<\/p>\t\t\n\t\t<h2>\n\t\t\tFECHAS DE LA CAMINATA 2026\n\t\t<\/h2>\n\t\t\t<p>Su participaci\u00f3n, compromiso y esfuerzo a trav\u00e9s del programa Caminata por la ELA son cruciales para apoyar a la comunidad de ELA en todo lo posible. Los fondos recaudados a trav\u00e9s de nuestras Caminatas contribuyen al avance de la investigaci\u00f3n pionera, a mantener la continuidad de la atenci\u00f3n al paciente y a promover la defensa de las personas afectadas por la ELA.<\/p>\t\t\n\t\t\t\t\t\t\t\t\t<img decoding=\"async\" src=\"https:\/\/als-ny.blackbaudwp.com\/wp-content\/uploads\/2026\/01\/ALS-NYC-050325-595.jpg\" alt=\"Walk ALS New York CitySouth Street Seaport Pier 16May 3, 2025Photo: James Higgins\" itemprop=\"image\" height=\"5071\" width=\"7607\" title=\"ALS Nueva York 050325 595\" onerror=\"this.style.display='none'\"  \/>\n\t\t<h4>\n\t\t\t\t\t\t\t<a\n\t\t\t\t\thref=\"https:\/\/secure.als-ny.org\/site\/TR?fr_id=1470&#038;pg=entry\"\n\t\t\t\t\ttarget=\"_blank\">\n\t\t\tWALK ALS Nueva York\n\t\t\t\t\t\t\t<\/a>\n\t\t<\/h4>\n\t\t\t<p><strong>S\u00e1bado 2 de mayo<\/strong><br \/>Puerto mar\u00edtimo de South Street \u2013 Muelle 16<br \/>Nueva York, NY<\/p>\t\t\n\t\t\t<a href=\"https:\/\/secure.als-ny.org\/site\/TR?fr_id=1470&#038;pg=entry\"  target=\"_blank\" rel=\"noopener\">\n\t\t\t\t\t\t\t\u00a1Haga clic aqu\u00ed!\n\t\t\t\t\t<\/a>\n\t\t\t\t\t\t\t\t\t<img decoding=\"async\" src=\"https:\/\/als-ny.blackbaudwp.com\/wp-content\/uploads\/2026\/01\/Superheroes.jpg\" alt=\"Walk ALS WestchesterManhattanville UniversityPurchase, NYMay 31, 2025Photos: James Higgins\" itemprop=\"image\" height=\"3893\" width=\"5892\" title=\"Superh\u00e9roes\" onerror=\"this.style.display='none'\"  \/>\n\t\t<h4>\n\t\t\t\t\t\t\t<a\n\t\t\t\t\thref=\"https:\/\/secure.als-ny.org\/site\/TR?fr_id=1471&#038;pg=entry\"\n\t\t\t\t\ttarget=\"_blank\">\n\t\t\tCAMINAR ALS Westchester\n\t\t\t\t\t\t\t<\/a>\n\t\t<\/h4>\n\t\t\t<p><strong>S\u00e1bado 30 de mayo<\/strong><br \/>Universidad de Manhattanville<br \/>Compra, Nueva York<\/p>\t\t\n\t\t\t<a href=\"https:\/\/secure.als-ny.org\/site\/TR?fr_id=1471&#038;pg=entry\"  target=\"_blank\" rel=\"noopener\">\n\t\t\t\t\t\t\t\u00a1Haga clic aqu\u00ed!\n\t\t\t\t\t<\/a>\n\t\t\t\t\t\t\t\t\t<img decoding=\"async\" src=\"https:\/\/als-ny.blackbaudwp.com\/wp-content\/uploads\/2026\/01\/TeamSmitty.jpg\" alt=\"Walk ALS North JerseySaddle River County Park Saddle Brooke, NJJune 8, 2025Photos: James Higgins\" itemprop=\"image\" height=\"5152\" width=\"7728\" title=\"Equipo Smitty\" onerror=\"this.style.display='none'\"  \/>\n\t\t<h4>\n\t\t\t\t\t\t\t<a\n\t\t\t\t\thref=\"https:\/\/secure.als-ny.org\/site\/TR?fr_id=1472&#038;pg=entry\"\n\t\t\t\t\ttarget=\"_blank\">\n\t\t\tCAMINAR ELA Norte de Jersey\n\t\t\t\t\t\t\t<\/a>\n\t\t<\/h4>\n\t\t\t<p><strong>Domingo 7 de junio<\/strong><br \/>Parque del condado de Saddle River<br \/>Saddle Brook, Nueva Jersey<\/p>\t\t\n\t\t\t<a href=\"https:\/\/secure.als-ny.org\/site\/TR?fr_id=1472&#038;pg=entry\"  target=\"_blank\" rel=\"noopener\">\n\t\t\t\t\t\t\t\u00a1Haga clic aqu\u00ed!\n\t\t\t\t\t<\/a>\n\t\t\t\t\t\t\t\t\t<img decoding=\"async\" src=\"https:\/\/als-ny.blackbaudwp.com\/wp-content\/uploads\/bb-plugin\/cache\/SavStrong-Walk-ALS-Long-Island-scaled-landscape.jpg\" alt=\"SavStrong Walk ALS Long Island\" itemprop=\"image\" height=\"1365\" width=\"2048\" title=\"Paseo SavStrong ALS Long Island\" onerror=\"this.style.display='none'\"  \/>\n\t\t<h4>\n\t\t\t\t\t\t\t<a\n\t\t\t\t\thref=\"https:\/\/secure.als-ny.org\/site\/TR?fr_id=1473&#038;pg=entry\"\n\t\t\t\t\ttarget=\"_blank\">\n\t\t\tCAMINAR ALS Long Island \n\t\t\t\t\t\t\t<\/a>\n\t\t<\/h4>\n\t\t\t<p><strong>S\u00e1bado 19 de septiembre<\/strong><br \/>Parque Eisenhower<br \/>East Meadow, Nueva York<\/p>\t\t\n\t\t\t<a href=\"https:\/\/secure.als-ny.org\/site\/TR?fr_id=1473&#038;pg=entry\"  target=\"_blank\" rel=\"noopener\">\n\t\t\t\t\t\t\t\u00a1Haga clic aqu\u00ed!\n\t\t\t\t\t<\/a>\n\t\t\t\t\t\t\t\t\t<img decoding=\"async\" src=\"https:\/\/als-ny.blackbaudwp.com\/wp-content\/uploads\/bb-plugin\/cache\/ALS_Walk_LongBranch-scaled-landscape.jpg\" alt=\"ALS Walk LongBranch\" itemprop=\"image\" height=\"1365\" width=\"2048\" title=\"ALS Walk LongBranch\" onerror=\"this.style.display='none'\"  \/>\n\t\t<h4>\n\t\t\t\t\t\t\t<a\n\t\t\t\t\thref=\"https:\/\/secure.als-ny.org\/site\/TR?fr_id=1474&#038;pg=entry\"\n\t\t\t\t\ttarget=\"_blank\">\n\t\t\tCAMINAR ALS Jersey Shore\n\t\t\t\t\t\t\t<\/a>\n\t\t<\/h4>\n\t\t\t<p><strong>S\u00e1bado 26 de septiembre<\/strong><\/p>A lo largo del paseo mar\u00edtimoLong Branch, NJ\t\t\n\t\t\t<a href=\"https:\/\/secure.als-ny.org\/site\/TR?fr_id=1474&#038;pg=entry\"  target=\"_blank\" rel=\"noopener\">\n\t\t\t\t\t\t\t\u00a1Haga clic aqu\u00ed!\n\t\t\t\t\t<\/a>\n\t\t\t\t\t\t\t\t\t<img decoding=\"async\" src=\"https:\/\/als-ny.blackbaudwp.com\/wp-content\/uploads\/bb-plugin\/cache\/Hudson-Valley-WAlk-ALS-25-scaled-landscape.jpg\" alt=\"Hudson Valley WAlk ALS 25\" itemprop=\"image\" height=\"1365\" width=\"2048\" title=\"Caminata por el valle del Hudson ALS 25\" onerror=\"this.style.display='none'\"  \/>\n\t\t<h4>\n\t\t\t\t\t\t\t<a\n\t\t\t\t\thref=\"https:\/\/secure.als-ny.org\/site\/TR?fr_id=1480&#038;pg=entry\"\n\t\t\t\t\ttarget=\"_blank\">\n\t\t\tCAMINAR ELA Valle del Hudson\n\t\t\t\t\t\t\t<\/a>\n\t\t<\/h4>\n\t\t\t<p><strong>Domingo 18 de octubre<\/strong><br \/>Pasarela sobre el Hudson<br \/>Highland, Nueva York<\/p>\t\t\n\t\t\t<a href=\"https:\/\/secure.als-ny.org\/site\/TR?fr_id=1480&#038;pg=entry\"  target=\"_blank\" rel=\"noopener\">\n\t\t\t\t\t\t\t\u00a1Haga clic aqu\u00ed!\n\t\t\t\t\t<\/a>\n\t\t\t\t\t\t\t<a href=\"https:\/\/als-ny.blackbaudwp.com\/es\/get-involved\/volunteer\/#\/\" target=\"_blank\">\n\t\t\t\t\t\t\t\t\t\t<h3>Voluntario<\/h3>\n\t\t\t\t\t\t\t\t<p>La Caminata s\u00f3lo es posible con la pasi\u00f3n y dedicaci\u00f3n de nuestros maravillosos voluntarios. Hay muchas maneras de ofrecer su ayuda. Comun\u00edquese con Shelby Cicero en scicero@als-ny.org o (212) 720-3043.<\/p>\t\t\t\t\t\t\t\n\t\t\t\t\t\t\t\t\t<\/a>\n\t\t\t\t\t\t\t<a href=\"https:\/\/als-ny.blackbaudwp.com\/es\/get-involved\/volunteer\/\" target=\"_self\">\n\t\t\t\t\t\t\t\t\t\t<h3>Cont\u00e1ctenos<\/h3>\n\t\t\t\t\t\t\t\t<p>Para obtener m\u00e1s informaci\u00f3n, comun\u00edquese con Meg Emery al (212) 720-3049 o memery@als-ny.org.<\/p>\t\t\t\t\t\t\t\n\t\t\t\t\t\t\t\t\t<\/a>\n\t\t\t\t\t\t\t<a href=\"https:\/\/als-ny.blackbaudwp.com\/es\/advocacy\/become-an-advocate\/\" target=\"_self\">\n\t\t\t\t\t\t\t\t\t\t<h3>Cu\u00e9ntanos por qu\u00e9 caminas<\/h3>\n\t\t\t\t\t\t\t\t<p>Compartir su historia de \u201cPor qu\u00e9 camino\u201d puede aumentar la concientizaci\u00f3n y el apoyo a la Caminata. Env\u00edenos su historia a walks@als-ny.org.<\/p>\t\t\t\t\t\t\t\n\t\t\t\t\t\t\t\t\t<\/a>\n\t\t<h3>\n\t\t\t\u00a1Solo podemos ofrecer servicios gratuitos con la ayuda de donantes y recaudadores de fondos como usted!\n\t\t<\/h3>\n\t\t\t<a href=\"https:\/\/secure.als-ny.org\/site\/Donation2?df_id=1500&#038;mfc_pref=T&#038;1500.donation=form1\"  target=\"_blank\" rel=\"noopener\">\n\t\t\t\t\t\t\tDonar\n\t\t\t\t\t<\/a>\n\t\t\t<a href=\"https:\/\/als-ny.blackbaudwp.com\/es\/get-involved\/create-a-fundraiser\/\"  target=\"_self\">\n\t\t\t\t\t\t\trecaudar fondos\n\t\t\t\t\t<\/a>","protected":false},"excerpt":{"rendered":"<p>Walk ALS es la forma #1 de unirnos y recaudar fondos para quienes viven con ELA. Cada a\u00f1o, la recaudaci\u00f3n de fondos a trav\u00e9s de nuestro programa Walk ALS impulsa innovaciones audaces y urgentes a medida que\u2026<\/p>","protected":false},"author":49,"featured_media":0,"parent":2062,"menu_order":0,"comment_status":"closed","ping_status":"closed","template":"","meta":{"_acf_changed":false,"_monsterinsights_skip_tracking":false,"_monsterinsights_sitenote_active":false,"_monsterinsights_sitenote_note":"","_monsterinsights_sitenote_category":0,"footnotes":""},"class_list":["post-2875","page","type-page","status-publish","hentry"],"acf":[],"aioseo_notices":[],"_links":{"self":[{"href":"https:\/\/als-ny.blackbaudwp.com\/es\/wp-json\/wp\/v2\/pages\/2875","targetHints":{"allow":["GET"]}}],"collection":[{"href":"https:\/\/als-ny.blackbaudwp.com\/es\/wp-json\/wp\/v2\/pages"}],"about":[{"href":"https:\/\/als-ny.blackbaudwp.com\/es\/wp-json\/wp\/v2\/types\/page"}],"author":[{"embeddable":true,"href":"https:\/\/als-ny.blackbaudwp.com\/es\/wp-json\/wp\/v2\/users\/49"}],"replies":[{"embeddable":true,"href":"https:\/\/als-ny.blackbaudwp.com\/es\/wp-json\/wp\/v2\/comments?post=2875"}],"version-history":[{"count":11,"href":"https:\/\/als-ny.blackbaudwp.com\/es\/wp-json\/wp\/v2\/pages\/2875\/revisions"}],"predecessor-version":[{"id":7715,"href":"https:\/\/als-ny.blackbaudwp.com\/es\/wp-json\/wp\/v2\/pages\/2875\/revisions\/7715"}],"up":[{"embeddable":true,"href":"https:\/\/als-ny.blackbaudwp.com\/es\/wp-json\/wp\/v2\/pages\/2062"}],"wp:attachment":[{"href":"https:\/\/als-ny.blackbaudwp.com\/es\/wp-json\/wp\/v2\/media?parent=2875"}],"curies":[{"name":"wp","href":"https:\/\/api.w.org\/{rel}","templated":true}]}}