{"id":4837,"date":"2023-11-27T13:17:43","date_gmt":"2023-11-27T18:17:43","guid":{"rendered":"https:\/\/als-ny.org\/?page_id=4837"},"modified":"2025-07-16T13:10:11","modified_gmt":"2025-07-16T17:10:11","slug":"bereavement-resources","status":"publish","type":"page","link":"https:\/\/als-ny.blackbaudwp.com\/es\/bereavement-resources\/","title":{"rendered":"Recursos para el duelo"},"content":{"rendered":"<p>Cuando el viaje de una persona con ELA termina, sus amigos cercanos y familiares comenzar\u00e1n un proceso de duelo a trav\u00e9s del cual llorar\u00e1n y enfrentar\u00e1n un futuro sin su ser querido. Estos recursos para el duelo de ELA est\u00e1n dise\u00f1ados para brindarles a los familiares herramientas, recursos y informaci\u00f3n sobre el duelo y el proceso de duelo y para ayudarle durante este viaje dif\u00edcil, emocional y a menudo aterrador.<\/p>\t\t\n\t\t\t\t\t\t\t\t\t<img decoding=\"async\" src=\"https:\/\/als-ny.blackbaudwp.com\/wp-content\/uploads\/2023\/11\/Website-photos-Facebook-Post-Landscape.png\" alt=\"Painting of flowers by person living with ALS\" itemprop=\"image\" height=\"1080\" width=\"1080\" srcset=\"https:\/\/als-ny.blackbaudwp.com\/wp-content\/uploads\/2023\/11\/Website-photos-Facebook-Post-Landscape.png 1080w, https:\/\/als-ny.blackbaudwp.com\/wp-content\/uploads\/2023\/11\/Website-photos-Facebook-Post-Landscape-150x150.png 150w, https:\/\/als-ny.blackbaudwp.com\/wp-content\/uploads\/2023\/11\/Website-photos-Facebook-Post-Landscape-768x768.png 768w, https:\/\/als-ny.blackbaudwp.com\/wp-content\/uploads\/2023\/11\/Website-photos-Facebook-Post-Landscape-760x760.png 760w, https:\/\/als-ny.blackbaudwp.com\/wp-content\/uploads\/2023\/11\/Website-photos-Facebook-Post-Landscape-12x12.png 12w\" sizes=\"(max-width: 1080px) 100vw, 1080px\" title=\"Pintura de flores realizada por una persona que vive con ELA\" onerror=\"this.style.display='none'\"  \/>\n\t<strong>Reuniones del grupo de apoyo para el duelo de ELA<\/strong><br \/>\nALS United Greater New York ofrece grupos de apoyo quincenalmente y apoyo individual para quienes han perdido a un ser querido a causa de la ELA. Estos grupos de apoyo ofrecen oportunidades para que los cuidadores sobrevivientes y otros familiares de personas con ELA se conecten en espacios seguros para sentir, sanar y recordar. Vis\u00edtenos cuando su horario lo permita. Haga clic en nuestro <a href=\"https:\/\/als-ny.blackbaudwp.com\/es\/navigating-als\/support-groups\/\">calendario<\/a> para el horario.\n<strong>Soporte durante todo el a\u00f1o<\/strong><br \/>\nEl duelo no sigue un horario; puede surgir en oleadas, inesperadamente y mucho despu\u00e9s de una p\u00e9rdida. Nuestro equipo lo entiende y estamos aqu\u00ed para apoyar a personas y familias en cada etapa de su proceso de duelo. Ya sea a trav\u00e9s de grupos de apoyo, comunicaciones, consultas, recursos o simplemente estando presentes, acompa\u00f1amos a quienes est\u00e1n de duelo con compasi\u00f3n, comprensi\u00f3n y atenci\u00f3n continua durante todo el a\u00f1o.\n<strong>Afrontando el duelo juntos: Serie de apoyo de ocho sesiones<\/strong><br \/>\nEste es un grupo de apoyo estructurado donde un grupo peque\u00f1o y comprometido de participantes comparte su camino a lo largo de varias sesiones, construyendo confianza, conexi\u00f3n y entendimiento mutuo a lo largo del camino. Dado que cada sesi\u00f3n se basa en la anterior, el cupo es limitado y solicitamos que todos se comprometan a asistir a la serie completa. Esto crea un entorno seguro y de apoyo donde se pueden desarrollar conexiones significativas. Para m\u00e1s informaci\u00f3n, contacte a Michelle McKenzie en <a href=\"mailto:Mmckenzie@als-ny.org\" target=\"_blank\" rel=\"noopener\">Mmckenzie@als-ny.org<\/a>\n<strong>Ceremonia de recuerdo<\/strong><br \/>\nUna vez al a\u00f1o, nuestro personal y los seres queridos que han fallecido recientemente se re\u00fanen para compartir recuerdos, fotos e historias. Juntos, recordamos y rendimos homenaje a los seres queridos que fallecieron a causa de ELA el a\u00f1o anterior. Para m\u00e1s informaci\u00f3n, contacte con Chris Dunn en dunn@als-ny.org.\n\t<h3>Recursos para el duelo de ELA<\/h3>\n<p><a href=\"https:\/\/www.psychologytoday.com\/us\/blog\/a-widows-guide-to-healing\/202303\/5-ways-to-practice-self-care-after-a-loss\" target=\"_blank\" rel=\"noopener\">5 formas de practicar el cuidado personal despu\u00e9s de una p\u00e9rdida | Psicolog\u00eda Hoy<\/a><\/p>\n<p>\u201cInmediatamente despu\u00e9s de la muerte de su ser querido, es posible que se sienta como si estuviera en una niebla, y esto es normal. Lo m\u00e1s probable es que estuviera ocupado con actividades (es decir, planificando una reuni\u00f3n conmemorativa) que desviaron parte de su atenci\u00f3n de su dolor. Y ahora que la realidad y el peso de su p\u00e9rdida est\u00e1n empezando a asimilarse, es posible que tenga dificultades para saber c\u00f3mo cuidar de s\u00ed mismo\u201d.<\/p>\n<p><a href=\"https:\/\/www.psychologytoday.com\/us\/blog\/laugh-cry-live\/202303\/as-you-grieve-your-brain-redraws-its-neural-map\" target=\"_blank\" rel=\"noopener\">C\u00f3mo se reconfigura el cerebro durante el duelo | Psicolog\u00eda Hoy<\/a><\/p>\n<p>\u201cEn las \u00faltimas d\u00e9cadas, la neurociencia ha revelado informaci\u00f3n fascinante sobre nuestras relaciones y lo que sucede en nuestro cerebro cuando lloramos a un ser querido que ha muerto o se ha ido. Cuando un c\u00f3nyuge devoto muere o una pareja amada termina unilateralmente una relaci\u00f3n, nuestro cerebro afligido tiene un enorme trabajo de reconfiguraci\u00f3n que hacer\u201d.<\/p>\n<p><a href=\"https:\/\/www.psychologytoday.com\/us\/blog\/minding-the-body\/201603\/walking-through-grief-and-healing#:~:text=Walking%20outdoors%20in%20natural%20surroundings%2C%20as%20opposed%20to,nature%20helps%20boost%20mood%20and%20restore%20mental%20focus\">Caminando a trav\u00e9s del duelo y la curaci\u00f3n | Psicolog\u00eda Hoy<\/a><\/p>\n<p>En lo m\u00e1s profundo del duelo, puede resultar dif\u00edcil reunir la energ\u00eda para cuidar de uno mismo. Hacer algo de ejercicio es un paso en la direcci\u00f3n correcta y es importante empezar poco a poco y tom\u00e1rselo con calma.<\/p>","protected":false},"excerpt":{"rendered":"<p>Cuando el viaje de una persona ha terminado con ELA, amigos cercanos y familiares comenzar\u00e1n un proceso de duelo a trav\u00e9s del cual llorar\u00e1n y enfrentar\u00e1n un futuro sin sus seres queridos...<\/p>","protected":false},"author":49,"featured_media":0,"parent":0,"menu_order":0,"comment_status":"closed","ping_status":"closed","template":"","meta":{"_acf_changed":false,"_monsterinsights_skip_tracking":false,"_monsterinsights_sitenote_active":false,"_monsterinsights_sitenote_note":"","_monsterinsights_sitenote_category":0,"footnotes":""},"class_list":["post-4837","page","type-page","status-publish","hentry"],"acf":[],"aioseo_notices":[],"_links":{"self":[{"href":"https:\/\/als-ny.blackbaudwp.com\/es\/wp-json\/wp\/v2\/pages\/4837","targetHints":{"allow":["GET"]}}],"collection":[{"href":"https:\/\/als-ny.blackbaudwp.com\/es\/wp-json\/wp\/v2\/pages"}],"about":[{"href":"https:\/\/als-ny.blackbaudwp.com\/es\/wp-json\/wp\/v2\/types\/page"}],"author":[{"embeddable":true,"href":"https:\/\/als-ny.blackbaudwp.com\/es\/wp-json\/wp\/v2\/users\/49"}],"replies":[{"embeddable":true,"href":"https:\/\/als-ny.blackbaudwp.com\/es\/wp-json\/wp\/v2\/comments?post=4837"}],"version-history":[{"count":10,"href":"https:\/\/als-ny.blackbaudwp.com\/es\/wp-json\/wp\/v2\/pages\/4837\/revisions"}],"predecessor-version":[{"id":7108,"href":"https:\/\/als-ny.blackbaudwp.com\/es\/wp-json\/wp\/v2\/pages\/4837\/revisions\/7108"}],"wp:attachment":[{"href":"https:\/\/als-ny.blackbaudwp.com\/es\/wp-json\/wp\/v2\/media?parent=4837"}],"curies":[{"name":"wp","href":"https:\/\/api.w.org\/{rel}","templated":true}]}}