{"id":5451,"date":"2024-05-08T14:32:38","date_gmt":"2024-05-08T18:32:38","guid":{"rendered":"https:\/\/als-ny.org\/?page_id=5451"},"modified":"2025-05-12T11:02:21","modified_gmt":"2025-05-12T15:02:21","slug":"als-awareness-days","status":"publish","type":"page","link":"https:\/\/als-ny.blackbaudwp.com\/es\/als-awareness-days\/","title":{"rendered":"Jornadas de concientizaci\u00f3n sobre ELA en el estadio"},"content":{"rendered":"<p>El D\u00eda de Lou Gehrig, que se celebra anualmente el 2 de junio, conmemora el momento en que Gehrig se convirti\u00f3 en el primera base titular de los Yankees de Nueva York, lo que marc\u00f3 el inicio de su notable racha de juegos consecutivos jugados. Tambi\u00e9n sirve como recordatorio del d\u00eda en que falleci\u00f3 debido a complicaciones de la ELA. En 2021, la Major League Baseball hizo oficial el D\u00eda de Lou Gehrig, un momento para rendir homenaje a quienes luchan valientemente contra la ELA y honrar la memoria de todos los que han perdido la batalla contra esta devastadora enfermedad.<\/p>\t\t\n\t\t\t\t<a\n\t\t\thref=\"https:\/\/als-ny.blackbaudwp.com\/wp-content\/uploads\/2024\/05\/Jeanette-McConnell-Friends-1400x1050.jpg\"\n\t\t\t\t\t\tdata-fancybox=\"images\" \n\t\t\ttitle=\"\" \n\t\t\t\t\t\tdata-caption=\"\"\n\t\t\t\t\t\tdata-description=\"\" \n\t\t\titemprop=\"contentUrl\">\n\t\t\t<img decoding=\"async\" src=\"https:\/\/als-ny.blackbaudwp.com\/wp-content\/uploads\/2024\/05\/Jeanette-McConnell-Friends-1400x1050.jpg\" alt=\"\" data-no-lazy=\"1\" itemprop=\"thumbnail\" width=\"1400\" height=\"1050\" \/>\n\t\t\t<!-- Overlay Wrapper -->\n\t\t\t <!-- Overlay Wrapper Closed -->\n\t\t\t\t<\/a>\n\t\t\t\t\t\t\t<meta itemprop=\"width\" content=\"1400\" \/>\n\t\t\t<meta itemprop=\"height\" content=\"1050\" \/>\n\t\t\t\t<a\n\t\t\thref=\"https:\/\/als-ny.blackbaudwp.com\/wp-content\/uploads\/2024\/05\/Resized_20230704_141241.jpeg\"\n\t\t\t\t\t\tdata-fancybox=\"images\" \n\t\t\ttitle=\"\" \n\t\t\t\t\t\tdata-caption=\"\"\n\t\t\t\t\t\tdata-description=\"\" \n\t\t\titemprop=\"contentUrl\">\n\t\t\t<img decoding=\"async\" src=\"https:\/\/als-ny.blackbaudwp.com\/wp-content\/uploads\/2024\/05\/Resized_20230704_141241.jpeg\" alt=\"\" data-no-lazy=\"1\" itemprop=\"thumbnail\" width=\"1008\" height=\"756\" \/>\n\t\t\t<!-- Overlay Wrapper -->\n\t\t\t <!-- Overlay Wrapper Closed -->\n\t\t\t\t<\/a>\n\t\t\t\t\t\t\t<meta itemprop=\"width\" content=\"1008\" \/>\n\t\t\t<meta itemprop=\"height\" content=\"756\" \/>\n\t\t\t\t<a\n\t\t\thref=\"https:\/\/als-ny.blackbaudwp.com\/wp-content\/uploads\/2024\/05\/Messina-Family-1400x1050.jpg\"\n\t\t\t\t\t\tdata-fancybox=\"images\" \n\t\t\ttitle=\"\" \n\t\t\t\t\t\tdata-caption=\"\"\n\t\t\t\t\t\tdata-description=\"\" \n\t\t\titemprop=\"contentUrl\">\n\t\t\t<img decoding=\"async\" src=\"https:\/\/als-ny.blackbaudwp.com\/wp-content\/uploads\/2024\/05\/Messina-Family-1400x1050.jpg\" alt=\"\" data-no-lazy=\"1\" itemprop=\"thumbnail\" width=\"1400\" height=\"1050\" \/>\n\t\t\t<!-- Overlay Wrapper -->\n\t\t\t <!-- Overlay Wrapper Closed -->\n\t\t\t\t<\/a>\n\t\t\t\t\t\t\t<meta itemprop=\"width\" content=\"1400\" \/>\n\t\t\t<meta itemprop=\"height\" content=\"1050\" \/>\n\t\t\t\t<a\n\t\t\thref=\"https:\/\/als-ny.blackbaudwp.com\/wp-content\/uploads\/2024\/05\/IMG_0185.jpg\"\n\t\t\t\t\t\tdata-fancybox=\"images\" \n\t\t\ttitle=\"\" \n\t\t\t\t\t\tdata-caption=\"\"\n\t\t\t\t\t\tdata-description=\"\" \n\t\t\titemprop=\"contentUrl\">\n\t\t\t<img decoding=\"async\" src=\"https:\/\/als-ny.blackbaudwp.com\/wp-content\/uploads\/2024\/05\/IMG_0185.jpg\" alt=\"\" data-no-lazy=\"1\" itemprop=\"thumbnail\" width=\"480\" height=\"360\" \/>\n\t\t\t<!-- Overlay Wrapper -->\n\t\t\t <!-- Overlay Wrapper Closed -->\n\t\t\t\t<\/a>\n\t\t\t\t\t\t\t<meta itemprop=\"width\" content=\"480\" \/>\n\t\t\t<meta itemprop=\"height\" content=\"360\" \/>\n\t\t\t\t<a\n\t\t\thref=\"https:\/\/als-ny.blackbaudwp.com\/wp-content\/uploads\/2024\/05\/Bibi-and-Dave-2-1400x984.jpg\"\n\t\t\t\t\t\tdata-fancybox=\"images\" \n\t\t\ttitle=\"\" \n\t\t\t\t\t\tdata-caption=\"\"\n\t\t\t\t\t\tdata-description=\"\" \n\t\t\titemprop=\"contentUrl\">\n\t\t\t<img decoding=\"async\" src=\"https:\/\/als-ny.blackbaudwp.com\/wp-content\/uploads\/2024\/05\/Bibi-and-Dave-2-1400x984.jpg\" alt=\"\" data-no-lazy=\"1\" itemprop=\"thumbnail\" width=\"1400\" height=\"984\" \/>\n\t\t\t<!-- Overlay Wrapper -->\n\t\t\t <!-- Overlay Wrapper Closed -->\n\t\t\t\t<\/a>\n\t\t\t\t\t\t\t<meta itemprop=\"width\" content=\"1400\" \/>\n\t\t\t<meta itemprop=\"height\" content=\"984\" \/>\n\t\t\t\t<a\n\t\t\thref=\"https:\/\/als-ny.blackbaudwp.com\/wp-content\/uploads\/2024\/05\/Amanda-Laskey-1400x1050.jpg\"\n\t\t\t\t\t\tdata-fancybox=\"images\" \n\t\t\ttitle=\"\" \n\t\t\t\t\t\tdata-caption=\"\"\n\t\t\t\t\t\tdata-description=\"\" \n\t\t\titemprop=\"contentUrl\">\n\t\t\t<img decoding=\"async\" src=\"https:\/\/als-ny.blackbaudwp.com\/wp-content\/uploads\/2024\/05\/Amanda-Laskey-1400x1050.jpg\" alt=\"\" data-no-lazy=\"1\" itemprop=\"thumbnail\" width=\"1400\" height=\"1050\" \/>\n\t\t\t<!-- Overlay Wrapper -->\n\t\t\t <!-- Overlay Wrapper Closed -->\n\t\t\t\t<\/a>\n\t\t\t\t\t\t\t<meta itemprop=\"width\" content=\"1400\" \/>\n\t\t\t<meta itemprop=\"height\" content=\"1050\" \/>\n\t\t\t\t<a\n\t\t\thref=\"https:\/\/als-ny.blackbaudwp.com\/wp-content\/uploads\/2024\/05\/IMG-2500-1400x1050.jpg\"\n\t\t\t\t\t\tdata-fancybox=\"images\" \n\t\t\ttitle=\"\" \n\t\t\t\t\t\tdata-caption=\"\"\n\t\t\t\t\t\tdata-description=\"\" \n\t\t\titemprop=\"contentUrl\">\n\t\t\t<img decoding=\"async\" src=\"https:\/\/als-ny.blackbaudwp.com\/wp-content\/uploads\/2024\/05\/IMG-2500-1400x1050.jpg\" alt=\"\" data-no-lazy=\"1\" itemprop=\"thumbnail\" width=\"1400\" height=\"1050\" \/>\n\t\t\t<!-- Overlay Wrapper -->\n\t\t\t <!-- Overlay Wrapper Closed -->\n\t\t\t\t<\/a>\n\t\t\t\t\t\t\t<meta itemprop=\"width\" content=\"1400\" \/>\n\t\t\t<meta itemprop=\"height\" content=\"1050\" \/>\n\t\t\t\t<a\n\t\t\thref=\"https:\/\/als-ny.blackbaudwp.com\/wp-content\/uploads\/2024\/05\/Jeanette-1400x1050.jpg\"\n\t\t\t\t\t\tdata-fancybox=\"images\" \n\t\t\ttitle=\"\" \n\t\t\t\t\t\tdata-caption=\"\"\n\t\t\t\t\t\tdata-description=\"\" \n\t\t\titemprop=\"contentUrl\">\n\t\t\t<img decoding=\"async\" src=\"https:\/\/als-ny.blackbaudwp.com\/wp-content\/uploads\/2024\/05\/Jeanette-1400x1050.jpg\" alt=\"\" data-no-lazy=\"1\" itemprop=\"thumbnail\" width=\"1400\" height=\"1050\" \/>\n\t\t\t<!-- Overlay Wrapper -->\n\t\t\t <!-- Overlay Wrapper Closed -->\n\t\t\t\t<\/a>\n\t\t\t\t\t\t\t<meta itemprop=\"width\" content=\"1400\" \/>\n\t\t\t<meta itemprop=\"height\" content=\"1050\" \/>\n\t\t\t\t<a\n\t\t\thref=\"https:\/\/als-ny.blackbaudwp.com\/wp-content\/uploads\/2024\/05\/Ken-Hager-1400x1050.jpg\"\n\t\t\t\t\t\tdata-fancybox=\"images\" \n\t\t\ttitle=\"\" \n\t\t\t\t\t\tdata-caption=\"\"\n\t\t\t\t\t\tdata-description=\"\" \n\t\t\titemprop=\"contentUrl\">\n\t\t\t<img decoding=\"async\" src=\"https:\/\/als-ny.blackbaudwp.com\/wp-content\/uploads\/2024\/05\/Ken-Hager-1400x1050.jpg\" alt=\"\" data-no-lazy=\"1\" itemprop=\"thumbnail\" width=\"1400\" height=\"1050\" \/>\n\t\t\t<!-- Overlay Wrapper -->\n\t\t\t <!-- Overlay Wrapper Closed -->\n\t\t\t\t<\/a>\n\t\t\t\t\t\t\t<meta itemprop=\"width\" content=\"1400\" \/>\n\t\t\t<meta itemprop=\"height\" content=\"1050\" \/>\n\t\t\t\t<a\n\t\t\thref=\"https:\/\/als-ny.blackbaudwp.com\/wp-content\/uploads\/2024\/05\/Sanders-Family-2-1-1400x914.jpg\"\n\t\t\t\t\t\tdata-fancybox=\"images\" \n\t\t\ttitle=\"\" \n\t\t\t\t\t\tdata-caption=\"\"\n\t\t\t\t\t\tdata-description=\"\" \n\t\t\titemprop=\"contentUrl\">\n\t\t\t<img decoding=\"async\" src=\"https:\/\/als-ny.blackbaudwp.com\/wp-content\/uploads\/2024\/05\/Sanders-Family-2-1-1400x914.jpg\" alt=\"\" data-no-lazy=\"1\" itemprop=\"thumbnail\" width=\"1400\" height=\"914\" \/>\n\t\t\t<!-- Overlay Wrapper -->\n\t\t\t <!-- Overlay Wrapper Closed -->\n\t\t\t\t<\/a>\n\t\t\t\t\t\t\t<meta itemprop=\"width\" content=\"1400\" \/>\n\t\t\t<meta itemprop=\"height\" content=\"914\" \/>\n\t\t\t\t<a\n\t\t\thref=\"https:\/\/als-ny.blackbaudwp.com\/wp-content\/uploads\/2024\/05\/Tom-and-Paul-2-1400x959.jpg\"\n\t\t\t\t\t\tdata-fancybox=\"images\" \n\t\t\ttitle=\"\" \n\t\t\t\t\t\tdata-caption=\"\"\n\t\t\t\t\t\tdata-description=\"\" \n\t\t\titemprop=\"contentUrl\">\n\t\t\t<img decoding=\"async\" src=\"https:\/\/als-ny.blackbaudwp.com\/wp-content\/uploads\/2024\/05\/Tom-and-Paul-2-1400x959.jpg\" alt=\"\" data-no-lazy=\"1\" itemprop=\"thumbnail\" width=\"1400\" height=\"959\" \/>\n\t\t\t<!-- Overlay Wrapper -->\n\t\t\t <!-- Overlay Wrapper Closed -->\n\t\t\t\t<\/a>\n\t\t\t\t\t\t\t<meta itemprop=\"width\" content=\"1400\" \/>\n\t\t\t<meta itemprop=\"height\" content=\"959\" \/>\n\t\t\t\t<a\n\t\t\thref=\"https:\/\/als-ny.blackbaudwp.com\/wp-content\/uploads\/2024\/05\/Janice-Katie-1-1400x916.jpg\"\n\t\t\t\t\t\tdata-fancybox=\"images\" \n\t\t\ttitle=\"\" \n\t\t\t\t\t\tdata-caption=\"\"\n\t\t\t\t\t\tdata-description=\"\" \n\t\t\titemprop=\"contentUrl\">\n\t\t\t<img decoding=\"async\" src=\"https:\/\/als-ny.blackbaudwp.com\/wp-content\/uploads\/2024\/05\/Janice-Katie-1-1400x916.jpg\" alt=\"\" data-no-lazy=\"1\" itemprop=\"thumbnail\" width=\"1400\" height=\"916\" \/>\n\t\t\t<!-- Overlay Wrapper -->\n\t\t\t <!-- Overlay Wrapper Closed -->\n\t\t\t\t<\/a>\n\t\t\t\t\t\t\t<meta itemprop=\"width\" content=\"1400\" \/>\n\t\t\t<meta itemprop=\"height\" content=\"916\" \/>\n\t<h3>No se pierda estos eventos de concientizaci\u00f3n sobre la ELA en el \u00e1rea metropolitana de Nueva York:<\/h3>\n<ul>\n<li><strong>Yankees vs Guardianes<\/strong> El 3 de junio a las 19:05. Consigue tus entradas. <a href=\"https:\/\/www.gofevo.com\/event\/Alsunited72\">\u00a1aqu\u00ed!\u00a0\u00a0<\/a><\/li>\n<li><strong>Mets vs Cerveceros<\/strong> El 2 de julio a las 19:10 h. Consigue tus entradas. <a href=\"https:\/\/www.gofevo.com\/event\/Alsunited4\">\u00a1aqu\u00ed!<\/a><\/li>\n<\/ul>\n<p><strong>Una parte de cada boleto vendido beneficiar\u00e1 a la comunidad ALS.<\/strong><\/p>\n\t\t\t\t\t\t\t\t\t<img decoding=\"async\" src=\"https:\/\/als-ny.blackbaudwp.com\/wp-content\/uploads\/2025\/04\/2025-Yankees-Lou-Gehrig-Day-.png\" alt=\"2025 Yankees Lou Gehrig Day\" itemprop=\"image\" height=\"788\" width=\"940\" srcset=\"https:\/\/als-ny.blackbaudwp.com\/wp-content\/uploads\/2025\/04\/2025-Yankees-Lou-Gehrig-Day-.png 940w, https:\/\/als-ny.blackbaudwp.com\/wp-content\/uploads\/2025\/04\/2025-Yankees-Lou-Gehrig-Day--768x644.png 768w\" sizes=\"(max-width: 940px) 100vw, 940px\" title=\"D\u00eda de Lou Gehrig de los Yankees de 2025\" onerror=\"this.style.display='none'\"  \/>\n\t\t\t<a href=\"https:\/\/www.gofevo.com\/event\/Alsunited72\" target=\"_blank\" rel=\"noopener\">\n\t\t\t\t\t\t\tComprar entradas para los Yankees\n\t\t\t\t\t<\/a>\n\t\t\t\t\t\t\t\t\t<img decoding=\"async\" src=\"https:\/\/als-ny.blackbaudwp.com\/wp-content\/uploads\/2025\/04\/2025-Strike-Out-ALS.png\" alt=\"2025 Strike Out ALS\" itemprop=\"image\" height=\"788\" width=\"940\" srcset=\"https:\/\/als-ny.blackbaudwp.com\/wp-content\/uploads\/2025\/04\/2025-Strike-Out-ALS.png 940w, https:\/\/als-ny.blackbaudwp.com\/wp-content\/uploads\/2025\/04\/2025-Strike-Out-ALS-768x644.png 768w\" sizes=\"(max-width: 940px) 100vw, 940px\" title=\"2025 Strike Out ALS\" onerror=\"this.style.display='none'\"  \/>\n\t\t\t<a href=\"https:\/\/www.gofevo.com\/event\/Alsunited4\" target=\"_blank\" rel=\"noopener\">\n\t\t\t\t\t\t\tComprar entradas para los Mets\n\t\t\t\t\t<\/a>","protected":false},"excerpt":{"rendered":"<p>El D\u00eda de Lou Gehrig, que se celebra anualmente el 2 de junio, conmemora el momento en que Gehrig se convirti\u00f3 en el primera base titular de los Yankees de Nueva York, lo que marc\u00f3 el inicio de su notable racha de \u00e9xitos consecutivos...<\/p>","protected":false},"author":49,"featured_media":0,"parent":0,"menu_order":0,"comment_status":"closed","ping_status":"closed","template":"","meta":{"_acf_changed":false,"_monsterinsights_skip_tracking":false,"_monsterinsights_sitenote_active":false,"_monsterinsights_sitenote_note":"","_monsterinsights_sitenote_category":0,"footnotes":""},"class_list":["post-5451","page","type-page","status-publish","hentry"],"acf":[],"aioseo_notices":[],"_links":{"self":[{"href":"https:\/\/als-ny.blackbaudwp.com\/es\/wp-json\/wp\/v2\/pages\/5451","targetHints":{"allow":["GET"]}}],"collection":[{"href":"https:\/\/als-ny.blackbaudwp.com\/es\/wp-json\/wp\/v2\/pages"}],"about":[{"href":"https:\/\/als-ny.blackbaudwp.com\/es\/wp-json\/wp\/v2\/types\/page"}],"author":[{"embeddable":true,"href":"https:\/\/als-ny.blackbaudwp.com\/es\/wp-json\/wp\/v2\/users\/49"}],"replies":[{"embeddable":true,"href":"https:\/\/als-ny.blackbaudwp.com\/es\/wp-json\/wp\/v2\/comments?post=5451"}],"version-history":[{"count":10,"href":"https:\/\/als-ny.blackbaudwp.com\/es\/wp-json\/wp\/v2\/pages\/5451\/revisions"}],"predecessor-version":[{"id":6928,"href":"https:\/\/als-ny.blackbaudwp.com\/es\/wp-json\/wp\/v2\/pages\/5451\/revisions\/6928"}],"wp:attachment":[{"href":"https:\/\/als-ny.blackbaudwp.com\/es\/wp-json\/wp\/v2\/media?parent=5451"}],"curies":[{"name":"wp","href":"https:\/\/api.w.org\/{rel}","templated":true}]}}