{"id":5567,"date":"2024-06-26T16:16:34","date_gmt":"2024-06-26T20:16:34","guid":{"rendered":"https:\/\/als-ny.org\/?page_id=5567"},"modified":"2025-07-17T12:49:26","modified_gmt":"2025-07-17T16:49:26","slug":"ice-bucket-challange","status":"publish","type":"page","link":"https:\/\/als-ny.blackbaudwp.com\/es\/ice-bucket-challange\/","title":{"rendered":"Desaf\u00edo del cubo de hielo"},"content":{"rendered":"<p>\u00a1En 2024 se cumpli\u00f3 el d\u00e9cimo aniversario del primer Reto del Cubo de Hielo! El legendario Reto del Cubo de Hielo para la ELA fue cofundado por los neoyorquinos Pat Quinn y Anthony Senerchia, junto con el nativo de Massachusetts Pete Frates. Se extendi\u00f3 r\u00e1pidamente por todo el mundo. En el verano de 2024, celebramos nuestra trayectoria de la \u00faltima d\u00e9cada y nuestro futuro en nuestra lucha continua por encontrar una cura. &quot;\u00a1Cada agosto hasta encontrar una cura!&quot;\u201c\u00a0<\/p>\t\t\n\t\t<h2>\n\t\t\tD\u00e9cimo aniversario del desaf\u00edo del cubo de hielo\n\t\t<\/h2>\n\t\t\t\t\t\t\t\t\t\t\t\n\t\t\t<p><strong>Participaron 17 millones de personas<\/strong><\/p>\t\t\n\t\t\t\t\t\t\t\t\t\t\t\n\t\t\t<p><strong>159 pa\u00edses en todo el mundo<\/strong><\/p>\t\t\n\t\t\t\t\t\t\t\t\t\t\t\n\t\t\t<p><strong>$220 millones recaudados en todo el mundo<\/strong><\/p>\t\t\n\t<p>Juntos, hemos cambiado significativamente el panorama de la ELA, alcanzando nuevos niveles de concientizaci\u00f3n, avances en la investigaci\u00f3n y servicios de atenci\u00f3n vital.<\/p>\n<p><strong>A nivel mundial\u00a0<\/strong><\/p>\n<p>Esta extraordinaria aceleraci\u00f3n dio lugar al avance cient\u00edfico de la identificaci\u00f3n de doce genes adicionales asociados con la ELA, lo que condujo a nuevas terapias farmacol\u00f3gicas para frenar la progresi\u00f3n de la enfermedad. Adem\u00e1s, el n\u00famero de cl\u00ednicas de tratamiento de ELA en los Estados Unidos se ha duplicado y el n\u00famero de victorias en materia de promoci\u00f3n no tiene precedentes. Hoy los investigadores est\u00e1n m\u00e1s cerca que nunca de curar la ELA.<\/p>\n<p><strong>EN LA ZONA<\/strong><\/p>\n<p>En los diez a\u00f1os posteriores al Ice Bucket Challenge, <strong>ALS United Gran Nueva York<\/strong> ha podido hacer crecer nuestros programas de servicios de atenci\u00f3n. Esto ha incluido:<\/p>\n<ul>\n<li>Un aumento de las subvenciones financieras a las familias de 1.500%<\/li>\n<li>Asociaciones con seis cl\u00ednicas locales de ELA m\u00e1s para un total de 10, un aumento de 150%<\/li>\n<li>\u00a1Un aumento de 115% en la cantidad de equipos m\u00e9dicos y dispositivos de comunicaci\u00f3n que prestamos de forma gratuita a los pacientes cada a\u00f1o!<\/li>\n<\/ul>\nALS United Greater New York ha invertido $16,5 millones en investigaci\u00f3n de ALS hasta la fecha, y<br \/>\nNuestro compromiso sigue siendo firme al continuar apoyando el trabajo innovador de los cient\u00edficos tanto a nivel local como global.\n<p>\u00danase a nosotros este verano para honrar lo que significa el Ice Bucket Challenge para usted y sus seres queridos. Ninguno de nosotros olvidar\u00e1 jam\u00e1s ese sentimiento de esperanza y c\u00f3mo cambi\u00f3 para siempre la ELA.<\/p>\n<p><strong>Juntos somos fuertes.<\/strong> <strong>Juntos acabaremos con la ELA.<\/strong><\/p>\n\t\t\t<a href=\"https:\/\/secure.als-ny.org\/site\/Donation2?df_id=1820&#038;1820.donation=form1&#038;mfc_pref=T\" target=\"_blank\" rel=\"noopener\">\n\t\t\t\t\t\t\tImpulsa el progreso: dona hoy\n\t\t\t\t\t<\/a>\n\t\t<h2>\n\t\t\tDesaf\u00edo del cubo de hielo Verano 2024\n\t\t<\/h2>\n\t\t\t<p>Verano de 2024: tuvimos el honor de participar en el Yonkers <strong>Quinn para la victoria<\/strong> Reto del Cubo de Hielo y toque la campana de apertura del NASDAQ para celebrar el 10.\u00ba aniversario de este incre\u00edble evento viral. Fotograf\u00eda del toque de campana cortes\u00eda de Nasdaq, Inc.<\/p>\t\t\n\t\t\t\t<a\n\t\t\thref=\"https:\/\/als-ny.blackbaudwp.com\/wp-content\/uploads\/2024\/08\/kristen-and-host-nasdaq-1400x934.jpg\"\n\t\t\t\t\t\tdata-fancybox=\"images\" \n\t\t\ttitle=\"Kristen y el presentador Nasdaq\" \n\t\t\t\t\t\tdata-caption=\"\"\n\t\t\t\t\t\tdata-description=\"\" \n\t\t\titemprop=\"contentUrl\">\n\t\t\t<img decoding=\"async\" src=\"https:\/\/als-ny.blackbaudwp.com\/wp-content\/uploads\/2024\/08\/kristen-and-host-nasdaq-scaled.jpg\" alt=\"\" data-no-lazy=\"1\" itemprop=\"thumbnail\" width=\"2048\" height=\"1366\" \/>\n\t\t\t<!-- Overlay Wrapper -->\n\t\t\t <!-- Overlay Wrapper Closed -->\n\t\t\t\t<\/a>\n\t\t\t\t\t\t\t<meta itemprop=\"width\" content=\"2048\" \/>\n\t\t\t<meta itemprop=\"height\" content=\"1366\" \/>\n\t\t\t\t<a\n\t\t\thref=\"https:\/\/als-ny.blackbaudwp.com\/wp-content\/uploads\/2024\/08\/NASDAQ-studio-cheer.jpg\"\n\t\t\t\t\t\tdata-fancybox=\"images\" \n\t\t\ttitle=\"Estudio NASDAQ Cheer\" \n\t\t\t\t\t\tdata-caption=\"\"\n\t\t\t\t\t\tdata-description=\"\" \n\t\t\titemprop=\"contentUrl\">\n\t\t\t<img decoding=\"async\" src=\"https:\/\/als-ny.blackbaudwp.com\/wp-content\/uploads\/2024\/08\/NASDAQ-studio-cheer.jpg\" alt=\"\" data-no-lazy=\"1\" itemprop=\"thumbnail\" width=\"5616\" height=\"3744\" \/>\n\t\t\t<!-- Overlay Wrapper -->\n\t\t\t <!-- Overlay Wrapper Closed -->\n\t\t\t\t<\/a>\n\t\t\t\t\t\t\t<meta itemprop=\"width\" content=\"5616\" \/>\n\t\t\t<meta itemprop=\"height\" content=\"3744\" \/>\n\t\t\t\t<a\n\t\t\thref=\"https:\/\/als-ny.blackbaudwp.com\/wp-content\/uploads\/2024\/08\/ice-KPC-1400x934.png\"\n\t\t\t\t\t\tdata-fancybox=\"images\" \n\t\t\ttitle=\"KPC de hielo\" \n\t\t\t\t\t\tdata-caption=\"\"\n\t\t\t\t\t\tdata-description=\"\" \n\t\t\titemprop=\"contentUrl\">\n\t\t\t<img decoding=\"async\" src=\"https:\/\/als-ny.blackbaudwp.com\/wp-content\/uploads\/2024\/08\/ice-KPC.png\" alt=\"\" data-no-lazy=\"1\" itemprop=\"thumbnail\" width=\"2048\" height=\"1366\" \/>\n\t\t\t<!-- Overlay Wrapper -->\n\t\t\t <!-- Overlay Wrapper Closed -->\n\t\t\t\t<\/a>\n\t\t\t\t\t\t\t<meta itemprop=\"width\" content=\"2048\" \/>\n\t\t\t<meta itemprop=\"height\" content=\"1366\" \/>\n\t\t\t\t<a\n\t\t\thref=\"https:\/\/als-ny.blackbaudwp.com\/wp-content\/uploads\/2024\/08\/nasdaq-billboard-1400x933.jpg\"\n\t\t\t\t\t\tdata-fancybox=\"images\" \n\t\t\ttitle=\"Cartelera del Nasdaq\" \n\t\t\t\t\t\tdata-caption=\"\"\n\t\t\t\t\t\tdata-description=\"\" \n\t\t\titemprop=\"contentUrl\">\n\t\t\t<img decoding=\"async\" src=\"https:\/\/als-ny.blackbaudwp.com\/wp-content\/uploads\/2024\/08\/nasdaq-billboard-scaled.jpg\" alt=\"\" data-no-lazy=\"1\" itemprop=\"thumbnail\" width=\"2048\" height=\"1366\" \/>\n\t\t\t<!-- Overlay Wrapper -->\n\t\t\t <!-- Overlay Wrapper Closed -->\n\t\t\t\t<\/a>\n\t\t\t\t\t\t\t<meta itemprop=\"width\" content=\"2048\" \/>\n\t\t\t<meta itemprop=\"height\" content=\"1366\" \/>\n\t\t\t\t<a\n\t\t\thref=\"https:\/\/als-ny.blackbaudwp.com\/wp-content\/uploads\/2024\/08\/Yonkers-IBC.png\"\n\t\t\t\t\t\tdata-fancybox=\"images\" \n\t\t\ttitle=\"Yonkers IBC\" \n\t\t\t\t\t\tdata-caption=\"\"\n\t\t\t\t\t\tdata-description=\"\" \n\t\t\titemprop=\"contentUrl\">\n\t\t\t<img decoding=\"async\" src=\"https:\/\/als-ny.blackbaudwp.com\/wp-content\/uploads\/2024\/08\/Yonkers-IBC.png\" alt=\"\" data-no-lazy=\"1\" itemprop=\"thumbnail\" width=\"1205\" height=\"623\" \/>\n\t\t\t<!-- Overlay Wrapper -->\n\t\t\t <!-- Overlay Wrapper Closed -->\n\t\t\t\t<\/a>\n\t\t\t\t\t\t\t<meta itemprop=\"width\" content=\"1205\" \/>\n\t\t\t<meta itemprop=\"height\" content=\"623\" \/>\n\t\t\t\t<a\n\t\t\thref=\"https:\/\/als-ny.blackbaudwp.com\/wp-content\/uploads\/2024\/08\/quinnibc.jpg\"\n\t\t\t\t\t\tdata-fancybox=\"images\" \n\t\t\ttitle=\"Quinnibc\" \n\t\t\t\t\t\tdata-caption=\"\"\n\t\t\t\t\t\tdata-description=\"\" \n\t\t\titemprop=\"contentUrl\">\n\t\t\t<img decoding=\"async\" src=\"https:\/\/als-ny.blackbaudwp.com\/wp-content\/uploads\/2024\/08\/quinnibc.jpg\" alt=\"\" data-no-lazy=\"1\" itemprop=\"thumbnail\" width=\"501\" height=\"375\" \/>\n\t\t\t<!-- Overlay Wrapper -->\n\t\t\t <!-- Overlay Wrapper Closed -->\n\t\t\t\t<\/a>\n\t\t\t\t\t\t\t<meta itemprop=\"width\" content=\"501\" \/>\n\t\t\t<meta itemprop=\"height\" content=\"375\" \/>\n\t\t\t\t<a\n\t\t\thref=\"https:\/\/als-ny.blackbaudwp.com\/wp-content\/uploads\/2024\/08\/ibcquinncrop.jpg\"\n\t\t\t\t\t\tdata-fancybox=\"images\" \n\t\t\ttitle=\"Cultivo de quinn de Ibc\" \n\t\t\t\t\t\tdata-caption=\"\"\n\t\t\t\t\t\tdata-description=\"\" \n\t\t\titemprop=\"contentUrl\">\n\t\t\t<img decoding=\"async\" src=\"https:\/\/als-ny.blackbaudwp.com\/wp-content\/uploads\/2024\/08\/ibcquinncrop.jpg\" alt=\"\" data-no-lazy=\"1\" itemprop=\"thumbnail\" width=\"557\" height=\"433\" \/>\n\t\t\t<!-- Overlay Wrapper -->\n\t\t\t <!-- Overlay Wrapper Closed -->\n\t\t\t\t<\/a>\n\t\t\t\t\t\t\t<meta itemprop=\"width\" content=\"557\" \/>\n\t\t\t<meta itemprop=\"height\" content=\"433\" \/>\n\t\t\t\t<a\n\t\t\thref=\"https:\/\/als-ny.blackbaudwp.com\/wp-content\/uploads\/2024\/08\/quinnforwinFraycropped.jpg\"\n\t\t\t\t\t\tdata-fancybox=\"images\" \n\t\t\ttitle=\"QuinnforwinFraycortado\" \n\t\t\t\t\t\tdata-caption=\"\"\n\t\t\t\t\t\tdata-description=\"\" \n\t\t\titemprop=\"contentUrl\">\n\t\t\t<img decoding=\"async\" src=\"https:\/\/als-ny.blackbaudwp.com\/wp-content\/uploads\/2024\/08\/quinnforwinFraycropped.jpg\" alt=\"\" data-no-lazy=\"1\" itemprop=\"thumbnail\" width=\"765\" height=\"593\" \/>\n\t\t\t<!-- Overlay Wrapper -->\n\t\t\t <!-- Overlay Wrapper Closed -->\n\t\t\t\t<\/a>\n\t\t\t\t\t\t\t<meta itemprop=\"width\" content=\"765\" \/>\n\t\t\t<meta itemprop=\"height\" content=\"593\" \/>\n\t\t<h2>\n\t\t\t\u00a1Acepta el Ice Bucket Challenge 2024!\n\t\t<\/h2>\n\t\t\t\t\t\t\t\t\t<img decoding=\"async\" src=\"https:\/\/als-ny.blackbaudwp.com\/wp-content\/uploads\/2024\/06\/ibc-GNY-Staff.jpg\" alt=\"Ice Bucket Challenge Greater New York\" itemprop=\"image\" height=\"578\" width=\"1000\" srcset=\"https:\/\/als-ny.blackbaudwp.com\/wp-content\/uploads\/2024\/06\/ibc-GNY-Staff.jpg 1000w, https:\/\/als-ny.blackbaudwp.com\/wp-content\/uploads\/2024\/06\/ibc-GNY-Staff-768x444.jpg 768w, https:\/\/als-ny.blackbaudwp.com\/wp-content\/uploads\/2024\/06\/ibc-GNY-Staff-18x10.jpg 18w\" sizes=\"(max-width: 1000px) 100vw, 1000px\" title=\"Ice Bucket Challenge Gran Nueva York\" onerror=\"this.style.display='none'\"  \/>\n\t<p>El Ice Bucket Challenge arras\u00f3 en redes sociales en 2014, \u00a1y t\u00fa puedes repetirlo! El reto es simple:<\/p>\n<ol>\n<li><strong>Vierte un balde de agua helada sobre tu cabeza.<\/strong><\/li>\n<li><strong>Comparte el v\u00eddeo en las redes sociales, etiqu\u00e9tanos en ALSofGNY y desaf\u00eda a otros a hacer lo mismo.<\/strong><\/li>\n<li><strong>\u00a1Haga una donaci\u00f3n a ALS United Greater New York!<\/strong><\/li>\n<\/ol>\n<p>El impacto de la <strong>Desaf\u00edo del cubo de hielo<\/strong> ampliarse m\u00e1s all\u00e1 de las contribuciones financieras inmediatas. El desaf\u00edo aument\u00f3 la conciencia p\u00fablica sobre la ELA, gener\u00f3 conversaciones sobre la importancia de la financiaci\u00f3n de la investigaci\u00f3n m\u00e9dica y el papel de las redes sociales en la filantrop\u00eda moderna, y contin\u00faa inspir\u00e1ndonos y record\u00e1ndonos el poder colectivo que tenemos cuando nos unimos por una causa com\u00fan.<\/p>","protected":false},"excerpt":{"rendered":"<p>\u00a1En 2024 se cumpli\u00f3 el d\u00e9cimo aniversario del primer Ice Bucket Challenge! El legendario Ice Bucket Challenge de la ELA fue cofundado por los neoyorquinos Pat Quinn y Anthony Senerchia, junto con\u2026<\/p>","protected":false},"author":49,"featured_media":0,"parent":0,"menu_order":0,"comment_status":"closed","ping_status":"closed","template":"","meta":{"_acf_changed":false,"_monsterinsights_skip_tracking":false,"_monsterinsights_sitenote_active":false,"_monsterinsights_sitenote_note":"","_monsterinsights_sitenote_category":0,"footnotes":""},"class_list":["post-5567","page","type-page","status-publish","hentry"],"acf":[],"aioseo_notices":[],"_links":{"self":[{"href":"https:\/\/als-ny.blackbaudwp.com\/es\/wp-json\/wp\/v2\/pages\/5567","targetHints":{"allow":["GET"]}}],"collection":[{"href":"https:\/\/als-ny.blackbaudwp.com\/es\/wp-json\/wp\/v2\/pages"}],"about":[{"href":"https:\/\/als-ny.blackbaudwp.com\/es\/wp-json\/wp\/v2\/types\/page"}],"author":[{"embeddable":true,"href":"https:\/\/als-ny.blackbaudwp.com\/es\/wp-json\/wp\/v2\/users\/49"}],"replies":[{"embeddable":true,"href":"https:\/\/als-ny.blackbaudwp.com\/es\/wp-json\/wp\/v2\/comments?post=5567"}],"version-history":[{"count":10,"href":"https:\/\/als-ny.blackbaudwp.com\/es\/wp-json\/wp\/v2\/pages\/5567\/revisions"}],"predecessor-version":[{"id":7129,"href":"https:\/\/als-ny.blackbaudwp.com\/es\/wp-json\/wp\/v2\/pages\/5567\/revisions\/7129"}],"wp:attachment":[{"href":"https:\/\/als-ny.blackbaudwp.com\/es\/wp-json\/wp\/v2\/media?parent=5567"}],"curies":[{"name":"wp","href":"https:\/\/api.w.org\/{rel}","templated":true}]}}