{"id":5683,"date":"2024-07-18T15:52:45","date_gmt":"2024-07-18T19:52:45","guid":{"rendered":"https:\/\/als-ny.org\/?page_id=5683"},"modified":"2024-08-02T12:04:54","modified_gmt":"2024-08-02T16:04:54","slug":"summer-newsletter-2024","status":"publish","type":"page","link":"https:\/\/als-ny.blackbaudwp.com\/es\/summer-newsletter-2024\/","title":{"rendered":"Noticias de verano 2024"},"content":{"rendered":"<p>Este verano celebramos nuestro progreso durante la \u00faltima d\u00e9cada y esperamos seguir avanzando en nuestra lucha continua por una cura. Juntos, estamos dando pasos significativos hacia una cura y esperamos que se una a nosotros en uno de nuestros muchos maravillosos eventos planeados para este verano, que incluyen:<ul><li><a href=\"https:\/\/als-ny.blackbaudwp.com\/es\/get-involved\/events\/iron-horse-golf-classic\/\" target=\"_blank\" rel=\"nofollow noopener noreferrer\">Iron Horse Golf Classic en Sands Point Golf Club el 12 de agosto<\/a><\/li><li><a href=\"https:\/\/als-ny.blackbaudwp.com\/es\/get-involved\/events\/walk-als\/\" target=\"_blank\" rel=\"nofollow noopener noreferrer\">Reg\u00edstrate para uno de nuestros tres paseos de oto\u00f1o<\/a><\/li><li><a href=\"https:\/\/als-ny.blackbaudwp.com\/es\/get-involved\/events\/the-lou-gehrig-legacy-gala\/\">Reserva la fecha de la Gala del Legado de Lou Gehrig el 12 de noviembre<\/a><\/li><\/ul>Despl\u00e1cese hacia abajo para obtener m\u00e1s informaci\u00f3n sobre cada uno de estos eventos y todo lo que seguimos logrando juntos. Gracias por su continuo apoyo y dedicaci\u00f3n a nuestra causa. Juntos, somos m\u00e1s fuertes. Juntos, erradicamos la ELA.<\/p>\t\t\n\t\t\t<a href=\"https:\/\/secure.als-ny.org\/site\/Donation2?df_id=1820&#038;1820.donation=form1&#038;mfc_pref=T\" target=\"_self\" rel=\"noopener\">\n\t\t\t\t\t\t\tDonar hoy\n\t\t\t\t\t<\/a>\n\t<h6><strong>SERVICIOS DE ATENCI\u00d3N<\/strong><\/h6>\n<p>ALS United Greater New York present\u00f3 con orgullo su nueva serie, &quot;Conversaciones con...&quot;, a principios de este a\u00f1o con dos episodios. Esta serie profundiza en las decisiones dif\u00edciles y las experiencias personales de vivir con ELA. Est\u00e1 dise\u00f1ada para abordar temas a menudo delicados y profundamente personales que quiz\u00e1s no se traten en los grupos de apoyo habituales, pero que provocan profundas reflexiones y cuestionamientos.<\/p>\n\t\t\t<a href=\"https:\/\/als-ny.blackbaudwp.com\/es\/care-services-presents-new-series\/\" target=\"_blank\" rel=\"noopener\">\n\t\t\t\t\t\t\tLeer m\u00e1s\n\t\t\t\t\t<\/a>\n\t\t\t\t\t\t\t\t\t<img decoding=\"async\" src=\"https:\/\/als-ny.blackbaudwp.com\/wp-content\/uploads\/2024\/07\/Conversation-With-.png\" alt=\"Conversations With...\" itemprop=\"image\" height=\"1080\" width=\"1080\" title=\"Conversaciones con...\" onerror=\"this.style.display='none'\"  \/>\n\t\t\t\t\t\t\t\t\t<img decoding=\"async\" src=\"https:\/\/als-ny.blackbaudwp.com\/wp-content\/uploads\/2024\/07\/walks-newsletter.png\" alt=\"Walks ALS Newsletter\" itemprop=\"image\" height=\"1080\" width=\"1080\" srcset=\"https:\/\/als-ny.blackbaudwp.com\/wp-content\/uploads\/2024\/07\/walks-newsletter.png 1080w, https:\/\/als-ny.blackbaudwp.com\/wp-content\/uploads\/2024\/07\/walks-newsletter-150x150.png 150w, https:\/\/als-ny.blackbaudwp.com\/wp-content\/uploads\/2024\/07\/walks-newsletter-768x768.png 768w, https:\/\/als-ny.blackbaudwp.com\/wp-content\/uploads\/2024\/07\/walks-newsletter-760x760.png 760w, https:\/\/als-ny.blackbaudwp.com\/wp-content\/uploads\/2024\/07\/walks-newsletter-12x12.png 12w\" sizes=\"(max-width: 1080px) 100vw, 1080px\" title=\"Bolet\u00edn informativo sobre ELA\" onerror=\"this.style.display='none'\"  \/>\n\t<h6><strong>CAMINAR ALS<\/strong><\/h6>\n<p>ALS United Greater New York tuvo un comienzo s\u00f3lido en la temporada Walk ALS 2024. Organizamos tres caminatas en toda la regi\u00f3n esta primavera: Walk ALS New York City, el 4 de mayo, Walk ALS Westchester, el 1 de junio, y Walk ALS North Jersey, el 9 de junio. Las caminatas de primavera fueron un gran \u00e9xito y recaudaron m\u00e1s de $600. 000 gracias a la dedicaci\u00f3n de los caminantes, pacientes y donantes. Todav\u00eda hay tiempo para registrarse para las pr\u00f3ximas Caminatas de oto\u00f1o.<\/p>\n\t\t\t<a href=\"https:\/\/als-ny.blackbaudwp.com\/es\/get-involved\/events\/walk-als\/\" target=\"_blank\" rel=\"noopener\">\n\t\t\t\t\t\t\tReg\u00edstrese y lea m\u00e1s sobre nuestro programa WALK\n\t\t\t\t\t<\/a>\n\t<h6><strong>INVESTIGACI\u00d3N<\/strong><\/h6>\n<p>ALS United y sus dedicadas organizaciones miembro han dado un paso significativo en la lucha contra la esclerosis lateral amiotr\u00f3fica (ELA) al apoyar la iniciativa ALS de Accelerating Medicines Partnership (AMP). Este proyecto innovador, gestionado por la Fundaci\u00f3n de los Institutos Nacionales de Salud (FNIH), tiene como objetivo acelerar el desarrollo de tratamientos eficaces para la ELA.<\/p>\n\t\t\t<a href=\"https:\/\/als-ny.blackbaudwp.com\/es\/research-news\/\" target=\"_blank\" rel=\"noopener\">\n\t\t\t\t\t\t\tLeer m\u00e1s\n\t\t\t\t\t<\/a>\n\t\t\t\t\t\t\t\t\t<img decoding=\"async\" src=\"https:\/\/als-ny.blackbaudwp.com\/wp-content\/uploads\/2024\/07\/AMP.png\" alt=\"AMP\" itemprop=\"image\" height=\"1080\" width=\"1080\" srcset=\"https:\/\/als-ny.blackbaudwp.com\/wp-content\/uploads\/2024\/07\/AMP.png 1080w, https:\/\/als-ny.blackbaudwp.com\/wp-content\/uploads\/2024\/07\/AMP-150x150.png 150w, https:\/\/als-ny.blackbaudwp.com\/wp-content\/uploads\/2024\/07\/AMP-768x768.png 768w, https:\/\/als-ny.blackbaudwp.com\/wp-content\/uploads\/2024\/07\/AMP-760x760.png 760w, https:\/\/als-ny.blackbaudwp.com\/wp-content\/uploads\/2024\/07\/AMP-12x12.png 12w\" sizes=\"(max-width: 1080px) 100vw, 1080px\" title=\"AMPERIO\" onerror=\"this.style.display='none'\"  \/>\n\t\t\t\t\t\t\t\t\t<img decoding=\"async\" src=\"https:\/\/als-ny.blackbaudwp.com\/wp-content\/uploads\/2024\/07\/advocacy-1.png\" alt=\"Advocacy collage\" itemprop=\"image\" height=\"1080\" width=\"1080\" srcset=\"https:\/\/als-ny.blackbaudwp.com\/wp-content\/uploads\/2024\/07\/advocacy-1.png 1080w, https:\/\/als-ny.blackbaudwp.com\/wp-content\/uploads\/2024\/07\/advocacy-1-150x150.png 150w, https:\/\/als-ny.blackbaudwp.com\/wp-content\/uploads\/2024\/07\/advocacy-1-768x768.png 768w, https:\/\/als-ny.blackbaudwp.com\/wp-content\/uploads\/2024\/07\/advocacy-1-760x760.png 760w, https:\/\/als-ny.blackbaudwp.com\/wp-content\/uploads\/2024\/07\/advocacy-1-12x12.png 12w\" sizes=\"(max-width: 1080px) 100vw, 1080px\" title=\"ALS United Greater New York Advocacy Collage\" onerror=\"this.style.display='none'\"  \/>\n\t<h6>ABOGAC\u00cdA<\/h6>\n<p>El personal de ALS United Greater New York viaj\u00f3 a Washington DC el 30 de abril, donde se reunieron con la defensora de pacientes de Nueva Jersey, Melanie Craig, acompa\u00f1ada por su esposo y su hijo, para abogar por medidas legislativas destinadas a mejorar significativamente las vidas de las personas afectadas por ELA. .<\/p>\n\t\t\t<a href=\"https:\/\/als-ny.blackbaudwp.com\/es\/policyupdate\/\" target=\"_self\" rel=\"noopener\">\n\t\t\t\t\t\t\tLeer m\u00e1s\n\t\t\t\t\t<\/a>\n\t<h6>CONCIENTIZACI\u00d3N SOBRE ALS EN LOS PARQUES DE B\u00c9ISBOL DE NUEVA YORK<\/h6>\n<p>ALS United Greater New York celebr\u00f3 el legado de Lou Gehrig con los Mets, los New York Yankees y los Brooklyn Cyclones este verano. Nos acompa\u00f1aron muchos amigos y familiares en el Citi Field el domingo 2 de junio para el cuarto D\u00eda Anual de Lou Gehrig, que se conmemor\u00f3 en todos los estadios de las Grandes Ligas de B\u00e9isbol en esa fecha. El jueves 4 de julio, tuvimos el honor de estar en el campo con Her ALS Story, I AM ALS, Ride for ALS y Quinn for the Win en el juego de los New York Yankees para ayudar a celebrar el D\u00eda de la ELA y honrar el legado de Lou Gehrig en el 85 aniversario de su discurso de &quot;El hombre m\u00e1s afortunado del mundo&quot;. El 20 de julio, los Brooklyn Cyclones celebraron su primera Noche de Concientizaci\u00f3n sobre la ELA en el Parque Maimonides como parte del juego de los Cyclones contra los Jersey Shore BlueClaws. Ron Reisman, del equipo de caminata de Long Island FOR THE LOVE OF JEMMA, realiz\u00f3 el primer lanzamiento.<\/p>\n\t\t\t\t\t\t\t\t\t<img decoding=\"async\" src=\"https:\/\/als-ny.blackbaudwp.com\/wp-content\/uploads\/2024\/07\/summer-LGD-baseball.png\" alt=\"Summer LGD Baseball\" itemprop=\"image\" height=\"1080\" width=\"1080\" srcset=\"https:\/\/als-ny.blackbaudwp.com\/wp-content\/uploads\/2024\/07\/summer-LGD-baseball.png 1080w, https:\/\/als-ny.blackbaudwp.com\/wp-content\/uploads\/2024\/07\/summer-LGD-baseball-150x150.png 150w, https:\/\/als-ny.blackbaudwp.com\/wp-content\/uploads\/2024\/07\/summer-LGD-baseball-768x768.png 768w, https:\/\/als-ny.blackbaudwp.com\/wp-content\/uploads\/2024\/07\/summer-LGD-baseball-760x760.png 760w, https:\/\/als-ny.blackbaudwp.com\/wp-content\/uploads\/2024\/07\/summer-LGD-baseball-12x12.png 12w\" sizes=\"(max-width: 1080px) 100vw, 1080px\" title=\"B\u00e9isbol LGD de verano\" onerror=\"this.style.display='none'\"  \/>\n\t\t\t\t\t\t\t\t\t<img decoding=\"async\" src=\"https:\/\/als-ny.blackbaudwp.com\/wp-content\/uploads\/2024\/07\/clinic.png\" alt=\"ALS Hackensack Clinic\" itemprop=\"image\" height=\"1080\" width=\"1080\" srcset=\"https:\/\/als-ny.blackbaudwp.com\/wp-content\/uploads\/2024\/07\/clinic.png 1080w, https:\/\/als-ny.blackbaudwp.com\/wp-content\/uploads\/2024\/07\/clinic-150x150.png 150w, https:\/\/als-ny.blackbaudwp.com\/wp-content\/uploads\/2024\/07\/clinic-768x768.png 768w, https:\/\/als-ny.blackbaudwp.com\/wp-content\/uploads\/2024\/07\/clinic-760x760.png 760w, https:\/\/als-ny.blackbaudwp.com\/wp-content\/uploads\/2024\/07\/clinic-12x12.png 12w\" sizes=\"(max-width: 1080px) 100vw, 1080px\" title=\"Cl\u00ednica de ELA Hackensack\" onerror=\"this.style.display='none'\"  \/>\n\t<h6>CL\u00cdNICA DESTACADA<\/h6>\n<p>Hackensack Meridian Health ha abierto el Hackensack Meridian Health &amp; Wellness Center en Paramus, que brinda un acceso conveniente a la atenci\u00f3n en un entorno ambulatorio. Este nuevo sitio alberga el Instituto de Neurociencia de \u00faltima generaci\u00f3n y su cl\u00ednica de ELA bajo la direcci\u00f3n del Dr. Florian Thomas.<\/p>\n\t\t\t<a href=\"https:\/\/als-ny.blackbaudwp.com\/es\/clinic-spotlight\/\" target=\"_self\" rel=\"noopener\">\n\t\t\t\t\t\t\tLeer m\u00e1s\n\t\t\t\t\t<\/a>\n\t<h6>NUEVOS MIEMBROS DE LA JUNTA<\/h6>\n<p>La Junta Directiva de ALS United est\u00e1 compuesta por 18 profesionales dedicados y compasivos con experiencia diversa, muchos de los cuales tienen una conexi\u00f3n personal con ALS. Nos sentimos honrados de darle la bienvenida a un nuevo miembro y darle la bienvenida a otro.<\/p>\n\t\t\t<a href=\"https:\/\/als-ny.blackbaudwp.com\/es\/new-als-united-greater-ny-board-members\/\" target=\"_self\" rel=\"noopener\">\n\t\t\t\t\t\t\tLeer m\u00e1s\n\t\t\t\t\t<\/a>\n\t\t\t\t\t\t\t\t\t<img decoding=\"async\" src=\"https:\/\/als-ny.blackbaudwp.com\/wp-content\/uploads\/2024\/07\/NEw-Board-1.png\" alt=\"NEw Board (1)\" itemprop=\"image\" height=\"1080\" width=\"1080\" srcset=\"https:\/\/als-ny.blackbaudwp.com\/wp-content\/uploads\/2024\/07\/NEw-Board-1.png 1080w, https:\/\/als-ny.blackbaudwp.com\/wp-content\/uploads\/2024\/07\/NEw-Board-1-150x150.png 150w, https:\/\/als-ny.blackbaudwp.com\/wp-content\/uploads\/2024\/07\/NEw-Board-1-768x768.png 768w, https:\/\/als-ny.blackbaudwp.com\/wp-content\/uploads\/2024\/07\/NEw-Board-1-760x760.png 760w, https:\/\/als-ny.blackbaudwp.com\/wp-content\/uploads\/2024\/07\/NEw-Board-1-12x12.png 12w\" sizes=\"(max-width: 1080px) 100vw, 1080px\" title=\"Nuevo tablero (1)\" onerror=\"this.style.display='none'\"  \/>\n\t\t\t\t\t\t\t\t\t<img decoding=\"async\" src=\"https:\/\/als-ny.blackbaudwp.com\/wp-content\/uploads\/2024\/07\/safnowitz-1-1.png\" alt=\"Safnowitz (1)\" itemprop=\"image\" height=\"1080\" width=\"1080\" srcset=\"https:\/\/als-ny.blackbaudwp.com\/wp-content\/uploads\/2024\/07\/safnowitz-1-1.png 1080w, https:\/\/als-ny.blackbaudwp.com\/wp-content\/uploads\/2024\/07\/safnowitz-1-1-150x150.png 150w, https:\/\/als-ny.blackbaudwp.com\/wp-content\/uploads\/2024\/07\/safnowitz-1-1-768x768.png 768w, https:\/\/als-ny.blackbaudwp.com\/wp-content\/uploads\/2024\/07\/safnowitz-1-1-760x760.png 760w, https:\/\/als-ny.blackbaudwp.com\/wp-content\/uploads\/2024\/07\/safnowitz-1-1-12x12.png 12w\" sizes=\"(max-width: 1080px) 100vw, 1080px\" title=\"Safnowitz (1)\" onerror=\"this.style.display='none'\"  \/>\n\t<h6>20\u00ba aniversario de las becas Safenowitz<\/h6>\n<p>En 2004, Marilyn Safenowitz, ex miembro de la junta directiva de ALS United Greater New York, estableci\u00f3 la beca posdoctoral Milton Safenowitz para la investigaci\u00f3n de ELA en memoria de su esposo Milton, quien muri\u00f3 de ELA en 1998. Esta beca de dos a\u00f1os ofrece oportunidades \u00fanicas para estudiantes de doctorado recientes. D. graduados a participar en investigaciones de vanguardia sobre la ELA, alentando a j\u00f3venes cient\u00edficos prometedores a ingresar al campo de la ELA. Desde sus inicios, se han otorgado cerca de 100 becas.<\/p>\n\t\t\t<a href=\"https:\/\/als-ny.blackbaudwp.com\/es\/20th-anniversary-of-safenowitz-fellowship\/\" target=\"_self\" rel=\"noopener\">\n\t\t\t\t\t\t\tLeer m\u00e1s\n\t\t\t\t\t<\/a>\n\t<h6>GALA DEL LEGADO DE LOU GEHRIG<\/h6>\n<p>La Gala del Legado de Lou Gehrig de este a\u00f1o se celebrar\u00e1 el martes 12 de noviembre en el Muelle Sixty de la ciudad de Nueva York. El Premio a la Trayectoria Jacob K. Javits se entregar\u00e1 a Daniel L. Doctoroff, fundador y presidente de Target ALS. Para m\u00e1s informaci\u00f3n, contacte con events@als-ny.org.<\/p>\n\t\t\t<a href=\"https:\/\/e.givesmart.com\/events\/CwX\/\" target=\"_blank\" rel=\"noopener\">\n\t\t\t\t\t\t\tPara patrocinios y entradas haga clic aqu\u00ed\n\t\t\t\t\t<\/a>\n\t\t\t\t\t\t\t\t\t<img decoding=\"async\" src=\"https:\/\/als-ny.blackbaudwp.com\/wp-content\/uploads\/2024\/07\/LGGala-24-e1721321035716.png\" alt=\"LGGala 24\" itemprop=\"image\" height=\"619\" width=\"791\" srcset=\"https:\/\/als-ny.blackbaudwp.com\/wp-content\/uploads\/2024\/07\/LGGala-24-e1721321035716.png 791w, https:\/\/als-ny.blackbaudwp.com\/wp-content\/uploads\/2024\/07\/LGGala-24-e1721321035716-768x601.png 768w, https:\/\/als-ny.blackbaudwp.com\/wp-content\/uploads\/2024\/07\/LGGala-24-e1721321035716-15x12.png 15w\" sizes=\"(max-width: 791px) 100vw, 791px\" title=\"LG Gala 24\" onerror=\"this.style.display='none'\"  \/>","protected":false},"excerpt":{"rendered":"<p>Este verano celebramos nuestro progreso durante la \u00faltima d\u00e9cada y esperamos seguir avanzando en nuestra lucha continua por una cura. Juntos, estamos dando pasos significativos hacia...<\/p>","protected":false},"author":49,"featured_media":0,"parent":0,"menu_order":0,"comment_status":"closed","ping_status":"closed","template":"","meta":{"_acf_changed":false,"_monsterinsights_skip_tracking":false,"_monsterinsights_sitenote_active":false,"_monsterinsights_sitenote_note":"","_monsterinsights_sitenote_category":0,"footnotes":""},"class_list":["post-5683","page","type-page","status-publish","hentry"],"acf":[],"aioseo_notices":[],"_links":{"self":[{"href":"https:\/\/als-ny.blackbaudwp.com\/es\/wp-json\/wp\/v2\/pages\/5683","targetHints":{"allow":["GET"]}}],"collection":[{"href":"https:\/\/als-ny.blackbaudwp.com\/es\/wp-json\/wp\/v2\/pages"}],"about":[{"href":"https:\/\/als-ny.blackbaudwp.com\/es\/wp-json\/wp\/v2\/types\/page"}],"author":[{"embeddable":true,"href":"https:\/\/als-ny.blackbaudwp.com\/es\/wp-json\/wp\/v2\/users\/49"}],"replies":[{"embeddable":true,"href":"https:\/\/als-ny.blackbaudwp.com\/es\/wp-json\/wp\/v2\/comments?post=5683"}],"version-history":[{"count":10,"href":"https:\/\/als-ny.blackbaudwp.com\/es\/wp-json\/wp\/v2\/pages\/5683\/revisions"}],"predecessor-version":[{"id":5849,"href":"https:\/\/als-ny.blackbaudwp.com\/es\/wp-json\/wp\/v2\/pages\/5683\/revisions\/5849"}],"wp:attachment":[{"href":"https:\/\/als-ny.blackbaudwp.com\/es\/wp-json\/wp\/v2\/media?parent=5683"}],"curies":[{"name":"wp","href":"https:\/\/api.w.org\/{rel}","templated":true}]}}