{"id":6047,"date":"2024-10-11T15:06:04","date_gmt":"2024-10-11T19:06:04","guid":{"rendered":"https:\/\/als-ny.org\/?page_id=6047"},"modified":"2024-10-23T13:17:10","modified_gmt":"2024-10-23T17:17:10","slug":"fall-news-2024","status":"publish","type":"page","link":"https:\/\/als-ny.blackbaudwp.com\/es\/fall-news-2024\/","title":{"rendered":"Noticias de oto\u00f1o de 2024"},"content":{"rendered":"<p>Durante m\u00e1s de 30 a\u00f1os, el equipo de ALS United Greater New York se ha mantenido a la vanguardia brindando atenci\u00f3n compasiva y personalizada a personas y familias afectadas por ELA. Con personal ubicado en Nueva York y Nueva Jersey, nos comprometemos a garantizar que quienes lo necesitan reciban el apoyo que merecen, dondequiera que est\u00e9n. Nuestra misi\u00f3n, centrada en la atenci\u00f3n, la conexi\u00f3n y la defensa constantes, es la base de todo lo que hacemos. Gracias por formar parte de nuestra comunidad y por apoyar nuestros esfuerzos.<ul><li><a href=\"https:\/\/als-ny.blackbaudwp.com\/es\/calendar\/team-als\/\">\u00danase a nosotros a lo largo de la ruta del marat\u00f3n mientras animamos al equipo ALS el 3 de noviembre.<\/a><\/li><li><a href=\"https:\/\/als-ny.blackbaudwp.com\/es\/get-involved\/events\/the-lou-gehrig-legacy-gala\/\">Reserva la fecha de la Gala del Legado de Lou Gehrig el 12 de noviembre<\/a><\/li><\/ul>Despl\u00e1cese hacia abajo para obtener m\u00e1s informaci\u00f3n sobre nuestros logros durante el verano y lo que esperamos este oto\u00f1o. Gracias por su continuo apoyo y dedicaci\u00f3n a nuestra causa.<\/p><h6>Juntos somos fuertes. Juntos acabaremos con la ELA.<\/h6>\t\t\n\t<h5><strong>SERVICIOS DE ATENCI\u00d3N<\/strong><\/h5>\n<p>Investigadores de la Universidad de Stony Brook trabajan en un proyecto innovador para ayudar a pacientes con ELA y a sus cuidadores mediante inteligencia artificial (IA) y rob\u00f3tica. El proyecto, financiado con una subvenci\u00f3n de 1,5 millones de d\u00f3lares del Ej\u00e9rcito de los Estados Unidos, se centra en el desarrollo del Asistente Rob\u00f3tico para Cuidados (CART), cuyo objetivo es ayudar a los pacientes con las tareas f\u00edsicas que ya no pueden realizar debido a la ELA.<\/p>\n\t\t\t<a href=\"https:\/\/als-ny.blackbaudwp.com\/es\/stony-brook-researchers-develop-ai-and-robotics-to-aid-als-patients-and-caregivers\/\" target=\"_blank\" rel=\"noopener\">\n\t\t\t\t\t\t\tPara saber m\u00e1s o participar haga clic aqu\u00ed\n\t\t\t\t\t<\/a>\n\t\t\t\t\t\t\t\t\t<img decoding=\"async\" src=\"https:\/\/als-ny.blackbaudwp.com\/wp-content\/uploads\/2024\/10\/CARTClose-up-740x493-1.jpg\" alt=\"CART Close Up\" itemprop=\"image\" height=\"493\" width=\"740\" title=\"CART de cerca\" onerror=\"this.style.display='none'\"  \/>\n\t\t\t\t\t\t\t\t\t<img decoding=\"async\" src=\"https:\/\/als-ny.blackbaudwp.com\/wp-content\/uploads\/2024\/10\/VA-2048x862.jpg\" alt=\"VA\" itemprop=\"image\" height=\"862\" width=\"2048\" srcset=\"https:\/\/als-ny.blackbaudwp.com\/wp-content\/uploads\/2024\/10\/VA-scaled.jpg 2048w, https:\/\/als-ny.blackbaudwp.com\/wp-content\/uploads\/2024\/10\/VA-768x323.jpg 768w\" sizes=\"(max-width: 2048px) 100vw, 2048px\" title=\"Virginia\" onerror=\"this.style.display='none'\"  \/>\n\t<h5><strong>CL\u00cdNICA DESTACADA<\/strong><\/h5>\n<p>El Centro M\u00e9dico James J. Peters Bronx VA en el Bronx, Nueva York, comenz\u00f3 a tratar a veteranos con ELA en 2014.<\/p>\n\t\t\t<a href=\"https:\/\/als-ny.blackbaudwp.com\/es\/clinic-spotlight-james-j-peters-department-of-veterans-affairs-medical-center\/\" target=\"_blank\" rel=\"noopener\">\n\t\t\t\t\t\t\tLea sobre su inspirador comienzo aqu\u00ed\n\t\t\t\t\t<\/a>\n\t<h5><strong>CL\u00c1SICO DE GOLF IRON HORSE<\/strong><\/h5>\n<p>El Iron Horse Golf Classic celebr\u00f3 su s\u00e9ptimo a\u00f1o de \u00e9xito en el Sands Point Golf Club el lunes 12 de agosto, recaudando 120.000 T\/T. M\u00e1s de 100 golfistas disfrutaron de un gran d\u00eda en el campo, seguido de una cena buffet, una subasta silenciosa y una rifa con premios que incluyeron boletos de avi\u00f3n de Jet Blue, tarjetas de regalo para restaurantes y salidas de golf en algunos de los campos privados de \u00e9lite del \u00e1rea metropolitana de Nueva York. Los golfistas tambi\u00e9n tuvieron la oportunidad de intentar un hoyo en uno patrocinado por BMW de Bayshore.<\/p>\n\t\t\t\t\t\t\t\t\t<img decoding=\"async\" src=\"https:\/\/als-ny.blackbaudwp.com\/wp-content\/uploads\/2024\/10\/Golf-News.jpg\" alt=\"ALS United Iron Horse Golf ClassicSands Point Golf ClubAugust 12, 2024Photos: James Higgins\" itemprop=\"image\" height=\"6837\" width=\"4558\" title=\"Noticias de golf\" onerror=\"this.style.display='none'\"  \/>\n\t\t\t\t\t\t\t\t\t<img decoding=\"async\" src=\"https:\/\/als-ny.blackbaudwp.com\/wp-content\/uploads\/2024\/10\/hv-walk-2024-scaled.jpg\" alt=\"Hudson Valley ALS Walk 2024\" itemprop=\"image\" height=\"1650\" width=\"2048\" srcset=\"https:\/\/als-ny.blackbaudwp.com\/wp-content\/uploads\/2024\/10\/hv-walk-2024-scaled.jpg 2048w, https:\/\/als-ny.blackbaudwp.com\/wp-content\/uploads\/2024\/10\/hv-walk-2024-1400x1128.jpg 1400w, https:\/\/als-ny.blackbaudwp.com\/wp-content\/uploads\/2024\/10\/hv-walk-2024-768x619.jpg 768w, https:\/\/als-ny.blackbaudwp.com\/wp-content\/uploads\/2024\/10\/hv-walk-2024-1536x1237.jpg 1536w\" sizes=\"(max-width: 2048px) 100vw, 2048px\" title=\"Caminata por la ELA en el valle del Hudson 2024\" onerror=\"this.style.display='none'\"  \/>\n\t<h5><strong>CAMINAR ALS<\/strong><\/h5>\n<p>Este a\u00f1o, m\u00e1s de 6.500 caminantes participaron en nuestras seis caminatas ALS desde mayo hasta octubre, recaudando m\u00e1s de $1,3 millones.<\/p>\n<p>Agradecemos a los numerosos y dedicados capitanes de equipo, participantes del evento, voluntarios, patrocinadores y defensores de la ELA. Su apoyo, compromiso y esfuerzos de recaudaci\u00f3n de fondos son fundamentales para garantizar que la comunidad de ELA siga recibiendo atenci\u00f3n de la m\u00e1s alta calidad.<\/p>\n\t\t\t<a href=\"https:\/\/als-ny.blackbaudwp.com\/es\/get-involved\/events\/walk-als\/\" target=\"_blank\" rel=\"noopener\">\n\t\t\t\t\t\t\tVisita WALK ALS\n\t\t\t\t\t<\/a>\n\t<h4>Desaf\u00edo del cubo de hielo<\/h4>\n<p>Este verano se celebr\u00f3 el d\u00e9cimo aniversario del Ice Bucket Challenge, \u00a1y ALS United Greater New York lo celebr\u00f3 a lo grande! Empezamos con una serie de eventos, desde el Ice Bucket Challenge de Orangetown en el condado de Rockland hasta el Ice Bucket Challenge de Quinn for the Win en Yonkers, e incluso hicimos sonar la campana de apertura en el Nasdaq.<\/p>\n<p>El 3 de agosto, nos reunimos en el Casino Empire City para el evento &quot;Quinn for the Win&quot;, en honor a Pat Quinn, uno de los creadores originales del Ice Bucket Challenge, quien proclam\u00f3 su famosa frase: &quot;Cada agosto hasta encontrar la cura&quot;. Su legado sigue vivo, inspirando innumerables esfuerzos para combatir la ELA.<\/p>\n<p>Un reconocimiento especial a Patricia Keery, quien vive con ELA, por liderar el Reto del Cubo de Hielo de Orangetown, que recaud\u00f3 la incre\u00edble suma de $26,500 para nuestro Programa de Pr\u00e9stamo de Equipos. El 7 de septiembre, m\u00e1s de 200 personas se reunieron, se empaparon y se movilizaron para concientizar sobre la ELA.<\/p>\n\t\t\t\t\t\t\t\t\t<img decoding=\"async\" src=\"https:\/\/als-ny.blackbaudwp.com\/wp-content\/uploads\/2024\/10\/ice-KPCcropped.png\" alt=\"Nasdaq Kristen Cocoman Ice Bucket Challenge 2024\" itemprop=\"image\" height=\"1432\" width=\"1305\" srcset=\"https:\/\/als-ny.blackbaudwp.com\/wp-content\/uploads\/2024\/10\/ice-KPCcropped.png 1305w, https:\/\/als-ny.blackbaudwp.com\/wp-content\/uploads\/2024\/10\/ice-KPCcropped-1276x1400.png 1276w, https:\/\/als-ny.blackbaudwp.com\/wp-content\/uploads\/2024\/10\/ice-KPCcropped-768x843.png 768w\" sizes=\"(max-width: 1305px) 100vw, 1305px\" title=\"Nasdaq Kristen Cocoman Ice Bucket Challenge 2024\" onerror=\"this.style.display='none'\"  \/>\n\t\t\t<a href=\"https:\/\/als-ny.blackbaudwp.com\/es\/als-united-greater-new-york-rings-the-nasdaq-opening-bell-to-celebrate-the-10th-anniversary-of-the-ice-bucket-challenge\/\" target=\"_blank\" rel=\"noopener\">\n\t\t\t\t\t\t\tLea sobre nuestra visita a Nasdaq. \n\t\t\t\t\t<\/a>\n\t\t\t\t\t\t\t\t\t<img decoding=\"async\" src=\"https:\/\/als-ny.blackbaudwp.com\/wp-content\/uploads\/2024\/09\/LGLgalapopupbox.png\" alt=\"2024 Lou Gehrig Legacy Gala\" itemprop=\"image\" height=\"1080\" width=\"1080\" srcset=\"https:\/\/als-ny.blackbaudwp.com\/wp-content\/uploads\/2024\/09\/LGLgalapopupbox.png 1080w, https:\/\/als-ny.blackbaudwp.com\/wp-content\/uploads\/2024\/09\/LGLgalapopupbox-150x150.png 150w, https:\/\/als-ny.blackbaudwp.com\/wp-content\/uploads\/2024\/09\/LGLgalapopupbox-768x768.png 768w, https:\/\/als-ny.blackbaudwp.com\/wp-content\/uploads\/2024\/09\/LGLgalapopupbox-760x760.png 760w\" sizes=\"(max-width: 1080px) 100vw, 1080px\" title=\"Gala del Legado de Lou Gehrig 2024\" onerror=\"this.style.display='none'\"  \/>\n\t<h5><strong>Gala del legado de Lou Gehrig<\/strong><\/h5>\n<p>Esperamos que nos acompa\u00f1e el martes 12 de noviembre en el Pier Sixty de la ciudad de Nueva York para la Gala anual del Legado de Lou Gehrig.<\/p>\n<p>Este a\u00f1o honraremos <strong>Daniel L. Doctoroff,<\/strong> Fundador y presidente de Target ALS, con el Premio Jacob K. Javits a la Trayectoria. El Premio Deportivo Lou Gehrig se entregar\u00e1 a la leyenda de los New York Rangers. <strong>Ad\u00e1n Graves,<\/strong> pateador de los New York Jets <strong>Thomas Morstead<\/strong>, y locutor de radio de los Yankees de Nueva York <strong>Juan Sterling<\/strong>. Tambi\u00e9n entregaremos el Premio Campe\u00f3n al miembro de la Junta Directiva de ALS United Greater New York. <strong>David Lubars<\/strong>, Director creativo mundial de BBDO (retirado).<\/p>\n<p>El programa de la noche ser\u00e1 presentado por Jeremy Schaap, presentador de E60 y Outside the Lines de ESPN. Los c\u00f3cteles y la subasta silenciosa comienzan a las 18:30 h, seguidos de la cena y la entrega de premios a las 19:30 h. Las entradas y las mesas est\u00e1n a la venta. Para m\u00e1s informaci\u00f3n, comun\u00edquese al 212-720-3052 o a events@als-ny.org.<\/p>\n\t\t\t<a href=\"https:\/\/e.givesmart.com\/events\/CwX\/\" target=\"_blank\" rel=\"noopener\">\n\t\t\t\t\t\t\tComprar entradas\n\t\t\t\t\t<\/a>\n\t<h5><strong>Marat\u00f3n de la ciudad de Nueva York TCS<\/strong><\/h5>\n<p>Sesenta y seis corredores del Equipo ELA participar\u00e1n en el Marat\u00f3n de Nueva York TCS 2024 el domingo 3 de noviembre. El equipo de este a\u00f1o est\u00e1 compuesto por atletas filantr\u00f3picos provenientes de diversos rincones de Estados Unidos, como California, Illinois, Florida, Carolina del Sur y Maine, y una importante representaci\u00f3n de nuestra comunidad local en el \u00e1rea metropolitana de Nueva York. Entre todos los atletas destacados del Equipo ELA, nuestros corredores son m\u00e9dicos, educadores, artistas y veteranos. Adem\u00e1s, nuestro equipo cuenta con uno de nuestros empleados, Aaron Young, y su hermano, quienes corren en memoria de su madre, quien perdi\u00f3 la batalla contra la ELA. Juntos, el Equipo ELA se ha convertido en una comunidad excepcional, unida en nuestra misi\u00f3n de apoyar la causa y promover la investigaci\u00f3n para encontrar una cura para la ELA.<\/p>\n<p><strong>\u00danase a nosotros el 3 de noviembre<sup>rd<\/sup> A lo largo de la ruta del marat\u00f3n, animamos a este incre\u00edble grupo de corredores. Contacta con Tara Connors en <a href=\"about:blank\">tconnors@als-ny.org<\/a> Para ubicaci\u00f3n y m\u00e1s informaci\u00f3n.<\/strong><\/p>\n\t\t\t<a href=\"https:\/\/als-ny.blackbaudwp.com\/es\/calendar\/team-als\/\" target=\"_blank\" rel=\"noopener\">\n\t\t\t\t\t\t\tDona a un corredor y obt\u00e9n m\u00e1s informaci\u00f3n sobre el Equipo ALS\n\t\t\t\t\t<\/a>\n\t\t\t\t\t\t\t\t\t<img decoding=\"async\" src=\"https:\/\/als-ny.blackbaudwp.com\/wp-content\/uploads\/2024\/10\/IMG_2921_Cropped.jpeg\" alt=\"Team ALS\" itemprop=\"image\" height=\"1845\" width=\"1776\" srcset=\"https:\/\/als-ny.blackbaudwp.com\/wp-content\/uploads\/2024\/10\/IMG_2921_Cropped.jpeg 1776w, https:\/\/als-ny.blackbaudwp.com\/wp-content\/uploads\/2024\/10\/IMG_2921_Cropped-1348x1400.jpeg 1348w, https:\/\/als-ny.blackbaudwp.com\/wp-content\/uploads\/2024\/10\/IMG_2921_Cropped-768x798.jpeg 768w, https:\/\/als-ny.blackbaudwp.com\/wp-content\/uploads\/2024\/10\/IMG_2921_Cropped-1479x1536.jpeg 1479w\" sizes=\"(max-width: 1776px) 100vw, 1776px\" title=\"equipo ELA\" onerror=\"this.style.display='none'\"  \/>\n\t\t\t\t\t\t\t\t\t<img decoding=\"async\" src=\"https:\/\/als-ny.blackbaudwp.com\/wp-content\/uploads\/2024\/10\/Conversation-Cocktails-1.jpg\" alt=\"Conversation Cocktails\" itemprop=\"image\" height=\"360\" width=\"640\" title=\"C\u00f3cteles de conversaci\u00f3n\" onerror=\"this.style.display='none'\"  \/>\n\t<h5><strong>C\u00f3cteles y conversaciones<\/strong><\/h5>\n<p>El jueves 12 de septiembre, ALS United Greater New York organiz\u00f3 &quot;C\u00f3cteles y Conversaciones&quot; en la terraza del Centro del Genoma de Nueva York. Este evento brind\u00f3 una fant\u00e1stica oportunidad para que la Junta Directiva y el personal conectaran con pacientes, familias y donantes. La velada estuvo repleta de conversaciones significativas, y los invitados disfrutaron de una visita especial al Laboratorio de ELA en el Centro del Genoma. Esperamos volver a organizar este evento el pr\u00f3ximo a\u00f1o.<\/p>\n\t<h5><strong>Abogac\u00eda<\/strong><\/h5>\n<p>A medida que nos acercamos a las elecciones de noviembre, es importante que se escuche su opini\u00f3n. Su voto es una herramienta poderosa que puede moldear pol\u00edticas e influir en decisiones que impactan directamente en la lucha contra la ELA y la calidad de vida de sus seres queridos. Todos los niveles de gobierno desempe\u00f1an un papel vital: los funcionarios electos toman decisiones sobre atenci\u00f3n m\u00e9dica, seguros, Medicare, atenci\u00f3n domiciliaria y otros asuntos clave que afectan nuestras vidas.<\/p>\n<p>Al votar, puede opinar sobre c\u00f3mo se asignan los fondos y recursos del gobierno a las personas con ELA. Aseg\u00farese de estar registrado y de tener un plan que se ajuste a sus necesidades. Si vota en persona, confirme su centro de votaci\u00f3n y verifique las opciones de accesibilidad. Si necesita votar por correo, tenga en cuenta las fechas clave y los plazos para Nueva Jersey o Nueva York.<\/p>\n<p>Cuando nos reunimos para votar, nuestra voz colectiva se fortalece. Al votar, podemos asegurarnos de que los funcionarios electos escuchen las preocupaciones y prioridades de la comunidad con ELA.<\/p>\n\t\t\t\t\t\t\t\t\t<img decoding=\"async\" src=\"https:\/\/als-ny.blackbaudwp.com\/wp-content\/uploads\/2024\/10\/voter.png\" alt=\"Voter\" itemprop=\"image\" height=\"788\" width=\"940\" srcset=\"https:\/\/als-ny.blackbaudwp.com\/wp-content\/uploads\/2024\/10\/voter.png 940w, https:\/\/als-ny.blackbaudwp.com\/wp-content\/uploads\/2024\/10\/voter-768x644.png 768w\" sizes=\"(max-width: 940px) 100vw, 940px\" title=\"Votante\" onerror=\"this.style.display='none'\"  \/>\n\t\t\t<a href=\"https:\/\/als-ny.quorum.us\/action\/\" target=\"_blank\" rel=\"noopener\">\n\t\t\t\t\t\t\tENCUENTRE INFORMACI\u00d3N PARA VOTAR AQU\u00cd\n\t\t\t\t\t<\/a>\n\t\t\t\t\t\t\t\t\t<img decoding=\"async\" src=\"https:\/\/als-ny.blackbaudwp.com\/wp-content\/uploads\/2024\/10\/Hudson-Valley-Day-scaled.jpg\" alt=\"Hudson Valley Day\" itemprop=\"image\" height=\"2048\" width=\"1897\" srcset=\"https:\/\/als-ny.blackbaudwp.com\/wp-content\/uploads\/2024\/10\/Hudson-Valley-Day-scaled.jpg 1897w, https:\/\/als-ny.blackbaudwp.com\/wp-content\/uploads\/2024\/10\/Hudson-Valley-Day-1297x1400.jpg 1297w, https:\/\/als-ny.blackbaudwp.com\/wp-content\/uploads\/2024\/10\/Hudson-Valley-Day-768x829.jpg 768w, https:\/\/als-ny.blackbaudwp.com\/wp-content\/uploads\/2024\/10\/Hudson-Valley-Day-1423x1536.jpg 1423w\" sizes=\"(max-width: 1897px) 100vw, 1897px\" title=\"D\u00eda del Valle del Hudson\" onerror=\"this.style.display='none'\"  \/>\n\t<h5>D\u00eda de la Familia en el Valle del Hudson<\/h5>\n<p>El 7 de septiembre, ALS United Greater New York organiz\u00f3 un D\u00eda Familiar en Melzingah Tap House en Beacon, NY, que reuni\u00f3 a personas con ELA, sus familias y participantes de la Caminata del Valle del Hudson. Melzingah Tap House, patrocinador de la Caminata desde hace mucho tiempo, brind\u00f3 el entorno perfecto para esta reuni\u00f3n informal al aire libre. El evento foment\u00f3 v\u00ednculos significativos entre las familias y el equipo de Servicios de Atenci\u00f3n para ELA, present\u00f3 a nuevas familias a la comunidad y brind\u00f3 la oportunidad de compartir informaci\u00f3n sobre la pr\u00f3xima Caminata del Valle del Hudson.<\/p>\n\t<p><strong>Su donaci\u00f3n ayudar\u00e1 a apoyar a nuestra comunidad local de m\u00e1s de 1,000 personas con ELA y sus familias en el \u00e1rea metropolitana de Nueva York, a trav\u00e9s de servicios integrales de atenci\u00f3n local, abogando por sus necesidades y financiando avances de investigaci\u00f3n de vanguardia.<\/strong><\/p>\n\t\t\t<a href=\"https:\/\/secure.als-ny.org\/site\/Donation2?df_id=1500&#038;mfc_pref=T&#038;1500.donation=form1\" target=\"_blank\" rel=\"noopener\">\n\t\t\t\t\t\t\t\u00a1AP\u00d3YANOS HOY!\n\t\t\t\t\t<\/a>","protected":false},"excerpt":{"rendered":"<p>Durante m\u00e1s de 30 a\u00f1os, el equipo de ALS United del Gran Nueva York se ha mantenido a la vanguardia brindando atenci\u00f3n compasiva y personalizada a personas y familias afectadas por ELA. Con\u2026<\/p>","protected":false},"author":49,"featured_media":0,"parent":0,"menu_order":0,"comment_status":"closed","ping_status":"closed","template":"","meta":{"_acf_changed":false,"_monsterinsights_skip_tracking":false,"_monsterinsights_sitenote_active":false,"_monsterinsights_sitenote_note":"","_monsterinsights_sitenote_category":0,"footnotes":""},"class_list":["post-6047","page","type-page","status-publish","hentry"],"acf":[],"aioseo_notices":[],"_links":{"self":[{"href":"https:\/\/als-ny.blackbaudwp.com\/es\/wp-json\/wp\/v2\/pages\/6047","targetHints":{"allow":["GET"]}}],"collection":[{"href":"https:\/\/als-ny.blackbaudwp.com\/es\/wp-json\/wp\/v2\/pages"}],"about":[{"href":"https:\/\/als-ny.blackbaudwp.com\/es\/wp-json\/wp\/v2\/types\/page"}],"author":[{"embeddable":true,"href":"https:\/\/als-ny.blackbaudwp.com\/es\/wp-json\/wp\/v2\/users\/49"}],"replies":[{"embeddable":true,"href":"https:\/\/als-ny.blackbaudwp.com\/es\/wp-json\/wp\/v2\/comments?post=6047"}],"version-history":[{"count":10,"href":"https:\/\/als-ny.blackbaudwp.com\/es\/wp-json\/wp\/v2\/pages\/6047\/revisions"}],"predecessor-version":[{"id":6197,"href":"https:\/\/als-ny.blackbaudwp.com\/es\/wp-json\/wp\/v2\/pages\/6047\/revisions\/6197"}],"wp:attachment":[{"href":"https:\/\/als-ny.blackbaudwp.com\/es\/wp-json\/wp\/v2\/media?parent=6047"}],"curies":[{"name":"wp","href":"https:\/\/api.w.org\/{rel}","templated":true}]}}