{"id":6618,"date":"2025-02-12T13:05:15","date_gmt":"2025-02-12T18:05:15","guid":{"rendered":"https:\/\/als-ny.org\/?page_id=6618"},"modified":"2025-02-12T13:05:15","modified_gmt":"2025-02-12T18:05:15","slug":"approved-treatments-therapies","status":"publish","type":"page","link":"https:\/\/als-ny.blackbaudwp.com\/es\/approved-treatments-therapies\/","title":{"rendered":"Tratamientos y terapias aprobados"},"content":{"rendered":"<h2>\n\t\t\tTratamientos y terapias aprobados\n\t\t<\/h2>\n\t\t\t<p>Se est\u00e1n realizando estudios a nivel mundial para desarrollar m\u00e1s tratamientos y una cura para la ELA. Cuatro medicamentos est\u00e1n actualmente aprobados por la Administraci\u00f3n de Alimentos y Medicamentos de los Estados Unidos (FDA) para tratar la ELA y sus s\u00edntomas: Qalsody, Radicava, Riluzol y Nuedexta. Consulte con su m\u00e9dico o profesional de la salud sobre cu\u00e1l podr\u00eda ser adecuado para usted.<\/p>\t\t\n\t\t\t\t\t\t\t\t\t<img decoding=\"async\" src=\"https:\/\/als-ny.blackbaudwp.com\/wp-content\/uploads\/bb-plugin\/cache\/Treatments--landscape.jpg\" alt=\"Treatments &amp; Therapies ALS\" itemprop=\"image\" height=\"630\" width=\"1200\" title=\"Tratamientos y terapias ELA\" onerror=\"this.style.display='none'\"  \/>\n\t<p><strong>Qalsody (tofersen)<\/strong><\/p>\n<p><a href=\"https:\/\/secure.alsagoldenwest.org\/site\/R?i=7fNA-5O9UeSg0dJA8vVnaE4PuxMGAmZAguQ1cYKoNhVwoKE47TUw9g\">La Administraci\u00f3n de Alimentos y Medicamentos de Estados Unidos (FDA) anunci\u00f3<\/a> en 2023 que aprob\u00f3 <strong>Qalsody (tofersen) como nuevo tratamiento para la ELA SOD1 rara<\/strong>.<\/p>\n<p><strong>Radicava\u2122 (edaravona)<\/strong><\/p>\n<p>La FDA aprob\u00f3 Radicava\u2122 en 2017, convirti\u00e9ndolo en el primer tratamiento nuevo espec\u00edfico para la ELA en 22 a\u00f1os. En 2022 se aprob\u00f3 una formulaci\u00f3n oral.<\/p>\n<p><strong>Riluzol (Rilutek, Exservan, Tiglutik).<\/strong> Este fue el primer f\u00e1rmaco aprobado por la FDA para tratar la ELA, en 1995. Inhibe la liberaci\u00f3n de glutamato y prolonga la vida aproximadamente tres meses. Riluzol es el nombre gen\u00e9rico de Rilutek. Su m\u00e9dico generalmente controla su funci\u00f3n hep\u00e1tica mediante an\u00e1lisis de sangre peri\u00f3dicos mientras toma el medicamento.<\/p>\n<p><strong>Nuedexta\u00ae<\/strong><\/p>\n<p>Indicado para el tratamiento del afecto pseudobulbar (ABP), que se caracteriza por episodios frecuentes, involuntarios y a menudo repentinos de llanto o risa exagerada o que no se corresponden con los sentimientos del paciente. El ABP se presenta como consecuencia de diversas afecciones neurol\u00f3gicas no relacionadas. Nuedexta\u00ae (bromhidrato de dextrometorfano y sulfato de quinidina) fue aprobado por la FDA en 2011.<\/p>","protected":false},"excerpt":{"rendered":"<p>Tratamientos y terapias aprobados. Se est\u00e1n realizando estudios en todo el mundo para desarrollar m\u00e1s tratamientos y una cura para la ELA. Cuatro medicamentos est\u00e1n actualmente aprobados por la Administraci\u00f3n de Alimentos y Medicamentos de EE. UU. (FDA)\u2026<\/p>","protected":false},"author":49,"featured_media":0,"parent":0,"menu_order":0,"comment_status":"closed","ping_status":"closed","template":"","meta":{"_acf_changed":false,"_monsterinsights_skip_tracking":false,"_monsterinsights_sitenote_active":false,"_monsterinsights_sitenote_note":"","_monsterinsights_sitenote_category":0,"footnotes":""},"class_list":["post-6618","page","type-page","status-publish","hentry"],"acf":[],"aioseo_notices":[],"_links":{"self":[{"href":"https:\/\/als-ny.blackbaudwp.com\/es\/wp-json\/wp\/v2\/pages\/6618","targetHints":{"allow":["GET"]}}],"collection":[{"href":"https:\/\/als-ny.blackbaudwp.com\/es\/wp-json\/wp\/v2\/pages"}],"about":[{"href":"https:\/\/als-ny.blackbaudwp.com\/es\/wp-json\/wp\/v2\/types\/page"}],"author":[{"embeddable":true,"href":"https:\/\/als-ny.blackbaudwp.com\/es\/wp-json\/wp\/v2\/users\/49"}],"replies":[{"embeddable":true,"href":"https:\/\/als-ny.blackbaudwp.com\/es\/wp-json\/wp\/v2\/comments?post=6618"}],"version-history":[{"count":2,"href":"https:\/\/als-ny.blackbaudwp.com\/es\/wp-json\/wp\/v2\/pages\/6618\/revisions"}],"predecessor-version":[{"id":6622,"href":"https:\/\/als-ny.blackbaudwp.com\/es\/wp-json\/wp\/v2\/pages\/6618\/revisions\/6622"}],"wp:attachment":[{"href":"https:\/\/als-ny.blackbaudwp.com\/es\/wp-json\/wp\/v2\/media?parent=6618"}],"curies":[{"name":"wp","href":"https:\/\/api.w.org\/{rel}","templated":true}]}}