{"id":7168,"date":"2025-08-13T16:36:55","date_gmt":"2025-08-13T20:36:55","guid":{"rendered":"https:\/\/als-ny.org\/?page_id=7168"},"modified":"2025-08-26T15:47:57","modified_gmt":"2025-08-26T19:47:57","slug":"summer-newsletter-2025","status":"publish","type":"page","link":"https:\/\/als-ny.blackbaudwp.com\/es\/summer-newsletter-2025\/","title":{"rendered":"Bolet\u00edn de verano 2025"},"content":{"rendered":"\n\n\t\t\n\t\t\t<p>Summer&#8217;s not over yet &#8211; and neither is our momentum in the fight against ALS.\u00a0 Your continued dedication helps drive advances in care, research, and advocacy, bringing us closer to a future without ALS.In May, ALS Awareness Month lit up New York City and beyond with energy, visibility, and action &#8211; from Times Square displays to advocacy meetings in Albany and Washington, D.C. <a href=\"https:\/\/youtu.be\/Pd_cYtUDwnQ?si=v2Y_NTNhtd9DorXu\">See all we did for ALS Awareness Month here.<\/a>In June and July, we celebrated <strong>ALS Awareness Day<\/strong> at baseball parks across New York, connecting with fans and sharing our mission with thousands. In\u00a0August, our community came together once again for the\u00a0<strong data-end=\"1024\" data-start=\"986\">8th Annual Iron Horse Golf Classic<\/strong>\u00a0and\u00a0<strong data-end=\"1066\" data-start=\"1029\">Long Island Family Connection Day<\/strong>, two events that brought supporters and families together in meaningful ways.Looking ahead, there&#8217;s still so much to be part of this year. Join us for one of our <strong>three Fall WALK ALS<\/strong> events, <strong>cheer Team ALS<\/strong> at the TCS NYC Marathon,\u00a0 and attend the <strong>Lou Gehrig Legacy Gala on November 11th.<\/strong> Scroll down to learn more about these events and how your support continues to make a difference every day.<\/p><h6>Together, we end ALS.<\/h6>\t\t\n\t<h6><strong>CARE SERVICES<\/strong><\/h6>\n<p>On June 5th, ALS United Greater New York Care Service facilitators led a group discussion on the topic of Women and ALS. This was the first time a program was designed specifically for people who identify as women living with ALS. Years of experience have taught us that although ALS symptoms are universal among genders, women experience a unique set of challenges when it comes to living with the disease. These challenges take many forms, both physical and emotional.\u00a0<\/p>\n<p>Mary Ann Mertz, Care Coordinator and Clinic Coordinator at our Rutgers RWJ ALS Clinic, shared valuable insights on reproductive health and practical coping strategies for managing the disease on a day-to-day basis. Following her presentation, our Chief Care Services Officer, Debbie Schlossberg, led a structured discussion exploring topics such as identity, body image, and the ways ALS can affect personal relationships.\u00a0<\/p>\n<p>The discussion was lively and robust, with appreciation expressed by attendees. One participant immediately emailed and said she loved the group. When asked what specifically resonated with her, she replied, &#8220;<em>You got to participate and listen to the other ladies and hear different perspectives&#8230;Miss Debbie posed questions out there for us to think about, which was very good, and then waited for us to open up. Definitely would do this again. We were on for an hour and 30 minutes, and there still wasn&#8217;t enough time.<\/em>&#8221;\u00a0<\/p>\n\t\t\t<a href=\"https:\/\/als-ny.blackbaudwp.com\/navigating-als\/support-groups\/\" target=\"_blank\" rel=\"noopener\">\n\t\t\t\t\t\t\tClick Here For Support Groups and Additional Educational Resources \n\t\t\t\t\t<\/a>\n\t\t\t\t\t\t\t\t\t<img decoding=\"async\" src=\"https:\/\/als-ny.blackbaudwp.com\/wp-content\/uploads\/2025\/08\/Women-1.png\" alt=\"Women and ALS 2025\" itemprop=\"image\" height=\"1275\" width=\"1650\" srcset=\"https:\/\/als-ny.blackbaudwp.com\/wp-content\/uploads\/2025\/08\/Women-1.png 1650w, https:\/\/als-ny.blackbaudwp.com\/wp-content\/uploads\/2025\/08\/Women-1-1400x1082.png 1400w, https:\/\/als-ny.blackbaudwp.com\/wp-content\/uploads\/2025\/08\/Women-1-768x593.png 768w, https:\/\/als-ny.blackbaudwp.com\/wp-content\/uploads\/2025\/08\/Women-1-1536x1187.png 1536w\" sizes=\"(max-width: 1650px) 100vw, 1650px\" title=\"Women and ALS 2025\" onerror=\"this.style.display='none'\"  \/>\n\t\t\t\t\t\t\t\t\t<img decoding=\"async\" src=\"https:\/\/als-ny.blackbaudwp.com\/wp-content\/uploads\/2025\/08\/Walks-ALS-25.png\" alt=\"Walks ALS 2025\" itemprop=\"image\" height=\"1080\" width=\"1080\" srcset=\"https:\/\/als-ny.blackbaudwp.com\/wp-content\/uploads\/2025\/08\/Walks-ALS-25.png 1080w, https:\/\/als-ny.blackbaudwp.com\/wp-content\/uploads\/2025\/08\/Walks-ALS-25-150x150.png 150w, https:\/\/als-ny.blackbaudwp.com\/wp-content\/uploads\/2025\/08\/Walks-ALS-25-768x768.png 768w, https:\/\/als-ny.blackbaudwp.com\/wp-content\/uploads\/2025\/08\/Walks-ALS-25-760x760.png 760w\" sizes=\"(max-width: 1080px) 100vw, 1080px\" title=\"Walks ALS 2025\" onerror=\"this.style.display='none'\"  \/>\n\t<h6><strong>WALK ALS<\/strong><\/h6>\n<p>ALS United Greater New York had a solid start to the 2025 Walk ALS season. We hosted three Walks throughout the region this spring: Walk ALS New York City on Saturday, May 3rd, Walk ALS Westchester on Saturday, May 31st, and Walk ALS North Jersey on Sunday, June 8th. \u00a0<\/p>\n<p>There is still time to register for the upcoming fall Walks. You can join us on the following dates:\u00a0<\/p>\n<ul>\n<li aria-setsize=\"-1\" data-leveltext=\"\u00b7\" data-font=\"Symbol\" data-listid=\"2\" data-list-defn-props=\"{&quot;335552541&quot;:1,&quot;335559683&quot;:0,&quot;335559684&quot;:-2,&quot;335559685&quot;:720,&quot;335559991&quot;:360,&quot;469769226&quot;:&quot;Symbol&quot;,&quot;469769242&quot;:[8226],&quot;469777803&quot;:&quot;left&quot;,&quot;469777804&quot;:&quot;\u00b7&quot;,&quot;469777815&quot;:&quot;hybridMultilevel&quot;}\" data-aria-posinset=\"1\" data-aria-level=\"1\"><b>Saturday, September 13th,<\/b> in Long Branch, NJ, for Walk ALS Jersey Shore<\/li>\n<li aria-setsize=\"-1\" data-leveltext=\"\u00b7\" data-font=\"Symbol\" data-listid=\"2\" data-list-defn-props=\"{&quot;335552541&quot;:1,&quot;335559683&quot;:0,&quot;335559684&quot;:-2,&quot;335559685&quot;:720,&quot;335559991&quot;:360,&quot;469769226&quot;:&quot;Symbol&quot;,&quot;469769242&quot;:[8226],&quot;469777803&quot;:&quot;left&quot;,&quot;469777804&quot;:&quot;\u00b7&quot;,&quot;469777815&quot;:&quot;hybridMultilevel&quot;}\" data-aria-posinset=\"1\" data-aria-level=\"1\"><b>Saturday, September 20th, <\/b>in East Meadow, NY, for Walk ALS Long Island\u00a0<\/li>\n<li aria-setsize=\"-1\" data-leveltext=\"\u00b7\" data-font=\"Symbol\" data-listid=\"2\" data-list-defn-props=\"{&quot;335552541&quot;:1,&quot;335559683&quot;:0,&quot;335559684&quot;:-2,&quot;335559685&quot;:720,&quot;335559991&quot;:360,&quot;469769226&quot;:&quot;Symbol&quot;,&quot;469769242&quot;:[8226],&quot;469777803&quot;:&quot;left&quot;,&quot;469777804&quot;:&quot;\u00b7&quot;,&quot;469777815&quot;:&quot;hybridMultilevel&quot;}\" data-aria-posinset=\"1\" data-aria-level=\"1\"><b>Sunday, October 19th,<\/b> in Highland, NY, for Walk ALS Hudson Valley<\/li>\n<\/ul>\n<h6>Join us to Walk in Honor. Walk in Memory.<\/h6>\n<h6> Walk United to End ALS!<\/h6>\n<p>&nbsp;<\/p>\n\t\t\t<a href=\"https:\/\/als-ny.blackbaudwp.com\/get-involved\/events\/walk-als\/\" target=\"_blank\" rel=\"noopener\">\n\t\t\t\t\t\t\tRegister and read more about our WALK Program\n\t\t\t\t\t<\/a>\n\t<h6><strong>ALS Awareness at New York Ball Parks<\/strong><\/h6>\n<p>ALS United Greater New York celebrated the legacy of Lou Gehrig with both the New York Yankees and the New York Mets in June and July. We were joined by many friends and family at Yankee Stadium on June 3rd to celebrate the 5th annual Lou Gehrig Day, which was commemorated across all Major League Baseball parks. On Wednesday, July 2nd, many friends joined us at Citi Field to cheer on the Mets while also recognizing ALS Awareness at the Ball Park. These events not only honor Lou Gehrig&#8217;s enduring legacy but also raise public awareness about ALS, helping to shine a spotlight on the urgent need for funding to advance research, improve care, and ultimately find a cure. We were proud to collaborate with I AM ALS, Her ALS Story, Mac Angels, and Target ALS for a pre-game on-field presentation at both games.<\/p>\n\t\t\t\t\t\t\t\t\t<img decoding=\"async\" src=\"https:\/\/als-ny.blackbaudwp.com\/wp-content\/uploads\/2025\/08\/Ballparks-Collage-2025.png\" alt=\"Ballparks Collage 2025\" itemprop=\"image\" height=\"1080\" width=\"1080\" srcset=\"https:\/\/als-ny.blackbaudwp.com\/wp-content\/uploads\/2025\/08\/Ballparks-Collage-2025.png 1080w, https:\/\/als-ny.blackbaudwp.com\/wp-content\/uploads\/2025\/08\/Ballparks-Collage-2025-150x150.png 150w, https:\/\/als-ny.blackbaudwp.com\/wp-content\/uploads\/2025\/08\/Ballparks-Collage-2025-768x768.png 768w, https:\/\/als-ny.blackbaudwp.com\/wp-content\/uploads\/2025\/08\/Ballparks-Collage-2025-760x760.png 760w\" sizes=\"(max-width: 1080px) 100vw, 1080px\" title=\"Ballparks Collage 2025\" onerror=\"this.style.display='none'\"  \/>\n\t\t\t\t\t\t\t\t\t<img decoding=\"async\" src=\"https:\/\/als-ny.blackbaudwp.com\/wp-content\/uploads\/2025\/08\/WashingtonDC-With-ALSUGNY-Logo.png\" alt=\"Washington DC Advocacy ALS United Greater New York\" itemprop=\"image\" height=\"1080\" width=\"1080\" srcset=\"https:\/\/als-ny.blackbaudwp.com\/wp-content\/uploads\/2025\/08\/WashingtonDC-With-ALSUGNY-Logo.png 1080w, https:\/\/als-ny.blackbaudwp.com\/wp-content\/uploads\/2025\/08\/WashingtonDC-With-ALSUGNY-Logo-150x150.png 150w, https:\/\/als-ny.blackbaudwp.com\/wp-content\/uploads\/2025\/08\/WashingtonDC-With-ALSUGNY-Logo-768x768.png 768w, https:\/\/als-ny.blackbaudwp.com\/wp-content\/uploads\/2025\/08\/WashingtonDC-With-ALSUGNY-Logo-760x760.png 760w\" sizes=\"(max-width: 1080px) 100vw, 1080px\" title=\"Washington DC Advocacy ALS United Greater New York\" onerror=\"this.style.display='none'\"  \/>\n\t<h6>ADVOCACY<\/h6>\n<p>On July 4th, 2025, H.R. 1 was signed into law, making major changes to federal healthcare programs, including Medicaid, Medicare, and the Affordable Care Act (ACA). These changes will impact how millions of Americans, including people living with ALS and their caregivers, access care.<\/p>\n<p>While the spending bill was passed, funding for critical ALS research still depends on the final appropriations process. The Senate Appropriations Committee recently continued support for key ALS programs, a positive step, but full funding is needed to help the 30,000 Americans living with ALS and their families. Veterans, who develop ALS at twice the rate of civilians, are especially at risk. <a href=\"https:\/\/app.oneclickpolitics.com\/campaign-page?cid=PtuQGOwMk7cJQWkLlqxYJ\">Join us in urging Congress to support these requested funding levels for maximum impact:<\/a><\/p>\n<ul>\n<li>Department of Defense ALS Research: $80 million<\/li>\n<li>NIH ALS Research: $180 million<\/li>\n<li>ACT for ALS Act (full funding): $100 million<\/li>\n<li>CDC ALS Registry and Prevention: $15 million<\/li>\n<\/ul>\n<p>While we continue to learn more about how this legislation will impact patient care and medical coverage, we encourage you to bring your questions to your ALS United care team members. Our social workers and nurses will guide you through changes while they advocate on your behalf.<\/p>\n<p>Together, we will advocate for the care, dignity, and support that every family affected by ALS needs and deserves.<\/p>\n\t\t\t<a href=\"https:\/\/als-ny.blackbaudwp.com\/advocating-for-change-als-united-greater-new-york-leads-the-way\/\" target=\"_blank\" rel=\"noopener\">\n\t\t\t\t\t\t\tRead More About Our Advocacy Efforts in 2025\n\t\t\t\t\t<\/a>\n\t<h6>Iron Horse Golf Classic<\/h6>\n<p>The Eighth Annual ALS Iron Horse Golf Classic was held on Monday, August 11th, at Sands Point Golf Club in Sands Point, NY, raising vital funds for our care services, advocacy, and research. More than 110 golfers enjoyed a day of golf followed by a buffet dinner and raffle with prizes that included dining experiences and golf outings at some of the elite private courses in the Greater New York area. Thanks to the dedication and generosity of participants, the event not only brought the community together but also generated significant funding to help people living with ALS and their families.<\/p>\n\t\t\t\t\t\t\t\t\t<img decoding=\"async\" src=\"https:\/\/als-ny.blackbaudwp.com\/wp-content\/uploads\/2025\/08\/Golf252.png\" alt=\"ALS Iron Horse Golf Classic August 2025\" itemprop=\"image\" height=\"1080\" width=\"1080\" srcset=\"https:\/\/als-ny.blackbaudwp.com\/wp-content\/uploads\/2025\/08\/Golf252.png 1080w, https:\/\/als-ny.blackbaudwp.com\/wp-content\/uploads\/2025\/08\/Golf252-150x150.png 150w, https:\/\/als-ny.blackbaudwp.com\/wp-content\/uploads\/2025\/08\/Golf252-768x768.png 768w, https:\/\/als-ny.blackbaudwp.com\/wp-content\/uploads\/2025\/08\/Golf252-760x760.png 760w\" sizes=\"(max-width: 1080px) 100vw, 1080px\" title=\"ALS Iron Horse Golf Classic August 2025\" onerror=\"this.style.display='none'\"  \/>\n\t\t\t\t\t\t\t\t\t<img decoding=\"async\" src=\"https:\/\/als-ny.blackbaudwp.com\/wp-content\/uploads\/2025\/08\/LI-Family-Connection.png\" alt=\"LI Family Connection\" itemprop=\"image\" height=\"1080\" width=\"1080\" srcset=\"https:\/\/als-ny.blackbaudwp.com\/wp-content\/uploads\/2025\/08\/LI-Family-Connection.png 1080w, https:\/\/als-ny.blackbaudwp.com\/wp-content\/uploads\/2025\/08\/LI-Family-Connection-150x150.png 150w, https:\/\/als-ny.blackbaudwp.com\/wp-content\/uploads\/2025\/08\/LI-Family-Connection-768x768.png 768w, https:\/\/als-ny.blackbaudwp.com\/wp-content\/uploads\/2025\/08\/LI-Family-Connection-760x760.png 760w\" sizes=\"(max-width: 1080px) 100vw, 1080px\" title=\"LI Family Connection\" onerror=\"this.style.display='none'\"  \/>\n\t<h6><b>Long Island Family Connection Day at Patrizia&#8217;s<\/b> \u00a0<\/h6>\n<p>On August 17th, ALS United Greater New York hosted Long Island Family Day at Patrizia&#8217;s in Hicksville, NY &#8211; a warm, casual gathering that brought together people living with ALS, their families, and participants in the upcoming Long Island WALK ALS. Families connected with the ALS Care Services team, shared stories, and learned more about resources and the upcoming Walk. The event also introduced new families to the community, fostering connections that will last well beyond the day itself.<\/p>\n<p>Patrizia&#8217;s has been a steadfast supporter of ALS United Greater New York, hosting the Talk. Learn. Connect. (TLC) program earlier this year and welcoming guests annually to the Joseph Cotrone Cigar Dinner fundraiser. They also sponsor the Joseph Cotrone Holiday Dinner Program, which brings joy to families impacted by ALS during the holiday season, honoring Joseph&#8217;s legacy and his family&#8217;s ongoing generosity. From fundraisers to community gatherings, Patrizia&#8217;s continues to help strengthen the network of support for people living with ALS across Long Island.\u00a0<\/p>\n\t<h6>TCS NYC Marathon &#8211; TEAM ALS<\/h6>\n<p>Each year, hundreds of thousands apply for the chance to run the iconic TCS New York City Marathon, but only a fraction secure a spot on the starting line. Some of those coveted bibs are proudly worn by members of Team ALS, a dedicated group of runners who combine their love of the sport with a powerful mission. As a Silver Level Charity Partner for the 2025 marathon on Sunday, November 2nd, ALS United Greater New York will have 65 runners <a href=\"https:\/\/secure.als-ny.org\/site\/TR?fr_id=1440&amp;pg=entry\">(TEAM ALS)<\/a> from across the country putting their passion into action, raising vital funds and awareness for people living with ALS. Keep an eye on our <a href=\"https:\/\/www.facebook.com\/ALSofGNY\">social media pages<\/a> to see our TEAM ALS SPOTLIGHTS and learn how you can support these wonderful runners. If you want to join us to cheer on all of our runners on Marathon Day, please reach out to Charlotte Seto at <a href=\"mailto:cseto@als-ny.org\">cseto@als-ny.org<\/a>\u00a0for more information.\u00a0<\/p>\n\t\t\t\t\t\t\t\t\t<img decoding=\"async\" src=\"https:\/\/als-ny.blackbaudwp.com\/wp-content\/uploads\/2025\/08\/Team-ALS-2024.jpeg\" alt=\"Team ALS 2024\" itemprop=\"image\" height=\"552\" width=\"695\" title=\"Team ALS 2024\" onerror=\"this.style.display='none'\"  \/>\n\t\t\t\t\t\t\t\t\t<img decoding=\"async\" src=\"https:\/\/als-ny.blackbaudwp.com\/wp-content\/uploads\/2025\/08\/Lois.png\" alt=\"The Lois Altman Fund\" itemprop=\"image\" height=\"1080\" width=\"1080\" srcset=\"https:\/\/als-ny.blackbaudwp.com\/wp-content\/uploads\/2025\/08\/Lois.png 1080w, https:\/\/als-ny.blackbaudwp.com\/wp-content\/uploads\/2025\/08\/Lois-150x150.png 150w, https:\/\/als-ny.blackbaudwp.com\/wp-content\/uploads\/2025\/08\/Lois-768x768.png 768w, https:\/\/als-ny.blackbaudwp.com\/wp-content\/uploads\/2025\/08\/Lois-760x760.png 760w\" sizes=\"(max-width: 1080px) 100vw, 1080px\" title=\"The Lois Altman Fund\" onerror=\"this.style.display='none'\"  \/>\n\t<h6>Legacy of Impact: The Lois Altman Estate Fund for ALS Support\u202f<\/h6>\n<p>Lois Altman was one of the most outgoing, personable, and honest individuals. Always glamorous, she was known for her chic style, love of dancing and laughter, and her warm, effervescent personality that drew people to her wherever she went. She had a deep passion for teaching children and touched countless lives with her kindness, generosity, and joy.\u00a0<\/p>\n<p>Through the establishment of the Lois Altman Estate Fund,\u00a0 ALS United of Greater New York is truly honored that the legacy of Lois Altman&#8217;s kindness and generosity has continued to touch the lives of so many families impacted by ALS across Greater New York.<\/p>\n<p>Over the past year, the Lois Altman Estate Fund for ALS Support has enabled ALS United Greater New York to sustain vital care services for people living with ALS and their families. With this generous funding, we served over 1,200 individuals, meeting their growing needs through personalized home visits, support groups, assistive technology, and direct services such as medical equipment loans and home accessibility grants. The fund also made it possible to support nearly 1,900 visits across eight certified ALS clinics, providing access to multidisciplinary care.<\/p>\n<p>The Lois Altman Estate Fund also bolstered our research initiatives, helping us advance our commitment to finding a cure. It played a role in deepening collaborations with leading research networks, while also supporting important programs such as Prevent ALS and Expanded Access. These strategic efforts allowed ALS United Greater New York to drive innovation and accelerate drug development.<\/p>\n<p>Through her estate, Lois&#8217;s legacy continues to reflect the same love, vibrancy, and compassion she shared throughout her life. Her impact on the ALS community will be felt for years to come, bringing hope, care, and progress to all who are touched by this disease.<\/p>\n<p>For <strong>information on estate giving<\/strong>, contact Vivian Banks, Director of Individual and Institutional Giving at vbanks@als-ny.org or 212-720-3051.<\/p>\n\t<h6>Lou Gehrig Legacy Gala\u00a0\u00a0<\/h6>\n<p> This year&#8217;s Lou Gehrig Legacy Gala will be held on <strong>Tuesday, November 11th<\/strong>, at Pier Sixty in New York City. The Jacob K. Javits Lifetime Achievement Award will be presented to Thomas Pulley, with additional honorees to be announced soon. Over its 30+ year history, the Gala has recognized an extraordinary roster of leaders and advocates, including past awardees Dan Doctoroff, Pat LaFontaine, Sue Bird, Muhammad Ali, Michael Dowling, and Mitch Albom. The evening will feature a cocktail hour, dinner, and auctions, offering unique experiences and items for guests to enjoy while supporting our mission. Advance tickets and sponsorships can be purchased at <a href=\"https:\/\/als-ny.blackbaudwp.com\/get-involved\/events\/the-lou-gehrig-legacy-gala\/\">LouGehrigLegacyGala.org<\/a>. Please email <a href=\"mailto:events@als-ny.org\">events@als-ny.org<\/a>\u00a0for more information.<\/p>\n\t\t\t\t\t\t\t\t\t<img decoding=\"async\" src=\"https:\/\/als-ny.blackbaudwp.com\/wp-content\/uploads\/2025\/08\/GALA-Collage-25.png\" alt=\"GALA Collage 25\" itemprop=\"image\" height=\"1080\" width=\"1080\" srcset=\"https:\/\/als-ny.blackbaudwp.com\/wp-content\/uploads\/2025\/08\/GALA-Collage-25.png 1080w, https:\/\/als-ny.blackbaudwp.com\/wp-content\/uploads\/2025\/08\/GALA-Collage-25-150x150.png 150w, https:\/\/als-ny.blackbaudwp.com\/wp-content\/uploads\/2025\/08\/GALA-Collage-25-768x768.png 768w, https:\/\/als-ny.blackbaudwp.com\/wp-content\/uploads\/2025\/08\/GALA-Collage-25-760x760.png 760w\" sizes=\"(max-width: 1080px) 100vw, 1080px\" title=\"GALA Collage 25\" onerror=\"this.style.display='none'\"  \/>\n\t\t\t\t\t\t\t\t\t<img decoding=\"async\" src=\"https:\/\/als-ny.blackbaudwp.com\/wp-content\/uploads\/2025\/08\/Website-photos-1.png\" alt=\"August Make a Will Month\" itemprop=\"image\" height=\"1080\" width=\"1080\" srcset=\"https:\/\/als-ny.blackbaudwp.com\/wp-content\/uploads\/2025\/08\/Website-photos-1.png 1080w, https:\/\/als-ny.blackbaudwp.com\/wp-content\/uploads\/2025\/08\/Website-photos-1-150x150.png 150w, https:\/\/als-ny.blackbaudwp.com\/wp-content\/uploads\/2025\/08\/Website-photos-1-768x768.png 768w, https:\/\/als-ny.blackbaudwp.com\/wp-content\/uploads\/2025\/08\/Website-photos-1-760x760.png 760w\" sizes=\"(max-width: 1080px) 100vw, 1080px\" title=\"August Make a Will Month\" onerror=\"this.style.display='none'\"  \/>\n\t<h6>August: Make-a-Will Month<\/h6>\n<p>Now is the perfect time to establish or update your legacy giving plans. By including ALS United Greater New York in a will or trust, you are helping to create a legacy while supporting the ALS community in the future. Planned gifts can be designated to your program area of choice and made in honor or memory of a loved one. The planned contribution can be a dollar amount or a percentage of your estate. It may also ease the burden of taxes on surviving family members by providing estate tax savings. If you are interested to learn more, please contact Vivian Banks, Director of Individual &amp; Institutional Giving at 212-720-3051 or<a title=\"mailto:vbanks@als-ny.org\" href=\"mailto:vbanks@als-ny.org\" data-linkindex=\"0\"> vbanks@als-ny.org<\/a>.<\/p>\n\n\n","protected":false},"excerpt":{"rendered":"<p>El verano a\u00fan no ha terminado, y nuestro impulso en la lucha contra la ELA tampoco. Su dedicaci\u00f3n continua impulsa avances en la atenci\u00f3n, la investigaci\u00f3n y la defensa de los derechos de las personas con ELA, acerc\u00e1ndonos a\u2026<\/p>","protected":false},"author":49,"featured_media":0,"parent":0,"menu_order":0,"comment_status":"closed","ping_status":"closed","template":"","meta":{"_acf_changed":false,"_monsterinsights_skip_tracking":false,"_monsterinsights_sitenote_active":false,"_monsterinsights_sitenote_note":"","_monsterinsights_sitenote_category":0,"footnotes":""},"class_list":["post-7168","page","type-page","status-publish","hentry"],"acf":[],"aioseo_notices":[],"_links":{"self":[{"href":"https:\/\/als-ny.blackbaudwp.com\/es\/wp-json\/wp\/v2\/pages\/7168","targetHints":{"allow":["GET"]}}],"collection":[{"href":"https:\/\/als-ny.blackbaudwp.com\/es\/wp-json\/wp\/v2\/pages"}],"about":[{"href":"https:\/\/als-ny.blackbaudwp.com\/es\/wp-json\/wp\/v2\/types\/page"}],"author":[{"embeddable":true,"href":"https:\/\/als-ny.blackbaudwp.com\/es\/wp-json\/wp\/v2\/users\/49"}],"replies":[{"embeddable":true,"href":"https:\/\/als-ny.blackbaudwp.com\/es\/wp-json\/wp\/v2\/comments?post=7168"}],"version-history":[{"count":10,"href":"https:\/\/als-ny.blackbaudwp.com\/es\/wp-json\/wp\/v2\/pages\/7168\/revisions"}],"predecessor-version":[{"id":7230,"href":"https:\/\/als-ny.blackbaudwp.com\/es\/wp-json\/wp\/v2\/pages\/7168\/revisions\/7230"}],"wp:attachment":[{"href":"https:\/\/als-ny.blackbaudwp.com\/es\/wp-json\/wp\/v2\/media?parent=7168"}],"curies":[{"name":"wp","href":"https:\/\/api.w.org\/{rel}","templated":true}]}}