{"id":7347,"date":"2025-11-07T11:05:51","date_gmt":"2025-11-07T16:05:51","guid":{"rendered":"https:\/\/als-ny.org\/?page_id=7347"},"modified":"2025-11-11T14:31:15","modified_gmt":"2025-11-11T19:31:15","slug":"tom-jill-pulley-mental-health-and-wellness-program","status":"publish","type":"page","link":"https:\/\/als-ny.blackbaudwp.com\/es\/tom-jill-pulley-mental-health-and-wellness-program\/","title":{"rendered":"Programa de salud mental y bienestar de Tom y Jill Pulley\u00a0"},"content":{"rendered":"<p>ALS United Greater New York est\u00e1 profundamente agradecido a la familia Pulley por su filantrop\u00eda transformadora y su compromiso con la comunidad de ELA a trav\u00e9s del establecimiento de la <b>Fondo de expansi\u00f3n de Tom y Jill Pulley<\/b>.La iniciativa fundamental del Fondo de Expansi\u00f3n Pulley es un nuevo programa de salud mental y bienestar. El Fondo tambi\u00e9n permitir\u00e1 la expansi\u00f3n del personal y los servicios de tecnolog\u00eda y equipos de asistencia, proporcionando herramientas esenciales, recursos y orientaci\u00f3n profesional para mejorar la independencia, la comunicaci\u00f3n y el bienestar emocional de las personas con ELA. Cuando Tom Pulley, ejecutivo de inversiones inmobiliarias y \u00e1vido esquiador y tenista, fue diagnosticado con ELA, su vida, como la de muchos otros en la comunidad de la ELA, cambi\u00f3 r\u00e1pidamente. A medida que Tom y su familia transitaban este proceso, presenciaron de primera mano no solo los desaf\u00edos f\u00edsicos de la disminuci\u00f3n de la movilidad, sino tambi\u00e9n el profundo impacto mental y emocional que la enfermedad tiene en los pacientes y sus seres queridos. En respuesta a estas profundas reflexiones, la familia Pulley estableci\u00f3 el<b>Programa de salud mental y bienestar de Tom y Jill Pulley<\/b>Crear servicios integrales de salud mental para pacientes y familiares afectados por ELA. Gracias a su visi\u00f3n y generosidad, los Pulley garantizan que quienes enfrentan esta enfermedad reciban apoyo psicol\u00f3gico especializado y recursos pr\u00e1cticos que pueden marcar una diferencia significativa en su calidad de vida.<\/p>\t\t\n\t\t\t\t\t\t\t\t\t<img decoding=\"async\" src=\"https:\/\/als-ny.blackbaudwp.com\/wp-content\/uploads\/2025\/11\/Pulleys.jpg\" alt=\"Pulley Family\" itemprop=\"image\" height=\"301\" width=\"299\" srcset=\"https:\/\/als-ny.blackbaudwp.com\/wp-content\/uploads\/2025\/11\/Pulleys.jpg 299w, https:\/\/als-ny.blackbaudwp.com\/wp-content\/uploads\/2025\/11\/Pulleys-150x150.jpg 150w\" sizes=\"(max-width: 299px) 100vw, 299px\" title=\"Familia Pulley ALS United Gran Nueva York\" onerror=\"this.style.display='none'\"  \/>\n\t\t\t\t\t\t\t\t\t\t\tFamilia de poleas\n\t<p><strong>Programa de salud mental y bienestar de Tom y Jill Pulley<\/strong> Vivir con ELA presenta desaf\u00edos emocionales y psicol\u00f3gicos espec\u00edficos que requieren apoyo especializado. Este programa pionero ofrece servicios de psicoterapia especializados a trav\u00e9s de un trabajador social cl\u00ednico colegiado que comprende los desaf\u00edos espec\u00edficos de afrontar la ELA, desde procesar el diagn\u00f3stico y adaptarse a los cambios f\u00edsicos hasta gestionar el estr\u00e9s del cuidador y planificar el futuro.\u00a0<\/p>\n\t<p><em><strong>\u201cCon todos los gastos m\u00e9dicos que tengo cada mes al luchar contra esta enfermedad, me sorprendi\u00f3 enormemente la posibilidad de obtener una subvenci\u00f3n para mis gastos de salud mental. Me ha ayudado much\u00edsimo y representa un verdadero &quot;cuidado para el cuidador&quot;. \u2013 Hank A. (NY)\u00a0<\/strong><\/em><\/p>\n\t<p><strong>Subvenciones para pacientes y familiares en materia de salud mental <\/strong>Adem\u00e1s de los servicios de psicoterapia directa, el programa ofrece becas complementarias que brindan asistencia financiera para atenci\u00f3n especializada que aborda las circunstancias \u00fanicas y las diversas necesidades de salud mental de las personas y familias que padecen ELA. Esto incluye acceso a terapeutas con experiencia en el apoyo a ni\u00f1os que enfrentan el diagn\u00f3stico de sus padres, profesionales que hablan diferentes idiomas, especialistas con experiencia en grupos de edad o etapas espec\u00edficas de la ELA, y consejeros capacitados en contextos culturales o situaciones familiares particulares. Al eliminar las barreras financieras para la atenci\u00f3n especializada, estas becas complementarias garantizan que todos los miembros de la comunidad con ELA puedan acceder al apoyo terap\u00e9utico espec\u00edfico que mejor se adapte a sus necesidades y circunstancias personales.\u00a0<\/p>\n\t\t\t<a href=\"https:\/\/als-ny.blackbaudwp.com\/es\/who-we-are\/contact-us\/\" target=\"_blank\" rel=\"noopener\">\n\t\t\t\t\t\tSi est\u00e1 interesado en participar en estos programas, comun\u00edquese con su coordinador de atenci\u00f3n m\u00e9dica.\n\t\t\t\t\t<\/a>","protected":false},"excerpt":{"rendered":"<p>ALS United Greater New York est\u00e1 profundamente agradecido a la familia Pulley por su filantrop\u00eda transformadora y su compromiso con la comunidad de ELA a trav\u00e9s del establecimiento de Tom y Jill\u2026<\/p>","protected":false},"author":49,"featured_media":0,"parent":0,"menu_order":0,"comment_status":"closed","ping_status":"closed","template":"","meta":{"_acf_changed":false,"_monsterinsights_skip_tracking":false,"_monsterinsights_sitenote_active":false,"_monsterinsights_sitenote_note":"","_monsterinsights_sitenote_category":0,"footnotes":""},"class_list":["post-7347","page","type-page","status-publish","hentry"],"acf":[],"aioseo_notices":[],"_links":{"self":[{"href":"https:\/\/als-ny.blackbaudwp.com\/es\/wp-json\/wp\/v2\/pages\/7347","targetHints":{"allow":["GET"]}}],"collection":[{"href":"https:\/\/als-ny.blackbaudwp.com\/es\/wp-json\/wp\/v2\/pages"}],"about":[{"href":"https:\/\/als-ny.blackbaudwp.com\/es\/wp-json\/wp\/v2\/types\/page"}],"author":[{"embeddable":true,"href":"https:\/\/als-ny.blackbaudwp.com\/es\/wp-json\/wp\/v2\/users\/49"}],"replies":[{"embeddable":true,"href":"https:\/\/als-ny.blackbaudwp.com\/es\/wp-json\/wp\/v2\/comments?post=7347"}],"version-history":[{"count":10,"href":"https:\/\/als-ny.blackbaudwp.com\/es\/wp-json\/wp\/v2\/pages\/7347\/revisions"}],"predecessor-version":[{"id":7400,"href":"https:\/\/als-ny.blackbaudwp.com\/es\/wp-json\/wp\/v2\/pages\/7347\/revisions\/7400"}],"wp:attachment":[{"href":"https:\/\/als-ny.blackbaudwp.com\/es\/wp-json\/wp\/v2\/media?parent=7347"}],"curies":[{"name":"wp","href":"https:\/\/api.w.org\/{rel}","templated":true}]}}